{"id":206,"date":"2026-04-05T19:00:18","date_gmt":"2026-04-05T19:00:18","guid":{"rendered":"https:\/\/lux.azdigi.shop\/?post_type=product&#038;p=206"},"modified":"2026-04-08T07:40:13","modified_gmt":"2026-04-08T07:40:13","slug":"nuoc-tay-trang-micellar-water-3-in-1-deep-cleansing","status":"publish","type":"product","link":"https:\/\/lux.azdigi.shop\/?product=nuoc-tay-trang-micellar-water-3-in-1-deep-cleansing","title":{"rendered":"N\u01b0\u1edbc T\u1ea9y Trang Micellar Water 3-in-1 Deep Cleansing"},"content":{"rendered":"<h3 data-section-id=\"1khqkak\" data-start=\"262\" data-end=\"290\">\ud83c\udf3f Gi\u1edbi thi\u1ec7u s\u1ea3n ph\u1ea9m<\/h3>\n<p data-start=\"291\" data-end=\"617\">N\u01b0\u1edbc T\u1ea9y Trang L&#8217;Or\u00e9al Micellar Water 3-in-1 Deep Cleansing l\u00e0 gi\u1ea3i ph\u00e1p l\u00e0m s\u1ea1ch da to\u00e0n di\u1ec7n gi\u00fap lo\u1ea1i b\u1ecf l\u1edbp trang \u0111i\u1ec3m, b\u1ee5i b\u1ea9n v\u00e0 b\u00e3 nh\u1eddn hi\u1ec7u qu\u1ea3 ch\u1ec9 trong m\u1ed9t b\u01b0\u1edbc. \u1ee8ng d\u1ee5ng c\u00f4ng ngh\u1ec7 Micellar ti\u00ean ti\u1ebfn, s\u1ea3n ph\u1ea9m mang l\u1ea1i l\u00e0n da s\u1ea1ch tho\u00e1ng, t\u01b0\u01a1i m\u00e1t m\u00e0 v\u1eabn gi\u1eef \u0111\u01b0\u1ee3c \u0111\u1ed9 \u1ea9m t\u1ef1 nhi\u00ean, ph\u00f9 h\u1ee3p ngay c\u1ea3 v\u1edbi l\u00e0n da nh\u1ea1y c\u1ea3m.<\/p>\n<hr data-start=\"619\" data-end=\"622\" \/>\n<h3 data-section-id=\"1rtshsh\" data-start=\"624\" data-end=\"649\">\u2728 C\u00f4ng d\u1ee5ng n\u1ed5i b\u1eadt<\/h3>\n<ul data-start=\"650\" data-end=\"951\">\n<li data-section-id=\"1qb0dls\" data-start=\"650\" data-end=\"715\"><strong data-start=\"652\" data-end=\"678\">L\u00e0m s\u1ea1ch s\u00e2u 3 trong 1<\/strong>: T\u1ea9y trang \u2013 l\u00e0m s\u1ea1ch \u2013 l\u00e0m d\u1ecbu da<\/li>\n<li data-section-id=\"kn44y6\" data-start=\"716\" data-end=\"779\">Lo\u1ea1i b\u1ecf hi\u1ec7u qu\u1ea3 l\u1edbp makeup, k\u1ec3 c\u1ea3 mascara &amp; kem ch\u1ed1ng n\u1eafng<\/li>\n<li data-section-id=\"mata71\" data-start=\"780\" data-end=\"839\">H\u1ed7 tr\u1ee3 l\u00e0m s\u1ea1ch b\u1ee5i m\u1ecbn, b\u00e3 nh\u1eddn s\u00e2u trong l\u1ed7 ch\u00e2n l\u00f4ng<\/li>\n<li data-section-id=\"1ljs69t\" data-start=\"840\" data-end=\"888\">Gi\u00fap da th\u00f4ng tho\u00e1ng, h\u1ea1n ch\u1ebf b\u00ed t\u1eafc g\u00e2y m\u1ee5n<\/li>\n<li data-section-id=\"1h6lo5\" data-start=\"889\" data-end=\"951\">Kh\u00f4ng g\u00e2y kh\u00f4 c\u0103ng, mang l\u1ea1i c\u1ea3m gi\u00e1c d\u1ec5 ch\u1ecbu sau khi d\u00f9ng<\/li>\n<\/ul>\n<hr data-start=\"953\" data-end=\"956\" \/>\n<h3 data-section-id=\"11ddop\" data-start=\"958\" data-end=\"989\">\ud83d\udca7 Th\u00e0nh ph\u1ea7n &amp; c\u00f4ng ngh\u1ec7<\/h3>\n<p><strong>Th\u00e0nh ph\u1ea7n ch\u00ednh:<\/strong><\/p>\n<ul>\n<li>C\u00f3\u00a0<strong>hai l\u1edbp ch\u1ea5t l\u1ecfng<\/strong>\u00a0gi\u00fap h\u00f2a tan ch\u1ea5t b\u1ea9n v\u00e0 lo\u1ea1i b\u1ecf to\u00e0n b\u1ed9 l\u1edbp trang \u0111i\u1ec3m hi\u1ec7u qu\u1ea3, k\u1ec3 c\u1ea3 l\u1edbp trang \u0111i\u1ec3m l\u00e2u tr\u00f4i v\u00e0 kh\u00f4ng th\u1ea5m n\u01b0\u1edbc ch\u1ec9 trong m\u1ed9t b\u01b0\u1edbc.<\/li>\n<li><strong>L\u1edbp Micellar<\/strong>\u00a0ch\u1ee9a c\u00e1c h\u1ea1t mixen si\u00eau nh\u1ecf len l\u1ecfi s\u00e2u v\u00e0 d\u1ec5 d\u00e0ng l\u1ea5y \u0111i b\u1ee5i b\u1ea9n, d\u1ea7u th\u1eeba, l\u1edbp trang \u0111i\u1ec3m v\u00e0 ch\u1ea5t b\u1ea9n kh\u00e1c m\u00e0 kh\u00f4ng l\u00e0m kh\u00f4 da.<\/li>\n<\/ul>\n<p><strong>Th\u00e0nh ph\u1ea7n chi ti\u1ebft:<\/strong><\/p>\n<p><strong>\u00a0<\/strong>Aqua \/ Water, Cyclopentasiloxane, Isohexadecane, Potassium Phosphate, Sodium Chloride, Dipotassium Phosphate, Disodium Edta, Decyl Glucoside, Hexylene Glycol, Polyaminopropyl Biguanide, CI 61565 \/ Green 6.<\/p>\n<ul data-start=\"990\" data-end=\"1170\">\n<li data-section-id=\"dho1dm\" data-start=\"990\" data-end=\"1069\"><strong data-start=\"992\" data-end=\"1014\">C\u00f4ng ngh\u1ec7 Micellar<\/strong>: Ho\u1ea1t \u0111\u1ed9ng nh\u01b0 nam ch\u00e2m h\u00fat s\u1ea1ch b\u1ee5i b\u1ea9n v\u00e0 d\u1ea7u th\u1eeba<\/li>\n<li data-section-id=\"xliue\" data-start=\"1070\" data-end=\"1111\">C\u00f4ng th\u1ee9c d\u1ecbu nh\u1eb9, kh\u00f4ng g\u00e2y k\u00edch \u1ee9ng<\/li>\n<li data-section-id=\"zrm4m5\" data-start=\"1112\" data-end=\"1170\">Kh\u00f4ng ch\u1ee9a c\u1ed3n (Alcohol-free), an to\u00e0n cho da nh\u1ea1y c\u1ea3m<\/li>\n<\/ul>\n<hr data-start=\"1172\" data-end=\"1175\" \/>\n<h3 data-section-id=\"w78wgh\" data-start=\"1177\" data-end=\"1204\">\ud83d\udc69\u200d\u2695\ufe0f Lo\u1ea1i da ph\u00f9 h\u1ee3p<\/h3>\n<ul data-start=\"1205\" data-end=\"1274\">\n<li data-section-id=\"rxrfyp\" data-start=\"1205\" data-end=\"1232\">Ph\u00f9 h\u1ee3p v\u1edbi m\u1ecdi lo\u1ea1i da<\/li>\n<li data-section-id=\"1u891h\" data-start=\"1233\" data-end=\"1274\">\u0110\u1eb7c bi\u1ec7t l\u00fd t\u01b0\u1edfng cho <strong data-start=\"1257\" data-end=\"1272\">da nh\u1ea1y c\u1ea3m<\/strong><\/li>\n<\/ul>\n<hr data-start=\"1276\" data-end=\"1279\" \/>\n<h3 data-section-id=\"lbo3wx\" data-start=\"1281\" data-end=\"1307\">\ud83e\uddf4 H\u01b0\u1edbng d\u1eabn s\u1eed d\u1ee5ng<\/h3>\n<div class=\"product-detail-html-content table-overflow-auto p-2.5 -m-2.5 overflow-hidden [&amp;_a]:text-[#326E51] [&amp;_ul_ul]:list-[circle] [&amp;_ul]:pl-10 [&amp;_ul]:mb-2.5 [&amp;_ol]:pl-10 [&amp;_ol]:mb-2.5 [&amp;_h2]:mb-2.5 [&amp;_h3]:mb-2.5 [&amp;_h4]:mb-2.5 [&amp;_p]:mb-2.5 [&amp;_a]:font-bold [&amp;_img]:inline-block [&amp;_iframe]:inline-block [&amp;_video]:inline-block [&amp;_ul]:list-disc [&amp;_ol]:list-decimal [&amp;_li]:list-item [&amp;_table]:max-w-full [&amp;_table]:mb-2.5 [&amp;_td]:border [&amp;_td]:border-[#808080] [&amp;_blockquote]:p-2.5 [&amp;_blockquote]:pl-4 [&amp;_blockquote]:mb-2.5 [&amp;_blockquote]:border-l-[5px] [&amp;_hr]:mb-2.5 [&amp;_blockquote]:border-l-[#eee] text-sm\">\n<ul>\n<li>L\u1eafc \u0111\u1ec1u s\u1ea3n ph\u1ea9m\u00a0<strong>N\u01b0\u1edbc T\u1ea9y Trang L&#8217;Oreal<\/strong>\u00a0tr\u01b0\u1edbc khi s\u1eed d\u1ee5ng.<\/li>\n<li>\u0110\u1ed5 n\u01b0\u1edbc t\u1ea9y trang th\u1ea5m \u01b0\u1edbt v\u1eeba \u0111\u1ee7 l\u00ean mi\u1ebfng b\u00f4ng t\u1ea9y trang.<\/li>\n<li>Nh\u1eb9 nh\u00e0ng lau l\u00ean m\u1eb7t, m\u1eaft v\u00e0 m\u00f4i theo chuy\u1ec3n \u0111\u1ed9ng tr\u00f2n (Ri\u00eang \u0111\u1ed1i v\u1edbi v\u00f9ng m\u1eaft, b\u1ea1n h\u00e3y gi\u1eef mi\u1ebfng b\u00f4ng t\u1ea9y trang tr\u00ean m\u1eaft v\u00e0i gi\u00e2y \u0111\u1ec3 n\u01b0\u1edbc t\u1ea9y trang th\u1ea5m s\u00e2u v\u00e0 cu\u1ed1n \u0111i l\u1edbp make-up d\u1ec5 d\u00e0ng h\u01a1n).<\/li>\n<li>S\u1eed d\u1ee5ng \u0111\u1ec3 t\u1ea9y trang nhanh (kh\u00f4ng c\u1ea7n r\u1eeda l\u1ea1i v\u1edbi n\u01b0\u1edbc) khi b\u1eadn r\u1ed9n ho\u1eb7c \u1edf nh\u1eefng n\u01a1i thi\u1ebfu n\u01b0\u1edbc: khi \u0111i du l\u1ecbch, \u0111i spa, \u0111i gym, v.v&#8230;<\/li>\n<li>Khuy\u1ebfn kh\u00edch s\u1eed d\u1ee5ng quy tr\u00ecnh ch\u0103m s\u00f3c da ho\u00e0n ch\u1ec9nh \u0111\u1ec3 c\u00f3 hi\u1ec7u qu\u1ea3 d\u01b0\u1ee1ng da t\u1ed1t nh\u1ea5t (N\u01b0\u1edbc t\u1ea9y trang &#8211; S\u1eefa r\u1eeda m\u1eb7t &#8211; N\u01b0\u1edbc hoa h\u1ed3ng &#8211; Kem d\u01b0\u1ee1ng).<\/li>\n<\/ul>\n<\/div>\n<hr data-start=\"1458\" data-end=\"1461\" \/>\n<h3 data-section-id=\"xil66r\" data-start=\"1463\" data-end=\"1486\">\u2b50 \u01afu \u0111i\u1ec3m n\u1ed5i b\u1eadt<\/h3>\n<p data-start=\"1487\" data-end=\"1615\">\u2714 L\u00e0m s\u1ea1ch nhanh ch\u00f3ng, ti\u1ec7n l\u1ee3i<br data-start=\"1519\" data-end=\"1522\" \/>\u2714 Kh\u00f4ng nh\u1eddn r\u00edt, kh\u00f4ng g\u00e2y b\u00edt t\u1eafc<br data-start=\"1557\" data-end=\"1560\" \/>\u2714 D\u1ecbu nh\u1eb9, kh\u00f4ng cay m\u1eaft<br data-start=\"1584\" data-end=\"1587\" \/>\u2714 C\u00f3 th\u1ec3 s\u1eed d\u1ee5ng h\u1eb1ng ng\u00e0y<\/p>\n<hr data-start=\"1617\" data-end=\"1620\" \/>\n<h3 data-section-id=\"hzpe5p\" data-start=\"1622\" data-end=\"1649\">\ud83d\udce6 Th\u00f4ng tin s\u1ea3n ph\u1ea9m<\/h3>\n<ul data-start=\"1650\" data-end=\"1728\">\n<li data-section-id=\"vuo33r\" data-start=\"1686\" data-end=\"1710\">Th\u01b0\u01a1ng hi\u1ec7u: L&#8217;Or\u00e9al<\/li>\n<li data-section-id=\"1eh30gm\" data-start=\"1711\" data-end=\"1728\">Xu\u1ea5t x\u1ee9: Ph\u00e1p<\/li>\n<\/ul>\n<hr data-start=\"1730\" data-end=\"1733\" \/>\n<h3 data-section-id=\"y76l01\" data-start=\"1735\" data-end=\"1773\">\ud83d\udd25 V\u00ec sao n\u00ean ch\u1ecdn s\u1ea3n ph\u1ea9m n\u00e0y?<\/h3>\n<p data-start=\"1774\" data-end=\"1997\">N\u1ebfu b\u1ea1n \u0111ang t\u00ecm ki\u1ebfm m\u1ed9t s\u1ea3n ph\u1ea9m t\u1ea9y trang <strong data-start=\"1819\" data-end=\"1863\">hi\u1ec7u qu\u1ea3 \u2013 d\u1ecbu nh\u1eb9 \u2013 ph\u00f9 h\u1ee3p da nh\u1ea1y c\u1ea3m<\/strong>, th\u00ec L&#8217;Or\u00e9al Micellar Water 3-in-1 Deep Cleansing l\u00e0 l\u1ef1a ch\u1ecdn ho\u00e0n h\u1ea3o gi\u00fap l\u00e0m s\u1ea1ch da m\u1ed7i ng\u00e0y m\u00e0 v\u1eabn gi\u1eef \u0111\u01b0\u1ee3c s\u1ef1 m\u1ec1m m\u1ecbn t\u1ef1 nhi\u00ean.<\/p>\n","protected":false},"excerpt":{"rendered":"<h2 class=\"text-base leading-[1.2] mb-2\">Micellar Water 3-in-1 Deep Cleansing Even For Sensitive Skin<\/h2>\n<p>C\u00f4ng d\u1ee5ng: <b class=\"ml-[5px]\">L\u00e0m S\u1ea1ch S\u00e2u<\/b><\/p>\n","protected":false},"featured_media":210,"comment_status":"open","ping_status":"closed","template":"","meta":[],"product_brand":[19],"product_cat":[30,28,29],"product_tag":[],"class_list":{"0":"post-206","1":"product","2":"type-product","3":"status-publish","4":"has-post-thumbnail","6":"product_brand-loreal","7":"product_cat-flash-deals","8":"product_cat-nuoc-tay-trang","9":"product_cat-san-pham-yeu-thich","11":"first","12":"instock","13":"sale","14":"shipping-taxable","15":"purchasable","16":"product-type-variable"},"yoast_head":"<!-- This site is optimized with the Yoast SEO plugin v27.2 - https:\/\/yoast.com\/product\/yoast-seo-wordpress\/ -->\n<title>N\u01b0\u1edbc T\u1ea9y Trang Micellar Water 3-in-1 Deep Cleansing - Lux<\/title>\n<meta name=\"description\" content=\"N\u01b0\u1edbc T\u1ea9y Trang L&#039;Or\u00e9al Micellar Water 3-in-1 Deep Cleansing l\u00e0 gi\u1ea3i ph\u00e1p l\u00e0m s\u1ea1ch da to\u00e0n di\u1ec7n gi\u00fap lo\u1ea1i b\u1ecf l\u1edbp trang \u0111i\u1ec3m, b\u1ee5i b\u1ea9n.\" \/>\n<meta name=\"robots\" content=\"index, follow, max-snippet:-1, max-image-preview:large, max-video-preview:-1\" \/>\n<link rel=\"canonical\" href=\"https:\/\/lux.azdigi.shop\/?product=nuoc-tay-trang-micellar-water-3-in-1-deep-cleansing\" \/>\n<meta property=\"og:locale\" content=\"vi_VN\" \/>\n<meta property=\"og:type\" content=\"article\" \/>\n<meta property=\"og:title\" content=\"N\u01b0\u1edbc T\u1ea9y Trang Micellar Water 3-in-1 Deep Cleansing - Lux\" \/>\n<meta property=\"og:description\" content=\"N\u01b0\u1edbc T\u1ea9y Trang L&#039;Or\u00e9al Micellar Water 3-in-1 Deep Cleansing l\u00e0 gi\u1ea3i ph\u00e1p l\u00e0m s\u1ea1ch da to\u00e0n di\u1ec7n gi\u00fap lo\u1ea1i b\u1ecf l\u1edbp trang \u0111i\u1ec3m, b\u1ee5i b\u1ea9n.\" \/>\n<meta property=\"og:url\" content=\"https:\/\/lux.azdigi.shop\/?product=nuoc-tay-trang-micellar-water-3-in-1-deep-cleansing\" \/>\n<meta property=\"og:site_name\" content=\"Lux\" \/>\n<meta property=\"article:modified_time\" content=\"2026-04-08T07:40:13+00:00\" \/>\n<meta property=\"og:image\" content=\"https:\/\/lux.azdigi.shop\/wp-content\/uploads\/2026\/04\/Screenshot-2026-04-06-014524.png\" \/>\n\t<meta property=\"og:image:width\" content=\"446\" \/>\n\t<meta property=\"og:image:height\" content=\"421\" \/>\n\t<meta property=\"og:image:type\" content=\"image\/png\" \/>\n<meta name=\"twitter:card\" content=\"summary_large_image\" \/>\n<meta name=\"twitter:label1\" content=\"\u01af\u1edbc t\u00ednh th\u1eddi gian \u0111\u1ecdc\" \/>\n\t<meta name=\"twitter:data1\" content=\"4 ph\u00fat\" \/>\n<script type=\"application\/ld+json\" class=\"yoast-schema-graph\">{\"@context\":\"https:\/\/schema.org\",\"@graph\":[{\"@type\":\"WebPage\",\"@id\":\"https:\/\/lux.azdigi.shop\/?product=nuoc-tay-trang-micellar-water-3-in-1-deep-cleansing\",\"url\":\"https:\/\/lux.azdigi.shop\/?product=nuoc-tay-trang-micellar-water-3-in-1-deep-cleansing\",\"name\":\"N\u01b0\u1edbc T\u1ea9y Trang Micellar Water 3-in-1 Deep Cleansing - Lux\",\"isPartOf\":{\"@id\":\"https:\/\/lux.azdigi.shop\/#website\"},\"primaryImageOfPage\":{\"@id\":\"https:\/\/lux.azdigi.shop\/?product=nuoc-tay-trang-micellar-water-3-in-1-deep-cleansing#primaryimage\"},\"image\":{\"@id\":\"https:\/\/lux.azdigi.shop\/?product=nuoc-tay-trang-micellar-water-3-in-1-deep-cleansing#primaryimage\"},\"thumbnailUrl\":\"https:\/\/lux.azdigi.shop\/wp-content\/uploads\/2026\/04\/Screenshot-2026-04-06-014524.png\",\"datePublished\":\"2026-04-05T19:00:18+00:00\",\"dateModified\":\"2026-04-08T07:40:13+00:00\",\"description\":\"N\u01b0\u1edbc T\u1ea9y Trang L'Or\u00e9al Micellar Water 3-in-1 Deep Cleansing l\u00e0 gi\u1ea3i ph\u00e1p l\u00e0m s\u1ea1ch da to\u00e0n di\u1ec7n gi\u00fap lo\u1ea1i b\u1ecf l\u1edbp trang \u0111i\u1ec3m, b\u1ee5i b\u1ea9n.\",\"breadcrumb\":{\"@id\":\"https:\/\/lux.azdigi.shop\/?product=nuoc-tay-trang-micellar-water-3-in-1-deep-cleansing#breadcrumb\"},\"inLanguage\":\"vi\",\"potentialAction\":[{\"@type\":\"ReadAction\",\"target\":[\"https:\/\/lux.azdigi.shop\/?product=nuoc-tay-trang-micellar-water-3-in-1-deep-cleansing\"]}]},{\"@type\":\"ImageObject\",\"inLanguage\":\"vi\",\"@id\":\"https:\/\/lux.azdigi.shop\/?product=nuoc-tay-trang-micellar-water-3-in-1-deep-cleansing#primaryimage\",\"url\":\"https:\/\/lux.azdigi.shop\/wp-content\/uploads\/2026\/04\/Screenshot-2026-04-06-014524.png\",\"contentUrl\":\"https:\/\/lux.azdigi.shop\/wp-content\/uploads\/2026\/04\/Screenshot-2026-04-06-014524.png\",\"width\":446,\"height\":421},{\"@type\":\"BreadcrumbList\",\"@id\":\"https:\/\/lux.azdigi.shop\/?product=nuoc-tay-trang-micellar-water-3-in-1-deep-cleansing#breadcrumb\",\"itemListElement\":[{\"@type\":\"ListItem\",\"position\":1,\"name\":\"Home\",\"item\":\"https:\/\/lux.azdigi.shop\/\"},{\"@type\":\"ListItem\",\"position\":2,\"name\":\"C\u1eeda h\u00e0ng\",\"item\":\"https:\/\/lux.azdigi.shop\/?page_id=120\"},{\"@type\":\"ListItem\",\"position\":3,\"name\":\"N\u01b0\u1edbc T\u1ea9y Trang Micellar Water 3-in-1 Deep Cleansing\"}]},{\"@type\":\"WebSite\",\"@id\":\"https:\/\/lux.azdigi.shop\/#website\",\"url\":\"https:\/\/lux.azdigi.shop\/\",\"name\":\"Lux\",\"description\":\"\",\"publisher\":{\"@id\":\"https:\/\/lux.azdigi.shop\/#\/schema\/person\/9503659c74a3cb402669cb10b0872f8c\"},\"potentialAction\":[{\"@type\":\"SearchAction\",\"target\":{\"@type\":\"EntryPoint\",\"urlTemplate\":\"https:\/\/lux.azdigi.shop\/?s={search_term_string}\"},\"query-input\":{\"@type\":\"PropertyValueSpecification\",\"valueRequired\":true,\"valueName\":\"search_term_string\"}}],\"inLanguage\":\"vi\"},{\"@type\":[\"Person\",\"Organization\"],\"@id\":\"https:\/\/lux.azdigi.shop\/#\/schema\/person\/9503659c74a3cb402669cb10b0872f8c\",\"name\":\"Vo Hoan Thien\",\"image\":{\"@type\":\"ImageObject\",\"inLanguage\":\"vi\",\"@id\":\"https:\/\/lux.azdigi.shop\/wp-content\/uploads\/2026\/03\/Untitled-design.png\",\"url\":\"https:\/\/lux.azdigi.shop\/wp-content\/uploads\/2026\/03\/Untitled-design.png\",\"contentUrl\":\"https:\/\/lux.azdigi.shop\/wp-content\/uploads\/2026\/03\/Untitled-design.png\",\"width\":402,\"height\":288,\"caption\":\"Vo Hoan Thien\"},\"logo\":{\"@id\":\"https:\/\/lux.azdigi.shop\/wp-content\/uploads\/2026\/03\/Untitled-design.png\"},\"sameAs\":[\"https:\/\/lux.azdigi.shop\"]}]}<\/script>\n<!-- \/ Yoast SEO plugin. -->","yoast_head_json":{"title":"N\u01b0\u1edbc T\u1ea9y Trang Micellar Water 3-in-1 Deep Cleansing - Lux","description":"N\u01b0\u1edbc T\u1ea9y Trang L'Or\u00e9al Micellar Water 3-in-1 Deep Cleansing l\u00e0 gi\u1ea3i ph\u00e1p l\u00e0m s\u1ea1ch da to\u00e0n di\u1ec7n gi\u00fap lo\u1ea1i b\u1ecf l\u1edbp trang \u0111i\u1ec3m, b\u1ee5i b\u1ea9n.","robots":{"index":"index","follow":"follow","max-snippet":"max-snippet:-1","max-image-preview":"max-image-preview:large","max-video-preview":"max-video-preview:-1"},"canonical":"https:\/\/lux.azdigi.shop\/?product=nuoc-tay-trang-micellar-water-3-in-1-deep-cleansing","og_locale":"vi_VN","og_type":"article","og_title":"N\u01b0\u1edbc T\u1ea9y Trang Micellar Water 3-in-1 Deep Cleansing - Lux","og_description":"N\u01b0\u1edbc T\u1ea9y Trang L'Or\u00e9al Micellar Water 3-in-1 Deep Cleansing l\u00e0 gi\u1ea3i ph\u00e1p l\u00e0m s\u1ea1ch da to\u00e0n di\u1ec7n gi\u00fap lo\u1ea1i b\u1ecf l\u1edbp trang \u0111i\u1ec3m, b\u1ee5i b\u1ea9n.","og_url":"https:\/\/lux.azdigi.shop\/?product=nuoc-tay-trang-micellar-water-3-in-1-deep-cleansing","og_site_name":"Lux","article_modified_time":"2026-04-08T07:40:13+00:00","og_image":[{"width":446,"height":421,"url":"https:\/\/lux.azdigi.shop\/wp-content\/uploads\/2026\/04\/Screenshot-2026-04-06-014524.png","type":"image\/png"}],"twitter_card":"summary_large_image","twitter_misc":{"\u01af\u1edbc t\u00ednh th\u1eddi gian \u0111\u1ecdc":"4 ph\u00fat"},"schema":{"@context":"https:\/\/schema.org","@graph":[{"@type":"WebPage","@id":"https:\/\/lux.azdigi.shop\/?product=nuoc-tay-trang-micellar-water-3-in-1-deep-cleansing","url":"https:\/\/lux.azdigi.shop\/?product=nuoc-tay-trang-micellar-water-3-in-1-deep-cleansing","name":"N\u01b0\u1edbc T\u1ea9y Trang Micellar Water 3-in-1 Deep Cleansing - Lux","isPartOf":{"@id":"https:\/\/lux.azdigi.shop\/#website"},"primaryImageOfPage":{"@id":"https:\/\/lux.azdigi.shop\/?product=nuoc-tay-trang-micellar-water-3-in-1-deep-cleansing#primaryimage"},"image":{"@id":"https:\/\/lux.azdigi.shop\/?product=nuoc-tay-trang-micellar-water-3-in-1-deep-cleansing#primaryimage"},"thumbnailUrl":"https:\/\/lux.azdigi.shop\/wp-content\/uploads\/2026\/04\/Screenshot-2026-04-06-014524.png","datePublished":"2026-04-05T19:00:18+00:00","dateModified":"2026-04-08T07:40:13+00:00","description":"N\u01b0\u1edbc T\u1ea9y Trang L'Or\u00e9al Micellar Water 3-in-1 Deep Cleansing l\u00e0 gi\u1ea3i ph\u00e1p l\u00e0m s\u1ea1ch da to\u00e0n di\u1ec7n gi\u00fap lo\u1ea1i b\u1ecf l\u1edbp trang \u0111i\u1ec3m, b\u1ee5i b\u1ea9n.","breadcrumb":{"@id":"https:\/\/lux.azdigi.shop\/?product=nuoc-tay-trang-micellar-water-3-in-1-deep-cleansing#breadcrumb"},"inLanguage":"vi","potentialAction":[{"@type":"ReadAction","target":["https:\/\/lux.azdigi.shop\/?product=nuoc-tay-trang-micellar-water-3-in-1-deep-cleansing"]}]},{"@type":"ImageObject","inLanguage":"vi","@id":"https:\/\/lux.azdigi.shop\/?product=nuoc-tay-trang-micellar-water-3-in-1-deep-cleansing#primaryimage","url":"https:\/\/lux.azdigi.shop\/wp-content\/uploads\/2026\/04\/Screenshot-2026-04-06-014524.png","contentUrl":"https:\/\/lux.azdigi.shop\/wp-content\/uploads\/2026\/04\/Screenshot-2026-04-06-014524.png","width":446,"height":421},{"@type":"BreadcrumbList","@id":"https:\/\/lux.azdigi.shop\/?product=nuoc-tay-trang-micellar-water-3-in-1-deep-cleansing#breadcrumb","itemListElement":[{"@type":"ListItem","position":1,"name":"Home","item":"https:\/\/lux.azdigi.shop\/"},{"@type":"ListItem","position":2,"name":"C\u1eeda h\u00e0ng","item":"https:\/\/lux.azdigi.shop\/?page_id=120"},{"@type":"ListItem","position":3,"name":"N\u01b0\u1edbc T\u1ea9y Trang Micellar Water 3-in-1 Deep Cleansing"}]},{"@type":"WebSite","@id":"https:\/\/lux.azdigi.shop\/#website","url":"https:\/\/lux.azdigi.shop\/","name":"Lux","description":"","publisher":{"@id":"https:\/\/lux.azdigi.shop\/#\/schema\/person\/9503659c74a3cb402669cb10b0872f8c"},"potentialAction":[{"@type":"SearchAction","target":{"@type":"EntryPoint","urlTemplate":"https:\/\/lux.azdigi.shop\/?s={search_term_string}"},"query-input":{"@type":"PropertyValueSpecification","valueRequired":true,"valueName":"search_term_string"}}],"inLanguage":"vi"},{"@type":["Person","Organization"],"@id":"https:\/\/lux.azdigi.shop\/#\/schema\/person\/9503659c74a3cb402669cb10b0872f8c","name":"Vo Hoan Thien","image":{"@type":"ImageObject","inLanguage":"vi","@id":"https:\/\/lux.azdigi.shop\/wp-content\/uploads\/2026\/03\/Untitled-design.png","url":"https:\/\/lux.azdigi.shop\/wp-content\/uploads\/2026\/03\/Untitled-design.png","contentUrl":"https:\/\/lux.azdigi.shop\/wp-content\/uploads\/2026\/03\/Untitled-design.png","width":402,"height":288,"caption":"Vo Hoan Thien"},"logo":{"@id":"https:\/\/lux.azdigi.shop\/wp-content\/uploads\/2026\/03\/Untitled-design.png"},"sameAs":["https:\/\/lux.azdigi.shop"]}]}},"_links":{"self":[{"href":"https:\/\/lux.azdigi.shop\/index.php?rest_route=\/wp\/v2\/product\/206","targetHints":{"allow":["GET"]}}],"collection":[{"href":"https:\/\/lux.azdigi.shop\/index.php?rest_route=\/wp\/v2\/product"}],"about":[{"href":"https:\/\/lux.azdigi.shop\/index.php?rest_route=\/wp\/v2\/types\/product"}],"replies":[{"embeddable":true,"href":"https:\/\/lux.azdigi.shop\/index.php?rest_route=%2Fwp%2Fv2%2Fcomments&post=206"}],"wp:featuredmedia":[{"embeddable":true,"href":"https:\/\/lux.azdigi.shop\/index.php?rest_route=\/wp\/v2\/media\/210"}],"wp:attachment":[{"href":"https:\/\/lux.azdigi.shop\/index.php?rest_route=%2Fwp%2Fv2%2Fmedia&parent=206"}],"wp:term":[{"taxonomy":"product_brand","embeddable":true,"href":"https:\/\/lux.azdigi.shop\/index.php?rest_route=%2Fwp%2Fv2%2Fproduct_brand&post=206"},{"taxonomy":"product_cat","embeddable":true,"href":"https:\/\/lux.azdigi.shop\/index.php?rest_route=%2Fwp%2Fv2%2Fproduct_cat&post=206"},{"taxonomy":"product_tag","embeddable":true,"href":"https:\/\/lux.azdigi.shop\/index.php?rest_route=%2Fwp%2Fv2%2Fproduct_tag&post=206"}],"curies":[{"name":"wp","href":"https:\/\/api.w.org\/{rel}","templated":true}]}}