{"id":211,"date":"2026-04-05T19:29:30","date_gmt":"2026-04-05T19:29:30","guid":{"rendered":"https:\/\/lux.azdigi.shop\/?post_type=product&#038;p=211"},"modified":"2026-04-08T03:23:31","modified_gmt":"2026-04-08T03:23:31","slug":"nuoc-tay-trang-revitalift-crystal-purifying-micellar-water","status":"publish","type":"product","link":"https:\/\/lux.azdigi.shop\/?product=nuoc-tay-trang-revitalift-crystal-purifying-micellar-water","title":{"rendered":"N\u01b0\u1edbc T\u1ea9y Trang Revitalift Crystal Purifying Micellar Water"},"content":{"rendered":"<h3 data-section-id=\"1khqkak\" data-start=\"264\" data-end=\"292\">\ud83c\udf3f Gi\u1edbi thi\u1ec7u s\u1ea3n ph\u1ea9m<\/h3>\n<p data-start=\"293\" data-end=\"631\">N\u01b0\u1edbc T\u1ea9y Trang L&#8217;Or\u00e9al Revitalift Crystal Purifying Micellar Water l\u00e0 d\u00f2ng t\u1ea9y trang chuy\u00ean bi\u1ec7t d\u00e0nh cho <strong data-start=\"399\" data-end=\"432\">da d\u1ea7u &amp; da h\u1ed7n h\u1ee3p thi\u00ean d\u1ea7u<\/strong>, gi\u00fap lo\u1ea1i b\u1ecf l\u1edbp trang \u0111i\u1ec3m, b\u1ee5i b\u1ea9n v\u00e0 b\u00e3 nh\u1eddn s\u00e2u trong l\u1ed7 ch\u00e2n l\u00f4ng. C\u00f4ng th\u1ee9c l\u00e0m s\u1ea1ch s\u00e2u k\u1ebft h\u1ee3p kh\u1ea3 n\u0103ng ki\u1ec3m so\u00e1t d\u1ea7u, mang l\u1ea1i l\u00e0n da th\u00f4ng tho\u00e1ng, t\u01b0\u01a1i m\u00e1t v\u00e0 gi\u1ea3m b\u00f3ng nh\u1eddn su\u1ed1t c\u1ea3 ng\u00e0y.<\/p>\n<hr data-start=\"633\" data-end=\"636\" \/>\n<h3 data-section-id=\"1rtshsh\" data-start=\"638\" data-end=\"663\">\u2728 C\u00f4ng d\u1ee5ng n\u1ed5i b\u1eadt<\/h3>\n<ul data-start=\"664\" data-end=\"946\">\n<li data-section-id=\"18vret0\" data-start=\"664\" data-end=\"730\"><strong data-start=\"666\" data-end=\"691\">L\u00e0m s\u1ea1ch s\u00e2u hi\u1ec7u qu\u1ea3<\/strong> l\u1edbp makeup, kem ch\u1ed1ng n\u1eafng &amp; b\u1ee5i m\u1ecbn<\/li>\n<li data-section-id=\"1v9s28m\" data-start=\"731\" data-end=\"780\">H\u1ed7 tr\u1ee3 <strong data-start=\"740\" data-end=\"762\">ki\u1ec3m so\u00e1t d\u1ea7u th\u1eeba<\/strong>, gi\u1ea3m b\u00f3ng nh\u1eddn<\/li>\n<li data-section-id=\"1pp9t31\" data-start=\"781\" data-end=\"840\">Gi\u00fap l\u1ed7 ch\u00e2n l\u00f4ng th\u00f4ng tho\u00e1ng, h\u1ea1n ch\u1ebf b\u00edt t\u1eafc g\u00e2y m\u1ee5n<\/li>\n<li data-section-id=\"v3s0l8\" data-start=\"841\" data-end=\"899\">Mang l\u1ea1i l\u00e0n da <strong data-start=\"859\" data-end=\"881\">s\u1ea1ch m\u1ecbn, t\u01b0\u01a1i m\u00e1t<\/strong> sau khi s\u1eed d\u1ee5ng<\/li>\n<li data-section-id=\"18oxwgm\" data-start=\"900\" data-end=\"946\">Kh\u00f4ng g\u00e2y kh\u00f4 c\u0103ng, ph\u00f9 h\u1ee3p d\u00f9ng h\u1eb1ng ng\u00e0y<\/li>\n<\/ul>\n<hr data-start=\"948\" data-end=\"951\" \/>\n<h3 data-section-id=\"11ddop\" data-start=\"953\" data-end=\"984\">\ud83d\udca7 Th\u00e0nh ph\u1ea7n &amp; c\u00f4ng ngh\u1ec7<\/h3>\n<p><strong>Th\u00e0nh ph\u1ea7n ch\u00ednh:<\/strong><\/p>\n<ul>\n<li><strong>C\u00f4ng ngh\u1ec7 micelles:\u00a0<\/strong>ho\u1ea1t \u0111\u1ed9ng nh\u01b0 m\u1ed9t nam ch\u00e2m l\u00e0m s\u1ea1ch, lo\u1ea1i b\u1ecf 5 lo\u1ea1i t\u1ea1p ch\u1ea5t c\u00f3 tr\u00ean da b\u1ea1n h\u1eb1ng ng\u00e0y, gi\u00fap l\u1ed7 ch\u00e2n l\u00f4ng tho\u00e1ng s\u1ea1ch.<\/li>\n<li><strong>Glycerin<\/strong>: gi\u00fap c\u1ea5p n\u01b0\u1edbc v\u00e0 gi\u1eef \u0111\u1ed9 \u1ea9m cho da, ph\u1ee5c h\u1ed3i v\u00e0 duy tr\u00ec v\u1ebb ngo\u00e0i kh\u1ecfe kho\u1eafn.<\/li>\n<\/ul>\n<p><strong>Th\u00e0nh ph\u1ea7n chi ti\u1ebft:<\/strong><\/p>\n<p>Aqua \/ Water, Hexylene Glycol, Glycerin, Alcohol, Poloxamer 184, Sodium Hydroxide, Disodium Cocoamphodiacetate, Disodium Edta, Salicylic Acid, Myrtrimonium Bromide.<\/p>\n<ul data-start=\"985\" data-end=\"1172\">\n<li data-section-id=\"1ctpp7f\" data-start=\"1055\" data-end=\"1107\">C\u00f4ng th\u1ee9c thanh l\u1ecdc da, h\u1ed7 tr\u1ee3 ki\u1ec3m so\u00e1t b\u00e3 nh\u1eddn<\/li>\n<li data-section-id=\"1ghacl5\" data-start=\"1108\" data-end=\"1172\">Kh\u00f4ng ch\u1ee9a c\u1ed3n (t\u00f9y th\u1ecb tr\u01b0\u1eddng), an to\u00e0n cho da d\u1ea7u nh\u1ea1y c\u1ea3m<\/li>\n<\/ul>\n<hr data-start=\"1174\" data-end=\"1177\" \/>\n<h3 data-section-id=\"w78wgh\" data-start=\"1179\" data-end=\"1206\">\ud83d\udc69\u200d\u2695\ufe0f Lo\u1ea1i da ph\u00f9 h\u1ee3p<\/h3>\n<ul data-start=\"1207\" data-end=\"1283\">\n<li data-section-id=\"e2slbv\" data-start=\"1207\" data-end=\"1217\">Da d\u1ea7u<\/li>\n<li data-section-id=\"jyhgjk\" data-start=\"1218\" data-end=\"1242\">Da h\u1ed7n h\u1ee3p thi\u00ean d\u1ea7u<\/li>\n<li data-section-id=\"1y7uofa\" data-start=\"1243\" data-end=\"1283\">Da d\u1ec5 b\u1ecb m\u1ee5n do b\u00edt t\u1eafc l\u1ed7 ch\u00e2n l\u00f4ng<\/li>\n<\/ul>\n<hr data-start=\"1285\" data-end=\"1288\" \/>\n<h3 data-section-id=\"lbo3wx\" data-start=\"1290\" data-end=\"1316\">\ud83e\uddf4 H\u01b0\u1edbng d\u1eabn s\u1eed d\u1ee5ng<\/h3>\n<div class=\"product-detail-html-content table-overflow-auto p-2.5 -m-2.5 overflow-hidden [&amp;_a]:text-[#326E51] [&amp;_ul_ul]:list-[circle] [&amp;_ul]:pl-10 [&amp;_ul]:mb-2.5 [&amp;_ol]:pl-10 [&amp;_ol]:mb-2.5 [&amp;_h2]:mb-2.5 [&amp;_h3]:mb-2.5 [&amp;_h4]:mb-2.5 [&amp;_p]:mb-2.5 [&amp;_a]:font-bold [&amp;_img]:inline-block [&amp;_iframe]:inline-block [&amp;_video]:inline-block [&amp;_ul]:list-disc [&amp;_ol]:list-decimal [&amp;_li]:list-item [&amp;_table]:max-w-full [&amp;_table]:mb-2.5 [&amp;_td]:border [&amp;_td]:border-[#808080] [&amp;_blockquote]:p-2.5 [&amp;_blockquote]:pl-4 [&amp;_blockquote]:mb-2.5 [&amp;_blockquote]:border-l-[5px] [&amp;_hr]:mb-2.5 [&amp;_blockquote]:border-l-[#eee] text-sm\">\n<div>\n<ul>\n<li>L\u1eafc \u0111\u1ec1u s\u1ea3n ph\u1ea9m\u00a0<strong>N\u01b0\u1edbc T\u1ea9y Trang L&#8217;Oreal<\/strong>\u00a0tr\u01b0\u1edbc khi s\u1eed d\u1ee5ng.<\/li>\n<li>\u0110\u1ed5 n\u01b0\u1edbc t\u1ea9y trang th\u1ea5m \u01b0\u1edbt v\u1eeba \u0111\u1ee7 l\u00ean mi\u1ebfng b\u00f4ng t\u1ea9y trang.<\/li>\n<li>Nh\u1eb9 nh\u00e0ng lau l\u00ean m\u1eb7t, m\u1eaft v\u00e0 m\u00f4i theo chuy\u1ec3n \u0111\u1ed9ng tr\u00f2n (Ri\u00eang \u0111\u1ed1i v\u1edbi v\u00f9ng m\u1eaft, b\u1ea1n h\u00e3y gi\u1eef mi\u1ebfng b\u00f4ng t\u1ea9y trang tr\u00ean m\u1eaft v\u00e0i gi\u00e2y \u0111\u1ec3 n\u01b0\u1edbc t\u1ea9y trang th\u1ea5m s\u00e2u v\u00e0 cu\u1ed1n \u0111i l\u1edbp make-up d\u1ec5 d\u00e0ng h\u01a1n).<\/li>\n<li>S\u1eed d\u1ee5ng \u0111\u1ec3 t\u1ea9y trang nhanh (kh\u00f4ng c\u1ea7n r\u1eeda l\u1ea1i v\u1edbi n\u01b0\u1edbc) khi b\u1eadn r\u1ed9n ho\u1eb7c \u1edf nh\u1eefng n\u01a1i thi\u1ebfu n\u01b0\u1edbc: khi \u0111i du l\u1ecbch, \u0111i spa, \u0111i gym, v.v&#8230;<\/li>\n<li>Khuy\u1ebfn kh\u00edch s\u1eed d\u1ee5ng quy tr\u00ecnh ch\u0103m s\u00f3c da ho\u00e0n ch\u1ec9nh \u0111\u1ec3 c\u00f3 hi\u1ec7u qu\u1ea3 d\u01b0\u1ee1ng da t\u1ed1t nh\u1ea5t (N\u01b0\u1edbc t\u1ea9y trang &#8211; S\u1eefa r\u1eeda m\u1eb7t &#8211; N\u01b0\u1edbc hoa h\u1ed3ng &#8211; Kem d\u01b0\u1ee1ng).<\/li>\n<\/ul>\n<\/div>\n<\/div>\n<hr data-start=\"1473\" data-end=\"1476\" \/>\n<h3 data-section-id=\"xil66r\" data-start=\"1478\" data-end=\"1501\">\u2b50 \u01afu \u0111i\u1ec3m n\u1ed5i b\u1eadt<\/h3>\n<p data-start=\"1502\" data-end=\"1635\">\u2714 L\u00e0m s\u1ea1ch s\u00e2u nh\u01b0ng v\u1eabn d\u1ecbu nh\u1eb9<br data-start=\"1534\" data-end=\"1537\" \/>\u2714 H\u1ed7 tr\u1ee3 ki\u1ec1m d\u1ea7u hi\u1ec7u qu\u1ea3<br data-start=\"1563\" data-end=\"1566\" \/>\u2714 Kh\u00f4ng nh\u1eddn r\u00edt, kh\u00f4ng b\u00edt t\u1eafc<br data-start=\"1597\" data-end=\"1600\" \/>\u2714 Thi\u1ebft k\u1ebf ti\u1ec7n l\u1ee3i, d\u1ec5 mang theo<\/p>\n<hr data-start=\"1637\" data-end=\"1640\" \/>\n<h3 data-section-id=\"hzpe5p\" data-start=\"1642\" data-end=\"1669\">\ud83d\udce6 Th\u00f4ng tin s\u1ea3n ph\u1ea9m<\/h3>\n<ul data-start=\"1670\" data-end=\"1770\">\n<li data-section-id=\"vuo33r\" data-start=\"1699\" data-end=\"1723\">Th\u01b0\u01a1ng hi\u1ec7u: L&#8217;Or\u00e9al<\/li>\n<li data-section-id=\"1jlybt1\" data-start=\"1724\" data-end=\"1752\">D\u00f2ng: Revitalift Crystal<\/li>\n<li data-section-id=\"1eh30gm\" data-start=\"1753\" data-end=\"1770\">Xu\u1ea5t x\u1ee9: Ph\u00e1p<\/li>\n<\/ul>\n<hr data-start=\"1772\" data-end=\"1775\" \/>\n<h3 data-section-id=\"y76l01\" data-start=\"1777\" data-end=\"1815\">\ud83d\udd25 V\u00ec sao n\u00ean ch\u1ecdn s\u1ea3n ph\u1ea9m n\u00e0y?<\/h3>\n<p data-start=\"1816\" data-end=\"2032\">N\u1ebfu b\u1ea1n \u0111ang g\u1eb7p t\u00ecnh tr\u1ea1ng <strong data-start=\"1844\" data-end=\"1890\">da d\u1ea7u, l\u1ed7 ch\u00e2n l\u00f4ng d\u1ec5 b\u00edt t\u1eafc v\u00e0 n\u1ed5i m\u1ee5n<\/strong>, th\u00ec Revitalift Crystal Purifying Micellar Water l\u00e0 l\u1ef1a ch\u1ecdn l\u00fd t\u01b0\u1edfng gi\u00fap l\u00e0m s\u1ea1ch s\u00e2u, ki\u1ec3m so\u00e1t d\u1ea7u v\u00e0 gi\u1eef da lu\u00f4n th\u00f4ng tho\u00e1ng, m\u1ecbn m\u00e0ng.<\/p>\n","protected":false},"excerpt":{"rendered":"<h2 class=\"text-base leading-[1.2] mb-2\">Revitalift Crystal Micellar Water<\/h2>\n<p>C\u00f4ng d\u1ee5ng:<b class=\"ml-[5px]\">Ki\u1ec1m D\u1ea7u<\/b><\/p>\n","protected":false},"featured_media":219,"comment_status":"open","ping_status":"closed","template":"","meta":[],"product_brand":[19],"product_cat":[30,28,29],"product_tag":[],"class_list":{"0":"post-211","1":"product","2":"type-product","3":"status-publish","4":"has-post-thumbnail","6":"product_brand-loreal","7":"product_cat-flash-deals","8":"product_cat-nuoc-tay-trang","9":"product_cat-san-pham-yeu-thich","11":"first","12":"instock","13":"sale","14":"shipping-taxable","15":"purchasable","16":"product-type-variable"},"yoast_head":"<!-- This site is optimized with the Yoast SEO plugin v27.2 - https:\/\/yoast.com\/product\/yoast-seo-wordpress\/ -->\n<title>N\u01b0\u1edbc T\u1ea9y Trang Revitalift Crystal Purifying Micellar Water - Lux<\/title>\n<meta name=\"description\" content=\"N\u01b0\u1edbc T\u1ea9y TrangRevitalift Crystal Purifying Micellar Water l\u00e0 d\u00f2ng t\u1ea9y trang chuy\u00ean bi\u1ec7t d\u00e0nh cho da d\u1ea7u &amp; da h\u1ed7n h\u1ee3p thi\u00ean d\u1ea7u, gi\u00fap lo\u1ea1i b\u1ecf l\u1edbp trang \u0111i\u1ec3m.\" \/>\n<meta name=\"robots\" content=\"index, follow, max-snippet:-1, max-image-preview:large, max-video-preview:-1\" \/>\n<link rel=\"canonical\" href=\"https:\/\/lux.azdigi.shop\/?product=nuoc-tay-trang-revitalift-crystal-purifying-micellar-water\" \/>\n<meta property=\"og:locale\" content=\"vi_VN\" \/>\n<meta property=\"og:type\" content=\"article\" \/>\n<meta property=\"og:title\" content=\"N\u01b0\u1edbc T\u1ea9y Trang Revitalift Crystal Purifying Micellar Water - Lux\" \/>\n<meta property=\"og:description\" content=\"N\u01b0\u1edbc T\u1ea9y TrangRevitalift Crystal Purifying Micellar Water l\u00e0 d\u00f2ng t\u1ea9y trang chuy\u00ean bi\u1ec7t d\u00e0nh cho da d\u1ea7u &amp; da h\u1ed7n h\u1ee3p thi\u00ean d\u1ea7u, gi\u00fap lo\u1ea1i b\u1ecf l\u1edbp trang \u0111i\u1ec3m.\" \/>\n<meta property=\"og:url\" content=\"https:\/\/lux.azdigi.shop\/?product=nuoc-tay-trang-revitalift-crystal-purifying-micellar-water\" \/>\n<meta property=\"og:site_name\" content=\"Lux\" \/>\n<meta property=\"article:modified_time\" content=\"2026-04-08T03:23:31+00:00\" \/>\n<meta property=\"og:image\" content=\"https:\/\/lux.azdigi.shop\/wp-content\/uploads\/2026\/04\/Screenshot-2026-04-06-020720.png\" \/>\n\t<meta property=\"og:image:width\" content=\"426\" \/>\n\t<meta property=\"og:image:height\" content=\"400\" \/>\n\t<meta property=\"og:image:type\" content=\"image\/png\" \/>\n<meta name=\"twitter:card\" content=\"summary_large_image\" \/>\n<meta name=\"twitter:label1\" content=\"\u01af\u1edbc t\u00ednh th\u1eddi gian \u0111\u1ecdc\" \/>\n\t<meta name=\"twitter:data1\" content=\"3 ph\u00fat\" \/>\n<script type=\"application\/ld+json\" class=\"yoast-schema-graph\">{\"@context\":\"https:\/\/schema.org\",\"@graph\":[{\"@type\":\"WebPage\",\"@id\":\"https:\/\/lux.azdigi.shop\/?product=nuoc-tay-trang-revitalift-crystal-purifying-micellar-water\",\"url\":\"https:\/\/lux.azdigi.shop\/?product=nuoc-tay-trang-revitalift-crystal-purifying-micellar-water\",\"name\":\"N\u01b0\u1edbc T\u1ea9y Trang Revitalift Crystal Purifying Micellar Water - Lux\",\"isPartOf\":{\"@id\":\"https:\/\/lux.azdigi.shop\/#website\"},\"primaryImageOfPage\":{\"@id\":\"https:\/\/lux.azdigi.shop\/?product=nuoc-tay-trang-revitalift-crystal-purifying-micellar-water#primaryimage\"},\"image\":{\"@id\":\"https:\/\/lux.azdigi.shop\/?product=nuoc-tay-trang-revitalift-crystal-purifying-micellar-water#primaryimage\"},\"thumbnailUrl\":\"https:\/\/lux.azdigi.shop\/wp-content\/uploads\/2026\/04\/Screenshot-2026-04-06-020720.png\",\"datePublished\":\"2026-04-05T19:29:30+00:00\",\"dateModified\":\"2026-04-08T03:23:31+00:00\",\"description\":\"N\u01b0\u1edbc T\u1ea9y TrangRevitalift Crystal Purifying Micellar Water l\u00e0 d\u00f2ng t\u1ea9y trang chuy\u00ean bi\u1ec7t d\u00e0nh cho da d\u1ea7u & da h\u1ed7n h\u1ee3p thi\u00ean d\u1ea7u, gi\u00fap lo\u1ea1i b\u1ecf l\u1edbp trang \u0111i\u1ec3m.\",\"breadcrumb\":{\"@id\":\"https:\/\/lux.azdigi.shop\/?product=nuoc-tay-trang-revitalift-crystal-purifying-micellar-water#breadcrumb\"},\"inLanguage\":\"vi\",\"potentialAction\":[{\"@type\":\"ReadAction\",\"target\":[\"https:\/\/lux.azdigi.shop\/?product=nuoc-tay-trang-revitalift-crystal-purifying-micellar-water\"]}]},{\"@type\":\"ImageObject\",\"inLanguage\":\"vi\",\"@id\":\"https:\/\/lux.azdigi.shop\/?product=nuoc-tay-trang-revitalift-crystal-purifying-micellar-water#primaryimage\",\"url\":\"https:\/\/lux.azdigi.shop\/wp-content\/uploads\/2026\/04\/Screenshot-2026-04-06-020720.png\",\"contentUrl\":\"https:\/\/lux.azdigi.shop\/wp-content\/uploads\/2026\/04\/Screenshot-2026-04-06-020720.png\",\"width\":426,\"height\":400},{\"@type\":\"BreadcrumbList\",\"@id\":\"https:\/\/lux.azdigi.shop\/?product=nuoc-tay-trang-revitalift-crystal-purifying-micellar-water#breadcrumb\",\"itemListElement\":[{\"@type\":\"ListItem\",\"position\":1,\"name\":\"Home\",\"item\":\"https:\/\/lux.azdigi.shop\/\"},{\"@type\":\"ListItem\",\"position\":2,\"name\":\"C\u1eeda h\u00e0ng\",\"item\":\"https:\/\/lux.azdigi.shop\/?page_id=120\"},{\"@type\":\"ListItem\",\"position\":3,\"name\":\"N\u01b0\u1edbc T\u1ea9y Trang Revitalift Crystal Purifying Micellar Water\"}]},{\"@type\":\"WebSite\",\"@id\":\"https:\/\/lux.azdigi.shop\/#website\",\"url\":\"https:\/\/lux.azdigi.shop\/\",\"name\":\"Lux\",\"description\":\"\",\"publisher\":{\"@id\":\"https:\/\/lux.azdigi.shop\/#\/schema\/person\/9503659c74a3cb402669cb10b0872f8c\"},\"potentialAction\":[{\"@type\":\"SearchAction\",\"target\":{\"@type\":\"EntryPoint\",\"urlTemplate\":\"https:\/\/lux.azdigi.shop\/?s={search_term_string}\"},\"query-input\":{\"@type\":\"PropertyValueSpecification\",\"valueRequired\":true,\"valueName\":\"search_term_string\"}}],\"inLanguage\":\"vi\"},{\"@type\":[\"Person\",\"Organization\"],\"@id\":\"https:\/\/lux.azdigi.shop\/#\/schema\/person\/9503659c74a3cb402669cb10b0872f8c\",\"name\":\"Vo Hoan Thien\",\"image\":{\"@type\":\"ImageObject\",\"inLanguage\":\"vi\",\"@id\":\"https:\/\/lux.azdigi.shop\/wp-content\/uploads\/2026\/03\/Untitled-design.png\",\"url\":\"https:\/\/lux.azdigi.shop\/wp-content\/uploads\/2026\/03\/Untitled-design.png\",\"contentUrl\":\"https:\/\/lux.azdigi.shop\/wp-content\/uploads\/2026\/03\/Untitled-design.png\",\"width\":402,\"height\":288,\"caption\":\"Vo Hoan Thien\"},\"logo\":{\"@id\":\"https:\/\/lux.azdigi.shop\/wp-content\/uploads\/2026\/03\/Untitled-design.png\"},\"sameAs\":[\"https:\/\/lux.azdigi.shop\"]}]}<\/script>\n<!-- \/ Yoast SEO plugin. -->","yoast_head_json":{"title":"N\u01b0\u1edbc T\u1ea9y Trang Revitalift Crystal Purifying Micellar Water - Lux","description":"N\u01b0\u1edbc T\u1ea9y TrangRevitalift Crystal Purifying Micellar Water l\u00e0 d\u00f2ng t\u1ea9y trang chuy\u00ean bi\u1ec7t d\u00e0nh cho da d\u1ea7u & da h\u1ed7n h\u1ee3p thi\u00ean d\u1ea7u, gi\u00fap lo\u1ea1i b\u1ecf l\u1edbp trang \u0111i\u1ec3m.","robots":{"index":"index","follow":"follow","max-snippet":"max-snippet:-1","max-image-preview":"max-image-preview:large","max-video-preview":"max-video-preview:-1"},"canonical":"https:\/\/lux.azdigi.shop\/?product=nuoc-tay-trang-revitalift-crystal-purifying-micellar-water","og_locale":"vi_VN","og_type":"article","og_title":"N\u01b0\u1edbc T\u1ea9y Trang Revitalift Crystal Purifying Micellar Water - Lux","og_description":"N\u01b0\u1edbc T\u1ea9y TrangRevitalift Crystal Purifying Micellar Water l\u00e0 d\u00f2ng t\u1ea9y trang chuy\u00ean bi\u1ec7t d\u00e0nh cho da d\u1ea7u & da h\u1ed7n h\u1ee3p thi\u00ean d\u1ea7u, gi\u00fap lo\u1ea1i b\u1ecf l\u1edbp trang \u0111i\u1ec3m.","og_url":"https:\/\/lux.azdigi.shop\/?product=nuoc-tay-trang-revitalift-crystal-purifying-micellar-water","og_site_name":"Lux","article_modified_time":"2026-04-08T03:23:31+00:00","og_image":[{"width":426,"height":400,"url":"https:\/\/lux.azdigi.shop\/wp-content\/uploads\/2026\/04\/Screenshot-2026-04-06-020720.png","type":"image\/png"}],"twitter_card":"summary_large_image","twitter_misc":{"\u01af\u1edbc t\u00ednh th\u1eddi gian \u0111\u1ecdc":"3 ph\u00fat"},"schema":{"@context":"https:\/\/schema.org","@graph":[{"@type":"WebPage","@id":"https:\/\/lux.azdigi.shop\/?product=nuoc-tay-trang-revitalift-crystal-purifying-micellar-water","url":"https:\/\/lux.azdigi.shop\/?product=nuoc-tay-trang-revitalift-crystal-purifying-micellar-water","name":"N\u01b0\u1edbc T\u1ea9y Trang Revitalift Crystal Purifying Micellar Water - Lux","isPartOf":{"@id":"https:\/\/lux.azdigi.shop\/#website"},"primaryImageOfPage":{"@id":"https:\/\/lux.azdigi.shop\/?product=nuoc-tay-trang-revitalift-crystal-purifying-micellar-water#primaryimage"},"image":{"@id":"https:\/\/lux.azdigi.shop\/?product=nuoc-tay-trang-revitalift-crystal-purifying-micellar-water#primaryimage"},"thumbnailUrl":"https:\/\/lux.azdigi.shop\/wp-content\/uploads\/2026\/04\/Screenshot-2026-04-06-020720.png","datePublished":"2026-04-05T19:29:30+00:00","dateModified":"2026-04-08T03:23:31+00:00","description":"N\u01b0\u1edbc T\u1ea9y TrangRevitalift Crystal Purifying Micellar Water l\u00e0 d\u00f2ng t\u1ea9y trang chuy\u00ean bi\u1ec7t d\u00e0nh cho da d\u1ea7u & da h\u1ed7n h\u1ee3p thi\u00ean d\u1ea7u, gi\u00fap lo\u1ea1i b\u1ecf l\u1edbp trang \u0111i\u1ec3m.","breadcrumb":{"@id":"https:\/\/lux.azdigi.shop\/?product=nuoc-tay-trang-revitalift-crystal-purifying-micellar-water#breadcrumb"},"inLanguage":"vi","potentialAction":[{"@type":"ReadAction","target":["https:\/\/lux.azdigi.shop\/?product=nuoc-tay-trang-revitalift-crystal-purifying-micellar-water"]}]},{"@type":"ImageObject","inLanguage":"vi","@id":"https:\/\/lux.azdigi.shop\/?product=nuoc-tay-trang-revitalift-crystal-purifying-micellar-water#primaryimage","url":"https:\/\/lux.azdigi.shop\/wp-content\/uploads\/2026\/04\/Screenshot-2026-04-06-020720.png","contentUrl":"https:\/\/lux.azdigi.shop\/wp-content\/uploads\/2026\/04\/Screenshot-2026-04-06-020720.png","width":426,"height":400},{"@type":"BreadcrumbList","@id":"https:\/\/lux.azdigi.shop\/?product=nuoc-tay-trang-revitalift-crystal-purifying-micellar-water#breadcrumb","itemListElement":[{"@type":"ListItem","position":1,"name":"Home","item":"https:\/\/lux.azdigi.shop\/"},{"@type":"ListItem","position":2,"name":"C\u1eeda h\u00e0ng","item":"https:\/\/lux.azdigi.shop\/?page_id=120"},{"@type":"ListItem","position":3,"name":"N\u01b0\u1edbc T\u1ea9y Trang Revitalift Crystal Purifying Micellar Water"}]},{"@type":"WebSite","@id":"https:\/\/lux.azdigi.shop\/#website","url":"https:\/\/lux.azdigi.shop\/","name":"Lux","description":"","publisher":{"@id":"https:\/\/lux.azdigi.shop\/#\/schema\/person\/9503659c74a3cb402669cb10b0872f8c"},"potentialAction":[{"@type":"SearchAction","target":{"@type":"EntryPoint","urlTemplate":"https:\/\/lux.azdigi.shop\/?s={search_term_string}"},"query-input":{"@type":"PropertyValueSpecification","valueRequired":true,"valueName":"search_term_string"}}],"inLanguage":"vi"},{"@type":["Person","Organization"],"@id":"https:\/\/lux.azdigi.shop\/#\/schema\/person\/9503659c74a3cb402669cb10b0872f8c","name":"Vo Hoan Thien","image":{"@type":"ImageObject","inLanguage":"vi","@id":"https:\/\/lux.azdigi.shop\/wp-content\/uploads\/2026\/03\/Untitled-design.png","url":"https:\/\/lux.azdigi.shop\/wp-content\/uploads\/2026\/03\/Untitled-design.png","contentUrl":"https:\/\/lux.azdigi.shop\/wp-content\/uploads\/2026\/03\/Untitled-design.png","width":402,"height":288,"caption":"Vo Hoan Thien"},"logo":{"@id":"https:\/\/lux.azdigi.shop\/wp-content\/uploads\/2026\/03\/Untitled-design.png"},"sameAs":["https:\/\/lux.azdigi.shop"]}]}},"_links":{"self":[{"href":"https:\/\/lux.azdigi.shop\/index.php?rest_route=\/wp\/v2\/product\/211","targetHints":{"allow":["GET"]}}],"collection":[{"href":"https:\/\/lux.azdigi.shop\/index.php?rest_route=\/wp\/v2\/product"}],"about":[{"href":"https:\/\/lux.azdigi.shop\/index.php?rest_route=\/wp\/v2\/types\/product"}],"replies":[{"embeddable":true,"href":"https:\/\/lux.azdigi.shop\/index.php?rest_route=%2Fwp%2Fv2%2Fcomments&post=211"}],"wp:featuredmedia":[{"embeddable":true,"href":"https:\/\/lux.azdigi.shop\/index.php?rest_route=\/wp\/v2\/media\/219"}],"wp:attachment":[{"href":"https:\/\/lux.azdigi.shop\/index.php?rest_route=%2Fwp%2Fv2%2Fmedia&parent=211"}],"wp:term":[{"taxonomy":"product_brand","embeddable":true,"href":"https:\/\/lux.azdigi.shop\/index.php?rest_route=%2Fwp%2Fv2%2Fproduct_brand&post=211"},{"taxonomy":"product_cat","embeddable":true,"href":"https:\/\/lux.azdigi.shop\/index.php?rest_route=%2Fwp%2Fv2%2Fproduct_cat&post=211"},{"taxonomy":"product_tag","embeddable":true,"href":"https:\/\/lux.azdigi.shop\/index.php?rest_route=%2Fwp%2Fv2%2Fproduct_tag&post=211"}],"curies":[{"name":"wp","href":"https:\/\/api.w.org\/{rel}","templated":true}]}}