{"id":246,"date":"2026-04-08T03:41:29","date_gmt":"2026-04-08T03:41:29","guid":{"rendered":"https:\/\/lux.azdigi.shop\/?post_type=product&#038;p=246"},"modified":"2026-04-08T03:42:14","modified_gmt":"2026-04-08T03:42:14","slug":"kem-chong-nang-uv-defender-spf50-pa","status":"publish","type":"product","link":"https:\/\/lux.azdigi.shop\/?product=kem-chong-nang-uv-defender-spf50-pa","title":{"rendered":"Kem Ch\u1ed1ng N\u1eafng UV Defender SPF50+ PA++++"},"content":{"rendered":"<h3 data-section-id=\"1khqkak\" data-start=\"257\" data-end=\"285\">\ud83c\udf3f Gi\u1edbi thi\u1ec7u s\u1ea3n ph\u1ea9m<\/h3>\n<p data-start=\"286\" data-end=\"578\">Kem Ch\u1ed1ng N\u1eafng L&#8217;Or\u00e9al UV Defender UV Defender SPF50+ PA++++ l\u00e0 d\u00f2ng ch\u1ed1ng n\u1eafng th\u1ebf h\u1ec7 m\u1edbi v\u1edbi kh\u1ea3 n\u0103ng b\u1ea3o v\u1ec7 da v\u01b0\u1ee3t tr\u1ed9i tr\u01b0\u1edbc tia UV. K\u1ebft c\u1ea5u <strong data-start=\"439\" data-end=\"481\">m\u1ecfng nh\u1eb9 \u2013 th\u1ea5m nhanh \u2013 kh\u00f4ng b\u1ebft d\u00ednh<\/strong>, mang l\u1ea1i c\u1ea3m gi\u00e1c tho\u00e1ng da su\u1ed1t c\u1ea3 ng\u00e0y, ph\u00f9 h\u1ee3p cho s\u1eed d\u1ee5ng h\u1eb1ng ng\u00e0y v\u00e0 d\u01b0\u1edbi l\u1edbp trang \u0111i\u1ec3m.<\/p>\n<hr data-start=\"580\" data-end=\"583\" \/>\n<h3 data-section-id=\"1rtshsh\" data-start=\"585\" data-end=\"610\">\u2728 C\u00f4ng d\u1ee5ng n\u1ed5i b\u1eadt<\/h3>\n<ul data-start=\"611\" data-end=\"928\">\n<li data-section-id=\"xu5ez5\" data-start=\"611\" data-end=\"683\"><strong data-start=\"613\" data-end=\"650\">Ch\u1ed1ng n\u1eafng ph\u1ed5 r\u1ed9ng SPF50+ PA++++<\/strong>: B\u1ea3o v\u1ec7 da tr\u01b0\u1edbc tia UVA &amp; UVB<\/li>\n<li data-section-id=\"1s71lu5\" data-start=\"684\" data-end=\"759\">C\u00f4ng ngh\u1ec7 <strong data-start=\"696\" data-end=\"715\">UV Defender X20<\/strong>: T\u0103ng c\u01b0\u1eddng kh\u1ea3 n\u0103ng ch\u1ed1ng n\u1eafng v\u01b0\u1ee3t tr\u1ed9i<\/li>\n<li data-section-id=\"qlltk1\" data-start=\"760\" data-end=\"815\">Gi\u00fap ng\u0103n ng\u1eeba <strong data-start=\"777\" data-end=\"801\">s\u1ea1m n\u00e1m, l\u00e3o h\u00f3a s\u1edbm<\/strong> do \u00e1nh n\u1eafng<\/li>\n<li data-section-id=\"1n9s2q9\" data-start=\"816\" data-end=\"878\">K\u1ebft c\u1ea5u <strong data-start=\"826\" data-end=\"852\">invisible (trong su\u1ed1t)<\/strong>, kh\u00f4ng \u0111\u1ec3 l\u1ea1i v\u1ec7t tr\u1eafng<\/li>\n<li data-section-id=\"1dcuczp\" data-start=\"879\" data-end=\"928\">Ki\u1ec1m d\u1ea7u nh\u1eb9, gi\u00fap da kh\u00f4 r\u00e1o v\u00e0 th\u00f4ng tho\u00e1ng<\/li>\n<\/ul>\n<hr data-start=\"930\" data-end=\"933\" \/>\n<h3 data-section-id=\"11ddop\" data-start=\"935\" data-end=\"966\">\ud83d\udca7 Th\u00e0nh ph\u1ea7n &amp; c\u00f4ng ngh\u1ec7<\/h3>\n<ul data-start=\"967\" data-end=\"1120\">\n<li data-section-id=\"g4082t\" data-start=\"967\" data-end=\"1029\"><strong data-start=\"969\" data-end=\"994\">M\u00e0ng l\u1ecdc UV ti\u00ean ti\u1ebfn<\/strong>: B\u1ea3o v\u1ec7 da t\u1ed1i \u0111a tr\u01b0\u1edbc \u00e1nh n\u1eafng<\/li>\n<li data-section-id=\"19w2m0r\" data-start=\"1030\" data-end=\"1072\">C\u00f4ng th\u1ee9c m\u1ecfng nh\u1eb9, d\u1ec5 t\u00e1n, th\u1ea5m nhanh<\/li>\n<li data-section-id=\"n6cj8t\" data-start=\"1073\" data-end=\"1120\">Ph\u00f9 h\u1ee3p s\u1eed d\u1ee5ng h\u1eb1ng ng\u00e0y, k\u1ec3 c\u1ea3 khi makeup<\/li>\n<\/ul>\n<hr data-start=\"1122\" data-end=\"1125\" \/>\n<h3 data-section-id=\"w78wgh\" data-start=\"1127\" data-end=\"1154\">\ud83d\udc69\u200d\u2695\ufe0f Lo\u1ea1i da ph\u00f9 h\u1ee3p<\/h3>\n<ul data-start=\"1155\" data-end=\"1261\">\n<li data-section-id=\"jzsxv3\" data-start=\"1155\" data-end=\"1170\">M\u1ecdi lo\u1ea1i da<\/li>\n<li data-section-id=\"hict4h\" data-start=\"1171\" data-end=\"1261\">\u0110\u1eb7c bi\u1ec7t ph\u00f9 h\u1ee3p v\u1edbi:\n<ul data-start=\"1199\" data-end=\"1261\">\n<li data-section-id=\"whzb6g\" data-start=\"1199\" data-end=\"1221\">Da d\u1ea7u, da h\u1ed7n h\u1ee3p<\/li>\n<li data-section-id=\"1vttq1\" data-start=\"1224\" data-end=\"1261\">Da th\u01b0\u1eddng xuy\u00ean ti\u1ebfp x\u00fac \u00e1nh n\u1eafng<\/li>\n<\/ul>\n<\/li>\n<\/ul>\n<hr data-start=\"1263\" data-end=\"1266\" \/>\n<h3 data-section-id=\"lbo3wx\" data-start=\"1268\" data-end=\"1294\">\ud83e\uddf4 H\u01b0\u1edbng d\u1eabn s\u1eed d\u1ee5ng<\/h3>\n<ol data-start=\"1295\" data-end=\"1452\">\n<li>D\u00f9ng 1 l\u01b0\u1ee3ng kem v\u1eeba \u0111\u1ee7 v\u00e0 chia \u0111\u1ec1u tr\u00ean m\u1eb7t v\u00e0 c\u1ed5, sau \u0111\u00f3 thoa \u0111\u1ec1u nh\u1eb9 nh\u00e0ng kh\u1eafp m\u1eb7t v\u00e0 c\u1ed5.<\/li>\n<li>S\u1eed d\u1ee5ng v\u00e0o ban ng\u00e0y, tr\u01b0\u1edbc khi ra n\u1eafng 30 ph\u00fat, sau c\u00e1c b\u01b0\u1edbc d\u01b0\u1ee1ng da th\u00f4ng th\u01b0\u1eddng, v\u00e0 tr\u01b0\u1edbc c\u00e1c b\u01b0\u1edbc trang \u0111i\u1ec3m ti\u1ebfp theo (n\u1ebfu c\u00f3).<\/li>\n<\/ol>\n<hr data-start=\"1454\" data-end=\"1457\" \/>\n<h3 data-section-id=\"xil66r\" data-start=\"1459\" data-end=\"1482\">\u2b50 \u01afu \u0111i\u1ec3m n\u1ed5i b\u1eadt<\/h3>\n<p data-start=\"1483\" data-end=\"1610\">\u2714 M\u1ecfng nh\u1eb9, kh\u00f4ng b\u1ebft d\u00ednh<br data-start=\"1509\" data-end=\"1512\" \/>\u2714 Kh\u00f4ng n\u00e2ng tone, kh\u00f4ng v\u1ec7t tr\u1eafng<br data-start=\"1546\" data-end=\"1549\" \/>\u2714 D\u1ec5 d\u00e0ng d\u00f9ng h\u1eb1ng ng\u00e0y<br data-start=\"1573\" data-end=\"1576\" \/>\u2714 Ph\u00f9 h\u1ee3p l\u00e0m l\u1edbp l\u00f3t trang \u0111i\u1ec3m<\/p>\n<hr data-start=\"1612\" data-end=\"1615\" \/>\n<h3 data-section-id=\"hzpe5p\" data-start=\"1617\" data-end=\"1644\">\ud83d\udce6 Th\u00f4ng tin s\u1ea3n ph\u1ea9m<\/h3>\n<ul data-start=\"1645\" data-end=\"1736\">\n<li data-section-id=\"1q4xmtt\" data-start=\"1645\" data-end=\"1671\">Dung t\u00edch: 30ml \/ 50ml<\/li>\n<li data-section-id=\"vuo33r\" data-start=\"1672\" data-end=\"1696\">Th\u01b0\u01a1ng hi\u1ec7u: L&#8217;Or\u00e9al<\/li>\n<li data-section-id=\"h9wp1t\" data-start=\"1697\" data-end=\"1718\">D\u00f2ng: UV Defender<\/li>\n<li data-section-id=\"1eh30gm\" data-start=\"1719\" data-end=\"1736\">Xu\u1ea5t x\u1ee9: Ph\u00e1p<\/li>\n<\/ul>\n<hr data-start=\"1738\" data-end=\"1741\" \/>\n<h3 data-section-id=\"y76l01\" data-start=\"1743\" data-end=\"1781\">\ud83d\udd25 V\u00ec sao n\u00ean ch\u1ecdn s\u1ea3n ph\u1ea9m n\u00e0y?<\/h3>\n<p data-start=\"1782\" data-end=\"2002\">N\u1ebfu b\u1ea1n \u0111ang t\u00ecm m\u1ed9t lo\u1ea1i kem ch\u1ed1ng n\u1eafng <strong data-start=\"1823\" data-end=\"1864\">nh\u1eb9 m\u1eb7t \u2013 th\u1ea5m nhanh \u2013 b\u1ea3o v\u1ec7 m\u1ea1nh m\u1ebd<\/strong>, th\u00ec L&#8217;Or\u00e9al UV Defender Invisible Resist l\u00e0 l\u1ef1a ch\u1ecdn ho\u00e0n h\u1ea3o gi\u00fap b\u1ea3o v\u1ec7 l\u00e0n da m\u1ed7i ng\u00e0y m\u00e0 v\u1eabn mang l\u1ea1i c\u1ea3m gi\u00e1c d\u1ec5 ch\u1ecbu, kh\u00f4ng b\u00ed da.<\/p>\n","protected":false},"excerpt":{"rendered":"<h2 class=\"text-base leading-[1.2] mb-2\">UV Defender Invisible Resist Daily Sunscreen SPF50+ PA++++<\/h2>\n<p class=\"p-[5px] mb-2.5 text-[10px] inline-block rounded-[5px] leading-[1.2] text-[#326E51] bg-[#E5FBF1]\">C\u00f4ng d\u1ee5ng:<b class=\"ml-[5px]\">x20 M\u1ecfng Nh\u1eb9<\/b><\/p>\n","protected":false},"featured_media":249,"comment_status":"open","ping_status":"closed","template":"","meta":[],"product_brand":[19],"product_cat":[30,32,29],"product_tag":[],"class_list":{"0":"post-246","1":"product","2":"type-product","3":"status-publish","4":"has-post-thumbnail","6":"product_brand-loreal","7":"product_cat-flash-deals","8":"product_cat-kem-chong-nang","9":"product_cat-san-pham-yeu-thich","11":"first","12":"instock","13":"sale","14":"shipping-taxable","15":"purchasable","16":"product-type-variable"},"yoast_head":"<!-- This site is optimized with the Yoast SEO plugin v27.2 - https:\/\/yoast.com\/product\/yoast-seo-wordpress\/ -->\n<title>Kem Ch\u1ed1ng N\u1eafng UV Defender SPF50+ PA++++ - Lux<\/title>\n<meta name=\"description\" content=\"UV Defender SPF50+ PA++++ l\u00e0 d\u00f2ng s\u1ea3n ph\u1ea9m ch\u1ed1ng n\u1eafng da m\u1eb7t \u0111\u1ebfn t\u1eeb th\u01b0\u01a1ng hi\u1ec7u L\u2019Oreal c\u1ee7a Ph\u00e1p, K\u1ebft c\u1ea5u m\u1ecfng nh\u1eb9 \u2013 th\u1ea5m nhanh \u2013 kh\u00f4ng b\u1ebft d\u00ednh.\" \/>\n<meta name=\"robots\" content=\"index, follow, max-snippet:-1, max-image-preview:large, max-video-preview:-1\" \/>\n<link rel=\"canonical\" href=\"https:\/\/lux.azdigi.shop\/?product=kem-chong-nang-uv-defender-spf50-pa\" \/>\n<meta property=\"og:locale\" content=\"vi_VN\" \/>\n<meta property=\"og:type\" content=\"article\" \/>\n<meta property=\"og:title\" content=\"Kem Ch\u1ed1ng N\u1eafng UV Defender SPF50+ PA++++ - Lux\" \/>\n<meta property=\"og:description\" content=\"UV Defender SPF50+ PA++++ l\u00e0 d\u00f2ng s\u1ea3n ph\u1ea9m ch\u1ed1ng n\u1eafng da m\u1eb7t \u0111\u1ebfn t\u1eeb th\u01b0\u01a1ng hi\u1ec7u L\u2019Oreal c\u1ee7a Ph\u00e1p, K\u1ebft c\u1ea5u m\u1ecfng nh\u1eb9 \u2013 th\u1ea5m nhanh \u2013 kh\u00f4ng b\u1ebft d\u00ednh.\" \/>\n<meta property=\"og:url\" content=\"https:\/\/lux.azdigi.shop\/?product=kem-chong-nang-uv-defender-spf50-pa\" \/>\n<meta property=\"og:site_name\" content=\"Lux\" \/>\n<meta property=\"article:modified_time\" content=\"2026-04-08T03:42:14+00:00\" \/>\n<meta property=\"og:image\" content=\"https:\/\/lux.azdigi.shop\/wp-content\/uploads\/2026\/04\/Screenshot-2026-04-08-103030.png\" \/>\n\t<meta property=\"og:image:width\" content=\"408\" \/>\n\t<meta property=\"og:image:height\" content=\"406\" \/>\n\t<meta property=\"og:image:type\" content=\"image\/png\" \/>\n<meta name=\"twitter:card\" content=\"summary_large_image\" \/>\n<meta name=\"twitter:label1\" content=\"\u01af\u1edbc t\u00ednh th\u1eddi gian \u0111\u1ecdc\" \/>\n\t<meta name=\"twitter:data1\" content=\"3 ph\u00fat\" \/>\n<script type=\"application\/ld+json\" class=\"yoast-schema-graph\">{\"@context\":\"https:\/\/schema.org\",\"@graph\":[{\"@type\":\"WebPage\",\"@id\":\"https:\/\/lux.azdigi.shop\/?product=kem-chong-nang-uv-defender-spf50-pa\",\"url\":\"https:\/\/lux.azdigi.shop\/?product=kem-chong-nang-uv-defender-spf50-pa\",\"name\":\"Kem Ch\u1ed1ng N\u1eafng UV Defender SPF50+ PA++++ - Lux\",\"isPartOf\":{\"@id\":\"https:\/\/lux.azdigi.shop\/#website\"},\"primaryImageOfPage\":{\"@id\":\"https:\/\/lux.azdigi.shop\/?product=kem-chong-nang-uv-defender-spf50-pa#primaryimage\"},\"image\":{\"@id\":\"https:\/\/lux.azdigi.shop\/?product=kem-chong-nang-uv-defender-spf50-pa#primaryimage\"},\"thumbnailUrl\":\"https:\/\/lux.azdigi.shop\/wp-content\/uploads\/2026\/04\/Screenshot-2026-04-08-103030.png\",\"datePublished\":\"2026-04-08T03:41:29+00:00\",\"dateModified\":\"2026-04-08T03:42:14+00:00\",\"description\":\"UV Defender SPF50+ PA++++ l\u00e0 d\u00f2ng s\u1ea3n ph\u1ea9m ch\u1ed1ng n\u1eafng da m\u1eb7t \u0111\u1ebfn t\u1eeb th\u01b0\u01a1ng hi\u1ec7u L\u2019Oreal c\u1ee7a Ph\u00e1p, K\u1ebft c\u1ea5u m\u1ecfng nh\u1eb9 \u2013 th\u1ea5m nhanh \u2013 kh\u00f4ng b\u1ebft d\u00ednh.\",\"breadcrumb\":{\"@id\":\"https:\/\/lux.azdigi.shop\/?product=kem-chong-nang-uv-defender-spf50-pa#breadcrumb\"},\"inLanguage\":\"vi\",\"potentialAction\":[{\"@type\":\"ReadAction\",\"target\":[\"https:\/\/lux.azdigi.shop\/?product=kem-chong-nang-uv-defender-spf50-pa\"]}]},{\"@type\":\"ImageObject\",\"inLanguage\":\"vi\",\"@id\":\"https:\/\/lux.azdigi.shop\/?product=kem-chong-nang-uv-defender-spf50-pa#primaryimage\",\"url\":\"https:\/\/lux.azdigi.shop\/wp-content\/uploads\/2026\/04\/Screenshot-2026-04-08-103030.png\",\"contentUrl\":\"https:\/\/lux.azdigi.shop\/wp-content\/uploads\/2026\/04\/Screenshot-2026-04-08-103030.png\",\"width\":408,\"height\":406},{\"@type\":\"BreadcrumbList\",\"@id\":\"https:\/\/lux.azdigi.shop\/?product=kem-chong-nang-uv-defender-spf50-pa#breadcrumb\",\"itemListElement\":[{\"@type\":\"ListItem\",\"position\":1,\"name\":\"Home\",\"item\":\"https:\/\/lux.azdigi.shop\/\"},{\"@type\":\"ListItem\",\"position\":2,\"name\":\"C\u1eeda h\u00e0ng\",\"item\":\"https:\/\/lux.azdigi.shop\/?page_id=120\"},{\"@type\":\"ListItem\",\"position\":3,\"name\":\"Kem Ch\u1ed1ng N\u1eafng UV Defender SPF50+ PA++++\"}]},{\"@type\":\"WebSite\",\"@id\":\"https:\/\/lux.azdigi.shop\/#website\",\"url\":\"https:\/\/lux.azdigi.shop\/\",\"name\":\"Lux\",\"description\":\"\",\"publisher\":{\"@id\":\"https:\/\/lux.azdigi.shop\/#\/schema\/person\/9503659c74a3cb402669cb10b0872f8c\"},\"potentialAction\":[{\"@type\":\"SearchAction\",\"target\":{\"@type\":\"EntryPoint\",\"urlTemplate\":\"https:\/\/lux.azdigi.shop\/?s={search_term_string}\"},\"query-input\":{\"@type\":\"PropertyValueSpecification\",\"valueRequired\":true,\"valueName\":\"search_term_string\"}}],\"inLanguage\":\"vi\"},{\"@type\":[\"Person\",\"Organization\"],\"@id\":\"https:\/\/lux.azdigi.shop\/#\/schema\/person\/9503659c74a3cb402669cb10b0872f8c\",\"name\":\"Vo Hoan Thien\",\"image\":{\"@type\":\"ImageObject\",\"inLanguage\":\"vi\",\"@id\":\"https:\/\/lux.azdigi.shop\/wp-content\/uploads\/2026\/03\/Untitled-design.png\",\"url\":\"https:\/\/lux.azdigi.shop\/wp-content\/uploads\/2026\/03\/Untitled-design.png\",\"contentUrl\":\"https:\/\/lux.azdigi.shop\/wp-content\/uploads\/2026\/03\/Untitled-design.png\",\"width\":402,\"height\":288,\"caption\":\"Vo Hoan Thien\"},\"logo\":{\"@id\":\"https:\/\/lux.azdigi.shop\/wp-content\/uploads\/2026\/03\/Untitled-design.png\"},\"sameAs\":[\"https:\/\/lux.azdigi.shop\"]}]}<\/script>\n<!-- \/ Yoast SEO plugin. -->","yoast_head_json":{"title":"Kem Ch\u1ed1ng N\u1eafng UV Defender SPF50+ PA++++ - Lux","description":"UV Defender SPF50+ PA++++ l\u00e0 d\u00f2ng s\u1ea3n ph\u1ea9m ch\u1ed1ng n\u1eafng da m\u1eb7t \u0111\u1ebfn t\u1eeb th\u01b0\u01a1ng hi\u1ec7u L\u2019Oreal c\u1ee7a Ph\u00e1p, K\u1ebft c\u1ea5u m\u1ecfng nh\u1eb9 \u2013 th\u1ea5m nhanh \u2013 kh\u00f4ng b\u1ebft d\u00ednh.","robots":{"index":"index","follow":"follow","max-snippet":"max-snippet:-1","max-image-preview":"max-image-preview:large","max-video-preview":"max-video-preview:-1"},"canonical":"https:\/\/lux.azdigi.shop\/?product=kem-chong-nang-uv-defender-spf50-pa","og_locale":"vi_VN","og_type":"article","og_title":"Kem Ch\u1ed1ng N\u1eafng UV Defender SPF50+ PA++++ - Lux","og_description":"UV Defender SPF50+ PA++++ l\u00e0 d\u00f2ng s\u1ea3n ph\u1ea9m ch\u1ed1ng n\u1eafng da m\u1eb7t \u0111\u1ebfn t\u1eeb th\u01b0\u01a1ng hi\u1ec7u L\u2019Oreal c\u1ee7a Ph\u00e1p, K\u1ebft c\u1ea5u m\u1ecfng nh\u1eb9 \u2013 th\u1ea5m nhanh \u2013 kh\u00f4ng b\u1ebft d\u00ednh.","og_url":"https:\/\/lux.azdigi.shop\/?product=kem-chong-nang-uv-defender-spf50-pa","og_site_name":"Lux","article_modified_time":"2026-04-08T03:42:14+00:00","og_image":[{"width":408,"height":406,"url":"https:\/\/lux.azdigi.shop\/wp-content\/uploads\/2026\/04\/Screenshot-2026-04-08-103030.png","type":"image\/png"}],"twitter_card":"summary_large_image","twitter_misc":{"\u01af\u1edbc t\u00ednh th\u1eddi gian \u0111\u1ecdc":"3 ph\u00fat"},"schema":{"@context":"https:\/\/schema.org","@graph":[{"@type":"WebPage","@id":"https:\/\/lux.azdigi.shop\/?product=kem-chong-nang-uv-defender-spf50-pa","url":"https:\/\/lux.azdigi.shop\/?product=kem-chong-nang-uv-defender-spf50-pa","name":"Kem Ch\u1ed1ng N\u1eafng UV Defender SPF50+ PA++++ - Lux","isPartOf":{"@id":"https:\/\/lux.azdigi.shop\/#website"},"primaryImageOfPage":{"@id":"https:\/\/lux.azdigi.shop\/?product=kem-chong-nang-uv-defender-spf50-pa#primaryimage"},"image":{"@id":"https:\/\/lux.azdigi.shop\/?product=kem-chong-nang-uv-defender-spf50-pa#primaryimage"},"thumbnailUrl":"https:\/\/lux.azdigi.shop\/wp-content\/uploads\/2026\/04\/Screenshot-2026-04-08-103030.png","datePublished":"2026-04-08T03:41:29+00:00","dateModified":"2026-04-08T03:42:14+00:00","description":"UV Defender SPF50+ PA++++ l\u00e0 d\u00f2ng s\u1ea3n ph\u1ea9m ch\u1ed1ng n\u1eafng da m\u1eb7t \u0111\u1ebfn t\u1eeb th\u01b0\u01a1ng hi\u1ec7u L\u2019Oreal c\u1ee7a Ph\u00e1p, K\u1ebft c\u1ea5u m\u1ecfng nh\u1eb9 \u2013 th\u1ea5m nhanh \u2013 kh\u00f4ng b\u1ebft d\u00ednh.","breadcrumb":{"@id":"https:\/\/lux.azdigi.shop\/?product=kem-chong-nang-uv-defender-spf50-pa#breadcrumb"},"inLanguage":"vi","potentialAction":[{"@type":"ReadAction","target":["https:\/\/lux.azdigi.shop\/?product=kem-chong-nang-uv-defender-spf50-pa"]}]},{"@type":"ImageObject","inLanguage":"vi","@id":"https:\/\/lux.azdigi.shop\/?product=kem-chong-nang-uv-defender-spf50-pa#primaryimage","url":"https:\/\/lux.azdigi.shop\/wp-content\/uploads\/2026\/04\/Screenshot-2026-04-08-103030.png","contentUrl":"https:\/\/lux.azdigi.shop\/wp-content\/uploads\/2026\/04\/Screenshot-2026-04-08-103030.png","width":408,"height":406},{"@type":"BreadcrumbList","@id":"https:\/\/lux.azdigi.shop\/?product=kem-chong-nang-uv-defender-spf50-pa#breadcrumb","itemListElement":[{"@type":"ListItem","position":1,"name":"Home","item":"https:\/\/lux.azdigi.shop\/"},{"@type":"ListItem","position":2,"name":"C\u1eeda h\u00e0ng","item":"https:\/\/lux.azdigi.shop\/?page_id=120"},{"@type":"ListItem","position":3,"name":"Kem Ch\u1ed1ng N\u1eafng UV Defender SPF50+ PA++++"}]},{"@type":"WebSite","@id":"https:\/\/lux.azdigi.shop\/#website","url":"https:\/\/lux.azdigi.shop\/","name":"Lux","description":"","publisher":{"@id":"https:\/\/lux.azdigi.shop\/#\/schema\/person\/9503659c74a3cb402669cb10b0872f8c"},"potentialAction":[{"@type":"SearchAction","target":{"@type":"EntryPoint","urlTemplate":"https:\/\/lux.azdigi.shop\/?s={search_term_string}"},"query-input":{"@type":"PropertyValueSpecification","valueRequired":true,"valueName":"search_term_string"}}],"inLanguage":"vi"},{"@type":["Person","Organization"],"@id":"https:\/\/lux.azdigi.shop\/#\/schema\/person\/9503659c74a3cb402669cb10b0872f8c","name":"Vo Hoan Thien","image":{"@type":"ImageObject","inLanguage":"vi","@id":"https:\/\/lux.azdigi.shop\/wp-content\/uploads\/2026\/03\/Untitled-design.png","url":"https:\/\/lux.azdigi.shop\/wp-content\/uploads\/2026\/03\/Untitled-design.png","contentUrl":"https:\/\/lux.azdigi.shop\/wp-content\/uploads\/2026\/03\/Untitled-design.png","width":402,"height":288,"caption":"Vo Hoan Thien"},"logo":{"@id":"https:\/\/lux.azdigi.shop\/wp-content\/uploads\/2026\/03\/Untitled-design.png"},"sameAs":["https:\/\/lux.azdigi.shop"]}]}},"_links":{"self":[{"href":"https:\/\/lux.azdigi.shop\/index.php?rest_route=\/wp\/v2\/product\/246","targetHints":{"allow":["GET"]}}],"collection":[{"href":"https:\/\/lux.azdigi.shop\/index.php?rest_route=\/wp\/v2\/product"}],"about":[{"href":"https:\/\/lux.azdigi.shop\/index.php?rest_route=\/wp\/v2\/types\/product"}],"replies":[{"embeddable":true,"href":"https:\/\/lux.azdigi.shop\/index.php?rest_route=%2Fwp%2Fv2%2Fcomments&post=246"}],"wp:featuredmedia":[{"embeddable":true,"href":"https:\/\/lux.azdigi.shop\/index.php?rest_route=\/wp\/v2\/media\/249"}],"wp:attachment":[{"href":"https:\/\/lux.azdigi.shop\/index.php?rest_route=%2Fwp%2Fv2%2Fmedia&parent=246"}],"wp:term":[{"taxonomy":"product_brand","embeddable":true,"href":"https:\/\/lux.azdigi.shop\/index.php?rest_route=%2Fwp%2Fv2%2Fproduct_brand&post=246"},{"taxonomy":"product_cat","embeddable":true,"href":"https:\/\/lux.azdigi.shop\/index.php?rest_route=%2Fwp%2Fv2%2Fproduct_cat&post=246"},{"taxonomy":"product_tag","embeddable":true,"href":"https:\/\/lux.azdigi.shop\/index.php?rest_route=%2Fwp%2Fv2%2Fproduct_tag&post=246"}],"curies":[{"name":"wp","href":"https:\/\/api.w.org\/{rel}","templated":true}]}}