{"id":267,"date":"2026-04-08T04:25:30","date_gmt":"2026-04-08T04:25:30","guid":{"rendered":"https:\/\/lux.azdigi.shop\/?post_type=product&#038;p=267"},"modified":"2026-04-08T04:25:30","modified_gmt":"2026-04-08T04:25:30","slug":"nuoc-tay-trang-sensibio-h2o","status":"publish","type":"product","link":"https:\/\/lux.azdigi.shop\/?product=nuoc-tay-trang-sensibio-h2o","title":{"rendered":"N\u01b0\u1edbc T\u1ea9y Trang Sensibio H2O"},"content":{"rendered":"<h3 data-section-id=\"1khqkak\" data-start=\"244\" data-end=\"272\">\ud83c\udf3f Gi\u1edbi thi\u1ec7u s\u1ea3n ph\u1ea9m<\/h3>\n<p data-start=\"273\" data-end=\"543\">N\u01b0\u1edbc T\u1ea9y Trang Bioderma Sensibio H2O l\u00e0 d\u00f2ng t\u1ea9y trang n\u1ed5i ti\u1ebfng d\u00e0nh cho <strong data-start=\"347\" data-end=\"362\">da nh\u1ea1y c\u1ea3m<\/strong>, gi\u00fap lo\u1ea1i b\u1ecf l\u1edbp trang \u0111i\u1ec3m, b\u1ee5i b\u1ea9n v\u00e0 t\u1ea1p ch\u1ea5t m\u1ed9t c\u00e1ch nh\u1eb9 nh\u00e0ng m\u00e0 kh\u00f4ng g\u00e2y k\u00edch \u1ee9ng. C\u00f4ng th\u1ee9c t\u1ed1i gi\u1ea3n, an to\u00e0n, \u0111\u01b0\u1ee3c c\u00e1c chuy\u00ean gia da li\u1ec5u khuy\u00ean d\u00f9ng tr\u00ean to\u00e0n th\u1ebf gi\u1edbi.<\/p>\n<hr data-start=\"545\" data-end=\"548\" \/>\n<h3 data-section-id=\"1rtshsh\" data-start=\"550\" data-end=\"575\">\u2728 C\u00f4ng d\u1ee5ng n\u1ed5i b\u1eadt<\/h3>\n<ul data-start=\"576\" data-end=\"805\">\n<li data-section-id=\"e520w1\" data-start=\"576\" data-end=\"637\"><strong data-start=\"578\" data-end=\"598\">L\u00e0m s\u1ea1ch d\u1ecbu nh\u1eb9<\/strong> l\u1edbp makeup, kem ch\u1ed1ng n\u1eafng &amp; b\u1ee5i m\u1ecbn<\/li>\n<li data-section-id=\"hy9uty\" data-start=\"638\" data-end=\"676\">L\u00e0m d\u1ecbu da, gi\u1ea3m c\u1ea3m gi\u00e1c k\u00edch \u1ee9ng<\/li>\n<li data-section-id=\"isrvp6\" data-start=\"677\" data-end=\"726\">Gi\u1eef nguy\u00ean \u0111\u1ed9 \u1ea9m t\u1ef1 nhi\u00ean, kh\u00f4ng g\u00e2y kh\u00f4 c\u0103ng<\/li>\n<li data-section-id=\"1qjwpkl\" data-start=\"727\" data-end=\"775\">Gi\u00fap da m\u1ec1m m\u1ecbn, s\u1ea1ch tho\u00e1ng sau khi s\u1eed d\u1ee5ng<\/li>\n<li data-section-id=\"1l129lw\" data-start=\"776\" data-end=\"805\">Ph\u00f9 h\u1ee3p s\u1eed d\u1ee5ng h\u1eb1ng ng\u00e0y<\/li>\n<\/ul>\n<hr data-start=\"807\" data-end=\"810\" \/>\n<h3 data-section-id=\"11ddop\" data-start=\"812\" data-end=\"843\">\ud83d\udca7 Th\u00e0nh ph\u1ea7n &amp; c\u00f4ng ngh\u1ec7<\/h3>\n<ul data-start=\"844\" data-end=\"992\">\n<li data-section-id=\"esgmf3\" data-start=\"844\" data-end=\"901\"><strong data-start=\"846\" data-end=\"868\">C\u00f4ng ngh\u1ec7 Micellar<\/strong>: H\u00fat s\u1ea1ch b\u1ee5i b\u1ea9n nh\u01b0 nam ch\u00e2m<\/li>\n<li data-section-id=\"1661n1j\" data-start=\"902\" data-end=\"952\">Th\u00e0nh ph\u1ea7n t\u1ed1i gi\u1ea3n, l\u00e0nh t\u00ednh cho da nh\u1ea1y c\u1ea3m<\/li>\n<li data-section-id=\"1nsy6pz\" data-start=\"953\" data-end=\"992\">Kh\u00f4ng ch\u1ee9a c\u1ed3n, h\u01b0\u01a1ng li\u1ec7u, paraben<\/li>\n<\/ul>\n<hr data-start=\"994\" data-end=\"997\" \/>\n<h3 data-section-id=\"w78wgh\" data-start=\"999\" data-end=\"1026\">\ud83d\udc69\u200d\u2695\ufe0f Lo\u1ea1i da ph\u00f9 h\u1ee3p<\/h3>\n<ul data-start=\"1027\" data-end=\"1114\">\n<li data-section-id=\"1ndr97i\" data-start=\"1027\" data-end=\"1042\">Da nh\u1ea1y c\u1ea3m<\/li>\n<li data-section-id=\"m64d95\" data-start=\"1043\" data-end=\"1069\">Da d\u1ec5 k\u00edch \u1ee9ng, m\u1ea9n \u0111\u1ecf<\/li>\n<li data-section-id=\"16wvjhk\" data-start=\"1070\" data-end=\"1114\">Ph\u00f9 h\u1ee3p cho m\u1ecdi lo\u1ea1i da, k\u1ec3 c\u1ea3 da th\u01b0\u1eddng<\/li>\n<\/ul>\n<hr data-start=\"1116\" data-end=\"1119\" \/>\n<h3 data-section-id=\"lbo3wx\" data-start=\"1121\" data-end=\"1147\">\ud83e\uddf4 H\u01b0\u1edbng d\u1eabn s\u1eed d\u1ee5ng<\/h3>\n<ol data-start=\"1148\" data-end=\"1297\">\n<li data-section-id=\"33gby6\" data-start=\"1148\" data-end=\"1186\">Th\u1ea5m dung d\u1ecbch v\u00e0o b\u00f4ng t\u1ea9y trang<\/li>\n<li data-section-id=\"xdt531\" data-start=\"1187\" data-end=\"1223\">Lau nh\u1eb9 nh\u00e0ng to\u00e0n b\u1ed9 khu\u00f4n m\u1eb7t<\/li>\n<li data-section-id=\"ccmxqs\" data-start=\"1224\" data-end=\"1255\">Kh\u00f4ng c\u1ea7n r\u1eeda l\u1ea1i v\u1edbi n\u01b0\u1edbc<\/li>\n<li data-section-id=\"1cibo56\" data-start=\"1256\" data-end=\"1297\">Ti\u1ebfp t\u1ee5c c\u00e1c b\u01b0\u1edbc skincare ti\u1ebfp theo<\/li>\n<\/ol>\n<hr data-start=\"1299\" data-end=\"1302\" \/>\n<h3 data-section-id=\"xil66r\" data-start=\"1304\" data-end=\"1327\">\u2b50 \u01afu \u0111i\u1ec3m n\u1ed5i b\u1eadt<\/h3>\n<p data-start=\"1328\" data-end=\"1439\">\u2714 C\u1ef1c k\u1ef3 d\u1ecbu nh\u1eb9, kh\u00f4ng g\u00e2y k\u00edch \u1ee9ng<br data-start=\"1364\" data-end=\"1367\" \/>\u2714 Kh\u00f4ng cay m\u1eaft<br data-start=\"1382\" data-end=\"1385\" \/>\u2714 Kh\u00f4ng nh\u1eddn r\u00edt<br data-start=\"1401\" data-end=\"1404\" \/>\u2714 \u0110\u01b0\u1ee3c b\u00e1c s\u0129 da li\u1ec5u khuy\u00ean d\u00f9ng<\/p>\n<hr data-start=\"1441\" data-end=\"1444\" \/>\n<h3 data-section-id=\"hzpe5p\" data-start=\"1446\" data-end=\"1473\">\ud83d\udce6 Th\u00f4ng tin s\u1ea3n ph\u1ea9m<\/h3>\n<ul data-start=\"1474\" data-end=\"1577\">\n<li data-section-id=\"1fqzw4q\" data-start=\"1474\" data-end=\"1510\">Dung t\u00edch: 100ml \/ 250ml \/ 500ml<\/li>\n<li data-section-id=\"1i5h60u\" data-start=\"1511\" data-end=\"1536\">Th\u01b0\u01a1ng hi\u1ec7u: Bioderma<\/li>\n<li data-section-id=\"1v4rntq\" data-start=\"1537\" data-end=\"1559\">D\u00f2ng: Sensibio H2O<\/li>\n<li data-section-id=\"1eh30gm\" data-start=\"1560\" data-end=\"1577\">Xu\u1ea5t x\u1ee9: Ph\u00e1p<\/li>\n<\/ul>\n<hr data-start=\"1579\" data-end=\"1582\" \/>\n<h3 data-section-id=\"y76l01\" data-start=\"1584\" data-end=\"1622\">\ud83d\udd25 V\u00ec sao n\u00ean ch\u1ecdn s\u1ea3n ph\u1ea9m n\u00e0y?<\/h3>\n<p data-start=\"1623\" data-end=\"1808\">N\u1ebfu b\u1ea1n \u0111ang t\u00ecm m\u1ed9t s\u1ea3n ph\u1ea9m t\u1ea9y trang <strong data-start=\"1663\" data-end=\"1706\">d\u1ecbu nh\u1eb9 \u2013 an to\u00e0n \u2013 ph\u00f9 h\u1ee3p da nh\u1ea1y c\u1ea3m<\/strong>, th\u00ec Bioderma Sensibio H2O ch\u00ednh l\u00e0 l\u1ef1a ch\u1ecdn ho\u00e0n h\u1ea3o gi\u00fap l\u00e0m s\u1ea1ch da m\u1ed7i ng\u00e0y m\u00e0 kh\u00f4ng lo k\u00edch \u1ee9ng.<\/p>\n","protected":false},"excerpt":{"rendered":"<h2 class=\"text-base leading-[1.2] mb-2\">Sensibio H2O<\/h2>\n<p>C\u00f4ng d\u1ee5ng:<b class=\"ml-[5px]\">Da nh\u1ea1y c\u1ea3m<\/b><\/p>\n","protected":false},"featured_media":273,"comment_status":"open","ping_status":"closed","template":"","meta":[],"product_brand":[33],"product_cat":[30,28,29],"product_tag":[],"class_list":{"0":"post-267","1":"product","2":"type-product","3":"status-publish","4":"has-post-thumbnail","6":"product_brand-bioderma","7":"product_cat-flash-deals","8":"product_cat-nuoc-tay-trang","9":"product_cat-san-pham-yeu-thich","11":"first","12":"instock","13":"sale","14":"shipping-taxable","15":"purchasable","16":"product-type-variable"},"yoast_head":"<!-- This site is optimized with the Yoast SEO plugin v27.2 - https:\/\/yoast.com\/product\/yoast-seo-wordpress\/ -->\n<title>N\u01b0\u1edbc T\u1ea9y Trang Sensibio H2O - Lux<\/title>\n<meta name=\"description\" content=\"Bioderma Sensibio H2O D\u00e0nh Cho Da Nh\u1ea1y C\u1ea3m l\u00e0 s\u1ea3n ph\u1ea9m n\u01b0\u1edbc t\u1ea9y trang c\u00f4ng ngh\u1ec7 Micellar \u0111\u1ea7u ti\u00ean tr\u00ean th\u1ebf gi\u1edbi, do th\u01b0\u01a1ng hi\u1ec7u d\u01b0\u1ee3c m\u1ef9 ph\u1ea9m Bioderma.\" \/>\n<meta name=\"robots\" content=\"index, follow, max-snippet:-1, max-image-preview:large, max-video-preview:-1\" \/>\n<link rel=\"canonical\" href=\"https:\/\/lux.azdigi.shop\/?product=nuoc-tay-trang-sensibio-h2o\" \/>\n<meta property=\"og:locale\" content=\"vi_VN\" \/>\n<meta property=\"og:type\" content=\"article\" \/>\n<meta property=\"og:title\" content=\"N\u01b0\u1edbc T\u1ea9y Trang Sensibio H2O - Lux\" \/>\n<meta property=\"og:description\" content=\"Bioderma Sensibio H2O D\u00e0nh Cho Da Nh\u1ea1y C\u1ea3m l\u00e0 s\u1ea3n ph\u1ea9m n\u01b0\u1edbc t\u1ea9y trang c\u00f4ng ngh\u1ec7 Micellar \u0111\u1ea7u ti\u00ean tr\u00ean th\u1ebf gi\u1edbi, do th\u01b0\u01a1ng hi\u1ec7u d\u01b0\u1ee3c m\u1ef9 ph\u1ea9m Bioderma.\" \/>\n<meta property=\"og:url\" content=\"https:\/\/lux.azdigi.shop\/?product=nuoc-tay-trang-sensibio-h2o\" \/>\n<meta property=\"og:site_name\" content=\"Lux\" \/>\n<meta property=\"og:image\" content=\"https:\/\/lux.azdigi.shop\/wp-content\/uploads\/2026\/04\/Screenshot-2026-04-08-111708.png\" \/>\n\t<meta property=\"og:image:width\" content=\"459\" \/>\n\t<meta property=\"og:image:height\" content=\"424\" \/>\n\t<meta property=\"og:image:type\" content=\"image\/png\" \/>\n<meta name=\"twitter:card\" content=\"summary_large_image\" \/>\n<meta name=\"twitter:label1\" content=\"\u01af\u1edbc t\u00ednh th\u1eddi gian \u0111\u1ecdc\" \/>\n\t<meta name=\"twitter:data1\" content=\"2 ph\u00fat\" \/>\n<script type=\"application\/ld+json\" class=\"yoast-schema-graph\">{\"@context\":\"https:\/\/schema.org\",\"@graph\":[{\"@type\":\"WebPage\",\"@id\":\"https:\/\/lux.azdigi.shop\/?product=nuoc-tay-trang-sensibio-h2o\",\"url\":\"https:\/\/lux.azdigi.shop\/?product=nuoc-tay-trang-sensibio-h2o\",\"name\":\"N\u01b0\u1edbc T\u1ea9y Trang Sensibio H2O - Lux\",\"isPartOf\":{\"@id\":\"https:\/\/lux.azdigi.shop\/#website\"},\"primaryImageOfPage\":{\"@id\":\"https:\/\/lux.azdigi.shop\/?product=nuoc-tay-trang-sensibio-h2o#primaryimage\"},\"image\":{\"@id\":\"https:\/\/lux.azdigi.shop\/?product=nuoc-tay-trang-sensibio-h2o#primaryimage\"},\"thumbnailUrl\":\"https:\/\/lux.azdigi.shop\/wp-content\/uploads\/2026\/04\/Screenshot-2026-04-08-111708.png\",\"datePublished\":\"2026-04-08T04:25:30+00:00\",\"description\":\"Bioderma Sensibio H2O D\u00e0nh Cho Da Nh\u1ea1y C\u1ea3m l\u00e0 s\u1ea3n ph\u1ea9m n\u01b0\u1edbc t\u1ea9y trang c\u00f4ng ngh\u1ec7 Micellar \u0111\u1ea7u ti\u00ean tr\u00ean th\u1ebf gi\u1edbi, do th\u01b0\u01a1ng hi\u1ec7u d\u01b0\u1ee3c m\u1ef9 ph\u1ea9m Bioderma.\",\"breadcrumb\":{\"@id\":\"https:\/\/lux.azdigi.shop\/?product=nuoc-tay-trang-sensibio-h2o#breadcrumb\"},\"inLanguage\":\"vi\",\"potentialAction\":[{\"@type\":\"ReadAction\",\"target\":[\"https:\/\/lux.azdigi.shop\/?product=nuoc-tay-trang-sensibio-h2o\"]}]},{\"@type\":\"ImageObject\",\"inLanguage\":\"vi\",\"@id\":\"https:\/\/lux.azdigi.shop\/?product=nuoc-tay-trang-sensibio-h2o#primaryimage\",\"url\":\"https:\/\/lux.azdigi.shop\/wp-content\/uploads\/2026\/04\/Screenshot-2026-04-08-111708.png\",\"contentUrl\":\"https:\/\/lux.azdigi.shop\/wp-content\/uploads\/2026\/04\/Screenshot-2026-04-08-111708.png\",\"width\":459,\"height\":424},{\"@type\":\"BreadcrumbList\",\"@id\":\"https:\/\/lux.azdigi.shop\/?product=nuoc-tay-trang-sensibio-h2o#breadcrumb\",\"itemListElement\":[{\"@type\":\"ListItem\",\"position\":1,\"name\":\"Home\",\"item\":\"https:\/\/lux.azdigi.shop\/\"},{\"@type\":\"ListItem\",\"position\":2,\"name\":\"C\u1eeda h\u00e0ng\",\"item\":\"https:\/\/lux.azdigi.shop\/?page_id=120\"},{\"@type\":\"ListItem\",\"position\":3,\"name\":\"N\u01b0\u1edbc T\u1ea9y Trang Sensibio H2O\"}]},{\"@type\":\"WebSite\",\"@id\":\"https:\/\/lux.azdigi.shop\/#website\",\"url\":\"https:\/\/lux.azdigi.shop\/\",\"name\":\"Lux\",\"description\":\"\",\"publisher\":{\"@id\":\"https:\/\/lux.azdigi.shop\/#\/schema\/person\/9503659c74a3cb402669cb10b0872f8c\"},\"potentialAction\":[{\"@type\":\"SearchAction\",\"target\":{\"@type\":\"EntryPoint\",\"urlTemplate\":\"https:\/\/lux.azdigi.shop\/?s={search_term_string}\"},\"query-input\":{\"@type\":\"PropertyValueSpecification\",\"valueRequired\":true,\"valueName\":\"search_term_string\"}}],\"inLanguage\":\"vi\"},{\"@type\":[\"Person\",\"Organization\"],\"@id\":\"https:\/\/lux.azdigi.shop\/#\/schema\/person\/9503659c74a3cb402669cb10b0872f8c\",\"name\":\"Vo Hoan Thien\",\"image\":{\"@type\":\"ImageObject\",\"inLanguage\":\"vi\",\"@id\":\"https:\/\/lux.azdigi.shop\/wp-content\/uploads\/2026\/03\/Untitled-design.png\",\"url\":\"https:\/\/lux.azdigi.shop\/wp-content\/uploads\/2026\/03\/Untitled-design.png\",\"contentUrl\":\"https:\/\/lux.azdigi.shop\/wp-content\/uploads\/2026\/03\/Untitled-design.png\",\"width\":402,\"height\":288,\"caption\":\"Vo Hoan Thien\"},\"logo\":{\"@id\":\"https:\/\/lux.azdigi.shop\/wp-content\/uploads\/2026\/03\/Untitled-design.png\"},\"sameAs\":[\"https:\/\/lux.azdigi.shop\"]}]}<\/script>\n<!-- \/ Yoast SEO plugin. -->","yoast_head_json":{"title":"N\u01b0\u1edbc T\u1ea9y Trang Sensibio H2O - Lux","description":"Bioderma Sensibio H2O D\u00e0nh Cho Da Nh\u1ea1y C\u1ea3m l\u00e0 s\u1ea3n ph\u1ea9m n\u01b0\u1edbc t\u1ea9y trang c\u00f4ng ngh\u1ec7 Micellar \u0111\u1ea7u ti\u00ean tr\u00ean th\u1ebf gi\u1edbi, do th\u01b0\u01a1ng hi\u1ec7u d\u01b0\u1ee3c m\u1ef9 ph\u1ea9m Bioderma.","robots":{"index":"index","follow":"follow","max-snippet":"max-snippet:-1","max-image-preview":"max-image-preview:large","max-video-preview":"max-video-preview:-1"},"canonical":"https:\/\/lux.azdigi.shop\/?product=nuoc-tay-trang-sensibio-h2o","og_locale":"vi_VN","og_type":"article","og_title":"N\u01b0\u1edbc T\u1ea9y Trang Sensibio H2O - Lux","og_description":"Bioderma Sensibio H2O D\u00e0nh Cho Da Nh\u1ea1y C\u1ea3m l\u00e0 s\u1ea3n ph\u1ea9m n\u01b0\u1edbc t\u1ea9y trang c\u00f4ng ngh\u1ec7 Micellar \u0111\u1ea7u ti\u00ean tr\u00ean th\u1ebf gi\u1edbi, do th\u01b0\u01a1ng hi\u1ec7u d\u01b0\u1ee3c m\u1ef9 ph\u1ea9m Bioderma.","og_url":"https:\/\/lux.azdigi.shop\/?product=nuoc-tay-trang-sensibio-h2o","og_site_name":"Lux","og_image":[{"width":459,"height":424,"url":"https:\/\/lux.azdigi.shop\/wp-content\/uploads\/2026\/04\/Screenshot-2026-04-08-111708.png","type":"image\/png"}],"twitter_card":"summary_large_image","twitter_misc":{"\u01af\u1edbc t\u00ednh th\u1eddi gian \u0111\u1ecdc":"2 ph\u00fat"},"schema":{"@context":"https:\/\/schema.org","@graph":[{"@type":"WebPage","@id":"https:\/\/lux.azdigi.shop\/?product=nuoc-tay-trang-sensibio-h2o","url":"https:\/\/lux.azdigi.shop\/?product=nuoc-tay-trang-sensibio-h2o","name":"N\u01b0\u1edbc T\u1ea9y Trang Sensibio H2O - Lux","isPartOf":{"@id":"https:\/\/lux.azdigi.shop\/#website"},"primaryImageOfPage":{"@id":"https:\/\/lux.azdigi.shop\/?product=nuoc-tay-trang-sensibio-h2o#primaryimage"},"image":{"@id":"https:\/\/lux.azdigi.shop\/?product=nuoc-tay-trang-sensibio-h2o#primaryimage"},"thumbnailUrl":"https:\/\/lux.azdigi.shop\/wp-content\/uploads\/2026\/04\/Screenshot-2026-04-08-111708.png","datePublished":"2026-04-08T04:25:30+00:00","description":"Bioderma Sensibio H2O D\u00e0nh Cho Da Nh\u1ea1y C\u1ea3m l\u00e0 s\u1ea3n ph\u1ea9m n\u01b0\u1edbc t\u1ea9y trang c\u00f4ng ngh\u1ec7 Micellar \u0111\u1ea7u ti\u00ean tr\u00ean th\u1ebf gi\u1edbi, do th\u01b0\u01a1ng hi\u1ec7u d\u01b0\u1ee3c m\u1ef9 ph\u1ea9m Bioderma.","breadcrumb":{"@id":"https:\/\/lux.azdigi.shop\/?product=nuoc-tay-trang-sensibio-h2o#breadcrumb"},"inLanguage":"vi","potentialAction":[{"@type":"ReadAction","target":["https:\/\/lux.azdigi.shop\/?product=nuoc-tay-trang-sensibio-h2o"]}]},{"@type":"ImageObject","inLanguage":"vi","@id":"https:\/\/lux.azdigi.shop\/?product=nuoc-tay-trang-sensibio-h2o#primaryimage","url":"https:\/\/lux.azdigi.shop\/wp-content\/uploads\/2026\/04\/Screenshot-2026-04-08-111708.png","contentUrl":"https:\/\/lux.azdigi.shop\/wp-content\/uploads\/2026\/04\/Screenshot-2026-04-08-111708.png","width":459,"height":424},{"@type":"BreadcrumbList","@id":"https:\/\/lux.azdigi.shop\/?product=nuoc-tay-trang-sensibio-h2o#breadcrumb","itemListElement":[{"@type":"ListItem","position":1,"name":"Home","item":"https:\/\/lux.azdigi.shop\/"},{"@type":"ListItem","position":2,"name":"C\u1eeda h\u00e0ng","item":"https:\/\/lux.azdigi.shop\/?page_id=120"},{"@type":"ListItem","position":3,"name":"N\u01b0\u1edbc T\u1ea9y Trang Sensibio H2O"}]},{"@type":"WebSite","@id":"https:\/\/lux.azdigi.shop\/#website","url":"https:\/\/lux.azdigi.shop\/","name":"Lux","description":"","publisher":{"@id":"https:\/\/lux.azdigi.shop\/#\/schema\/person\/9503659c74a3cb402669cb10b0872f8c"},"potentialAction":[{"@type":"SearchAction","target":{"@type":"EntryPoint","urlTemplate":"https:\/\/lux.azdigi.shop\/?s={search_term_string}"},"query-input":{"@type":"PropertyValueSpecification","valueRequired":true,"valueName":"search_term_string"}}],"inLanguage":"vi"},{"@type":["Person","Organization"],"@id":"https:\/\/lux.azdigi.shop\/#\/schema\/person\/9503659c74a3cb402669cb10b0872f8c","name":"Vo Hoan Thien","image":{"@type":"ImageObject","inLanguage":"vi","@id":"https:\/\/lux.azdigi.shop\/wp-content\/uploads\/2026\/03\/Untitled-design.png","url":"https:\/\/lux.azdigi.shop\/wp-content\/uploads\/2026\/03\/Untitled-design.png","contentUrl":"https:\/\/lux.azdigi.shop\/wp-content\/uploads\/2026\/03\/Untitled-design.png","width":402,"height":288,"caption":"Vo Hoan Thien"},"logo":{"@id":"https:\/\/lux.azdigi.shop\/wp-content\/uploads\/2026\/03\/Untitled-design.png"},"sameAs":["https:\/\/lux.azdigi.shop"]}]}},"_links":{"self":[{"href":"https:\/\/lux.azdigi.shop\/index.php?rest_route=\/wp\/v2\/product\/267","targetHints":{"allow":["GET"]}}],"collection":[{"href":"https:\/\/lux.azdigi.shop\/index.php?rest_route=\/wp\/v2\/product"}],"about":[{"href":"https:\/\/lux.azdigi.shop\/index.php?rest_route=\/wp\/v2\/types\/product"}],"replies":[{"embeddable":true,"href":"https:\/\/lux.azdigi.shop\/index.php?rest_route=%2Fwp%2Fv2%2Fcomments&post=267"}],"wp:featuredmedia":[{"embeddable":true,"href":"https:\/\/lux.azdigi.shop\/index.php?rest_route=\/wp\/v2\/media\/273"}],"wp:attachment":[{"href":"https:\/\/lux.azdigi.shop\/index.php?rest_route=%2Fwp%2Fv2%2Fmedia&parent=267"}],"wp:term":[{"taxonomy":"product_brand","embeddable":true,"href":"https:\/\/lux.azdigi.shop\/index.php?rest_route=%2Fwp%2Fv2%2Fproduct_brand&post=267"},{"taxonomy":"product_cat","embeddable":true,"href":"https:\/\/lux.azdigi.shop\/index.php?rest_route=%2Fwp%2Fv2%2Fproduct_cat&post=267"},{"taxonomy":"product_tag","embeddable":true,"href":"https:\/\/lux.azdigi.shop\/index.php?rest_route=%2Fwp%2Fv2%2Fproduct_tag&post=267"}],"curies":[{"name":"wp","href":"https:\/\/api.w.org\/{rel}","templated":true}]}}