{"id":278,"date":"2026-04-08T04:40:06","date_gmt":"2026-04-08T04:40:06","guid":{"rendered":"https:\/\/lux.azdigi.shop\/?post_type=product&#038;p=278"},"modified":"2026-04-08T04:47:48","modified_gmt":"2026-04-08T04:47:48","slug":"sua-chong-nang-photoderm-xdefense-ultra-fluid-spf50-pa","status":"publish","type":"product","link":"https:\/\/lux.azdigi.shop\/?product=sua-chong-nang-photoderm-xdefense-ultra-fluid-spf50-pa","title":{"rendered":"S\u1eefa Ch\u1ed1ng N\u1eafng Photoderm XDefense Ultra-Fluid SPF50+ PA++++"},"content":{"rendered":"<h3 data-section-id=\"1khqkak\" data-start=\"272\" data-end=\"300\">\ud83c\udf3f Gi\u1edbi thi\u1ec7u s\u1ea3n ph\u1ea9m<\/h3>\n<p data-start=\"301\" data-end=\"600\">S\u1eefa Ch\u1ed1ng N\u1eafng <a href=\"https:\/\/lux.azdigi.shop\/?product_brand=bioderma\">Bioderma<\/a> Photoderm XDefense Ultra-Fluid l\u00e0 d\u00f2ng ch\u1ed1ng n\u1eafng ph\u1ed5 r\u1ed9ng th\u1ebf h\u1ec7 m\u1edbi v\u1edbi k\u1ebft c\u1ea5u <strong data-start=\"407\" data-end=\"445\">si\u00eau l\u1ecfng \u2013 th\u1ea5m nhanh \u2013 kh\u00f4ng m\u00e0u<\/strong>, mang l\u1ea1i c\u1ea3m gi\u00e1c r\u00e1o m\u1ecbn v\u00e0 tho\u00e1ng da su\u1ed1t c\u1ea3 ng\u00e0y. S\u1ea3n ph\u1ea9m gi\u00fap b\u1ea3o v\u1ec7 da hi\u1ec7u qu\u1ea3 tr\u01b0\u1edbc tia UV v\u00e0 c\u00e1c t\u00e1c nh\u00e2n m\u00f4i tr\u01b0\u1eddng, ph\u00f9 h\u1ee3p s\u1eed d\u1ee5ng h\u1eb1ng ng\u00e0y.<\/p>\n<hr data-start=\"602\" data-end=\"605\" \/>\n<h3 data-section-id=\"1rtshsh\" data-start=\"607\" data-end=\"632\">\u2728 C\u00f4ng d\u1ee5ng n\u1ed5i b\u1eadt<\/h3>\n<ul data-start=\"633\" data-end=\"914\">\n<li data-section-id=\"xu5ez5\" data-start=\"633\" data-end=\"705\"><strong data-start=\"635\" data-end=\"672\">Ch\u1ed1ng n\u1eafng ph\u1ed5 r\u1ed9ng SPF50+ PA++++<\/strong>: B\u1ea3o v\u1ec7 da tr\u01b0\u1edbc tia UVA &amp; UVB<\/li>\n<li data-section-id=\"1bvavd1\" data-start=\"706\" data-end=\"777\">K\u1ebft c\u1ea5u <strong data-start=\"716\" data-end=\"743\">ultra-fluid (si\u00eau l\u1ecfng)<\/strong>, th\u1ea5m nhanh, kh\u00f4ng g\u00e2y b\u1ebft d\u00ednh<\/li>\n<li data-section-id=\"1p9dbut\" data-start=\"778\" data-end=\"830\">Kh\u00f4ng m\u00e0u, kh\u00f4ng n\u00e2ng tone \u2013 ph\u00f9 h\u1ee3p m\u1ecdi t\u00f4ng da<\/li>\n<li data-section-id=\"m8ihn7\" data-start=\"831\" data-end=\"868\">Gi\u00fap da kh\u00f4 r\u00e1o, h\u1ea1n ch\u1ebf b\u00f3ng d\u1ea7u<\/li>\n<li data-section-id=\"8xqojf\" data-start=\"869\" data-end=\"914\">H\u1ed7 tr\u1ee3 ng\u0103n ng\u1eeba <strong data-start=\"888\" data-end=\"912\">s\u1ea1m n\u00e1m, l\u00e3o h\u00f3a s\u1edbm<\/strong><\/li>\n<\/ul>\n<hr data-start=\"916\" data-end=\"919\" \/>\n<h3 data-section-id=\"11ddop\" data-start=\"921\" data-end=\"952\">\ud83d\udca7 Th\u00e0nh ph\u1ea7n &amp; c\u00f4ng ngh\u1ec7<\/h3>\n<ul data-start=\"953\" data-end=\"1121\">\n<li data-section-id=\"1hugbkq\" data-start=\"953\" data-end=\"1023\"><strong data-start=\"955\" data-end=\"977\">Sun Active Defense<\/strong>: T\u0103ng c\u01b0\u1eddng kh\u1ea3 n\u0103ng b\u1ea3o v\u1ec7 da tr\u01b0\u1edbc tia UV<\/li>\n<li data-section-id=\"1tnl9j8\" data-start=\"1024\" data-end=\"1082\">M\u00e0ng l\u1ecdc ch\u1ed1ng n\u1eafng ti\u00ean ti\u1ebfn, an to\u00e0n cho da nh\u1ea1y c\u1ea3m<\/li>\n<li data-section-id=\"1wu2b9\" data-start=\"1083\" data-end=\"1121\">C\u00f4ng th\u1ee9c nh\u1eb9 m\u1eb7t, kh\u00f4ng g\u00e2y b\u00ed da<\/li>\n<\/ul>\n<hr data-start=\"1123\" data-end=\"1126\" \/>\n<h3 data-section-id=\"w78wgh\" data-start=\"1128\" data-end=\"1155\">\ud83d\udc69\u200d\u2695\ufe0f Lo\u1ea1i da ph\u00f9 h\u1ee3p<\/h3>\n<ul data-start=\"1156\" data-end=\"1268\">\n<li data-section-id=\"jzsxv3\" data-start=\"1156\" data-end=\"1171\">M\u1ecdi lo\u1ea1i da<\/li>\n<li data-section-id=\"5ohox7\" data-start=\"1172\" data-end=\"1268\">\u0110\u1eb7c bi\u1ec7t ph\u00f9 h\u1ee3p:\n<ul data-start=\"1196\" data-end=\"1268\">\n<li data-section-id=\"whzb6g\" data-start=\"1196\" data-end=\"1218\">Da d\u1ea7u, da h\u1ed7n h\u1ee3p<\/li>\n<li data-section-id=\"1ndr97i\" data-start=\"1221\" data-end=\"1236\">Da nh\u1ea1y c\u1ea3m<\/li>\n<li data-section-id=\"jtz12\" data-start=\"1239\" data-end=\"1268\">Da d\u1ec5 b\u00ed t\u1eafc l\u1ed7 ch\u00e2n l\u00f4ng<\/li>\n<\/ul>\n<\/li>\n<\/ul>\n<hr data-start=\"1270\" data-end=\"1273\" \/>\n<h3 data-section-id=\"lbo3wx\" data-start=\"1275\" data-end=\"1301\">\ud83e\uddf4 H\u01b0\u1edbng d\u1eabn s\u1eed d\u1ee5ng<\/h3>\n<ol data-start=\"1302\" data-end=\"1440\">\n<li data-section-id=\"1qg2il4\" data-start=\"1302\" data-end=\"1328\">L\u1eafc k\u1ef9 tr\u01b0\u1edbc khi d\u00f9ng<\/li>\n<li data-section-id=\"ldjw44\" data-start=\"1329\" data-end=\"1385\">Thoa \u0111\u1ec1u l\u00ean m\u1eb7t v\u00e0 c\u1ed5 tr\u01b0\u1edbc khi ra n\u1eafng 15\u201320 ph\u00fat<\/li>\n<li data-section-id=\"19jjlj3\" data-start=\"1386\" data-end=\"1440\">Thoa l\u1ea1i sau m\u1ed7i 2\u20133 gi\u1edd khi ho\u1ea1t \u0111\u1ed9ng ngo\u00e0i tr\u1eddi<\/li>\n<\/ol>\n<hr data-start=\"1442\" data-end=\"1445\" \/>\n<h3 data-section-id=\"xil66r\" data-start=\"1447\" data-end=\"1470\">\u2b50 \u01afu \u0111i\u1ec3m n\u1ed5i b\u1eadt<\/h3>\n<p data-start=\"1471\" data-end=\"1618\">\u2714 M\u1ecfng nh\u1eb9 nh\u01b0 n\u01b0\u1edbc, th\u1ea5m nhanh<br data-start=\"1502\" data-end=\"1505\" \/>\u2714 Kh\u00f4ng v\u1ec7t tr\u1eafng, kh\u00f4ng n\u00e2ng tone<br data-start=\"1539\" data-end=\"1542\" \/>\u2714 Kh\u00f4ng b\u1ebft d\u00ednh, kh\u00f4ng b\u00ed da<br data-start=\"1571\" data-end=\"1574\" \/>\u2714 Ph\u00f9 h\u1ee3p d\u00f9ng h\u1eb1ng ng\u00e0y &amp; d\u01b0\u1edbi l\u1edbp makeup<\/p>\n<hr data-start=\"1620\" data-end=\"1623\" \/>\n<h3 data-section-id=\"hzpe5p\" data-start=\"1625\" data-end=\"1652\">\ud83d\udce6 Th\u00f4ng tin s\u1ea3n ph\u1ea9m<\/h3>\n<ul data-start=\"1653\" data-end=\"1736\">\n<li data-section-id=\"1i5h60u\" data-start=\"1673\" data-end=\"1698\">Th\u01b0\u01a1ng hi\u1ec7u: Bioderma<\/li>\n<li data-section-id=\"h088jj\" data-start=\"1699\" data-end=\"1718\">D\u00f2ng: Photoderm<\/li>\n<li data-section-id=\"1eh30gm\" data-start=\"1719\" data-end=\"1736\">Xu\u1ea5t x\u1ee9: Ph\u00e1p<\/li>\n<\/ul>\n<hr data-start=\"1738\" data-end=\"1741\" \/>\n<h3 data-section-id=\"y76l01\" data-start=\"1743\" data-end=\"1781\">\ud83d\udd25 V\u00ec sao n\u00ean ch\u1ecdn s\u1ea3n ph\u1ea9m n\u00e0y?<\/h3>\n<p data-start=\"1782\" data-end=\"1994\">N\u1ebfu b\u1ea1n \u0111ang t\u00ecm m\u1ed9t lo\u1ea1i kem ch\u1ed1ng n\u1eafng <strong data-start=\"1823\" data-end=\"1873\">nh\u1eb9 m\u1eb7t \u2013 kh\u00f4 r\u00e1o \u2013 kh\u00f4ng m\u00e0u \u2013 b\u1ea3o v\u1ec7 m\u1ea1nh m\u1ebd<\/strong>, th\u00ec Bioderma Photoderm XDefense Ultra-Fluid l\u00e0 l\u1ef1a ch\u1ecdn l\u00fd t\u01b0\u1edfng gi\u00fap b\u1ea3o v\u1ec7 l\u00e0n da m\u1ed7i ng\u00e0y m\u00e0 v\u1eabn tho\u1ea3i m\u00e1i, d\u1ec5 ch\u1ecbu.<\/p>\n","protected":false},"excerpt":{"rendered":"<h2 class=\"text-base leading-[1.2] mb-2\">Photoderm XDefense Ultra-Fluid SPF50+ PA++++<\/h2>\n<p>Color:<b class=\"ml-[5px]\">Kh\u00f4ng m\u00e0u<\/b><\/p>\n","protected":false},"featured_media":282,"comment_status":"open","ping_status":"closed","template":"","meta":[],"product_brand":[33],"product_cat":[30,32,29],"product_tag":[],"class_list":{"0":"post-278","1":"product","2":"type-product","3":"status-publish","4":"has-post-thumbnail","6":"product_brand-bioderma","7":"product_cat-flash-deals","8":"product_cat-kem-chong-nang","9":"product_cat-san-pham-yeu-thich","11":"first","12":"instock","13":"sale","14":"shipping-taxable","15":"purchasable","16":"product-type-simple"},"yoast_head":"<!-- This site is optimized with the Yoast SEO plugin v27.2 - https:\/\/yoast.com\/product\/yoast-seo-wordpress\/ -->\n<title>S\u1eefa Ch\u1ed1ng N\u1eafng Photoderm XDefense Ultra-Fluid SPF50+ PA++++ - Lux<\/title>\n<meta name=\"description\" content=\"S\u1eefa Ch\u1ed1ng N\u1eafng Bioderma Ph\u1ed5 R\u1ed9ng R\u00e1o M\u1ecbn Photoderm XDefense Ultra-Fluid SPF50+ PA++++ l\u00e0 s\u1ea3n ph\u1ea9m ch\u1ed1ng n\u1eafng da m\u1eb7t \u0111\u1ebfn t\u1eeb th\u01b0\u01a1ng hi\u1ec7u Bioderma \u2013 Ph\u00e1p.\" \/>\n<meta name=\"robots\" content=\"index, follow, max-snippet:-1, max-image-preview:large, max-video-preview:-1\" \/>\n<link rel=\"canonical\" href=\"https:\/\/lux.azdigi.shop\/?product=sua-chong-nang-photoderm-xdefense-ultra-fluid-spf50-pa\" \/>\n<meta property=\"og:locale\" content=\"vi_VN\" \/>\n<meta property=\"og:type\" content=\"article\" \/>\n<meta property=\"og:title\" content=\"S\u1eefa Ch\u1ed1ng N\u1eafng Photoderm XDefense Ultra-Fluid SPF50+ PA++++ - Lux\" \/>\n<meta property=\"og:description\" content=\"S\u1eefa Ch\u1ed1ng N\u1eafng Bioderma Ph\u1ed5 R\u1ed9ng R\u00e1o M\u1ecbn Photoderm XDefense Ultra-Fluid SPF50+ PA++++ l\u00e0 s\u1ea3n ph\u1ea9m ch\u1ed1ng n\u1eafng da m\u1eb7t \u0111\u1ebfn t\u1eeb th\u01b0\u01a1ng hi\u1ec7u Bioderma \u2013 Ph\u00e1p.\" \/>\n<meta property=\"og:url\" content=\"https:\/\/lux.azdigi.shop\/?product=sua-chong-nang-photoderm-xdefense-ultra-fluid-spf50-pa\" \/>\n<meta property=\"og:site_name\" content=\"Lux\" \/>\n<meta property=\"article:modified_time\" content=\"2026-04-08T04:47:48+00:00\" \/>\n<meta property=\"og:image\" content=\"https:\/\/lux.azdigi.shop\/wp-content\/uploads\/2026\/04\/Screenshot-2026-04-08-112631.png\" \/>\n\t<meta property=\"og:image:width\" content=\"452\" \/>\n\t<meta property=\"og:image:height\" content=\"441\" \/>\n\t<meta property=\"og:image:type\" content=\"image\/png\" \/>\n<meta name=\"twitter:card\" content=\"summary_large_image\" \/>\n<meta name=\"twitter:label1\" content=\"\u01af\u1edbc t\u00ednh th\u1eddi gian \u0111\u1ecdc\" \/>\n\t<meta name=\"twitter:data1\" content=\"2 ph\u00fat\" \/>\n<script type=\"application\/ld+json\" class=\"yoast-schema-graph\">{\"@context\":\"https:\/\/schema.org\",\"@graph\":[{\"@type\":\"WebPage\",\"@id\":\"https:\/\/lux.azdigi.shop\/?product=sua-chong-nang-photoderm-xdefense-ultra-fluid-spf50-pa\",\"url\":\"https:\/\/lux.azdigi.shop\/?product=sua-chong-nang-photoderm-xdefense-ultra-fluid-spf50-pa\",\"name\":\"S\u1eefa Ch\u1ed1ng N\u1eafng Photoderm XDefense Ultra-Fluid SPF50+ PA++++ - Lux\",\"isPartOf\":{\"@id\":\"https:\/\/lux.azdigi.shop\/#website\"},\"primaryImageOfPage\":{\"@id\":\"https:\/\/lux.azdigi.shop\/?product=sua-chong-nang-photoderm-xdefense-ultra-fluid-spf50-pa#primaryimage\"},\"image\":{\"@id\":\"https:\/\/lux.azdigi.shop\/?product=sua-chong-nang-photoderm-xdefense-ultra-fluid-spf50-pa#primaryimage\"},\"thumbnailUrl\":\"https:\/\/lux.azdigi.shop\/wp-content\/uploads\/2026\/04\/Screenshot-2026-04-08-112631.png\",\"datePublished\":\"2026-04-08T04:40:06+00:00\",\"dateModified\":\"2026-04-08T04:47:48+00:00\",\"description\":\"S\u1eefa Ch\u1ed1ng N\u1eafng Bioderma Ph\u1ed5 R\u1ed9ng R\u00e1o M\u1ecbn Photoderm XDefense Ultra-Fluid SPF50+ PA++++ l\u00e0 s\u1ea3n ph\u1ea9m ch\u1ed1ng n\u1eafng da m\u1eb7t \u0111\u1ebfn t\u1eeb th\u01b0\u01a1ng hi\u1ec7u Bioderma \u2013 Ph\u00e1p.\",\"breadcrumb\":{\"@id\":\"https:\/\/lux.azdigi.shop\/?product=sua-chong-nang-photoderm-xdefense-ultra-fluid-spf50-pa#breadcrumb\"},\"inLanguage\":\"vi\",\"potentialAction\":[{\"@type\":\"ReadAction\",\"target\":[\"https:\/\/lux.azdigi.shop\/?product=sua-chong-nang-photoderm-xdefense-ultra-fluid-spf50-pa\"]}]},{\"@type\":\"ImageObject\",\"inLanguage\":\"vi\",\"@id\":\"https:\/\/lux.azdigi.shop\/?product=sua-chong-nang-photoderm-xdefense-ultra-fluid-spf50-pa#primaryimage\",\"url\":\"https:\/\/lux.azdigi.shop\/wp-content\/uploads\/2026\/04\/Screenshot-2026-04-08-112631.png\",\"contentUrl\":\"https:\/\/lux.azdigi.shop\/wp-content\/uploads\/2026\/04\/Screenshot-2026-04-08-112631.png\",\"width\":452,\"height\":441},{\"@type\":\"BreadcrumbList\",\"@id\":\"https:\/\/lux.azdigi.shop\/?product=sua-chong-nang-photoderm-xdefense-ultra-fluid-spf50-pa#breadcrumb\",\"itemListElement\":[{\"@type\":\"ListItem\",\"position\":1,\"name\":\"Home\",\"item\":\"https:\/\/lux.azdigi.shop\/\"},{\"@type\":\"ListItem\",\"position\":2,\"name\":\"C\u1eeda h\u00e0ng\",\"item\":\"https:\/\/lux.azdigi.shop\/?page_id=120\"},{\"@type\":\"ListItem\",\"position\":3,\"name\":\"S\u1eefa Ch\u1ed1ng N\u1eafng Photoderm XDefense Ultra-Fluid SPF50+ PA++++\"}]},{\"@type\":\"WebSite\",\"@id\":\"https:\/\/lux.azdigi.shop\/#website\",\"url\":\"https:\/\/lux.azdigi.shop\/\",\"name\":\"Lux\",\"description\":\"\",\"publisher\":{\"@id\":\"https:\/\/lux.azdigi.shop\/#\/schema\/person\/9503659c74a3cb402669cb10b0872f8c\"},\"potentialAction\":[{\"@type\":\"SearchAction\",\"target\":{\"@type\":\"EntryPoint\",\"urlTemplate\":\"https:\/\/lux.azdigi.shop\/?s={search_term_string}\"},\"query-input\":{\"@type\":\"PropertyValueSpecification\",\"valueRequired\":true,\"valueName\":\"search_term_string\"}}],\"inLanguage\":\"vi\"},{\"@type\":[\"Person\",\"Organization\"],\"@id\":\"https:\/\/lux.azdigi.shop\/#\/schema\/person\/9503659c74a3cb402669cb10b0872f8c\",\"name\":\"Vo Hoan Thien\",\"image\":{\"@type\":\"ImageObject\",\"inLanguage\":\"vi\",\"@id\":\"https:\/\/lux.azdigi.shop\/wp-content\/uploads\/2026\/03\/Untitled-design.png\",\"url\":\"https:\/\/lux.azdigi.shop\/wp-content\/uploads\/2026\/03\/Untitled-design.png\",\"contentUrl\":\"https:\/\/lux.azdigi.shop\/wp-content\/uploads\/2026\/03\/Untitled-design.png\",\"width\":402,\"height\":288,\"caption\":\"Vo Hoan Thien\"},\"logo\":{\"@id\":\"https:\/\/lux.azdigi.shop\/wp-content\/uploads\/2026\/03\/Untitled-design.png\"},\"sameAs\":[\"https:\/\/lux.azdigi.shop\"]}]}<\/script>\n<!-- \/ Yoast SEO plugin. -->","yoast_head_json":{"title":"S\u1eefa Ch\u1ed1ng N\u1eafng Photoderm XDefense Ultra-Fluid SPF50+ PA++++ - Lux","description":"S\u1eefa Ch\u1ed1ng N\u1eafng Bioderma Ph\u1ed5 R\u1ed9ng R\u00e1o M\u1ecbn Photoderm XDefense Ultra-Fluid SPF50+ PA++++ l\u00e0 s\u1ea3n ph\u1ea9m ch\u1ed1ng n\u1eafng da m\u1eb7t \u0111\u1ebfn t\u1eeb th\u01b0\u01a1ng hi\u1ec7u Bioderma \u2013 Ph\u00e1p.","robots":{"index":"index","follow":"follow","max-snippet":"max-snippet:-1","max-image-preview":"max-image-preview:large","max-video-preview":"max-video-preview:-1"},"canonical":"https:\/\/lux.azdigi.shop\/?product=sua-chong-nang-photoderm-xdefense-ultra-fluid-spf50-pa","og_locale":"vi_VN","og_type":"article","og_title":"S\u1eefa Ch\u1ed1ng N\u1eafng Photoderm XDefense Ultra-Fluid SPF50+ PA++++ - Lux","og_description":"S\u1eefa Ch\u1ed1ng N\u1eafng Bioderma Ph\u1ed5 R\u1ed9ng R\u00e1o M\u1ecbn Photoderm XDefense Ultra-Fluid SPF50+ PA++++ l\u00e0 s\u1ea3n ph\u1ea9m ch\u1ed1ng n\u1eafng da m\u1eb7t \u0111\u1ebfn t\u1eeb th\u01b0\u01a1ng hi\u1ec7u Bioderma \u2013 Ph\u00e1p.","og_url":"https:\/\/lux.azdigi.shop\/?product=sua-chong-nang-photoderm-xdefense-ultra-fluid-spf50-pa","og_site_name":"Lux","article_modified_time":"2026-04-08T04:47:48+00:00","og_image":[{"width":452,"height":441,"url":"https:\/\/lux.azdigi.shop\/wp-content\/uploads\/2026\/04\/Screenshot-2026-04-08-112631.png","type":"image\/png"}],"twitter_card":"summary_large_image","twitter_misc":{"\u01af\u1edbc t\u00ednh th\u1eddi gian \u0111\u1ecdc":"2 ph\u00fat"},"schema":{"@context":"https:\/\/schema.org","@graph":[{"@type":"WebPage","@id":"https:\/\/lux.azdigi.shop\/?product=sua-chong-nang-photoderm-xdefense-ultra-fluid-spf50-pa","url":"https:\/\/lux.azdigi.shop\/?product=sua-chong-nang-photoderm-xdefense-ultra-fluid-spf50-pa","name":"S\u1eefa Ch\u1ed1ng N\u1eafng Photoderm XDefense Ultra-Fluid SPF50+ PA++++ - Lux","isPartOf":{"@id":"https:\/\/lux.azdigi.shop\/#website"},"primaryImageOfPage":{"@id":"https:\/\/lux.azdigi.shop\/?product=sua-chong-nang-photoderm-xdefense-ultra-fluid-spf50-pa#primaryimage"},"image":{"@id":"https:\/\/lux.azdigi.shop\/?product=sua-chong-nang-photoderm-xdefense-ultra-fluid-spf50-pa#primaryimage"},"thumbnailUrl":"https:\/\/lux.azdigi.shop\/wp-content\/uploads\/2026\/04\/Screenshot-2026-04-08-112631.png","datePublished":"2026-04-08T04:40:06+00:00","dateModified":"2026-04-08T04:47:48+00:00","description":"S\u1eefa Ch\u1ed1ng N\u1eafng Bioderma Ph\u1ed5 R\u1ed9ng R\u00e1o M\u1ecbn Photoderm XDefense Ultra-Fluid SPF50+ PA++++ l\u00e0 s\u1ea3n ph\u1ea9m ch\u1ed1ng n\u1eafng da m\u1eb7t \u0111\u1ebfn t\u1eeb th\u01b0\u01a1ng hi\u1ec7u Bioderma \u2013 Ph\u00e1p.","breadcrumb":{"@id":"https:\/\/lux.azdigi.shop\/?product=sua-chong-nang-photoderm-xdefense-ultra-fluid-spf50-pa#breadcrumb"},"inLanguage":"vi","potentialAction":[{"@type":"ReadAction","target":["https:\/\/lux.azdigi.shop\/?product=sua-chong-nang-photoderm-xdefense-ultra-fluid-spf50-pa"]}]},{"@type":"ImageObject","inLanguage":"vi","@id":"https:\/\/lux.azdigi.shop\/?product=sua-chong-nang-photoderm-xdefense-ultra-fluid-spf50-pa#primaryimage","url":"https:\/\/lux.azdigi.shop\/wp-content\/uploads\/2026\/04\/Screenshot-2026-04-08-112631.png","contentUrl":"https:\/\/lux.azdigi.shop\/wp-content\/uploads\/2026\/04\/Screenshot-2026-04-08-112631.png","width":452,"height":441},{"@type":"BreadcrumbList","@id":"https:\/\/lux.azdigi.shop\/?product=sua-chong-nang-photoderm-xdefense-ultra-fluid-spf50-pa#breadcrumb","itemListElement":[{"@type":"ListItem","position":1,"name":"Home","item":"https:\/\/lux.azdigi.shop\/"},{"@type":"ListItem","position":2,"name":"C\u1eeda h\u00e0ng","item":"https:\/\/lux.azdigi.shop\/?page_id=120"},{"@type":"ListItem","position":3,"name":"S\u1eefa Ch\u1ed1ng N\u1eafng Photoderm XDefense Ultra-Fluid SPF50+ PA++++"}]},{"@type":"WebSite","@id":"https:\/\/lux.azdigi.shop\/#website","url":"https:\/\/lux.azdigi.shop\/","name":"Lux","description":"","publisher":{"@id":"https:\/\/lux.azdigi.shop\/#\/schema\/person\/9503659c74a3cb402669cb10b0872f8c"},"potentialAction":[{"@type":"SearchAction","target":{"@type":"EntryPoint","urlTemplate":"https:\/\/lux.azdigi.shop\/?s={search_term_string}"},"query-input":{"@type":"PropertyValueSpecification","valueRequired":true,"valueName":"search_term_string"}}],"inLanguage":"vi"},{"@type":["Person","Organization"],"@id":"https:\/\/lux.azdigi.shop\/#\/schema\/person\/9503659c74a3cb402669cb10b0872f8c","name":"Vo Hoan Thien","image":{"@type":"ImageObject","inLanguage":"vi","@id":"https:\/\/lux.azdigi.shop\/wp-content\/uploads\/2026\/03\/Untitled-design.png","url":"https:\/\/lux.azdigi.shop\/wp-content\/uploads\/2026\/03\/Untitled-design.png","contentUrl":"https:\/\/lux.azdigi.shop\/wp-content\/uploads\/2026\/03\/Untitled-design.png","width":402,"height":288,"caption":"Vo Hoan Thien"},"logo":{"@id":"https:\/\/lux.azdigi.shop\/wp-content\/uploads\/2026\/03\/Untitled-design.png"},"sameAs":["https:\/\/lux.azdigi.shop"]}]}},"_links":{"self":[{"href":"https:\/\/lux.azdigi.shop\/index.php?rest_route=\/wp\/v2\/product\/278","targetHints":{"allow":["GET"]}}],"collection":[{"href":"https:\/\/lux.azdigi.shop\/index.php?rest_route=\/wp\/v2\/product"}],"about":[{"href":"https:\/\/lux.azdigi.shop\/index.php?rest_route=\/wp\/v2\/types\/product"}],"replies":[{"embeddable":true,"href":"https:\/\/lux.azdigi.shop\/index.php?rest_route=%2Fwp%2Fv2%2Fcomments&post=278"}],"wp:featuredmedia":[{"embeddable":true,"href":"https:\/\/lux.azdigi.shop\/index.php?rest_route=\/wp\/v2\/media\/282"}],"wp:attachment":[{"href":"https:\/\/lux.azdigi.shop\/index.php?rest_route=%2Fwp%2Fv2%2Fmedia&parent=278"}],"wp:term":[{"taxonomy":"product_brand","embeddable":true,"href":"https:\/\/lux.azdigi.shop\/index.php?rest_route=%2Fwp%2Fv2%2Fproduct_brand&post=278"},{"taxonomy":"product_cat","embeddable":true,"href":"https:\/\/lux.azdigi.shop\/index.php?rest_route=%2Fwp%2Fv2%2Fproduct_cat&post=278"},{"taxonomy":"product_tag","embeddable":true,"href":"https:\/\/lux.azdigi.shop\/index.php?rest_route=%2Fwp%2Fv2%2Fproduct_tag&post=278"}],"curies":[{"name":"wp","href":"https:\/\/api.w.org\/{rel}","templated":true}]}}