{"id":284,"date":"2026-04-08T05:04:43","date_gmt":"2026-04-08T05:04:43","guid":{"rendered":"https:\/\/lux.azdigi.shop\/?post_type=product&#038;p=284"},"modified":"2026-04-08T05:11:45","modified_gmt":"2026-04-08T05:11:45","slug":"sua-rua-mat-cerave-foaming-cleanser","status":"publish","type":"product","link":"https:\/\/lux.azdigi.shop\/?product=sua-rua-mat-cerave-foaming-cleanser","title":{"rendered":"S\u1eefa R\u1eeda M\u1eb7t CeraVe Foaming Cleanser"},"content":{"rendered":"<h3 data-section-id=\"1khqkak\" data-start=\"247\" data-end=\"275\">\ud83c\udf3f Gi\u1edbi thi\u1ec7u s\u1ea3n ph\u1ea9m<\/h3>\n<p data-start=\"276\" data-end=\"549\">S\u1eefa R\u1eeda M\u1eb7t <a href=\"https:\/\/lux.azdigi.shop\/?product_brand=cerave\">CeraVe<\/a> Foaming Cleanser l\u00e0 d\u00f2ng s\u1eefa r\u1eeda m\u1eb7t t\u1ea1o b\u1ecdt nh\u1eb9 gi\u00fap <strong data-start=\"349\" data-end=\"383\">l\u00e0m s\u1ea1ch s\u00e2u b\u1ee5i b\u1ea9n, d\u1ea7u th\u1eeba<\/strong> m\u00e0 kh\u00f4ng l\u00e0m m\u1ea5t \u0111i \u0111\u1ed9 \u1ea9m t\u1ef1 nhi\u00ean c\u1ee7a da. V\u1edbi c\u00f4ng th\u1ee9c ch\u1ee9a c\u00e1c th\u00e0nh ph\u1ea7n ph\u1ee5c h\u1ed3i h\u00e0ng r\u00e0o b\u1ea3o v\u1ec7 da, s\u1ea3n ph\u1ea9m mang l\u1ea1i l\u00e0n da s\u1ea1ch tho\u00e1ng, m\u1ec1m m\u1ecbn v\u00e0 kh\u1ecfe m\u1ea1nh.<\/p>\n<hr data-start=\"551\" data-end=\"554\" \/>\n<h3 data-section-id=\"1rtshsh\" data-start=\"556\" data-end=\"581\">\u2728 C\u00f4ng d\u1ee5ng n\u1ed5i b\u1eadt<\/h3>\n<ul data-start=\"582\" data-end=\"814\">\n<li data-section-id=\"109mrvu\" data-start=\"582\" data-end=\"631\"><strong data-start=\"584\" data-end=\"600\">L\u00e0m s\u1ea1ch s\u00e2u<\/strong> b\u1ee5i b\u1ea9n, d\u1ea7u th\u1eeba &amp; t\u1ea1p ch\u1ea5t<\/li>\n<li data-section-id=\"cau9gh\" data-start=\"632\" data-end=\"689\">H\u1ed7 tr\u1ee3 l\u00e0m s\u1ea1ch l\u1ed7 ch\u00e2n l\u00f4ng, h\u1ea1n ch\u1ebf b\u00edt t\u1eafc g\u00e2y m\u1ee5n<\/li>\n<li data-section-id=\"pf68v\" data-start=\"690\" data-end=\"736\">Gi\u1eef l\u1ea1i \u0111\u1ed9 \u1ea9m t\u1ef1 nhi\u00ean, kh\u00f4ng g\u00e2y kh\u00f4 c\u0103ng<\/li>\n<li data-section-id=\"ny1giw\" data-start=\"737\" data-end=\"787\">Gi\u00fap da th\u00f4ng tho\u00e1ng, m\u1ecbn m\u00e0ng sau khi s\u1eed d\u1ee5ng<\/li>\n<li data-section-id=\"19dworq\" data-start=\"788\" data-end=\"814\">Ph\u00f9 h\u1ee3p d\u00f9ng h\u1eb1ng ng\u00e0y<\/li>\n<\/ul>\n<hr data-start=\"816\" data-end=\"819\" \/>\n<h3 data-section-id=\"11ddop\" data-start=\"821\" data-end=\"852\">\ud83d\udca7 Th\u00e0nh ph\u1ea7n &amp; c\u00f4ng ngh\u1ec7<\/h3>\n<ul data-start=\"853\" data-end=\"1147\">\n<li data-section-id=\"kiw6sa\" data-start=\"853\" data-end=\"922\"><strong data-start=\"855\" data-end=\"881\">Ceramides (1, 3, 6-II)<\/strong>: Ph\u1ee5c h\u1ed3i &amp; c\u1ee7ng c\u1ed1 h\u00e0ng r\u00e0o b\u1ea3o v\u1ec7 da<\/li>\n<li data-section-id=\"16la7zl\" data-start=\"923\" data-end=\"976\"><strong data-start=\"925\" data-end=\"940\">Niacinamide<\/strong>: L\u00e0m d\u1ecbu da, h\u1ed7 tr\u1ee3 gi\u1ea3m k\u00edch \u1ee9ng<\/li>\n<li data-section-id=\"enm1fw\" data-start=\"977\" data-end=\"1025\"><strong data-start=\"979\" data-end=\"998\">Hyaluronic Acid<\/strong>: Gi\u1eef \u1ea9m, gi\u00fap da m\u1ec1m m\u1ecbn<\/li>\n<li data-section-id=\"1yk3u8d\" data-start=\"1026\" data-end=\"1101\">C\u00f4ng ngh\u1ec7 <strong data-start=\"1038\" data-end=\"1045\">MVE<\/strong>: Gi\u1ea3i ph\u00f3ng d\u01b0\u1ee1ng ch\u1ea5t li\u00ean t\u1ee5c gi\u00fap d\u01b0\u1ee1ng \u1ea9m l\u00e2u d\u00e0i<\/li>\n<li data-section-id=\"gspvwx\" data-start=\"1102\" data-end=\"1147\">Kh\u00f4ng ch\u1ee9a h\u01b0\u01a1ng li\u1ec7u, kh\u00f4ng g\u00e2y k\u00edch \u1ee9ng<\/li>\n<\/ul>\n<hr data-start=\"1149\" data-end=\"1152\" \/>\n<h3 data-section-id=\"w78wgh\" data-start=\"1154\" data-end=\"1181\">\ud83d\udc69\u200d\u2695\ufe0f Lo\u1ea1i da ph\u00f9 h\u1ee3p<\/h3>\n<ul data-start=\"1182\" data-end=\"1249\">\n<li data-section-id=\"18i3hh1\" data-start=\"1182\" data-end=\"1195\">Da th\u01b0\u1eddng<\/li>\n<li data-section-id=\"e2slbv\" data-start=\"1196\" data-end=\"1206\">Da d\u1ea7u<\/li>\n<li data-section-id=\"jyhgjk\" data-start=\"1207\" data-end=\"1231\">Da h\u1ed7n h\u1ee3p thi\u00ean d\u1ea7u<\/li>\n<li data-section-id=\"9y6sns\" data-start=\"1232\" data-end=\"1249\">Da d\u1ec5 n\u1ed5i m\u1ee5n<\/li>\n<\/ul>\n<hr data-start=\"1251\" data-end=\"1254\" \/>\n<h3 data-section-id=\"lbo3wx\" data-start=\"1256\" data-end=\"1282\">\ud83e\uddf4 H\u01b0\u1edbng d\u1eabn s\u1eed d\u1ee5ng<\/h3>\n<ol data-start=\"1283\" data-end=\"1400\">\n<li data-section-id=\"ynf5hk\" data-start=\"1283\" data-end=\"1308\">L\u00e0m \u01b0\u1edbt m\u1eb7t v\u1edbi n\u01b0\u1edbc<\/li>\n<li data-section-id=\"1mx34ns\" data-start=\"1309\" data-end=\"1343\">L\u1ea5y m\u1ed9t l\u01b0\u1ee3ng v\u1eeba \u0111\u1ee7, t\u1ea1o b\u1ecdt<\/li>\n<li data-section-id=\"seb9be\" data-start=\"1344\" data-end=\"1373\">Massage nh\u1eb9 nh\u00e0ng l\u00ean da<\/li>\n<li data-section-id=\"1wziixq\" data-start=\"1374\" data-end=\"1400\">R\u1eeda s\u1ea1ch l\u1ea1i v\u1edbi n\u01b0\u1edbc<\/li>\n<\/ol>\n<hr data-start=\"1402\" data-end=\"1405\" \/>\n<h3 data-section-id=\"xil66r\" data-start=\"1407\" data-end=\"1430\">\u2b50 \u01afu \u0111i\u1ec3m n\u1ed5i b\u1eadt<\/h3>\n<p data-start=\"1431\" data-end=\"1576\">\u2714 L\u00e0m s\u1ea1ch t\u1ed1t nh\u01b0ng kh\u00f4ng kh\u00f4 da<br data-start=\"1464\" data-end=\"1467\" \/>\u2714 D\u1ecbu nh\u1eb9, ph\u00f9 h\u1ee3p da nh\u1ea1y c\u1ea3m<br data-start=\"1497\" data-end=\"1500\" \/>\u2714 Kh\u00f4ng g\u00e2y k\u00edch \u1ee9ng, kh\u00f4ng h\u01b0\u01a1ng li\u1ec7u<br data-start=\"1538\" data-end=\"1541\" \/>\u2714 \u0110\u01b0\u1ee3c b\u00e1c s\u0129 da li\u1ec5u khuy\u00ean d\u00f9ng<\/p>\n<hr data-start=\"1578\" data-end=\"1581\" \/>\n<h3 data-section-id=\"hzpe5p\" data-start=\"1583\" data-end=\"1610\">\ud83d\udce6 Th\u00f4ng tin s\u1ea3n ph\u1ea9m<\/h3>\n<ul data-start=\"1611\" data-end=\"1686\">\n<li data-section-id=\"b7v2ke\" data-start=\"1611\" data-end=\"1646\">Dung t\u00edch: 88ml \/ 236ml \/ 473ml<\/li>\n<li data-section-id=\"upwccj\" data-start=\"1647\" data-end=\"1670\">Th\u01b0\u01a1ng hi\u1ec7u: CeraVe<\/li>\n<li data-section-id=\"7rnhjf\" data-start=\"1671\" data-end=\"1686\">Xu\u1ea5t x\u1ee9: M\u1ef9<\/li>\n<\/ul>\n<hr data-start=\"1688\" data-end=\"1691\" \/>\n<h3 data-section-id=\"y76l01\" data-start=\"1693\" data-end=\"1731\">\ud83d\udd25 V\u00ec sao n\u00ean ch\u1ecdn s\u1ea3n ph\u1ea9m n\u00e0y?<\/h3>\n<p data-start=\"1732\" data-end=\"1905\">N\u1ebfu b\u1ea1n \u0111ang t\u00ecm m\u1ed9t s\u1ea3n ph\u1ea9m s\u1eefa r\u1eeda m\u1eb7t <strong data-start=\"1774\" data-end=\"1815\">l\u00e0m s\u1ea1ch s\u00e2u \u2013 d\u1ecbu nh\u1eb9 \u2013 kh\u00f4ng kh\u00f4 da<\/strong>, th\u00ec CeraVe Foaming Cleanser l\u00e0 l\u1ef1a ch\u1ecdn l\u00fd t\u01b0\u1edfng gi\u00fap duy tr\u00ec l\u00e0n da s\u1ea1ch kh\u1ecfe m\u1ed7i ng\u00e0y.<\/p>\n","protected":false},"excerpt":{"rendered":"<h2 class=\"text-base leading-[1.2] mb-2\">Foaming Cleanser<\/h2>\n<p>Lo\u1ea1i da:<b class=\"ml-[5px]\">Da d\u1ea7u\/H\u1ed7n h\u1ee3p d\u1ea7u<\/b><\/p>\n","protected":false},"featured_media":290,"comment_status":"open","ping_status":"closed","template":"","meta":[],"product_brand":[34],"product_cat":[30,29,36],"product_tag":[],"class_list":{"0":"post-284","1":"product","2":"type-product","3":"status-publish","4":"has-post-thumbnail","6":"product_brand-cerave","7":"product_cat-flash-deals","8":"product_cat-san-pham-yeu-thich","9":"product_cat-sua-rua-mat-2","11":"first","12":"instock","13":"sale","14":"shipping-taxable","15":"purchasable","16":"product-type-variable"},"yoast_head":"<!-- This site is optimized with the Yoast SEO plugin v27.2 - https:\/\/yoast.com\/product\/yoast-seo-wordpress\/ -->\n<title>S\u1eefa R\u1eeda M\u1eb7t CeraVe Foaming Cleanser - Lux<\/title>\n<meta name=\"description\" content=\"S\u1eefa R\u1eeda M\u1eb7t Cerave Foaming Cleanser k\u1ebft c\u1ea5u d\u1ea1ng gel t\u1ea1o b\u1ecdt r\u1ea5t l\u00fd t\u01b0\u1edfng \u0111\u1ec3 lo\u1ea1i b\u1ecf d\u1ea7u th\u1eeba, b\u1ee5i b\u1ea9n v\u00e0 l\u1edbp trang \u0111i\u1ec3m v\u1edbi c\u00f4ng th\u1ee9c nh\u1eb9 nh\u00e0ng.\" \/>\n<meta name=\"robots\" content=\"index, follow, max-snippet:-1, max-image-preview:large, max-video-preview:-1\" \/>\n<link rel=\"canonical\" href=\"https:\/\/lux.azdigi.shop\/?product=sua-rua-mat-cerave-foaming-cleanser\" \/>\n<meta property=\"og:locale\" content=\"vi_VN\" \/>\n<meta property=\"og:type\" content=\"article\" \/>\n<meta property=\"og:title\" content=\"S\u1eefa R\u1eeda M\u1eb7t CeraVe Foaming Cleanser - Lux\" \/>\n<meta property=\"og:description\" content=\"S\u1eefa R\u1eeda M\u1eb7t Cerave Foaming Cleanser k\u1ebft c\u1ea5u d\u1ea1ng gel t\u1ea1o b\u1ecdt r\u1ea5t l\u00fd t\u01b0\u1edfng \u0111\u1ec3 lo\u1ea1i b\u1ecf d\u1ea7u th\u1eeba, b\u1ee5i b\u1ea9n v\u00e0 l\u1edbp trang \u0111i\u1ec3m v\u1edbi c\u00f4ng th\u1ee9c nh\u1eb9 nh\u00e0ng.\" \/>\n<meta property=\"og:url\" content=\"https:\/\/lux.azdigi.shop\/?product=sua-rua-mat-cerave-foaming-cleanser\" \/>\n<meta property=\"og:site_name\" content=\"Lux\" \/>\n<meta property=\"article:modified_time\" content=\"2026-04-08T05:11:45+00:00\" \/>\n<meta property=\"og:image\" content=\"https:\/\/lux.azdigi.shop\/wp-content\/uploads\/2026\/04\/Screenshot-2026-04-08-114635.png\" \/>\n\t<meta property=\"og:image:width\" content=\"456\" \/>\n\t<meta property=\"og:image:height\" content=\"450\" \/>\n\t<meta property=\"og:image:type\" content=\"image\/png\" \/>\n<meta name=\"twitter:card\" content=\"summary_large_image\" \/>\n<meta name=\"twitter:label1\" content=\"\u01af\u1edbc t\u00ednh th\u1eddi gian \u0111\u1ecdc\" \/>\n\t<meta name=\"twitter:data1\" content=\"2 ph\u00fat\" \/>\n<script type=\"application\/ld+json\" class=\"yoast-schema-graph\">{\"@context\":\"https:\/\/schema.org\",\"@graph\":[{\"@type\":\"WebPage\",\"@id\":\"https:\/\/lux.azdigi.shop\/?product=sua-rua-mat-cerave-foaming-cleanser\",\"url\":\"https:\/\/lux.azdigi.shop\/?product=sua-rua-mat-cerave-foaming-cleanser\",\"name\":\"S\u1eefa R\u1eeda M\u1eb7t CeraVe Foaming Cleanser - Lux\",\"isPartOf\":{\"@id\":\"https:\/\/lux.azdigi.shop\/#website\"},\"primaryImageOfPage\":{\"@id\":\"https:\/\/lux.azdigi.shop\/?product=sua-rua-mat-cerave-foaming-cleanser#primaryimage\"},\"image\":{\"@id\":\"https:\/\/lux.azdigi.shop\/?product=sua-rua-mat-cerave-foaming-cleanser#primaryimage\"},\"thumbnailUrl\":\"https:\/\/lux.azdigi.shop\/wp-content\/uploads\/2026\/04\/Screenshot-2026-04-08-114635.png\",\"datePublished\":\"2026-04-08T05:04:43+00:00\",\"dateModified\":\"2026-04-08T05:11:45+00:00\",\"description\":\"S\u1eefa R\u1eeda M\u1eb7t Cerave Foaming Cleanser k\u1ebft c\u1ea5u d\u1ea1ng gel t\u1ea1o b\u1ecdt r\u1ea5t l\u00fd t\u01b0\u1edfng \u0111\u1ec3 lo\u1ea1i b\u1ecf d\u1ea7u th\u1eeba, b\u1ee5i b\u1ea9n v\u00e0 l\u1edbp trang \u0111i\u1ec3m v\u1edbi c\u00f4ng th\u1ee9c nh\u1eb9 nh\u00e0ng.\",\"breadcrumb\":{\"@id\":\"https:\/\/lux.azdigi.shop\/?product=sua-rua-mat-cerave-foaming-cleanser#breadcrumb\"},\"inLanguage\":\"vi\",\"potentialAction\":[{\"@type\":\"ReadAction\",\"target\":[\"https:\/\/lux.azdigi.shop\/?product=sua-rua-mat-cerave-foaming-cleanser\"]}]},{\"@type\":\"ImageObject\",\"inLanguage\":\"vi\",\"@id\":\"https:\/\/lux.azdigi.shop\/?product=sua-rua-mat-cerave-foaming-cleanser#primaryimage\",\"url\":\"https:\/\/lux.azdigi.shop\/wp-content\/uploads\/2026\/04\/Screenshot-2026-04-08-114635.png\",\"contentUrl\":\"https:\/\/lux.azdigi.shop\/wp-content\/uploads\/2026\/04\/Screenshot-2026-04-08-114635.png\",\"width\":456,\"height\":450},{\"@type\":\"BreadcrumbList\",\"@id\":\"https:\/\/lux.azdigi.shop\/?product=sua-rua-mat-cerave-foaming-cleanser#breadcrumb\",\"itemListElement\":[{\"@type\":\"ListItem\",\"position\":1,\"name\":\"Home\",\"item\":\"https:\/\/lux.azdigi.shop\/\"},{\"@type\":\"ListItem\",\"position\":2,\"name\":\"C\u1eeda h\u00e0ng\",\"item\":\"https:\/\/lux.azdigi.shop\/?page_id=120\"},{\"@type\":\"ListItem\",\"position\":3,\"name\":\"S\u1eefa R\u1eeda M\u1eb7t CeraVe Foaming Cleanser\"}]},{\"@type\":\"WebSite\",\"@id\":\"https:\/\/lux.azdigi.shop\/#website\",\"url\":\"https:\/\/lux.azdigi.shop\/\",\"name\":\"Lux\",\"description\":\"\",\"publisher\":{\"@id\":\"https:\/\/lux.azdigi.shop\/#\/schema\/person\/9503659c74a3cb402669cb10b0872f8c\"},\"potentialAction\":[{\"@type\":\"SearchAction\",\"target\":{\"@type\":\"EntryPoint\",\"urlTemplate\":\"https:\/\/lux.azdigi.shop\/?s={search_term_string}\"},\"query-input\":{\"@type\":\"PropertyValueSpecification\",\"valueRequired\":true,\"valueName\":\"search_term_string\"}}],\"inLanguage\":\"vi\"},{\"@type\":[\"Person\",\"Organization\"],\"@id\":\"https:\/\/lux.azdigi.shop\/#\/schema\/person\/9503659c74a3cb402669cb10b0872f8c\",\"name\":\"Vo Hoan Thien\",\"image\":{\"@type\":\"ImageObject\",\"inLanguage\":\"vi\",\"@id\":\"https:\/\/lux.azdigi.shop\/wp-content\/uploads\/2026\/03\/Untitled-design.png\",\"url\":\"https:\/\/lux.azdigi.shop\/wp-content\/uploads\/2026\/03\/Untitled-design.png\",\"contentUrl\":\"https:\/\/lux.azdigi.shop\/wp-content\/uploads\/2026\/03\/Untitled-design.png\",\"width\":402,\"height\":288,\"caption\":\"Vo Hoan Thien\"},\"logo\":{\"@id\":\"https:\/\/lux.azdigi.shop\/wp-content\/uploads\/2026\/03\/Untitled-design.png\"},\"sameAs\":[\"https:\/\/lux.azdigi.shop\"]}]}<\/script>\n<!-- \/ Yoast SEO plugin. -->","yoast_head_json":{"title":"S\u1eefa R\u1eeda M\u1eb7t CeraVe Foaming Cleanser - Lux","description":"S\u1eefa R\u1eeda M\u1eb7t Cerave Foaming Cleanser k\u1ebft c\u1ea5u d\u1ea1ng gel t\u1ea1o b\u1ecdt r\u1ea5t l\u00fd t\u01b0\u1edfng \u0111\u1ec3 lo\u1ea1i b\u1ecf d\u1ea7u th\u1eeba, b\u1ee5i b\u1ea9n v\u00e0 l\u1edbp trang \u0111i\u1ec3m v\u1edbi c\u00f4ng th\u1ee9c nh\u1eb9 nh\u00e0ng.","robots":{"index":"index","follow":"follow","max-snippet":"max-snippet:-1","max-image-preview":"max-image-preview:large","max-video-preview":"max-video-preview:-1"},"canonical":"https:\/\/lux.azdigi.shop\/?product=sua-rua-mat-cerave-foaming-cleanser","og_locale":"vi_VN","og_type":"article","og_title":"S\u1eefa R\u1eeda M\u1eb7t CeraVe Foaming Cleanser - Lux","og_description":"S\u1eefa R\u1eeda M\u1eb7t Cerave Foaming Cleanser k\u1ebft c\u1ea5u d\u1ea1ng gel t\u1ea1o b\u1ecdt r\u1ea5t l\u00fd t\u01b0\u1edfng \u0111\u1ec3 lo\u1ea1i b\u1ecf d\u1ea7u th\u1eeba, b\u1ee5i b\u1ea9n v\u00e0 l\u1edbp trang \u0111i\u1ec3m v\u1edbi c\u00f4ng th\u1ee9c nh\u1eb9 nh\u00e0ng.","og_url":"https:\/\/lux.azdigi.shop\/?product=sua-rua-mat-cerave-foaming-cleanser","og_site_name":"Lux","article_modified_time":"2026-04-08T05:11:45+00:00","og_image":[{"width":456,"height":450,"url":"https:\/\/lux.azdigi.shop\/wp-content\/uploads\/2026\/04\/Screenshot-2026-04-08-114635.png","type":"image\/png"}],"twitter_card":"summary_large_image","twitter_misc":{"\u01af\u1edbc t\u00ednh th\u1eddi gian \u0111\u1ecdc":"2 ph\u00fat"},"schema":{"@context":"https:\/\/schema.org","@graph":[{"@type":"WebPage","@id":"https:\/\/lux.azdigi.shop\/?product=sua-rua-mat-cerave-foaming-cleanser","url":"https:\/\/lux.azdigi.shop\/?product=sua-rua-mat-cerave-foaming-cleanser","name":"S\u1eefa R\u1eeda M\u1eb7t CeraVe Foaming Cleanser - Lux","isPartOf":{"@id":"https:\/\/lux.azdigi.shop\/#website"},"primaryImageOfPage":{"@id":"https:\/\/lux.azdigi.shop\/?product=sua-rua-mat-cerave-foaming-cleanser#primaryimage"},"image":{"@id":"https:\/\/lux.azdigi.shop\/?product=sua-rua-mat-cerave-foaming-cleanser#primaryimage"},"thumbnailUrl":"https:\/\/lux.azdigi.shop\/wp-content\/uploads\/2026\/04\/Screenshot-2026-04-08-114635.png","datePublished":"2026-04-08T05:04:43+00:00","dateModified":"2026-04-08T05:11:45+00:00","description":"S\u1eefa R\u1eeda M\u1eb7t Cerave Foaming Cleanser k\u1ebft c\u1ea5u d\u1ea1ng gel t\u1ea1o b\u1ecdt r\u1ea5t l\u00fd t\u01b0\u1edfng \u0111\u1ec3 lo\u1ea1i b\u1ecf d\u1ea7u th\u1eeba, b\u1ee5i b\u1ea9n v\u00e0 l\u1edbp trang \u0111i\u1ec3m v\u1edbi c\u00f4ng th\u1ee9c nh\u1eb9 nh\u00e0ng.","breadcrumb":{"@id":"https:\/\/lux.azdigi.shop\/?product=sua-rua-mat-cerave-foaming-cleanser#breadcrumb"},"inLanguage":"vi","potentialAction":[{"@type":"ReadAction","target":["https:\/\/lux.azdigi.shop\/?product=sua-rua-mat-cerave-foaming-cleanser"]}]},{"@type":"ImageObject","inLanguage":"vi","@id":"https:\/\/lux.azdigi.shop\/?product=sua-rua-mat-cerave-foaming-cleanser#primaryimage","url":"https:\/\/lux.azdigi.shop\/wp-content\/uploads\/2026\/04\/Screenshot-2026-04-08-114635.png","contentUrl":"https:\/\/lux.azdigi.shop\/wp-content\/uploads\/2026\/04\/Screenshot-2026-04-08-114635.png","width":456,"height":450},{"@type":"BreadcrumbList","@id":"https:\/\/lux.azdigi.shop\/?product=sua-rua-mat-cerave-foaming-cleanser#breadcrumb","itemListElement":[{"@type":"ListItem","position":1,"name":"Home","item":"https:\/\/lux.azdigi.shop\/"},{"@type":"ListItem","position":2,"name":"C\u1eeda h\u00e0ng","item":"https:\/\/lux.azdigi.shop\/?page_id=120"},{"@type":"ListItem","position":3,"name":"S\u1eefa R\u1eeda M\u1eb7t CeraVe Foaming Cleanser"}]},{"@type":"WebSite","@id":"https:\/\/lux.azdigi.shop\/#website","url":"https:\/\/lux.azdigi.shop\/","name":"Lux","description":"","publisher":{"@id":"https:\/\/lux.azdigi.shop\/#\/schema\/person\/9503659c74a3cb402669cb10b0872f8c"},"potentialAction":[{"@type":"SearchAction","target":{"@type":"EntryPoint","urlTemplate":"https:\/\/lux.azdigi.shop\/?s={search_term_string}"},"query-input":{"@type":"PropertyValueSpecification","valueRequired":true,"valueName":"search_term_string"}}],"inLanguage":"vi"},{"@type":["Person","Organization"],"@id":"https:\/\/lux.azdigi.shop\/#\/schema\/person\/9503659c74a3cb402669cb10b0872f8c","name":"Vo Hoan Thien","image":{"@type":"ImageObject","inLanguage":"vi","@id":"https:\/\/lux.azdigi.shop\/wp-content\/uploads\/2026\/03\/Untitled-design.png","url":"https:\/\/lux.azdigi.shop\/wp-content\/uploads\/2026\/03\/Untitled-design.png","contentUrl":"https:\/\/lux.azdigi.shop\/wp-content\/uploads\/2026\/03\/Untitled-design.png","width":402,"height":288,"caption":"Vo Hoan Thien"},"logo":{"@id":"https:\/\/lux.azdigi.shop\/wp-content\/uploads\/2026\/03\/Untitled-design.png"},"sameAs":["https:\/\/lux.azdigi.shop"]}]}},"_links":{"self":[{"href":"https:\/\/lux.azdigi.shop\/index.php?rest_route=\/wp\/v2\/product\/284","targetHints":{"allow":["GET"]}}],"collection":[{"href":"https:\/\/lux.azdigi.shop\/index.php?rest_route=\/wp\/v2\/product"}],"about":[{"href":"https:\/\/lux.azdigi.shop\/index.php?rest_route=\/wp\/v2\/types\/product"}],"replies":[{"embeddable":true,"href":"https:\/\/lux.azdigi.shop\/index.php?rest_route=%2Fwp%2Fv2%2Fcomments&post=284"}],"wp:featuredmedia":[{"embeddable":true,"href":"https:\/\/lux.azdigi.shop\/index.php?rest_route=\/wp\/v2\/media\/290"}],"wp:attachment":[{"href":"https:\/\/lux.azdigi.shop\/index.php?rest_route=%2Fwp%2Fv2%2Fmedia&parent=284"}],"wp:term":[{"taxonomy":"product_brand","embeddable":true,"href":"https:\/\/lux.azdigi.shop\/index.php?rest_route=%2Fwp%2Fv2%2Fproduct_brand&post=284"},{"taxonomy":"product_cat","embeddable":true,"href":"https:\/\/lux.azdigi.shop\/index.php?rest_route=%2Fwp%2Fv2%2Fproduct_cat&post=284"},{"taxonomy":"product_tag","embeddable":true,"href":"https:\/\/lux.azdigi.shop\/index.php?rest_route=%2Fwp%2Fv2%2Fproduct_tag&post=284"}],"curies":[{"name":"wp","href":"https:\/\/api.w.org\/{rel}","templated":true}]}}