{"id":294,"date":"2026-04-08T05:21:45","date_gmt":"2026-04-08T05:21:45","guid":{"rendered":"https:\/\/lux.azdigi.shop\/?post_type=product&#038;p=294"},"modified":"2026-04-08T05:21:45","modified_gmt":"2026-04-08T05:21:45","slug":"sua-rua-mat-cerave-hydrating-cleanser","status":"publish","type":"product","link":"https:\/\/lux.azdigi.shop\/?product=sua-rua-mat-cerave-hydrating-cleanser","title":{"rendered":"S\u1eefa R\u1eeda M\u1eb7t CeraVe Hydrating Cleanser"},"content":{"rendered":"<h3 data-section-id=\"1khqkak\" data-start=\"244\" data-end=\"272\">\ud83c\udf3f Gi\u1edbi thi\u1ec7u s\u1ea3n ph\u1ea9m<\/h3>\n<p data-start=\"273\" data-end=\"534\">S\u1eefa R\u1eeda M\u1eb7t CeraVe Hydrating Cleanser l\u00e0 d\u00f2ng s\u1eefa r\u1eeda m\u1eb7t <strong data-start=\"331\" data-end=\"348\">kh\u00f4ng t\u1ea1o b\u1ecdt<\/strong> gi\u00fap l\u00e0m s\u1ea1ch nh\u1eb9 nh\u00e0ng m\u00e0 v\u1eabn duy tr\u00ec \u0111\u1ed9 \u1ea9m t\u1ef1 nhi\u00ean c\u1ee7a da. C\u00f4ng th\u1ee9c gi\u00e0u th\u00e0nh ph\u1ea7n d\u01b0\u1ee1ng \u1ea9m v\u00e0 ph\u1ee5c h\u1ed3i h\u00e0ng r\u00e0o b\u1ea3o v\u1ec7 da, mang l\u1ea1i l\u00e0n da m\u1ec1m m\u1ecbn, kh\u00f4ng kh\u00f4 c\u0103ng sau khi r\u1eeda m\u1eb7t.<\/p>\n<hr data-start=\"536\" data-end=\"539\" \/>\n<h3 data-section-id=\"1rtshsh\" data-start=\"541\" data-end=\"566\">\u2728 C\u00f4ng d\u1ee5ng n\u1ed5i b\u1eadt<\/h3>\n<ul data-start=\"567\" data-end=\"771\">\n<li data-section-id=\"1w0r6k2\" data-start=\"567\" data-end=\"612\"><strong data-start=\"569\" data-end=\"591\">L\u00e0m s\u1ea1ch nh\u1eb9 nh\u00e0ng<\/strong> b\u1ee5i b\u1ea9n &amp; t\u1ea1p ch\u1ea5t<\/li>\n<li data-section-id=\"3muzh0\" data-start=\"613\" data-end=\"657\">Duy tr\u00ec \u0111\u1ed9 \u1ea9m t\u1ef1 nhi\u00ean, kh\u00f4ng g\u00e2y kh\u00f4 da<\/li>\n<li data-section-id=\"ay7luh\" data-start=\"658\" data-end=\"702\">Gi\u00fap da m\u1ec1m m\u1ecbn, \u1ea9m m\u01b0\u1ee3t sau khi s\u1eed d\u1ee5ng<\/li>\n<li data-section-id=\"9hj03c\" data-start=\"703\" data-end=\"741\">H\u1ed7 tr\u1ee3 ph\u1ee5c h\u1ed3i h\u00e0ng r\u00e0o b\u1ea3o v\u1ec7 da<\/li>\n<li data-section-id=\"1l129lw\" data-start=\"742\" data-end=\"771\">Ph\u00f9 h\u1ee3p s\u1eed d\u1ee5ng h\u1eb1ng ng\u00e0y<\/li>\n<\/ul>\n<hr data-start=\"773\" data-end=\"776\" \/>\n<h3 data-section-id=\"11ddop\" data-start=\"778\" data-end=\"809\">\ud83d\udca7 Th\u00e0nh ph\u1ea7n &amp; c\u00f4ng ngh\u1ec7<\/h3>\n<ul data-start=\"810\" data-end=\"1041\">\n<li data-section-id=\"lps3n4\" data-start=\"810\" data-end=\"868\"><strong data-start=\"812\" data-end=\"838\">Ceramides (1, 3, 6-II)<\/strong>: C\u1ee7ng c\u1ed1 h\u00e0ng r\u00e0o b\u1ea3o v\u1ec7 da<\/li>\n<li data-section-id=\"1tskabz\" data-start=\"869\" data-end=\"919\"><strong data-start=\"871\" data-end=\"890\">Hyaluronic Acid<\/strong>: C\u1ea5p \u1ea9m v\u00e0 gi\u1eef n\u01b0\u1edbc cho da<\/li>\n<li data-section-id=\"1yk3u8d\" data-start=\"920\" data-end=\"995\">C\u00f4ng ngh\u1ec7 <strong data-start=\"932\" data-end=\"939\">MVE<\/strong>: Gi\u1ea3i ph\u00f3ng d\u01b0\u1ee1ng ch\u1ea5t li\u00ean t\u1ee5c gi\u00fap d\u01b0\u1ee1ng \u1ea9m l\u00e2u d\u00e0i<\/li>\n<li data-section-id=\"gspvwx\" data-start=\"996\" data-end=\"1041\">Kh\u00f4ng ch\u1ee9a h\u01b0\u01a1ng li\u1ec7u, kh\u00f4ng g\u00e2y k\u00edch \u1ee9ng<\/li>\n<\/ul>\n<hr data-start=\"1043\" data-end=\"1046\" \/>\n<h3 data-section-id=\"w78wgh\" data-start=\"1048\" data-end=\"1075\">\ud83d\udc69\u200d\u2695\ufe0f Lo\u1ea1i da ph\u00f9 h\u1ee3p<\/h3>\n<ul data-start=\"1076\" data-end=\"1154\">\n<li data-section-id=\"18i3hh1\" data-start=\"1076\" data-end=\"1089\">Da th\u01b0\u1eddng<\/li>\n<li data-section-id=\"fjjyvu\" data-start=\"1090\" data-end=\"1100\">Da kh\u00f4<\/li>\n<li data-section-id=\"g4zorl\" data-start=\"1101\" data-end=\"1125\">Da h\u1ed7n h\u1ee3p thi\u00ean kh\u00f4<\/li>\n<li data-section-id=\"14tudoe\" data-start=\"1126\" data-end=\"1154\">Da nh\u1ea1y c\u1ea3m, d\u1ec5 k\u00edch \u1ee9ng<\/li>\n<\/ul>\n<hr data-start=\"1156\" data-end=\"1159\" \/>\n<h3 data-section-id=\"lbo3wx\" data-start=\"1161\" data-end=\"1187\">\ud83e\uddf4 H\u01b0\u1edbng d\u1eabn s\u1eed d\u1ee5ng<\/h3>\n<ol data-start=\"1188\" data-end=\"1285\">\n<li data-section-id=\"ynf5hk\" data-start=\"1188\" data-end=\"1213\">L\u00e0m \u01b0\u1edbt m\u1eb7t v\u1edbi n\u01b0\u1edbc<\/li>\n<li data-section-id=\"1uwb6bq\" data-start=\"1214\" data-end=\"1258\">L\u1ea5y m\u1ed9t l\u01b0\u1ee3ng v\u1eeba \u0111\u1ee7, massage nh\u1eb9 nh\u00e0ng<\/li>\n<li data-section-id=\"1gnppfd\" data-start=\"1259\" data-end=\"1285\">R\u1eeda s\u1ea1ch l\u1ea1i v\u1edbi n\u01b0\u1edbc<\/li>\n<\/ol>\n<hr data-start=\"1287\" data-end=\"1290\" \/>\n<h3 data-section-id=\"xil66r\" data-start=\"1292\" data-end=\"1315\">\u2b50 \u01afu \u0111i\u1ec3m n\u1ed5i b\u1eadt<\/h3>\n<p data-start=\"1316\" data-end=\"1450\">\u2714 Kh\u00f4ng t\u1ea1o b\u1ecdt, c\u1ef1c k\u1ef3 d\u1ecbu nh\u1eb9<br data-start=\"1347\" data-end=\"1350\" \/>\u2714 Kh\u00f4ng l\u00e0m m\u1ea5t \u0111\u1ed9 \u1ea9m t\u1ef1 nhi\u00ean c\u1ee7a da<br data-start=\"1387\" data-end=\"1390\" \/>\u2714 Ph\u00f9 h\u1ee3p da kh\u00f4 &amp; da nh\u1ea1y c\u1ea3m<br data-start=\"1420\" data-end=\"1423\" \/>\u2714 C\u00f3 th\u1ec3 d\u00f9ng s\u00e1ng v\u00e0 t\u1ed1i<\/p>\n<hr data-start=\"1452\" data-end=\"1455\" \/>\n<h3 data-section-id=\"hzpe5p\" data-start=\"1457\" data-end=\"1484\">\ud83d\udce6 Th\u00f4ng tin s\u1ea3n ph\u1ea9m<\/h3>\n<ul data-start=\"1485\" data-end=\"1560\">\n<li data-section-id=\"b7v2ke\" data-start=\"1485\" data-end=\"1520\">Dung t\u00edch: 88ml \/ 236ml \/ 473ml<\/li>\n<li data-section-id=\"upwccj\" data-start=\"1521\" data-end=\"1544\">Th\u01b0\u01a1ng hi\u1ec7u: CeraVe<\/li>\n<li data-section-id=\"7rnhjf\" data-start=\"1545\" data-end=\"1560\">Xu\u1ea5t x\u1ee9: M\u1ef9<\/li>\n<\/ul>\n<hr data-start=\"1562\" data-end=\"1565\" \/>\n<h3 data-section-id=\"y76l01\" data-start=\"1567\" data-end=\"1605\">\ud83d\udd25 V\u00ec sao n\u00ean ch\u1ecdn s\u1ea3n ph\u1ea9m n\u00e0y?<\/h3>\n<p data-start=\"1606\" data-end=\"1789\">N\u1ebfu b\u1ea1n \u0111ang t\u00ecm m\u1ed9t s\u1ea3n ph\u1ea9m s\u1eefa r\u1eeda m\u1eb7t <strong data-start=\"1648\" data-end=\"1689\">d\u1ecbu nh\u1eb9 \u2013 c\u1ea5p \u1ea9m \u2013 kh\u00f4ng g\u00e2y kh\u00f4 c\u0103ng<\/strong>, th\u00ec CeraVe Hydrating Cleanser l\u00e0 l\u1ef1a ch\u1ecdn l\u00fd t\u01b0\u1edfng gi\u00fap l\u00e0n da lu\u00f4n m\u1ec1m m\u1ecbn v\u00e0 kh\u1ecfe m\u1ea1nh m\u1ed7i ng\u00e0y.<\/p>\n","protected":false},"excerpt":{"rendered":"<h2 class=\"text-base leading-[1.2] mb-2\">Hydrating Cleanser<\/h2>\n<p class=\"p-[5px] mb-2.5 text-[10px] inline-block rounded-[5px] leading-[1.2] text-[#326E51] bg-[#E5FBF1]\">Lo\u1ea1i da:<b class=\"ml-[5px]\">Da kh\u00f4\/H\u1ed7n h\u1ee3p kh\u00f4<\/b><\/p>\n","protected":false},"featured_media":296,"comment_status":"open","ping_status":"closed","template":"","meta":[],"product_brand":[34],"product_cat":[30,29,36],"product_tag":[],"class_list":{"0":"post-294","1":"product","2":"type-product","3":"status-publish","4":"has-post-thumbnail","6":"product_brand-cerave","7":"product_cat-flash-deals","8":"product_cat-san-pham-yeu-thich","9":"product_cat-sua-rua-mat-2","11":"first","12":"instock","13":"sale","14":"shipping-taxable","15":"purchasable","16":"product-type-variable"},"yoast_head":"<!-- This site is optimized with the Yoast SEO plugin v27.2 - https:\/\/yoast.com\/product\/yoast-seo-wordpress\/ -->\n<title>S\u1eefa R\u1eeda M\u1eb7t CeraVe Hydrating Cleanser - Lux<\/title>\n<meta name=\"description\" content=\"S\u1eefa R\u1eeda M\u1eb7t Cerave Hydrating Cleanser gi\u00fap lo\u1ea1i b\u1ecf b\u1ee5i b\u1ea9n, d\u1ea7u th\u1eeba, nh\u1eb9 nh\u00e0ng l\u1ea5y \u0111i l\u1edbp kem ch\u1ed1ng n\u1eafng, trang \u0111i\u1ec3m nh\u01b0ng v\u1eabn gi\u1eef h\u00e0ng r\u00e0o b\u1ea3o v\u1ec7 da.\" \/>\n<meta name=\"robots\" content=\"index, follow, max-snippet:-1, max-image-preview:large, max-video-preview:-1\" \/>\n<link rel=\"canonical\" href=\"https:\/\/lux.azdigi.shop\/?product=sua-rua-mat-cerave-hydrating-cleanser\" \/>\n<meta property=\"og:locale\" content=\"vi_VN\" \/>\n<meta property=\"og:type\" content=\"article\" \/>\n<meta property=\"og:title\" content=\"S\u1eefa R\u1eeda M\u1eb7t CeraVe Hydrating Cleanser - Lux\" \/>\n<meta property=\"og:description\" content=\"S\u1eefa R\u1eeda M\u1eb7t Cerave Hydrating Cleanser gi\u00fap lo\u1ea1i b\u1ecf b\u1ee5i b\u1ea9n, d\u1ea7u th\u1eeba, nh\u1eb9 nh\u00e0ng l\u1ea5y \u0111i l\u1edbp kem ch\u1ed1ng n\u1eafng, trang \u0111i\u1ec3m nh\u01b0ng v\u1eabn gi\u1eef h\u00e0ng r\u00e0o b\u1ea3o v\u1ec7 da.\" \/>\n<meta property=\"og:url\" content=\"https:\/\/lux.azdigi.shop\/?product=sua-rua-mat-cerave-hydrating-cleanser\" \/>\n<meta property=\"og:site_name\" content=\"Lux\" \/>\n<meta property=\"og:image\" content=\"https:\/\/lux.azdigi.shop\/wp-content\/uploads\/2026\/04\/Screenshot-2026-04-08-121225.png\" \/>\n\t<meta property=\"og:image:width\" content=\"446\" \/>\n\t<meta property=\"og:image:height\" content=\"438\" \/>\n\t<meta property=\"og:image:type\" content=\"image\/png\" \/>\n<meta name=\"twitter:card\" content=\"summary_large_image\" \/>\n<meta name=\"twitter:label1\" content=\"\u01af\u1edbc t\u00ednh th\u1eddi gian \u0111\u1ecdc\" \/>\n\t<meta name=\"twitter:data1\" content=\"2 ph\u00fat\" \/>\n<script type=\"application\/ld+json\" class=\"yoast-schema-graph\">{\"@context\":\"https:\/\/schema.org\",\"@graph\":[{\"@type\":\"WebPage\",\"@id\":\"https:\/\/lux.azdigi.shop\/?product=sua-rua-mat-cerave-hydrating-cleanser\",\"url\":\"https:\/\/lux.azdigi.shop\/?product=sua-rua-mat-cerave-hydrating-cleanser\",\"name\":\"S\u1eefa R\u1eeda M\u1eb7t CeraVe Hydrating Cleanser - Lux\",\"isPartOf\":{\"@id\":\"https:\/\/lux.azdigi.shop\/#website\"},\"primaryImageOfPage\":{\"@id\":\"https:\/\/lux.azdigi.shop\/?product=sua-rua-mat-cerave-hydrating-cleanser#primaryimage\"},\"image\":{\"@id\":\"https:\/\/lux.azdigi.shop\/?product=sua-rua-mat-cerave-hydrating-cleanser#primaryimage\"},\"thumbnailUrl\":\"https:\/\/lux.azdigi.shop\/wp-content\/uploads\/2026\/04\/Screenshot-2026-04-08-121225.png\",\"datePublished\":\"2026-04-08T05:21:45+00:00\",\"description\":\"S\u1eefa R\u1eeda M\u1eb7t Cerave Hydrating Cleanser gi\u00fap lo\u1ea1i b\u1ecf b\u1ee5i b\u1ea9n, d\u1ea7u th\u1eeba, nh\u1eb9 nh\u00e0ng l\u1ea5y \u0111i l\u1edbp kem ch\u1ed1ng n\u1eafng, trang \u0111i\u1ec3m nh\u01b0ng v\u1eabn gi\u1eef h\u00e0ng r\u00e0o b\u1ea3o v\u1ec7 da.\",\"breadcrumb\":{\"@id\":\"https:\/\/lux.azdigi.shop\/?product=sua-rua-mat-cerave-hydrating-cleanser#breadcrumb\"},\"inLanguage\":\"vi\",\"potentialAction\":[{\"@type\":\"ReadAction\",\"target\":[\"https:\/\/lux.azdigi.shop\/?product=sua-rua-mat-cerave-hydrating-cleanser\"]}]},{\"@type\":\"ImageObject\",\"inLanguage\":\"vi\",\"@id\":\"https:\/\/lux.azdigi.shop\/?product=sua-rua-mat-cerave-hydrating-cleanser#primaryimage\",\"url\":\"https:\/\/lux.azdigi.shop\/wp-content\/uploads\/2026\/04\/Screenshot-2026-04-08-121225.png\",\"contentUrl\":\"https:\/\/lux.azdigi.shop\/wp-content\/uploads\/2026\/04\/Screenshot-2026-04-08-121225.png\",\"width\":446,\"height\":438},{\"@type\":\"BreadcrumbList\",\"@id\":\"https:\/\/lux.azdigi.shop\/?product=sua-rua-mat-cerave-hydrating-cleanser#breadcrumb\",\"itemListElement\":[{\"@type\":\"ListItem\",\"position\":1,\"name\":\"Home\",\"item\":\"https:\/\/lux.azdigi.shop\/\"},{\"@type\":\"ListItem\",\"position\":2,\"name\":\"C\u1eeda h\u00e0ng\",\"item\":\"https:\/\/lux.azdigi.shop\/?page_id=120\"},{\"@type\":\"ListItem\",\"position\":3,\"name\":\"S\u1eefa R\u1eeda M\u1eb7t CeraVe Hydrating Cleanser\"}]},{\"@type\":\"WebSite\",\"@id\":\"https:\/\/lux.azdigi.shop\/#website\",\"url\":\"https:\/\/lux.azdigi.shop\/\",\"name\":\"Lux\",\"description\":\"\",\"publisher\":{\"@id\":\"https:\/\/lux.azdigi.shop\/#\/schema\/person\/9503659c74a3cb402669cb10b0872f8c\"},\"potentialAction\":[{\"@type\":\"SearchAction\",\"target\":{\"@type\":\"EntryPoint\",\"urlTemplate\":\"https:\/\/lux.azdigi.shop\/?s={search_term_string}\"},\"query-input\":{\"@type\":\"PropertyValueSpecification\",\"valueRequired\":true,\"valueName\":\"search_term_string\"}}],\"inLanguage\":\"vi\"},{\"@type\":[\"Person\",\"Organization\"],\"@id\":\"https:\/\/lux.azdigi.shop\/#\/schema\/person\/9503659c74a3cb402669cb10b0872f8c\",\"name\":\"Vo Hoan Thien\",\"image\":{\"@type\":\"ImageObject\",\"inLanguage\":\"vi\",\"@id\":\"https:\/\/lux.azdigi.shop\/wp-content\/uploads\/2026\/03\/Untitled-design.png\",\"url\":\"https:\/\/lux.azdigi.shop\/wp-content\/uploads\/2026\/03\/Untitled-design.png\",\"contentUrl\":\"https:\/\/lux.azdigi.shop\/wp-content\/uploads\/2026\/03\/Untitled-design.png\",\"width\":402,\"height\":288,\"caption\":\"Vo Hoan Thien\"},\"logo\":{\"@id\":\"https:\/\/lux.azdigi.shop\/wp-content\/uploads\/2026\/03\/Untitled-design.png\"},\"sameAs\":[\"https:\/\/lux.azdigi.shop\"]}]}<\/script>\n<!-- \/ Yoast SEO plugin. -->","yoast_head_json":{"title":"S\u1eefa R\u1eeda M\u1eb7t CeraVe Hydrating Cleanser - Lux","description":"S\u1eefa R\u1eeda M\u1eb7t Cerave Hydrating Cleanser gi\u00fap lo\u1ea1i b\u1ecf b\u1ee5i b\u1ea9n, d\u1ea7u th\u1eeba, nh\u1eb9 nh\u00e0ng l\u1ea5y \u0111i l\u1edbp kem ch\u1ed1ng n\u1eafng, trang \u0111i\u1ec3m nh\u01b0ng v\u1eabn gi\u1eef h\u00e0ng r\u00e0o b\u1ea3o v\u1ec7 da.","robots":{"index":"index","follow":"follow","max-snippet":"max-snippet:-1","max-image-preview":"max-image-preview:large","max-video-preview":"max-video-preview:-1"},"canonical":"https:\/\/lux.azdigi.shop\/?product=sua-rua-mat-cerave-hydrating-cleanser","og_locale":"vi_VN","og_type":"article","og_title":"S\u1eefa R\u1eeda M\u1eb7t CeraVe Hydrating Cleanser - Lux","og_description":"S\u1eefa R\u1eeda M\u1eb7t Cerave Hydrating Cleanser gi\u00fap lo\u1ea1i b\u1ecf b\u1ee5i b\u1ea9n, d\u1ea7u th\u1eeba, nh\u1eb9 nh\u00e0ng l\u1ea5y \u0111i l\u1edbp kem ch\u1ed1ng n\u1eafng, trang \u0111i\u1ec3m nh\u01b0ng v\u1eabn gi\u1eef h\u00e0ng r\u00e0o b\u1ea3o v\u1ec7 da.","og_url":"https:\/\/lux.azdigi.shop\/?product=sua-rua-mat-cerave-hydrating-cleanser","og_site_name":"Lux","og_image":[{"width":446,"height":438,"url":"https:\/\/lux.azdigi.shop\/wp-content\/uploads\/2026\/04\/Screenshot-2026-04-08-121225.png","type":"image\/png"}],"twitter_card":"summary_large_image","twitter_misc":{"\u01af\u1edbc t\u00ednh th\u1eddi gian \u0111\u1ecdc":"2 ph\u00fat"},"schema":{"@context":"https:\/\/schema.org","@graph":[{"@type":"WebPage","@id":"https:\/\/lux.azdigi.shop\/?product=sua-rua-mat-cerave-hydrating-cleanser","url":"https:\/\/lux.azdigi.shop\/?product=sua-rua-mat-cerave-hydrating-cleanser","name":"S\u1eefa R\u1eeda M\u1eb7t CeraVe Hydrating Cleanser - Lux","isPartOf":{"@id":"https:\/\/lux.azdigi.shop\/#website"},"primaryImageOfPage":{"@id":"https:\/\/lux.azdigi.shop\/?product=sua-rua-mat-cerave-hydrating-cleanser#primaryimage"},"image":{"@id":"https:\/\/lux.azdigi.shop\/?product=sua-rua-mat-cerave-hydrating-cleanser#primaryimage"},"thumbnailUrl":"https:\/\/lux.azdigi.shop\/wp-content\/uploads\/2026\/04\/Screenshot-2026-04-08-121225.png","datePublished":"2026-04-08T05:21:45+00:00","description":"S\u1eefa R\u1eeda M\u1eb7t Cerave Hydrating Cleanser gi\u00fap lo\u1ea1i b\u1ecf b\u1ee5i b\u1ea9n, d\u1ea7u th\u1eeba, nh\u1eb9 nh\u00e0ng l\u1ea5y \u0111i l\u1edbp kem ch\u1ed1ng n\u1eafng, trang \u0111i\u1ec3m nh\u01b0ng v\u1eabn gi\u1eef h\u00e0ng r\u00e0o b\u1ea3o v\u1ec7 da.","breadcrumb":{"@id":"https:\/\/lux.azdigi.shop\/?product=sua-rua-mat-cerave-hydrating-cleanser#breadcrumb"},"inLanguage":"vi","potentialAction":[{"@type":"ReadAction","target":["https:\/\/lux.azdigi.shop\/?product=sua-rua-mat-cerave-hydrating-cleanser"]}]},{"@type":"ImageObject","inLanguage":"vi","@id":"https:\/\/lux.azdigi.shop\/?product=sua-rua-mat-cerave-hydrating-cleanser#primaryimage","url":"https:\/\/lux.azdigi.shop\/wp-content\/uploads\/2026\/04\/Screenshot-2026-04-08-121225.png","contentUrl":"https:\/\/lux.azdigi.shop\/wp-content\/uploads\/2026\/04\/Screenshot-2026-04-08-121225.png","width":446,"height":438},{"@type":"BreadcrumbList","@id":"https:\/\/lux.azdigi.shop\/?product=sua-rua-mat-cerave-hydrating-cleanser#breadcrumb","itemListElement":[{"@type":"ListItem","position":1,"name":"Home","item":"https:\/\/lux.azdigi.shop\/"},{"@type":"ListItem","position":2,"name":"C\u1eeda h\u00e0ng","item":"https:\/\/lux.azdigi.shop\/?page_id=120"},{"@type":"ListItem","position":3,"name":"S\u1eefa R\u1eeda M\u1eb7t CeraVe Hydrating Cleanser"}]},{"@type":"WebSite","@id":"https:\/\/lux.azdigi.shop\/#website","url":"https:\/\/lux.azdigi.shop\/","name":"Lux","description":"","publisher":{"@id":"https:\/\/lux.azdigi.shop\/#\/schema\/person\/9503659c74a3cb402669cb10b0872f8c"},"potentialAction":[{"@type":"SearchAction","target":{"@type":"EntryPoint","urlTemplate":"https:\/\/lux.azdigi.shop\/?s={search_term_string}"},"query-input":{"@type":"PropertyValueSpecification","valueRequired":true,"valueName":"search_term_string"}}],"inLanguage":"vi"},{"@type":["Person","Organization"],"@id":"https:\/\/lux.azdigi.shop\/#\/schema\/person\/9503659c74a3cb402669cb10b0872f8c","name":"Vo Hoan Thien","image":{"@type":"ImageObject","inLanguage":"vi","@id":"https:\/\/lux.azdigi.shop\/wp-content\/uploads\/2026\/03\/Untitled-design.png","url":"https:\/\/lux.azdigi.shop\/wp-content\/uploads\/2026\/03\/Untitled-design.png","contentUrl":"https:\/\/lux.azdigi.shop\/wp-content\/uploads\/2026\/03\/Untitled-design.png","width":402,"height":288,"caption":"Vo Hoan Thien"},"logo":{"@id":"https:\/\/lux.azdigi.shop\/wp-content\/uploads\/2026\/03\/Untitled-design.png"},"sameAs":["https:\/\/lux.azdigi.shop"]}]}},"_links":{"self":[{"href":"https:\/\/lux.azdigi.shop\/index.php?rest_route=\/wp\/v2\/product\/294","targetHints":{"allow":["GET"]}}],"collection":[{"href":"https:\/\/lux.azdigi.shop\/index.php?rest_route=\/wp\/v2\/product"}],"about":[{"href":"https:\/\/lux.azdigi.shop\/index.php?rest_route=\/wp\/v2\/types\/product"}],"replies":[{"embeddable":true,"href":"https:\/\/lux.azdigi.shop\/index.php?rest_route=%2Fwp%2Fv2%2Fcomments&post=294"}],"wp:featuredmedia":[{"embeddable":true,"href":"https:\/\/lux.azdigi.shop\/index.php?rest_route=\/wp\/v2\/media\/296"}],"wp:attachment":[{"href":"https:\/\/lux.azdigi.shop\/index.php?rest_route=%2Fwp%2Fv2%2Fmedia&parent=294"}],"wp:term":[{"taxonomy":"product_brand","embeddable":true,"href":"https:\/\/lux.azdigi.shop\/index.php?rest_route=%2Fwp%2Fv2%2Fproduct_brand&post=294"},{"taxonomy":"product_cat","embeddable":true,"href":"https:\/\/lux.azdigi.shop\/index.php?rest_route=%2Fwp%2Fv2%2Fproduct_cat&post=294"},{"taxonomy":"product_tag","embeddable":true,"href":"https:\/\/lux.azdigi.shop\/index.php?rest_route=%2Fwp%2Fv2%2Fproduct_tag&post=294"}],"curies":[{"name":"wp","href":"https:\/\/api.w.org\/{rel}","templated":true}]}}