{"id":303,"date":"2026-04-08T06:20:03","date_gmt":"2026-04-08T06:20:03","guid":{"rendered":"https:\/\/lux.azdigi.shop\/?post_type=product&#038;p=303"},"modified":"2026-04-08T06:22:42","modified_gmt":"2026-04-08T06:22:42","slug":"sua-rua-mat-cerave-sa-smoothing-cleanser","status":"publish","type":"product","link":"https:\/\/lux.azdigi.shop\/?product=sua-rua-mat-cerave-sa-smoothing-cleanser","title":{"rendered":"S\u1eefa R\u1eeda M\u1eb7t CeraVe SA Smoothing Cleanser"},"content":{"rendered":"<h3 data-section-id=\"1khqkak\" data-start=\"240\" data-end=\"268\">\ud83c\udf3f Gi\u1edbi thi\u1ec7u s\u1ea3n ph\u1ea9m<\/h3>\n<p data-start=\"269\" data-end=\"565\">S\u1eefa R\u1eeda M\u1eb7t <a href=\"https:\/\/lux.azdigi.shop\/?product_brand=cerave\">CeraVe<\/a> SA Smoothing Cleanser l\u00e0 gi\u1ea3i ph\u00e1p <strong data-start=\"323\" data-end=\"367\">l\u00e0m s\u1ea1ch k\u1ebft h\u1ee3p t\u1ea9y t\u1ebf b\u00e0o ch\u1ebft d\u1ecbu nh\u1eb9<\/strong>, gi\u00fap lo\u1ea1i b\u1ecf b\u1ee5i b\u1ea9n, d\u1ea7u th\u1eeba v\u00e0 l\u1edbp t\u1ebf b\u00e0o ch\u1ebft tr\u00ean da. C\u00f4ng th\u1ee9c ch\u1ee9a Salicylic Acid (SA) gi\u00fap l\u00e0m s\u1ea1ch l\u1ed7 ch\u00e2n l\u00f4ng, h\u1ed7 tr\u1ee3 c\u1ea3i thi\u1ec7n b\u1ec1 m\u1eb7t da s\u1ea7n s\u00f9i, mang l\u1ea1i l\u00e0n da m\u1ecbn m\u00e0ng v\u00e0 kh\u1ecfe m\u1ea1nh.<\/p>\n<hr data-start=\"567\" data-end=\"570\" \/>\n<h3 data-section-id=\"1rtshsh\" data-start=\"572\" data-end=\"597\">\u2728 C\u00f4ng d\u1ee5ng n\u1ed5i b\u1eadt<\/h3>\n<ul data-start=\"598\" data-end=\"841\">\n<li data-section-id=\"109mrvu\" data-start=\"598\" data-end=\"647\"><strong data-start=\"600\" data-end=\"616\">L\u00e0m s\u1ea1ch s\u00e2u<\/strong> b\u1ee5i b\u1ea9n, d\u1ea7u th\u1eeba &amp; t\u1ea1p ch\u1ea5t<\/li>\n<li data-section-id=\"2pxpa0\" data-start=\"648\" data-end=\"698\"><strong data-start=\"650\" data-end=\"679\">T\u1ea9y t\u1ebf b\u00e0o ch\u1ebft nh\u1eb9 nh\u00e0ng<\/strong>, gi\u00fap da m\u1ecbn h\u01a1n<\/li>\n<li data-section-id=\"gxv2fm\" data-start=\"699\" data-end=\"753\">H\u1ed7 tr\u1ee3 l\u00e0m s\u1ea1ch l\u1ed7 ch\u00e2n l\u00f4ng, gi\u1ea3m b\u00edt t\u1eafc g\u00e2y m\u1ee5n<\/li>\n<li data-section-id=\"11ibq9h\" data-start=\"754\" data-end=\"794\">C\u1ea3i thi\u1ec7n t\u00ecnh tr\u1ea1ng da s\u1ea7n, th\u00f4 r\u00e1p<\/li>\n<li data-section-id=\"qg7abq\" data-start=\"795\" data-end=\"841\">Gi\u1eef \u1ea9m, kh\u00f4ng g\u00e2y kh\u00f4 c\u0103ng sau khi s\u1eed d\u1ee5ng<\/li>\n<\/ul>\n<hr data-start=\"843\" data-end=\"846\" \/>\n<h3 data-section-id=\"11ddop\" data-start=\"848\" data-end=\"879\">\ud83d\udca7 Th\u00e0nh ph\u1ea7n &amp; c\u00f4ng ngh\u1ec7<\/h3>\n<ul data-start=\"880\" data-end=\"1150\">\n<li data-section-id=\"npup1j\" data-start=\"880\" data-end=\"948\"><strong data-start=\"882\" data-end=\"906\">Salicylic Acid (BHA)<\/strong>: T\u1ea9y t\u1ebf b\u00e0o ch\u1ebft, l\u00e0m s\u1ea1ch l\u1ed7 ch\u00e2n l\u00f4ng<\/li>\n<li data-section-id=\"1tye2lf\" data-start=\"949\" data-end=\"1008\"><strong data-start=\"951\" data-end=\"977\">Ceramides (1, 3, 6-II)<\/strong>: Ph\u1ee5c h\u1ed3i h\u00e0ng r\u00e0o b\u1ea3o v\u1ec7 da<\/li>\n<li data-section-id=\"1wwwpmn\" data-start=\"1009\" data-end=\"1059\"><strong data-start=\"1011\" data-end=\"1030\">Hyaluronic Acid<\/strong>: D\u01b0\u1ee1ng \u1ea9m, gi\u1eef n\u01b0\u1edbc cho da<\/li>\n<li data-section-id=\"1l4lub8\" data-start=\"1060\" data-end=\"1110\"><strong data-start=\"1062\" data-end=\"1077\">Niacinamide<\/strong>: L\u00e0m d\u1ecbu, h\u1ed7 tr\u1ee3 gi\u1ea3m k\u00edch \u1ee9ng<\/li>\n<li data-section-id=\"1okqvl8\" data-start=\"1111\" data-end=\"1150\">C\u00f4ng ngh\u1ec7 <strong data-start=\"1123\" data-end=\"1130\">MVE<\/strong>: D\u01b0\u1ee1ng \u1ea9m k\u00e9o d\u00e0i<\/li>\n<\/ul>\n<hr data-start=\"1152\" data-end=\"1155\" \/>\n<h3 data-section-id=\"w78wgh\" data-start=\"1157\" data-end=\"1184\">\ud83d\udc69\u200d\u2695\ufe0f Lo\u1ea1i da ph\u00f9 h\u1ee3p<\/h3>\n<ul data-start=\"1185\" data-end=\"1275\">\n<li data-section-id=\"e2slbv\" data-start=\"1185\" data-end=\"1195\">Da d\u1ea7u<\/li>\n<li data-section-id=\"1namy5j\" data-start=\"1196\" data-end=\"1210\">Da h\u1ed7n h\u1ee3p<\/li>\n<li data-section-id=\"1w5nw43\" data-start=\"1211\" data-end=\"1234\">Da s\u1ea7n s\u00f9i, th\u00f4 r\u00e1p<\/li>\n<li data-section-id=\"1y7uofa\" data-start=\"1235\" data-end=\"1275\">Da d\u1ec5 b\u1ecb m\u1ee5n do b\u00edt t\u1eafc l\u1ed7 ch\u00e2n l\u00f4ng<\/li>\n<\/ul>\n<hr data-start=\"1277\" data-end=\"1280\" \/>\n<h3 data-section-id=\"lbo3wx\" data-start=\"1282\" data-end=\"1308\">\ud83e\uddf4 H\u01b0\u1edbng d\u1eabn s\u1eed d\u1ee5ng<\/h3>\n<ol data-start=\"1309\" data-end=\"1466\">\n<li data-section-id=\"jey2ju\" data-start=\"1309\" data-end=\"1325\">L\u00e0m \u01b0\u1edbt m\u1eb7t<\/li>\n<li data-section-id=\"1uwb6bq\" data-start=\"1326\" data-end=\"1370\">L\u1ea5y m\u1ed9t l\u01b0\u1ee3ng v\u1eeba \u0111\u1ee7, massage nh\u1eb9 nh\u00e0ng<\/li>\n<li data-section-id=\"1klv6sr\" data-start=\"1371\" data-end=\"1466\">R\u1eeda s\u1ea1ch l\u1ea1i v\u1edbi n\u01b0\u1edbc<br data-start=\"1395\" data-end=\"1398\" \/>\ud83d\udc49 C\u00f3 th\u1ec3 d\u00f9ng h\u1eb1ng ng\u00e0y (t\u00f9y t\u00ecnh tr\u1ea1ng da, n\u00ean b\u1eaft \u0111\u1ea7u 1 l\u1ea7n\/ng\u00e0y)<\/li>\n<\/ol>\n<hr data-start=\"1468\" data-end=\"1471\" \/>\n<h3 data-section-id=\"xil66r\" data-start=\"1473\" data-end=\"1496\">\u2b50 \u01afu \u0111i\u1ec3m n\u1ed5i b\u1eadt<\/h3>\n<p data-start=\"1497\" data-end=\"1630\">\u2714 L\u00e0m s\u1ea1ch + t\u1ea9y t\u1ebf b\u00e0o ch\u1ebft trong 1 b\u01b0\u1edbc<br data-start=\"1538\" data-end=\"1541\" \/>\u2714 D\u1ecbu nh\u1eb9, kh\u00f4ng g\u00e2y k\u00edch \u1ee9ng m\u1ea1nh<br data-start=\"1575\" data-end=\"1578\" \/>\u2714 Kh\u00f4ng l\u00e0m kh\u00f4 da<br data-start=\"1596\" data-end=\"1599\" \/>\u2714 Ph\u00f9 h\u1ee3p cho da m\u1ee5n &amp; da s\u1ea7n<\/p>\n<hr data-start=\"1632\" data-end=\"1635\" \/>\n<h3 data-section-id=\"hzpe5p\" data-start=\"1637\" data-end=\"1664\">\ud83d\udce6 Th\u00f4ng tin s\u1ea3n ph\u1ea9m<\/h3>\n<ul data-start=\"1665\" data-end=\"1733\">\n<li data-section-id=\"1phd0c0\" data-start=\"1665\" data-end=\"1693\">Dung t\u00edch: 236ml \/ 473ml<\/li>\n<li data-section-id=\"upwccj\" data-start=\"1694\" data-end=\"1717\">Th\u01b0\u01a1ng hi\u1ec7u: CeraVe<\/li>\n<li data-section-id=\"7rnhjf\" data-start=\"1718\" data-end=\"1733\">Xu\u1ea5t x\u1ee9: M\u1ef9<\/li>\n<\/ul>\n<hr data-start=\"1735\" data-end=\"1738\" \/>\n<h3 data-section-id=\"y76l01\" data-start=\"1740\" data-end=\"1778\">\ud83d\udd25 V\u00ec sao n\u00ean ch\u1ecdn s\u1ea3n ph\u1ea9m n\u00e0y?<\/h3>\n<p data-start=\"1779\" data-end=\"1988\">N\u1ebfu b\u1ea1n \u0111ang g\u1eb7p t\u00ecnh tr\u1ea1ng <strong data-start=\"1807\" data-end=\"1855\">da s\u1ea7n, l\u1ed7 ch\u00e2n l\u00f4ng b\u00edt t\u1eafc ho\u1eb7c d\u1ec5 n\u1ed5i m\u1ee5n<\/strong>, th\u00ec CeraVe SA Smoothing Cleanser l\u00e0 l\u1ef1a ch\u1ecdn l\u00fd t\u01b0\u1edfng gi\u00fap l\u00e0m s\u1ea1ch s\u00e2u, t\u1ea9y t\u1ebf b\u00e0o ch\u1ebft nh\u1eb9 nh\u00e0ng v\u00e0 c\u1ea3i thi\u1ec7n b\u1ec1 m\u1eb7t da m\u1ed7i ng\u00e0y.<\/p>\n","protected":false},"excerpt":{"rendered":"<h2 class=\"text-base leading-[1.2] mb-2\">SA Smoothing Cleanser<\/h2>\n<div class=\"flex items-center gap-1 text-[#326E51] text-sm leading-[17px] mb-2.5\">\n<div class=\"bg-orange min-h-[20px] min-w-[20px] text-sm px-1 rounded-sm flex items-center justify-center gap-0.5\">\n<div class=\"text-sm mb-3 flex items-center leading-[17px]\">Lo\u1ea1i da: <b class=\"ml-[5px]\">Da nh\u1ea1y c\u1ea3m<\/b><\/div>\n<\/div>\n<\/div>\n","protected":false},"featured_media":311,"comment_status":"open","ping_status":"closed","template":"","meta":[],"product_brand":[34],"product_cat":[30,29,36],"product_tag":[],"class_list":{"0":"post-303","1":"product","2":"type-product","3":"status-publish","4":"has-post-thumbnail","6":"product_brand-cerave","7":"product_cat-flash-deals","8":"product_cat-san-pham-yeu-thich","9":"product_cat-sua-rua-mat-2","11":"first","12":"instock","13":"sale","14":"shipping-taxable","15":"purchasable","16":"product-type-variable"},"yoast_head":"<!-- This site is optimized with the Yoast SEO plugin v27.2 - https:\/\/yoast.com\/product\/yoast-seo-wordpress\/ -->\n<title>S\u1eefa R\u1eeda M\u1eb7t CeraVe SA Smoothing Cleanser - Lux<\/title>\n<meta name=\"description\" content=\"S\u1eefa R\u1eeda M\u1eb7t CeraVe SA Smoothing Cleanser ch\u1ee9a Salicylic Axit gi\u00fap lo\u1ea1i b\u1ecf t\u1ebf b\u00e0o ch\u1ebft, l\u00e0m m\u1ec1m l\u00e0n da th\u00f4 r\u00e1p gi\u00fap cho l\u00e0n da tr\u1edf n\u00ean m\u1ecbn m\u00e0ng.\" \/>\n<meta name=\"robots\" content=\"index, follow, max-snippet:-1, max-image-preview:large, max-video-preview:-1\" \/>\n<link rel=\"canonical\" href=\"https:\/\/lux.azdigi.shop\/?product=sua-rua-mat-cerave-sa-smoothing-cleanser\" \/>\n<meta property=\"og:locale\" content=\"vi_VN\" \/>\n<meta property=\"og:type\" content=\"article\" \/>\n<meta property=\"og:title\" content=\"S\u1eefa R\u1eeda M\u1eb7t CeraVe SA Smoothing Cleanser - Lux\" \/>\n<meta property=\"og:description\" content=\"S\u1eefa R\u1eeda M\u1eb7t CeraVe SA Smoothing Cleanser ch\u1ee9a Salicylic Axit gi\u00fap lo\u1ea1i b\u1ecf t\u1ebf b\u00e0o ch\u1ebft, l\u00e0m m\u1ec1m l\u00e0n da th\u00f4 r\u00e1p gi\u00fap cho l\u00e0n da tr\u1edf n\u00ean m\u1ecbn m\u00e0ng.\" \/>\n<meta property=\"og:url\" content=\"https:\/\/lux.azdigi.shop\/?product=sua-rua-mat-cerave-sa-smoothing-cleanser\" \/>\n<meta property=\"og:site_name\" content=\"Lux\" \/>\n<meta property=\"article:modified_time\" content=\"2026-04-08T06:22:42+00:00\" \/>\n<meta property=\"og:image\" content=\"https:\/\/lux.azdigi.shop\/wp-content\/uploads\/2026\/04\/Screenshot-2026-04-08-125858.png\" \/>\n\t<meta property=\"og:image:width\" content=\"438\" \/>\n\t<meta property=\"og:image:height\" content=\"425\" \/>\n\t<meta property=\"og:image:type\" content=\"image\/png\" \/>\n<meta name=\"twitter:card\" content=\"summary_large_image\" \/>\n<meta name=\"twitter:label1\" content=\"\u01af\u1edbc t\u00ednh th\u1eddi gian \u0111\u1ecdc\" \/>\n\t<meta name=\"twitter:data1\" content=\"3 ph\u00fat\" \/>\n<script type=\"application\/ld+json\" class=\"yoast-schema-graph\">{\"@context\":\"https:\/\/schema.org\",\"@graph\":[{\"@type\":\"WebPage\",\"@id\":\"https:\/\/lux.azdigi.shop\/?product=sua-rua-mat-cerave-sa-smoothing-cleanser\",\"url\":\"https:\/\/lux.azdigi.shop\/?product=sua-rua-mat-cerave-sa-smoothing-cleanser\",\"name\":\"S\u1eefa R\u1eeda M\u1eb7t CeraVe SA Smoothing Cleanser - Lux\",\"isPartOf\":{\"@id\":\"https:\/\/lux.azdigi.shop\/#website\"},\"primaryImageOfPage\":{\"@id\":\"https:\/\/lux.azdigi.shop\/?product=sua-rua-mat-cerave-sa-smoothing-cleanser#primaryimage\"},\"image\":{\"@id\":\"https:\/\/lux.azdigi.shop\/?product=sua-rua-mat-cerave-sa-smoothing-cleanser#primaryimage\"},\"thumbnailUrl\":\"https:\/\/lux.azdigi.shop\/wp-content\/uploads\/2026\/04\/Screenshot-2026-04-08-125858.png\",\"datePublished\":\"2026-04-08T06:20:03+00:00\",\"dateModified\":\"2026-04-08T06:22:42+00:00\",\"description\":\"S\u1eefa R\u1eeda M\u1eb7t CeraVe SA Smoothing Cleanser ch\u1ee9a Salicylic Axit gi\u00fap lo\u1ea1i b\u1ecf t\u1ebf b\u00e0o ch\u1ebft, l\u00e0m m\u1ec1m l\u00e0n da th\u00f4 r\u00e1p gi\u00fap cho l\u00e0n da tr\u1edf n\u00ean m\u1ecbn m\u00e0ng.\",\"breadcrumb\":{\"@id\":\"https:\/\/lux.azdigi.shop\/?product=sua-rua-mat-cerave-sa-smoothing-cleanser#breadcrumb\"},\"inLanguage\":\"vi\",\"potentialAction\":[{\"@type\":\"ReadAction\",\"target\":[\"https:\/\/lux.azdigi.shop\/?product=sua-rua-mat-cerave-sa-smoothing-cleanser\"]}]},{\"@type\":\"ImageObject\",\"inLanguage\":\"vi\",\"@id\":\"https:\/\/lux.azdigi.shop\/?product=sua-rua-mat-cerave-sa-smoothing-cleanser#primaryimage\",\"url\":\"https:\/\/lux.azdigi.shop\/wp-content\/uploads\/2026\/04\/Screenshot-2026-04-08-125858.png\",\"contentUrl\":\"https:\/\/lux.azdigi.shop\/wp-content\/uploads\/2026\/04\/Screenshot-2026-04-08-125858.png\",\"width\":438,\"height\":425},{\"@type\":\"BreadcrumbList\",\"@id\":\"https:\/\/lux.azdigi.shop\/?product=sua-rua-mat-cerave-sa-smoothing-cleanser#breadcrumb\",\"itemListElement\":[{\"@type\":\"ListItem\",\"position\":1,\"name\":\"Home\",\"item\":\"https:\/\/lux.azdigi.shop\/\"},{\"@type\":\"ListItem\",\"position\":2,\"name\":\"C\u1eeda h\u00e0ng\",\"item\":\"https:\/\/lux.azdigi.shop\/?page_id=120\"},{\"@type\":\"ListItem\",\"position\":3,\"name\":\"S\u1eefa R\u1eeda M\u1eb7t CeraVe SA Smoothing Cleanser\"}]},{\"@type\":\"WebSite\",\"@id\":\"https:\/\/lux.azdigi.shop\/#website\",\"url\":\"https:\/\/lux.azdigi.shop\/\",\"name\":\"Lux\",\"description\":\"\",\"publisher\":{\"@id\":\"https:\/\/lux.azdigi.shop\/#\/schema\/person\/9503659c74a3cb402669cb10b0872f8c\"},\"potentialAction\":[{\"@type\":\"SearchAction\",\"target\":{\"@type\":\"EntryPoint\",\"urlTemplate\":\"https:\/\/lux.azdigi.shop\/?s={search_term_string}\"},\"query-input\":{\"@type\":\"PropertyValueSpecification\",\"valueRequired\":true,\"valueName\":\"search_term_string\"}}],\"inLanguage\":\"vi\"},{\"@type\":[\"Person\",\"Organization\"],\"@id\":\"https:\/\/lux.azdigi.shop\/#\/schema\/person\/9503659c74a3cb402669cb10b0872f8c\",\"name\":\"Vo Hoan Thien\",\"image\":{\"@type\":\"ImageObject\",\"inLanguage\":\"vi\",\"@id\":\"https:\/\/lux.azdigi.shop\/wp-content\/uploads\/2026\/03\/Untitled-design.png\",\"url\":\"https:\/\/lux.azdigi.shop\/wp-content\/uploads\/2026\/03\/Untitled-design.png\",\"contentUrl\":\"https:\/\/lux.azdigi.shop\/wp-content\/uploads\/2026\/03\/Untitled-design.png\",\"width\":402,\"height\":288,\"caption\":\"Vo Hoan Thien\"},\"logo\":{\"@id\":\"https:\/\/lux.azdigi.shop\/wp-content\/uploads\/2026\/03\/Untitled-design.png\"},\"sameAs\":[\"https:\/\/lux.azdigi.shop\"]}]}<\/script>\n<!-- \/ Yoast SEO plugin. -->","yoast_head_json":{"title":"S\u1eefa R\u1eeda M\u1eb7t CeraVe SA Smoothing Cleanser - Lux","description":"S\u1eefa R\u1eeda M\u1eb7t CeraVe SA Smoothing Cleanser ch\u1ee9a Salicylic Axit gi\u00fap lo\u1ea1i b\u1ecf t\u1ebf b\u00e0o ch\u1ebft, l\u00e0m m\u1ec1m l\u00e0n da th\u00f4 r\u00e1p gi\u00fap cho l\u00e0n da tr\u1edf n\u00ean m\u1ecbn m\u00e0ng.","robots":{"index":"index","follow":"follow","max-snippet":"max-snippet:-1","max-image-preview":"max-image-preview:large","max-video-preview":"max-video-preview:-1"},"canonical":"https:\/\/lux.azdigi.shop\/?product=sua-rua-mat-cerave-sa-smoothing-cleanser","og_locale":"vi_VN","og_type":"article","og_title":"S\u1eefa R\u1eeda M\u1eb7t CeraVe SA Smoothing Cleanser - Lux","og_description":"S\u1eefa R\u1eeda M\u1eb7t CeraVe SA Smoothing Cleanser ch\u1ee9a Salicylic Axit gi\u00fap lo\u1ea1i b\u1ecf t\u1ebf b\u00e0o ch\u1ebft, l\u00e0m m\u1ec1m l\u00e0n da th\u00f4 r\u00e1p gi\u00fap cho l\u00e0n da tr\u1edf n\u00ean m\u1ecbn m\u00e0ng.","og_url":"https:\/\/lux.azdigi.shop\/?product=sua-rua-mat-cerave-sa-smoothing-cleanser","og_site_name":"Lux","article_modified_time":"2026-04-08T06:22:42+00:00","og_image":[{"width":438,"height":425,"url":"https:\/\/lux.azdigi.shop\/wp-content\/uploads\/2026\/04\/Screenshot-2026-04-08-125858.png","type":"image\/png"}],"twitter_card":"summary_large_image","twitter_misc":{"\u01af\u1edbc t\u00ednh th\u1eddi gian \u0111\u1ecdc":"3 ph\u00fat"},"schema":{"@context":"https:\/\/schema.org","@graph":[{"@type":"WebPage","@id":"https:\/\/lux.azdigi.shop\/?product=sua-rua-mat-cerave-sa-smoothing-cleanser","url":"https:\/\/lux.azdigi.shop\/?product=sua-rua-mat-cerave-sa-smoothing-cleanser","name":"S\u1eefa R\u1eeda M\u1eb7t CeraVe SA Smoothing Cleanser - Lux","isPartOf":{"@id":"https:\/\/lux.azdigi.shop\/#website"},"primaryImageOfPage":{"@id":"https:\/\/lux.azdigi.shop\/?product=sua-rua-mat-cerave-sa-smoothing-cleanser#primaryimage"},"image":{"@id":"https:\/\/lux.azdigi.shop\/?product=sua-rua-mat-cerave-sa-smoothing-cleanser#primaryimage"},"thumbnailUrl":"https:\/\/lux.azdigi.shop\/wp-content\/uploads\/2026\/04\/Screenshot-2026-04-08-125858.png","datePublished":"2026-04-08T06:20:03+00:00","dateModified":"2026-04-08T06:22:42+00:00","description":"S\u1eefa R\u1eeda M\u1eb7t CeraVe SA Smoothing Cleanser ch\u1ee9a Salicylic Axit gi\u00fap lo\u1ea1i b\u1ecf t\u1ebf b\u00e0o ch\u1ebft, l\u00e0m m\u1ec1m l\u00e0n da th\u00f4 r\u00e1p gi\u00fap cho l\u00e0n da tr\u1edf n\u00ean m\u1ecbn m\u00e0ng.","breadcrumb":{"@id":"https:\/\/lux.azdigi.shop\/?product=sua-rua-mat-cerave-sa-smoothing-cleanser#breadcrumb"},"inLanguage":"vi","potentialAction":[{"@type":"ReadAction","target":["https:\/\/lux.azdigi.shop\/?product=sua-rua-mat-cerave-sa-smoothing-cleanser"]}]},{"@type":"ImageObject","inLanguage":"vi","@id":"https:\/\/lux.azdigi.shop\/?product=sua-rua-mat-cerave-sa-smoothing-cleanser#primaryimage","url":"https:\/\/lux.azdigi.shop\/wp-content\/uploads\/2026\/04\/Screenshot-2026-04-08-125858.png","contentUrl":"https:\/\/lux.azdigi.shop\/wp-content\/uploads\/2026\/04\/Screenshot-2026-04-08-125858.png","width":438,"height":425},{"@type":"BreadcrumbList","@id":"https:\/\/lux.azdigi.shop\/?product=sua-rua-mat-cerave-sa-smoothing-cleanser#breadcrumb","itemListElement":[{"@type":"ListItem","position":1,"name":"Home","item":"https:\/\/lux.azdigi.shop\/"},{"@type":"ListItem","position":2,"name":"C\u1eeda h\u00e0ng","item":"https:\/\/lux.azdigi.shop\/?page_id=120"},{"@type":"ListItem","position":3,"name":"S\u1eefa R\u1eeda M\u1eb7t CeraVe SA Smoothing Cleanser"}]},{"@type":"WebSite","@id":"https:\/\/lux.azdigi.shop\/#website","url":"https:\/\/lux.azdigi.shop\/","name":"Lux","description":"","publisher":{"@id":"https:\/\/lux.azdigi.shop\/#\/schema\/person\/9503659c74a3cb402669cb10b0872f8c"},"potentialAction":[{"@type":"SearchAction","target":{"@type":"EntryPoint","urlTemplate":"https:\/\/lux.azdigi.shop\/?s={search_term_string}"},"query-input":{"@type":"PropertyValueSpecification","valueRequired":true,"valueName":"search_term_string"}}],"inLanguage":"vi"},{"@type":["Person","Organization"],"@id":"https:\/\/lux.azdigi.shop\/#\/schema\/person\/9503659c74a3cb402669cb10b0872f8c","name":"Vo Hoan Thien","image":{"@type":"ImageObject","inLanguage":"vi","@id":"https:\/\/lux.azdigi.shop\/wp-content\/uploads\/2026\/03\/Untitled-design.png","url":"https:\/\/lux.azdigi.shop\/wp-content\/uploads\/2026\/03\/Untitled-design.png","contentUrl":"https:\/\/lux.azdigi.shop\/wp-content\/uploads\/2026\/03\/Untitled-design.png","width":402,"height":288,"caption":"Vo Hoan Thien"},"logo":{"@id":"https:\/\/lux.azdigi.shop\/wp-content\/uploads\/2026\/03\/Untitled-design.png"},"sameAs":["https:\/\/lux.azdigi.shop"]}]}},"_links":{"self":[{"href":"https:\/\/lux.azdigi.shop\/index.php?rest_route=\/wp\/v2\/product\/303","targetHints":{"allow":["GET"]}}],"collection":[{"href":"https:\/\/lux.azdigi.shop\/index.php?rest_route=\/wp\/v2\/product"}],"about":[{"href":"https:\/\/lux.azdigi.shop\/index.php?rest_route=\/wp\/v2\/types\/product"}],"replies":[{"embeddable":true,"href":"https:\/\/lux.azdigi.shop\/index.php?rest_route=%2Fwp%2Fv2%2Fcomments&post=303"}],"wp:featuredmedia":[{"embeddable":true,"href":"https:\/\/lux.azdigi.shop\/index.php?rest_route=\/wp\/v2\/media\/311"}],"wp:attachment":[{"href":"https:\/\/lux.azdigi.shop\/index.php?rest_route=%2Fwp%2Fv2%2Fmedia&parent=303"}],"wp:term":[{"taxonomy":"product_brand","embeddable":true,"href":"https:\/\/lux.azdigi.shop\/index.php?rest_route=%2Fwp%2Fv2%2Fproduct_brand&post=303"},{"taxonomy":"product_cat","embeddable":true,"href":"https:\/\/lux.azdigi.shop\/index.php?rest_route=%2Fwp%2Fv2%2Fproduct_cat&post=303"},{"taxonomy":"product_tag","embeddable":true,"href":"https:\/\/lux.azdigi.shop\/index.php?rest_route=%2Fwp%2Fv2%2Fproduct_tag&post=303"}],"curies":[{"name":"wp","href":"https:\/\/api.w.org\/{rel}","templated":true}]}}