{"id":326,"date":"2026-04-08T07:48:45","date_gmt":"2026-04-08T07:48:45","guid":{"rendered":"https:\/\/lux.azdigi.shop\/?post_type=product&#038;p=326"},"modified":"2026-04-08T07:48:45","modified_gmt":"2026-04-08T07:48:45","slug":"tay-da-chet-mat-cocoon-dak-lak-coffee-face-polish","status":"publish","type":"product","link":"https:\/\/lux.azdigi.shop\/?product=tay-da-chet-mat-cocoon-dak-lak-coffee-face-polish","title":{"rendered":"T\u1ea9y Da Ch\u1ebft M\u1eb7t Cocoon Dak Lak Coffee Face Polish"},"content":{"rendered":"<h3 data-section-id=\"1khqkak\" data-start=\"245\" data-end=\"273\">\ud83c\udf3f Gi\u1edbi thi\u1ec7u s\u1ea3n ph\u1ea9m<\/h3>\n<p data-start=\"274\" data-end=\"577\">T\u1ea9y Da Ch\u1ebft M\u1eb7t <a href=\"https:\/\/lux.azdigi.shop\/?product_brand=cocoon\">Cocoon<\/a> C\u00e0 Ph\u00ea \u0110\u1eafk L\u1eafk (Dak Lak Coffee Face Polish) l\u00e0 s\u1ea3n ph\u1ea9m t\u1ea9y t\u1ebf b\u00e0o ch\u1ebft v\u1eadt l\u00fd gi\u00fap <strong data-start=\"381\" data-end=\"424\">lo\u1ea1i b\u1ecf l\u1edbp da ch\u1ebft, b\u1ee5i b\u1ea9n v\u00e0 b\u00e3 nh\u1eddn<\/strong>, mang l\u1ea1i l\u00e0n da m\u1ecbn m\u00e0ng v\u00e0 r\u1ea1ng r\u1ee1. V\u1edbi chi\u1ebft xu\u1ea5t c\u00e0 ph\u00ea \u0110\u1eafk L\u1eafk nguy\u00ean ch\u1ea5t, s\u1ea3n ph\u1ea9m kh\u00f4ng ch\u1ec9 l\u00e0m s\u1ea1ch m\u00e0 c\u00f2n gi\u00fap da t\u01b0\u01a1i t\u1eafn, tr\u00e0n \u0111\u1ea7y s\u1ee9c s\u1ed1ng.<\/p>\n<hr data-start=\"579\" data-end=\"582\" \/>\n<h3 data-section-id=\"1rtshsh\" data-start=\"584\" data-end=\"609\">\u2728 C\u00f4ng d\u1ee5ng n\u1ed5i b\u1eadt<\/h3>\n<ul data-start=\"610\" data-end=\"851\">\n<li data-section-id=\"idy66a\" data-start=\"610\" data-end=\"652\"><strong data-start=\"612\" data-end=\"635\">Lo\u1ea1i b\u1ecf t\u1ebf b\u00e0o ch\u1ebft<\/strong> tr\u00ean b\u1ec1 m\u1eb7t da<\/li>\n<li data-section-id=\"17eorli\" data-start=\"653\" data-end=\"696\">L\u00e0m s\u1ea1ch s\u00e2u l\u1ed7 ch\u00e2n l\u00f4ng, gi\u1ea3m b\u00edt t\u1eafc<\/li>\n<li data-section-id=\"8dbx6k\" data-start=\"697\" data-end=\"736\">Gi\u00fap da <strong data-start=\"707\" data-end=\"730\">m\u1ecbn m\u00e0ng, s\u00e1ng kh\u1ecfe<\/strong> h\u01a1n<\/li>\n<li data-section-id=\"1qqf4vw\" data-start=\"737\" data-end=\"804\">H\u1ed7 tr\u1ee3 h\u1ea5p th\u1ee5 d\u01b0\u1ee1ng ch\u1ea5t t\u1ed1t h\u01a1n \u1edf c\u00e1c b\u01b0\u1edbc skincare ti\u1ebfp theo<\/li>\n<li data-section-id=\"tl2i8a\" data-start=\"805\" data-end=\"851\">Mang l\u1ea1i c\u1ea3m gi\u00e1c <strong data-start=\"825\" data-end=\"849\">t\u01b0\u01a1i m\u1edbi, s\u1ea3ng kho\u00e1i<\/strong><\/li>\n<\/ul>\n<hr data-start=\"853\" data-end=\"856\" \/>\n<h3 data-section-id=\"gh8sif\" data-start=\"858\" data-end=\"883\">\ud83d\udca7 Th\u00e0nh ph\u1ea7n ch\u00ednh<\/h3>\n<ul data-start=\"884\" data-end=\"1060\">\n<li data-section-id=\"1d62hfi\" data-start=\"884\" data-end=\"962\"><strong data-start=\"886\" data-end=\"915\">C\u00e0 ph\u00ea \u0110\u1eafk L\u1eafk xay nhuy\u1ec5n<\/strong>: T\u1ea9y da ch\u1ebft v\u1eadt l\u00fd, k\u00edch th\u00edch tu\u1ea7n ho\u00e0n da<\/li>\n<li data-section-id=\"1gxox9u\" data-start=\"963\" data-end=\"1011\">Chi\u1ebft xu\u1ea5t thi\u00ean nhi\u00ean, an to\u00e0n v\u00e0 l\u00e0nh t\u00ednh<\/li>\n<li data-section-id=\"eiavkm\" data-start=\"1012\" data-end=\"1060\">C\u00f4ng th\u1ee9c thu\u1ea7n chay, kh\u00f4ng ch\u1ee9a h\u1ea1t vi nh\u1ef1a<\/li>\n<\/ul>\n<hr data-start=\"1062\" data-end=\"1065\" \/>\n<h3 data-section-id=\"w78wgh\" data-start=\"1067\" data-end=\"1094\">\ud83d\udc69\u200d\u2695\ufe0f Lo\u1ea1i da ph\u00f9 h\u1ee3p<\/h3>\n<ul data-start=\"1095\" data-end=\"1155\">\n<li data-section-id=\"18i3hh1\" data-start=\"1095\" data-end=\"1108\">Da th\u01b0\u1eddng<\/li>\n<li data-section-id=\"whzb6g\" data-start=\"1109\" data-end=\"1131\">Da d\u1ea7u, da h\u1ed7n h\u1ee3p<\/li>\n<li data-section-id=\"m91utb\" data-start=\"1132\" data-end=\"1155\">Da x\u1ec9n m\u00e0u, s\u1ea7n s\u00f9i<\/li>\n<\/ul>\n<p data-start=\"1157\" data-end=\"1237\">\ud83d\udc49 <em data-start=\"1160\" data-end=\"1167\">L\u01b0u \u00fd<\/em>: Kh\u00f4ng khuy\u1ebfn kh\u00edch cho da \u0111ang b\u1ecb m\u1ee5n vi\u00eam n\u1eb7ng ho\u1eb7c da qu\u00e1 nh\u1ea1y c\u1ea3m<\/p>\n<hr data-start=\"1239\" data-end=\"1242\" \/>\n<h3 data-section-id=\"lbo3wx\" data-start=\"1244\" data-end=\"1270\">\ud83e\uddf4 H\u01b0\u1edbng d\u1eabn s\u1eed d\u1ee5ng<\/h3>\n<ol data-start=\"1271\" data-end=\"1435\">\n<li data-section-id=\"1y67w7j\" data-start=\"1271\" data-end=\"1290\">L\u00e0m \u01b0\u1edbt da m\u1eb7t<\/li>\n<li data-section-id=\"4r40v5\" data-start=\"1291\" data-end=\"1357\">L\u1ea5y m\u1ed9t l\u01b0\u1ee3ng v\u1eeba \u0111\u1ee7, massage nh\u1eb9 nh\u00e0ng theo chuy\u1ec3n \u0111\u1ed9ng tr\u00f2n<\/li>\n<li data-section-id=\"15hplb9\" data-start=\"1358\" data-end=\"1435\">R\u1eeda s\u1ea1ch l\u1ea1i v\u1edbi n\u01b0\u1edbc<br data-start=\"1382\" data-end=\"1385\" \/>\ud83d\udc49 S\u1eed d\u1ee5ng 2\u20133 l\u1ea7n\/tu\u1ea7n \u0111\u1ec3 \u0111\u1ea1t hi\u1ec7u qu\u1ea3 t\u1ed1t nh\u1ea5t<\/li>\n<\/ol>\n<hr data-start=\"1437\" data-end=\"1440\" \/>\n<h3 data-section-id=\"xil66r\" data-start=\"1442\" data-end=\"1465\">\u2b50 \u01afu \u0111i\u1ec3m n\u1ed5i b\u1eadt<\/h3>\n<p data-start=\"1466\" data-end=\"1637\">\u2714 Th\u00e0nh ph\u1ea7n thi\u00ean nhi\u00ean, thu\u1ea7n chay<br data-start=\"1502\" data-end=\"1505\" \/>\u2714 L\u00e0m s\u1ea1ch hi\u1ec7u qu\u1ea3, kh\u00f4ng g\u00e2y kh\u00f4 da<br data-start=\"1542\" data-end=\"1545\" \/>\u2714 Mang l\u1ea1i c\u1ea3m gi\u00e1c th\u01b0 gi\u00e3n khi s\u1eed d\u1ee5ng<br data-start=\"1585\" data-end=\"1588\" \/>\u2714 Kh\u00f4ng ch\u1ee9a h\u1ea1t vi nh\u1ef1a, th\u00e2n thi\u1ec7n m\u00f4i tr\u01b0\u1eddng<\/p>\n<hr data-start=\"1639\" data-end=\"1642\" \/>\n<h3 data-section-id=\"hzpe5p\" data-start=\"1644\" data-end=\"1671\">\ud83d\udce6 Th\u00f4ng tin s\u1ea3n ph\u1ea9m<\/h3>\n<ul data-start=\"1672\" data-end=\"1763\">\n<li data-section-id=\"1s9gjzh\" data-start=\"1672\" data-end=\"1692\">Dung t\u00edch: 150ml<\/li>\n<li data-section-id=\"1ru49gk\" data-start=\"1693\" data-end=\"1716\">Th\u01b0\u01a1ng hi\u1ec7u: Cocoon<\/li>\n<li data-section-id=\"g0wf28\" data-start=\"1717\" data-end=\"1741\">D\u00f2ng: C\u00e0 ph\u00ea \u0110\u1eafk L\u1eafk<\/li>\n<li data-section-id=\"1xj8wkx\" data-start=\"1742\" data-end=\"1763\">Xu\u1ea5t x\u1ee9: Vi\u1ec7t Nam<\/li>\n<\/ul>\n<hr data-start=\"1765\" data-end=\"1768\" \/>\n<h3 data-section-id=\"y76l01\" data-start=\"1770\" data-end=\"1808\">\ud83d\udd25 V\u00ec sao n\u00ean ch\u1ecdn s\u1ea3n ph\u1ea9m n\u00e0y?<\/h3>\n<p data-start=\"1809\" data-end=\"1994\">N\u1ebfu b\u1ea1n \u0111ang t\u00ecm m\u1ed9t s\u1ea3n ph\u1ea9m t\u1ea9y da ch\u1ebft <strong data-start=\"1851\" data-end=\"1905\">t\u1ef1 nhi\u00ean \u2013 hi\u1ec7u qu\u1ea3 \u2013 gi\u00fap da m\u1ecbn m\u00e0ng nhanh ch\u00f3ng<\/strong>, th\u00ec Cocoon C\u00e0 Ph\u00ea \u0110\u1eafk L\u1eafk l\u00e0 l\u1ef1a ch\u1ecdn l\u00fd t\u01b0\u1edfng gi\u00fap l\u00e0n da lu\u00f4n t\u01b0\u01a1i s\u00e1ng v\u00e0 kh\u1ecfe m\u1ea1nh.<\/p>\n","protected":false},"excerpt":{"rendered":"<h2 class=\"text-base leading-[1.2] mb-2\">Dak Lak Coffee Face Polish<\/h2>\n<div class=\"flex items-center gap-1 text-[#326E51] text-sm leading-[17px] mb-2.5\">\n<div class=\"bg-orange min-h-[20px] min-w-[20px] text-sm px-1 rounded-sm flex items-center justify-center gap-0.5\"><\/div>\n<\/div>\n","protected":false},"featured_media":340,"comment_status":"open","ping_status":"closed","template":"","meta":[],"product_brand":[37],"product_cat":[40,30,29,39],"product_tag":[],"class_list":{"0":"post-326","1":"product","2":"type-product","3":"status-publish","4":"has-post-thumbnail","6":"product_brand-cocoon","7":"product_cat-ban-chay","8":"product_cat-flash-deals","9":"product_cat-san-pham-yeu-thich","10":"product_cat-tay-te-bao-chet-da-mat","12":"first","13":"instock","14":"sale","15":"shipping-taxable","16":"purchasable","17":"product-type-variable"},"yoast_head":"<!-- This site is optimized with the Yoast SEO plugin v27.2 - https:\/\/yoast.com\/product\/yoast-seo-wordpress\/ -->\n<title>T\u1ea9y Da Ch\u1ebft M\u1eb7t Cocoon Dak Lak Coffee Face Polish - Lux<\/title>\n<meta name=\"description\" content=\"T\u1ea9y Da Ch\u1ebft M\u1eb7t Cocoon C\u00e0 Ph\u00ea \u0110\u1eafk L\u1eafk 150ml l\u00e0 d\u00f2ng s\u1ea3n ph\u1ea9m t\u1ea9y t\u1ebf b\u00e0o ch\u1ebft da m\u1eb7t \u0111\u1ebfn t\u1eeb th\u01b0\u01a1ng hi\u1ec7u m\u1ef9 ph\u1ea9m Cocoon Vi\u1ec7t Nam.\" \/>\n<meta name=\"robots\" content=\"index, follow, max-snippet:-1, max-image-preview:large, max-video-preview:-1\" \/>\n<link rel=\"canonical\" href=\"https:\/\/lux.azdigi.shop\/?product=tay-da-chet-mat-cocoon-dak-lak-coffee-face-polish\" \/>\n<meta property=\"og:locale\" content=\"vi_VN\" \/>\n<meta property=\"og:type\" content=\"article\" \/>\n<meta property=\"og:title\" content=\"T\u1ea9y Da Ch\u1ebft M\u1eb7t Cocoon Dak Lak Coffee Face Polish - Lux\" \/>\n<meta property=\"og:description\" content=\"T\u1ea9y Da Ch\u1ebft M\u1eb7t Cocoon C\u00e0 Ph\u00ea \u0110\u1eafk L\u1eafk 150ml l\u00e0 d\u00f2ng s\u1ea3n ph\u1ea9m t\u1ea9y t\u1ebf b\u00e0o ch\u1ebft da m\u1eb7t \u0111\u1ebfn t\u1eeb th\u01b0\u01a1ng hi\u1ec7u m\u1ef9 ph\u1ea9m Cocoon Vi\u1ec7t Nam.\" \/>\n<meta property=\"og:url\" content=\"https:\/\/lux.azdigi.shop\/?product=tay-da-chet-mat-cocoon-dak-lak-coffee-face-polish\" \/>\n<meta property=\"og:site_name\" content=\"Lux\" \/>\n<meta property=\"og:image\" content=\"https:\/\/lux.azdigi.shop\/wp-content\/uploads\/2026\/04\/Screenshot-2026-04-08-144146.png\" \/>\n\t<meta property=\"og:image:width\" content=\"447\" \/>\n\t<meta property=\"og:image:height\" content=\"418\" \/>\n\t<meta property=\"og:image:type\" content=\"image\/png\" \/>\n<meta name=\"twitter:card\" content=\"summary_large_image\" \/>\n<meta name=\"twitter:label1\" content=\"\u01af\u1edbc t\u00ednh th\u1eddi gian \u0111\u1ecdc\" \/>\n\t<meta name=\"twitter:data1\" content=\"3 ph\u00fat\" \/>\n<script type=\"application\/ld+json\" class=\"yoast-schema-graph\">{\"@context\":\"https:\/\/schema.org\",\"@graph\":[{\"@type\":\"WebPage\",\"@id\":\"https:\/\/lux.azdigi.shop\/?product=tay-da-chet-mat-cocoon-dak-lak-coffee-face-polish\",\"url\":\"https:\/\/lux.azdigi.shop\/?product=tay-da-chet-mat-cocoon-dak-lak-coffee-face-polish\",\"name\":\"T\u1ea9y Da Ch\u1ebft M\u1eb7t Cocoon Dak Lak Coffee Face Polish - Lux\",\"isPartOf\":{\"@id\":\"https:\/\/lux.azdigi.shop\/#website\"},\"primaryImageOfPage\":{\"@id\":\"https:\/\/lux.azdigi.shop\/?product=tay-da-chet-mat-cocoon-dak-lak-coffee-face-polish#primaryimage\"},\"image\":{\"@id\":\"https:\/\/lux.azdigi.shop\/?product=tay-da-chet-mat-cocoon-dak-lak-coffee-face-polish#primaryimage\"},\"thumbnailUrl\":\"https:\/\/lux.azdigi.shop\/wp-content\/uploads\/2026\/04\/Screenshot-2026-04-08-144146.png\",\"datePublished\":\"2026-04-08T07:48:45+00:00\",\"description\":\"T\u1ea9y Da Ch\u1ebft M\u1eb7t Cocoon C\u00e0 Ph\u00ea \u0110\u1eafk L\u1eafk 150ml l\u00e0 d\u00f2ng s\u1ea3n ph\u1ea9m t\u1ea9y t\u1ebf b\u00e0o ch\u1ebft da m\u1eb7t \u0111\u1ebfn t\u1eeb th\u01b0\u01a1ng hi\u1ec7u m\u1ef9 ph\u1ea9m Cocoon Vi\u1ec7t Nam.\",\"breadcrumb\":{\"@id\":\"https:\/\/lux.azdigi.shop\/?product=tay-da-chet-mat-cocoon-dak-lak-coffee-face-polish#breadcrumb\"},\"inLanguage\":\"vi\",\"potentialAction\":[{\"@type\":\"ReadAction\",\"target\":[\"https:\/\/lux.azdigi.shop\/?product=tay-da-chet-mat-cocoon-dak-lak-coffee-face-polish\"]}]},{\"@type\":\"ImageObject\",\"inLanguage\":\"vi\",\"@id\":\"https:\/\/lux.azdigi.shop\/?product=tay-da-chet-mat-cocoon-dak-lak-coffee-face-polish#primaryimage\",\"url\":\"https:\/\/lux.azdigi.shop\/wp-content\/uploads\/2026\/04\/Screenshot-2026-04-08-144146.png\",\"contentUrl\":\"https:\/\/lux.azdigi.shop\/wp-content\/uploads\/2026\/04\/Screenshot-2026-04-08-144146.png\",\"width\":447,\"height\":418},{\"@type\":\"BreadcrumbList\",\"@id\":\"https:\/\/lux.azdigi.shop\/?product=tay-da-chet-mat-cocoon-dak-lak-coffee-face-polish#breadcrumb\",\"itemListElement\":[{\"@type\":\"ListItem\",\"position\":1,\"name\":\"Home\",\"item\":\"https:\/\/lux.azdigi.shop\/\"},{\"@type\":\"ListItem\",\"position\":2,\"name\":\"C\u1eeda h\u00e0ng\",\"item\":\"https:\/\/lux.azdigi.shop\/?page_id=120\"},{\"@type\":\"ListItem\",\"position\":3,\"name\":\"T\u1ea9y Da Ch\u1ebft M\u1eb7t Cocoon Dak Lak Coffee Face Polish\"}]},{\"@type\":\"WebSite\",\"@id\":\"https:\/\/lux.azdigi.shop\/#website\",\"url\":\"https:\/\/lux.azdigi.shop\/\",\"name\":\"Lux\",\"description\":\"\",\"publisher\":{\"@id\":\"https:\/\/lux.azdigi.shop\/#\/schema\/person\/9503659c74a3cb402669cb10b0872f8c\"},\"potentialAction\":[{\"@type\":\"SearchAction\",\"target\":{\"@type\":\"EntryPoint\",\"urlTemplate\":\"https:\/\/lux.azdigi.shop\/?s={search_term_string}\"},\"query-input\":{\"@type\":\"PropertyValueSpecification\",\"valueRequired\":true,\"valueName\":\"search_term_string\"}}],\"inLanguage\":\"vi\"},{\"@type\":[\"Person\",\"Organization\"],\"@id\":\"https:\/\/lux.azdigi.shop\/#\/schema\/person\/9503659c74a3cb402669cb10b0872f8c\",\"name\":\"Vo Hoan Thien\",\"image\":{\"@type\":\"ImageObject\",\"inLanguage\":\"vi\",\"@id\":\"https:\/\/lux.azdigi.shop\/wp-content\/uploads\/2026\/03\/Untitled-design.png\",\"url\":\"https:\/\/lux.azdigi.shop\/wp-content\/uploads\/2026\/03\/Untitled-design.png\",\"contentUrl\":\"https:\/\/lux.azdigi.shop\/wp-content\/uploads\/2026\/03\/Untitled-design.png\",\"width\":402,\"height\":288,\"caption\":\"Vo Hoan Thien\"},\"logo\":{\"@id\":\"https:\/\/lux.azdigi.shop\/wp-content\/uploads\/2026\/03\/Untitled-design.png\"},\"sameAs\":[\"https:\/\/lux.azdigi.shop\"]}]}<\/script>\n<!-- \/ Yoast SEO plugin. -->","yoast_head_json":{"title":"T\u1ea9y Da Ch\u1ebft M\u1eb7t Cocoon Dak Lak Coffee Face Polish - Lux","description":"T\u1ea9y Da Ch\u1ebft M\u1eb7t Cocoon C\u00e0 Ph\u00ea \u0110\u1eafk L\u1eafk 150ml l\u00e0 d\u00f2ng s\u1ea3n ph\u1ea9m t\u1ea9y t\u1ebf b\u00e0o ch\u1ebft da m\u1eb7t \u0111\u1ebfn t\u1eeb th\u01b0\u01a1ng hi\u1ec7u m\u1ef9 ph\u1ea9m Cocoon Vi\u1ec7t Nam.","robots":{"index":"index","follow":"follow","max-snippet":"max-snippet:-1","max-image-preview":"max-image-preview:large","max-video-preview":"max-video-preview:-1"},"canonical":"https:\/\/lux.azdigi.shop\/?product=tay-da-chet-mat-cocoon-dak-lak-coffee-face-polish","og_locale":"vi_VN","og_type":"article","og_title":"T\u1ea9y Da Ch\u1ebft M\u1eb7t Cocoon Dak Lak Coffee Face Polish - Lux","og_description":"T\u1ea9y Da Ch\u1ebft M\u1eb7t Cocoon C\u00e0 Ph\u00ea \u0110\u1eafk L\u1eafk 150ml l\u00e0 d\u00f2ng s\u1ea3n ph\u1ea9m t\u1ea9y t\u1ebf b\u00e0o ch\u1ebft da m\u1eb7t \u0111\u1ebfn t\u1eeb th\u01b0\u01a1ng hi\u1ec7u m\u1ef9 ph\u1ea9m Cocoon Vi\u1ec7t Nam.","og_url":"https:\/\/lux.azdigi.shop\/?product=tay-da-chet-mat-cocoon-dak-lak-coffee-face-polish","og_site_name":"Lux","og_image":[{"width":447,"height":418,"url":"https:\/\/lux.azdigi.shop\/wp-content\/uploads\/2026\/04\/Screenshot-2026-04-08-144146.png","type":"image\/png"}],"twitter_card":"summary_large_image","twitter_misc":{"\u01af\u1edbc t\u00ednh th\u1eddi gian \u0111\u1ecdc":"3 ph\u00fat"},"schema":{"@context":"https:\/\/schema.org","@graph":[{"@type":"WebPage","@id":"https:\/\/lux.azdigi.shop\/?product=tay-da-chet-mat-cocoon-dak-lak-coffee-face-polish","url":"https:\/\/lux.azdigi.shop\/?product=tay-da-chet-mat-cocoon-dak-lak-coffee-face-polish","name":"T\u1ea9y Da Ch\u1ebft M\u1eb7t Cocoon Dak Lak Coffee Face Polish - Lux","isPartOf":{"@id":"https:\/\/lux.azdigi.shop\/#website"},"primaryImageOfPage":{"@id":"https:\/\/lux.azdigi.shop\/?product=tay-da-chet-mat-cocoon-dak-lak-coffee-face-polish#primaryimage"},"image":{"@id":"https:\/\/lux.azdigi.shop\/?product=tay-da-chet-mat-cocoon-dak-lak-coffee-face-polish#primaryimage"},"thumbnailUrl":"https:\/\/lux.azdigi.shop\/wp-content\/uploads\/2026\/04\/Screenshot-2026-04-08-144146.png","datePublished":"2026-04-08T07:48:45+00:00","description":"T\u1ea9y Da Ch\u1ebft M\u1eb7t Cocoon C\u00e0 Ph\u00ea \u0110\u1eafk L\u1eafk 150ml l\u00e0 d\u00f2ng s\u1ea3n ph\u1ea9m t\u1ea9y t\u1ebf b\u00e0o ch\u1ebft da m\u1eb7t \u0111\u1ebfn t\u1eeb th\u01b0\u01a1ng hi\u1ec7u m\u1ef9 ph\u1ea9m Cocoon Vi\u1ec7t Nam.","breadcrumb":{"@id":"https:\/\/lux.azdigi.shop\/?product=tay-da-chet-mat-cocoon-dak-lak-coffee-face-polish#breadcrumb"},"inLanguage":"vi","potentialAction":[{"@type":"ReadAction","target":["https:\/\/lux.azdigi.shop\/?product=tay-da-chet-mat-cocoon-dak-lak-coffee-face-polish"]}]},{"@type":"ImageObject","inLanguage":"vi","@id":"https:\/\/lux.azdigi.shop\/?product=tay-da-chet-mat-cocoon-dak-lak-coffee-face-polish#primaryimage","url":"https:\/\/lux.azdigi.shop\/wp-content\/uploads\/2026\/04\/Screenshot-2026-04-08-144146.png","contentUrl":"https:\/\/lux.azdigi.shop\/wp-content\/uploads\/2026\/04\/Screenshot-2026-04-08-144146.png","width":447,"height":418},{"@type":"BreadcrumbList","@id":"https:\/\/lux.azdigi.shop\/?product=tay-da-chet-mat-cocoon-dak-lak-coffee-face-polish#breadcrumb","itemListElement":[{"@type":"ListItem","position":1,"name":"Home","item":"https:\/\/lux.azdigi.shop\/"},{"@type":"ListItem","position":2,"name":"C\u1eeda h\u00e0ng","item":"https:\/\/lux.azdigi.shop\/?page_id=120"},{"@type":"ListItem","position":3,"name":"T\u1ea9y Da Ch\u1ebft M\u1eb7t Cocoon Dak Lak Coffee Face Polish"}]},{"@type":"WebSite","@id":"https:\/\/lux.azdigi.shop\/#website","url":"https:\/\/lux.azdigi.shop\/","name":"Lux","description":"","publisher":{"@id":"https:\/\/lux.azdigi.shop\/#\/schema\/person\/9503659c74a3cb402669cb10b0872f8c"},"potentialAction":[{"@type":"SearchAction","target":{"@type":"EntryPoint","urlTemplate":"https:\/\/lux.azdigi.shop\/?s={search_term_string}"},"query-input":{"@type":"PropertyValueSpecification","valueRequired":true,"valueName":"search_term_string"}}],"inLanguage":"vi"},{"@type":["Person","Organization"],"@id":"https:\/\/lux.azdigi.shop\/#\/schema\/person\/9503659c74a3cb402669cb10b0872f8c","name":"Vo Hoan Thien","image":{"@type":"ImageObject","inLanguage":"vi","@id":"https:\/\/lux.azdigi.shop\/wp-content\/uploads\/2026\/03\/Untitled-design.png","url":"https:\/\/lux.azdigi.shop\/wp-content\/uploads\/2026\/03\/Untitled-design.png","contentUrl":"https:\/\/lux.azdigi.shop\/wp-content\/uploads\/2026\/03\/Untitled-design.png","width":402,"height":288,"caption":"Vo Hoan Thien"},"logo":{"@id":"https:\/\/lux.azdigi.shop\/wp-content\/uploads\/2026\/03\/Untitled-design.png"},"sameAs":["https:\/\/lux.azdigi.shop"]}]}},"_links":{"self":[{"href":"https:\/\/lux.azdigi.shop\/index.php?rest_route=\/wp\/v2\/product\/326","targetHints":{"allow":["GET"]}}],"collection":[{"href":"https:\/\/lux.azdigi.shop\/index.php?rest_route=\/wp\/v2\/product"}],"about":[{"href":"https:\/\/lux.azdigi.shop\/index.php?rest_route=\/wp\/v2\/types\/product"}],"replies":[{"embeddable":true,"href":"https:\/\/lux.azdigi.shop\/index.php?rest_route=%2Fwp%2Fv2%2Fcomments&post=326"}],"wp:featuredmedia":[{"embeddable":true,"href":"https:\/\/lux.azdigi.shop\/index.php?rest_route=\/wp\/v2\/media\/340"}],"wp:attachment":[{"href":"https:\/\/lux.azdigi.shop\/index.php?rest_route=%2Fwp%2Fv2%2Fmedia&parent=326"}],"wp:term":[{"taxonomy":"product_brand","embeddable":true,"href":"https:\/\/lux.azdigi.shop\/index.php?rest_route=%2Fwp%2Fv2%2Fproduct_brand&post=326"},{"taxonomy":"product_cat","embeddable":true,"href":"https:\/\/lux.azdigi.shop\/index.php?rest_route=%2Fwp%2Fv2%2Fproduct_cat&post=326"},{"taxonomy":"product_tag","embeddable":true,"href":"https:\/\/lux.azdigi.shop\/index.php?rest_route=%2Fwp%2Fv2%2Fproduct_tag&post=326"}],"curies":[{"name":"wp","href":"https:\/\/api.w.org\/{rel}","templated":true}]}}