{"id":394,"date":"2026-04-08T10:24:43","date_gmt":"2026-04-08T10:24:43","guid":{"rendered":"https:\/\/lux.azdigi.shop\/?post_type=product&#038;p=394"},"modified":"2026-04-08T10:50:48","modified_gmt":"2026-04-08T10:50:48","slug":"smoothie-tay-da-chet-huong-luu-do","status":"publish","type":"product","link":"https:\/\/lux.azdigi.shop\/?product=smoothie-tay-da-chet-huong-luu-do","title":{"rendered":"Smoothie T\u1ea9y Da Ch\u1ebft H\u01b0\u01a1ng L\u1ef1u \u0110\u1ecf"},"content":{"rendered":"<h3 data-section-id=\"1khqkak\" data-start=\"247\" data-end=\"275\">\ud83c\udf3f Gi\u1edbi thi\u1ec7u s\u1ea3n ph\u1ea9m Smoothie T\u1ea9y Da Ch\u1ebft H\u01b0\u01a1ng L\u1ef1u \u0110\u1ecf<\/h3>\n<p data-start=\"276\" data-end=\"558\">Smoothie <a href=\"https:\/\/lux.azdigi.shop\/?product_cat=tay-te-bao-chet-body\">T\u1ea9y Da Ch\u1ebft<\/a> <a href=\"https:\/\/lux.azdigi.shop\/?product_brand=dove\">Dove<\/a> Moisturizing Body Scrub Pomegranate Fragrance l\u00e0 s\u1ea3n ph\u1ea9m t\u1ea9y t\u1ebf b\u00e0o ch\u1ebft to\u00e0n th\u00e2n v\u1edbi k\u1ebft c\u1ea5u d\u1ea1ng kem m\u1ecbn, gi\u00fap <strong data-start=\"417\" data-end=\"450\">lo\u1ea1i b\u1ecf l\u1edbp da ch\u1ebft nh\u1eb9 nh\u00e0ng<\/strong> \u0111\u1ed3ng th\u1eddi nu\u00f4i d\u01b0\u1ee1ng l\u00e0n da m\u1ec1m m\u1ea1i. H\u01b0\u01a1ng l\u1ef1u \u0111\u1ecf t\u01b0\u01a1i m\u00e1t mang l\u1ea1i c\u1ea3m gi\u00e1c th\u01b0 gi\u00e3n, d\u1ec5 ch\u1ecbu khi s\u1eed d\u1ee5ng.<\/p>\n<hr data-start=\"560\" data-end=\"563\" \/>\n<h3 data-section-id=\"1rtshsh\" data-start=\"565\" data-end=\"590\">\u2728 C\u00f4ng d\u1ee5ng n\u1ed5i b\u1eadt<\/h3>\n<ul data-start=\"591\" data-end=\"844\">\n<li data-section-id=\"1jvfeir\" data-start=\"591\" data-end=\"643\"><strong data-start=\"593\" data-end=\"616\">Lo\u1ea1i b\u1ecf t\u1ebf b\u00e0o ch\u1ebft<\/strong> tr\u00ean da m\u1ed9t c\u00e1ch d\u1ecbu nh\u1eb9<\/li>\n<li data-section-id=\"1o6lchu\" data-start=\"644\" data-end=\"699\">Gi\u00fap da <strong data-start=\"654\" data-end=\"677\">m\u1ecbn m\u00e0ng, t\u01b0\u01a1i s\u00e1ng<\/strong> h\u01a1n sau khi s\u1eed d\u1ee5ng<\/li>\n<li data-section-id=\"eo18c7\" data-start=\"700\" data-end=\"755\"><strong data-start=\"702\" data-end=\"712\">C\u1ea5p \u1ea9m<\/strong> gi\u00fap da kh\u00f4ng b\u1ecb kh\u00f4 sau khi t\u1ea9y da ch\u1ebft<\/li>\n<li data-section-id=\"h1sur2\" data-start=\"756\" data-end=\"798\">Mang l\u1ea1i c\u1ea3m gi\u00e1c <strong data-start=\"776\" data-end=\"796\">m\u1ec1m m\u1ea1i, \u1ea9m m\u01b0\u1ee3t<\/strong><\/li>\n<li data-section-id=\"1qate9s\" data-start=\"799\" data-end=\"844\">L\u01b0u l\u1ea1i h\u01b0\u01a1ng th\u01a1m l\u1ef1u \u0111\u1ecf d\u1ec5 ch\u1ecbu tr\u00ean da<\/li>\n<\/ul>\n<hr data-start=\"846\" data-end=\"849\" \/>\n<h3 data-section-id=\"11ddop\" data-start=\"851\" data-end=\"882\">\ud83d\udca7 Th\u00e0nh ph\u1ea7n &amp; c\u00f4ng ngh\u1ec7<\/h3>\n<ul data-start=\"883\" data-end=\"1071\">\n<li data-section-id=\"vpw7k6\" data-start=\"883\" data-end=\"953\">H\u1ea1t scrub si\u00eau m\u1ecbn: T\u1ea9y da ch\u1ebft nh\u1eb9 nh\u00e0ng, kh\u00f4ng g\u00e2y t\u1ed5n th\u01b0\u01a1ng da<\/li>\n<li data-section-id=\"2ypzqr\" data-start=\"954\" data-end=\"1025\">C\u00f4ng th\u1ee9c <strong data-start=\"966\" data-end=\"988\">moisturizing cream<\/strong>: D\u01b0\u1ee1ng \u1ea9m trong qu\u00e1 tr\u00ecnh l\u00e0m s\u1ea1ch<\/li>\n<li data-section-id=\"7xag8d\" data-start=\"1026\" data-end=\"1071\">K\u1ebft c\u1ea5u d\u1ea1ng kem \u0111\u1eb7c, d\u1ec5 t\u00e1n, d\u1ec5 r\u1eeda s\u1ea1ch<\/li>\n<\/ul>\n<hr data-start=\"1073\" data-end=\"1076\" \/>\n<h3 data-section-id=\"w78wgh\" data-start=\"1078\" data-end=\"1105\">\ud83d\udc69\u200d\u2695\ufe0f Lo\u1ea1i da ph\u00f9 h\u1ee3p<\/h3>\n<ul data-start=\"1106\" data-end=\"1193\">\n<li data-section-id=\"jzsxv3\" data-start=\"1106\" data-end=\"1121\">M\u1ecdi lo\u1ea1i da<\/li>\n<li data-section-id=\"18ug6l7\" data-start=\"1122\" data-end=\"1193\">\u0110\u1eb7c bi\u1ec7t:\n<ul data-start=\"1138\" data-end=\"1193\">\n<li data-section-id=\"kgn2z8\" data-start=\"1138\" data-end=\"1160\">Da kh\u00f4, da x\u1ec9n m\u00e0u<\/li>\n<li data-section-id=\"1lx4wwx\" data-start=\"1163\" data-end=\"1193\">Da c\u1ea7n l\u00e0m s\u1ea1ch &amp; d\u01b0\u1ee1ng \u1ea9m<\/li>\n<\/ul>\n<\/li>\n<\/ul>\n<hr data-start=\"1195\" data-end=\"1198\" \/>\n<h3 data-section-id=\"lbo3wx\" data-start=\"1200\" data-end=\"1226\">\ud83e\uddf4 H\u01b0\u1edbng d\u1eabn s\u1eed d\u1ee5ng<\/h3>\n<ol data-start=\"1227\" data-end=\"1391\">\n<li data-section-id=\"jjvfqx\" data-start=\"1227\" data-end=\"1246\">L\u00e0m \u01b0\u1edbt c\u01a1 th\u1ec3<\/li>\n<li data-section-id=\"4r40v5\" data-start=\"1247\" data-end=\"1313\">L\u1ea5y m\u1ed9t l\u01b0\u1ee3ng v\u1eeba \u0111\u1ee7, massage nh\u1eb9 nh\u00e0ng theo chuy\u1ec3n \u0111\u1ed9ng tr\u00f2n<\/li>\n<li data-section-id=\"15hplb9\" data-start=\"1314\" data-end=\"1391\">R\u1eeda s\u1ea1ch l\u1ea1i v\u1edbi n\u01b0\u1edbc<br data-start=\"1338\" data-end=\"1341\" \/>\ud83d\udc49 S\u1eed d\u1ee5ng 2\u20133 l\u1ea7n\/tu\u1ea7n \u0111\u1ec3 \u0111\u1ea1t hi\u1ec7u qu\u1ea3 t\u1ed1t nh\u1ea5t<\/li>\n<\/ol>\n<hr data-start=\"1393\" data-end=\"1396\" \/>\n<h3 data-section-id=\"xil66r\" data-start=\"1398\" data-end=\"1421\">\u2b50 \u01afu \u0111i\u1ec3m n\u1ed5i b\u1eadt<\/h3>\n<p data-start=\"1422\" data-end=\"1547\">\u2714 D\u1ecbu nh\u1eb9, kh\u00f4ng g\u00e2y r\u00e1t da<br data-start=\"1449\" data-end=\"1452\" \/>\u2714 D\u01b0\u1ee1ng \u1ea9m t\u1ed1t, kh\u00f4ng kh\u00f4 c\u0103ng<br data-start=\"1482\" data-end=\"1485\" \/>\u2714 H\u01b0\u01a1ng th\u01a1m d\u1ec5 ch\u1ecbu, th\u01b0 gi\u00e3n<br data-start=\"1515\" data-end=\"1518\" \/>\u2714 Ph\u00f9 h\u1ee3p d\u00f9ng th\u01b0\u1eddng xuy\u00ean<\/p>\n<hr data-start=\"1549\" data-end=\"1552\" \/>\n<h3 data-section-id=\"hzpe5p\" data-start=\"1554\" data-end=\"1581\">\ud83d\udce6 Th\u00f4ng tin s\u1ea3n ph\u1ea9m<\/h3>\n<ul data-start=\"1582\" data-end=\"1712\">\n<li data-section-id=\"1tpxxcc\" data-start=\"1582\" data-end=\"1601\">Dung t\u00edch: 298g<\/li>\n<li data-section-id=\"8x6w4d\" data-start=\"1602\" data-end=\"1623\">Th\u01b0\u01a1ng hi\u1ec7u: Dove<\/li>\n<li data-section-id=\"9jov91\" data-start=\"1624\" data-end=\"1659\">M\u00f9i h\u01b0\u01a1ng: L\u1ef1u \u0111\u1ecf (Pomegranate)<\/li>\n<li data-section-id=\"1tnpc3e\" data-start=\"1660\" data-end=\"1712\">Xu\u1ea5t x\u1ee9: (t\u00f9y th\u1ecb tr\u01b0\u1eddng: M\u1ef9\/Indonesia\/Th\u00e1i Lan)<\/li>\n<\/ul>\n<hr data-start=\"1714\" data-end=\"1717\" \/>\n<h3 data-section-id=\"y76l01\" data-start=\"1719\" data-end=\"1757\">\ud83d\udd25 V\u00ec sao n\u00ean ch\u1ecdn s\u1ea3n ph\u1ea9m n\u00e0y?<\/h3>\n<p data-start=\"1758\" data-end=\"1940\">N\u1ebfu b\u1ea1n \u0111ang t\u00ecm m\u1ed9t s\u1ea3n ph\u1ea9m t\u1ea9y da ch\u1ebft body <strong data-start=\"1805\" data-end=\"1838\">d\u1ecbu nh\u1eb9 \u2013 d\u01b0\u1ee1ng \u1ea9m \u2013 th\u01a1m l\u00e2u<\/strong>, th\u00ec Dove Pomegranate Body Scrub l\u00e0 l\u1ef1a ch\u1ecdn l\u00fd t\u01b0\u1edfng gi\u00fap l\u00e0n da lu\u00f4n m\u1ec1m m\u1ea1i, m\u1ecbn m\u00e0ng v\u00e0 t\u01b0\u01a1i t\u1eafn.<\/p>\n","protected":false},"excerpt":{"rendered":"<h2 class=\"text-base leading-[1.2] mb-2\">Moisturizing Body Scrub Pomegranate Fragrance<\/h2>\n<p class=\"p-[5px] mb-2.5 text-[10px] inline-block rounded-[5px] leading-[1.2] text-[#326E51] bg-[#E5FBF1]\">M\u00f9i h\u01b0\u01a1ng:<b class=\"ml-[5px]\">L\u1ef1u<\/b><\/p>\n","protected":false},"featured_media":400,"comment_status":"open","ping_status":"closed","template":"","meta":[],"product_brand":[43],"product_cat":[40,30,29,44],"product_tag":[],"class_list":{"0":"post-394","1":"product","2":"type-product","3":"status-publish","4":"has-post-thumbnail","6":"product_brand-dove","7":"product_cat-ban-chay","8":"product_cat-flash-deals","9":"product_cat-san-pham-yeu-thich","10":"product_cat-tay-te-bao-chet-body","12":"first","13":"instock","14":"sale","15":"shipping-taxable","16":"purchasable","17":"product-type-variable"},"yoast_head":"<!-- This site is optimized with the Yoast SEO plugin v27.2 - https:\/\/yoast.com\/product\/yoast-seo-wordpress\/ -->\n<title>Smoothie T\u1ea9y Da Ch\u1ebft H\u01b0\u01a1ng L\u1ef1u \u0110\u1ecf - Lux<\/title>\n<meta name=\"description\" content=\"Smoothie T\u1ea9y Da Ch\u1ebft H\u01b0\u01a1ng L\u1ef1u \u0110\u1ecf t\u1ea9y da ch\u1ebft Dove m\u1edbi l\u00e0 d\u00f2ng s\u1ea3n ph\u1ea9m t\u1ea9y t\u1ebf b\u00e0o ch\u1ebft to\u00e0n th\u00e2n r\u1ea5t \u0111\u01b0\u1ee3c y\u00eau th\u00edch t\u1eeb th\u01b0\u01a1ng hi\u1ec7u Dove c\u1ee7a M\u1ef9.\" \/>\n<meta name=\"robots\" content=\"index, follow, max-snippet:-1, max-image-preview:large, max-video-preview:-1\" \/>\n<link rel=\"canonical\" href=\"https:\/\/lux.azdigi.shop\/?product=smoothie-tay-da-chet-huong-luu-do\" \/>\n<meta property=\"og:locale\" content=\"vi_VN\" \/>\n<meta property=\"og:type\" content=\"article\" \/>\n<meta property=\"og:title\" content=\"Smoothie T\u1ea9y Da Ch\u1ebft H\u01b0\u01a1ng L\u1ef1u \u0110\u1ecf - Lux\" \/>\n<meta property=\"og:description\" content=\"Smoothie T\u1ea9y Da Ch\u1ebft H\u01b0\u01a1ng L\u1ef1u \u0110\u1ecf t\u1ea9y da ch\u1ebft Dove m\u1edbi l\u00e0 d\u00f2ng s\u1ea3n ph\u1ea9m t\u1ea9y t\u1ebf b\u00e0o ch\u1ebft to\u00e0n th\u00e2n r\u1ea5t \u0111\u01b0\u1ee3c y\u00eau th\u00edch t\u1eeb th\u01b0\u01a1ng hi\u1ec7u Dove c\u1ee7a M\u1ef9.\" \/>\n<meta property=\"og:url\" content=\"https:\/\/lux.azdigi.shop\/?product=smoothie-tay-da-chet-huong-luu-do\" \/>\n<meta property=\"og:site_name\" content=\"Lux\" \/>\n<meta property=\"article:modified_time\" content=\"2026-04-08T10:50:48+00:00\" \/>\n<meta property=\"og:image\" content=\"https:\/\/lux.azdigi.shop\/wp-content\/uploads\/2026\/04\/Screenshot-2026-04-08-164733.png\" \/>\n\t<meta property=\"og:image:width\" content=\"446\" \/>\n\t<meta property=\"og:image:height\" content=\"427\" \/>\n\t<meta property=\"og:image:type\" content=\"image\/png\" \/>\n<meta name=\"twitter:card\" content=\"summary_large_image\" \/>\n<meta name=\"twitter:label1\" content=\"\u01af\u1edbc t\u00ednh th\u1eddi gian \u0111\u1ecdc\" \/>\n\t<meta name=\"twitter:data1\" content=\"2 ph\u00fat\" \/>\n<script type=\"application\/ld+json\" class=\"yoast-schema-graph\">{\"@context\":\"https:\/\/schema.org\",\"@graph\":[{\"@type\":\"WebPage\",\"@id\":\"https:\/\/lux.azdigi.shop\/?product=smoothie-tay-da-chet-huong-luu-do\",\"url\":\"https:\/\/lux.azdigi.shop\/?product=smoothie-tay-da-chet-huong-luu-do\",\"name\":\"Smoothie T\u1ea9y Da Ch\u1ebft H\u01b0\u01a1ng L\u1ef1u \u0110\u1ecf - Lux\",\"isPartOf\":{\"@id\":\"https:\/\/lux.azdigi.shop\/#website\"},\"primaryImageOfPage\":{\"@id\":\"https:\/\/lux.azdigi.shop\/?product=smoothie-tay-da-chet-huong-luu-do#primaryimage\"},\"image\":{\"@id\":\"https:\/\/lux.azdigi.shop\/?product=smoothie-tay-da-chet-huong-luu-do#primaryimage\"},\"thumbnailUrl\":\"https:\/\/lux.azdigi.shop\/wp-content\/uploads\/2026\/04\/Screenshot-2026-04-08-164733.png\",\"datePublished\":\"2026-04-08T10:24:43+00:00\",\"dateModified\":\"2026-04-08T10:50:48+00:00\",\"description\":\"Smoothie T\u1ea9y Da Ch\u1ebft H\u01b0\u01a1ng L\u1ef1u \u0110\u1ecf t\u1ea9y da ch\u1ebft Dove m\u1edbi l\u00e0 d\u00f2ng s\u1ea3n ph\u1ea9m t\u1ea9y t\u1ebf b\u00e0o ch\u1ebft to\u00e0n th\u00e2n r\u1ea5t \u0111\u01b0\u1ee3c y\u00eau th\u00edch t\u1eeb th\u01b0\u01a1ng hi\u1ec7u Dove c\u1ee7a M\u1ef9.\",\"breadcrumb\":{\"@id\":\"https:\/\/lux.azdigi.shop\/?product=smoothie-tay-da-chet-huong-luu-do#breadcrumb\"},\"inLanguage\":\"vi\",\"potentialAction\":[{\"@type\":\"ReadAction\",\"target\":[\"https:\/\/lux.azdigi.shop\/?product=smoothie-tay-da-chet-huong-luu-do\"]}]},{\"@type\":\"ImageObject\",\"inLanguage\":\"vi\",\"@id\":\"https:\/\/lux.azdigi.shop\/?product=smoothie-tay-da-chet-huong-luu-do#primaryimage\",\"url\":\"https:\/\/lux.azdigi.shop\/wp-content\/uploads\/2026\/04\/Screenshot-2026-04-08-164733.png\",\"contentUrl\":\"https:\/\/lux.azdigi.shop\/wp-content\/uploads\/2026\/04\/Screenshot-2026-04-08-164733.png\",\"width\":446,\"height\":427},{\"@type\":\"BreadcrumbList\",\"@id\":\"https:\/\/lux.azdigi.shop\/?product=smoothie-tay-da-chet-huong-luu-do#breadcrumb\",\"itemListElement\":[{\"@type\":\"ListItem\",\"position\":1,\"name\":\"Home\",\"item\":\"https:\/\/lux.azdigi.shop\/\"},{\"@type\":\"ListItem\",\"position\":2,\"name\":\"C\u1eeda h\u00e0ng\",\"item\":\"https:\/\/lux.azdigi.shop\/?page_id=120\"},{\"@type\":\"ListItem\",\"position\":3,\"name\":\"Smoothie T\u1ea9y Da Ch\u1ebft H\u01b0\u01a1ng L\u1ef1u \u0110\u1ecf\"}]},{\"@type\":\"WebSite\",\"@id\":\"https:\/\/lux.azdigi.shop\/#website\",\"url\":\"https:\/\/lux.azdigi.shop\/\",\"name\":\"Lux\",\"description\":\"\",\"publisher\":{\"@id\":\"https:\/\/lux.azdigi.shop\/#\/schema\/person\/9503659c74a3cb402669cb10b0872f8c\"},\"potentialAction\":[{\"@type\":\"SearchAction\",\"target\":{\"@type\":\"EntryPoint\",\"urlTemplate\":\"https:\/\/lux.azdigi.shop\/?s={search_term_string}\"},\"query-input\":{\"@type\":\"PropertyValueSpecification\",\"valueRequired\":true,\"valueName\":\"search_term_string\"}}],\"inLanguage\":\"vi\"},{\"@type\":[\"Person\",\"Organization\"],\"@id\":\"https:\/\/lux.azdigi.shop\/#\/schema\/person\/9503659c74a3cb402669cb10b0872f8c\",\"name\":\"Vo Hoan Thien\",\"image\":{\"@type\":\"ImageObject\",\"inLanguage\":\"vi\",\"@id\":\"https:\/\/lux.azdigi.shop\/wp-content\/uploads\/2026\/03\/Untitled-design.png\",\"url\":\"https:\/\/lux.azdigi.shop\/wp-content\/uploads\/2026\/03\/Untitled-design.png\",\"contentUrl\":\"https:\/\/lux.azdigi.shop\/wp-content\/uploads\/2026\/03\/Untitled-design.png\",\"width\":402,\"height\":288,\"caption\":\"Vo Hoan Thien\"},\"logo\":{\"@id\":\"https:\/\/lux.azdigi.shop\/wp-content\/uploads\/2026\/03\/Untitled-design.png\"},\"sameAs\":[\"https:\/\/lux.azdigi.shop\"]}]}<\/script>\n<!-- \/ Yoast SEO plugin. -->","yoast_head_json":{"title":"Smoothie T\u1ea9y Da Ch\u1ebft H\u01b0\u01a1ng L\u1ef1u \u0110\u1ecf - Lux","description":"Smoothie T\u1ea9y Da Ch\u1ebft H\u01b0\u01a1ng L\u1ef1u \u0110\u1ecf t\u1ea9y da ch\u1ebft Dove m\u1edbi l\u00e0 d\u00f2ng s\u1ea3n ph\u1ea9m t\u1ea9y t\u1ebf b\u00e0o ch\u1ebft to\u00e0n th\u00e2n r\u1ea5t \u0111\u01b0\u1ee3c y\u00eau th\u00edch t\u1eeb th\u01b0\u01a1ng hi\u1ec7u Dove c\u1ee7a M\u1ef9.","robots":{"index":"index","follow":"follow","max-snippet":"max-snippet:-1","max-image-preview":"max-image-preview:large","max-video-preview":"max-video-preview:-1"},"canonical":"https:\/\/lux.azdigi.shop\/?product=smoothie-tay-da-chet-huong-luu-do","og_locale":"vi_VN","og_type":"article","og_title":"Smoothie T\u1ea9y Da Ch\u1ebft H\u01b0\u01a1ng L\u1ef1u \u0110\u1ecf - Lux","og_description":"Smoothie T\u1ea9y Da Ch\u1ebft H\u01b0\u01a1ng L\u1ef1u \u0110\u1ecf t\u1ea9y da ch\u1ebft Dove m\u1edbi l\u00e0 d\u00f2ng s\u1ea3n ph\u1ea9m t\u1ea9y t\u1ebf b\u00e0o ch\u1ebft to\u00e0n th\u00e2n r\u1ea5t \u0111\u01b0\u1ee3c y\u00eau th\u00edch t\u1eeb th\u01b0\u01a1ng hi\u1ec7u Dove c\u1ee7a M\u1ef9.","og_url":"https:\/\/lux.azdigi.shop\/?product=smoothie-tay-da-chet-huong-luu-do","og_site_name":"Lux","article_modified_time":"2026-04-08T10:50:48+00:00","og_image":[{"width":446,"height":427,"url":"https:\/\/lux.azdigi.shop\/wp-content\/uploads\/2026\/04\/Screenshot-2026-04-08-164733.png","type":"image\/png"}],"twitter_card":"summary_large_image","twitter_misc":{"\u01af\u1edbc t\u00ednh th\u1eddi gian \u0111\u1ecdc":"2 ph\u00fat"},"schema":{"@context":"https:\/\/schema.org","@graph":[{"@type":"WebPage","@id":"https:\/\/lux.azdigi.shop\/?product=smoothie-tay-da-chet-huong-luu-do","url":"https:\/\/lux.azdigi.shop\/?product=smoothie-tay-da-chet-huong-luu-do","name":"Smoothie T\u1ea9y Da Ch\u1ebft H\u01b0\u01a1ng L\u1ef1u \u0110\u1ecf - Lux","isPartOf":{"@id":"https:\/\/lux.azdigi.shop\/#website"},"primaryImageOfPage":{"@id":"https:\/\/lux.azdigi.shop\/?product=smoothie-tay-da-chet-huong-luu-do#primaryimage"},"image":{"@id":"https:\/\/lux.azdigi.shop\/?product=smoothie-tay-da-chet-huong-luu-do#primaryimage"},"thumbnailUrl":"https:\/\/lux.azdigi.shop\/wp-content\/uploads\/2026\/04\/Screenshot-2026-04-08-164733.png","datePublished":"2026-04-08T10:24:43+00:00","dateModified":"2026-04-08T10:50:48+00:00","description":"Smoothie T\u1ea9y Da Ch\u1ebft H\u01b0\u01a1ng L\u1ef1u \u0110\u1ecf t\u1ea9y da ch\u1ebft Dove m\u1edbi l\u00e0 d\u00f2ng s\u1ea3n ph\u1ea9m t\u1ea9y t\u1ebf b\u00e0o ch\u1ebft to\u00e0n th\u00e2n r\u1ea5t \u0111\u01b0\u1ee3c y\u00eau th\u00edch t\u1eeb th\u01b0\u01a1ng hi\u1ec7u Dove c\u1ee7a M\u1ef9.","breadcrumb":{"@id":"https:\/\/lux.azdigi.shop\/?product=smoothie-tay-da-chet-huong-luu-do#breadcrumb"},"inLanguage":"vi","potentialAction":[{"@type":"ReadAction","target":["https:\/\/lux.azdigi.shop\/?product=smoothie-tay-da-chet-huong-luu-do"]}]},{"@type":"ImageObject","inLanguage":"vi","@id":"https:\/\/lux.azdigi.shop\/?product=smoothie-tay-da-chet-huong-luu-do#primaryimage","url":"https:\/\/lux.azdigi.shop\/wp-content\/uploads\/2026\/04\/Screenshot-2026-04-08-164733.png","contentUrl":"https:\/\/lux.azdigi.shop\/wp-content\/uploads\/2026\/04\/Screenshot-2026-04-08-164733.png","width":446,"height":427},{"@type":"BreadcrumbList","@id":"https:\/\/lux.azdigi.shop\/?product=smoothie-tay-da-chet-huong-luu-do#breadcrumb","itemListElement":[{"@type":"ListItem","position":1,"name":"Home","item":"https:\/\/lux.azdigi.shop\/"},{"@type":"ListItem","position":2,"name":"C\u1eeda h\u00e0ng","item":"https:\/\/lux.azdigi.shop\/?page_id=120"},{"@type":"ListItem","position":3,"name":"Smoothie T\u1ea9y Da Ch\u1ebft H\u01b0\u01a1ng L\u1ef1u \u0110\u1ecf"}]},{"@type":"WebSite","@id":"https:\/\/lux.azdigi.shop\/#website","url":"https:\/\/lux.azdigi.shop\/","name":"Lux","description":"","publisher":{"@id":"https:\/\/lux.azdigi.shop\/#\/schema\/person\/9503659c74a3cb402669cb10b0872f8c"},"potentialAction":[{"@type":"SearchAction","target":{"@type":"EntryPoint","urlTemplate":"https:\/\/lux.azdigi.shop\/?s={search_term_string}"},"query-input":{"@type":"PropertyValueSpecification","valueRequired":true,"valueName":"search_term_string"}}],"inLanguage":"vi"},{"@type":["Person","Organization"],"@id":"https:\/\/lux.azdigi.shop\/#\/schema\/person\/9503659c74a3cb402669cb10b0872f8c","name":"Vo Hoan Thien","image":{"@type":"ImageObject","inLanguage":"vi","@id":"https:\/\/lux.azdigi.shop\/wp-content\/uploads\/2026\/03\/Untitled-design.png","url":"https:\/\/lux.azdigi.shop\/wp-content\/uploads\/2026\/03\/Untitled-design.png","contentUrl":"https:\/\/lux.azdigi.shop\/wp-content\/uploads\/2026\/03\/Untitled-design.png","width":402,"height":288,"caption":"Vo Hoan Thien"},"logo":{"@id":"https:\/\/lux.azdigi.shop\/wp-content\/uploads\/2026\/03\/Untitled-design.png"},"sameAs":["https:\/\/lux.azdigi.shop"]}]}},"_links":{"self":[{"href":"https:\/\/lux.azdigi.shop\/index.php?rest_route=\/wp\/v2\/product\/394","targetHints":{"allow":["GET"]}}],"collection":[{"href":"https:\/\/lux.azdigi.shop\/index.php?rest_route=\/wp\/v2\/product"}],"about":[{"href":"https:\/\/lux.azdigi.shop\/index.php?rest_route=\/wp\/v2\/types\/product"}],"replies":[{"embeddable":true,"href":"https:\/\/lux.azdigi.shop\/index.php?rest_route=%2Fwp%2Fv2%2Fcomments&post=394"}],"wp:featuredmedia":[{"embeddable":true,"href":"https:\/\/lux.azdigi.shop\/index.php?rest_route=\/wp\/v2\/media\/400"}],"wp:attachment":[{"href":"https:\/\/lux.azdigi.shop\/index.php?rest_route=%2Fwp%2Fv2%2Fmedia&parent=394"}],"wp:term":[{"taxonomy":"product_brand","embeddable":true,"href":"https:\/\/lux.azdigi.shop\/index.php?rest_route=%2Fwp%2Fv2%2Fproduct_brand&post=394"},{"taxonomy":"product_cat","embeddable":true,"href":"https:\/\/lux.azdigi.shop\/index.php?rest_route=%2Fwp%2Fv2%2Fproduct_cat&post=394"},{"taxonomy":"product_tag","embeddable":true,"href":"https:\/\/lux.azdigi.shop\/index.php?rest_route=%2Fwp%2Fv2%2Fproduct_tag&post=394"}],"curies":[{"name":"wp","href":"https:\/\/api.w.org\/{rel}","templated":true}]}}