{"id":463,"date":"2026-04-10T15:21:28","date_gmt":"2026-04-10T15:21:28","guid":{"rendered":"https:\/\/lux.azdigi.shop\/?post_type=product&#038;p=463"},"modified":"2026-04-10T15:23:43","modified_gmt":"2026-04-10T15:23:43","slug":"serum-skin1004-madagascar-centella-ampoule","status":"publish","type":"product","link":"https:\/\/lux.azdigi.shop\/?product=serum-skin1004-madagascar-centella-ampoule","title":{"rendered":"Serum Skin1004 Madagascar Centella Ampoule"},"content":{"rendered":"<h3 data-section-id=\"1khqkak\" data-start=\"238\" data-end=\"266\">\ud83c\udf3f Gi\u1edbi thi\u1ec7u s\u1ea3n ph\u1ea9m<\/h3>\n<p data-start=\"267\" data-end=\"560\">Serum SKIN1004 Madagascar Centella Ampoule l\u00e0 tinh ch\u1ea5t d\u01b0\u1ee1ng da n\u1ed5i b\u1eadt v\u1edbi th\u00e0nh ph\u1ea7n ch\u00ednh t\u1eeb <strong data-start=\"364\" data-end=\"397\">rau m\u00e1 Madagascar nguy\u00ean ch\u1ea5t<\/strong>, gi\u00fap <strong data-start=\"404\" data-end=\"455\">l\u00e0m d\u1ecbu da, gi\u1ea3m k\u00edch \u1ee9ng v\u00e0 h\u1ed7 tr\u1ee3 ph\u1ee5c h\u1ed3i da<\/strong>. K\u1ebft c\u1ea5u l\u1ecfng nh\u1eb9, th\u1ea5m nhanh, ph\u00f9 h\u1ee3p v\u1edbi m\u1ecdi lo\u1ea1i da, \u0111\u1eb7c bi\u1ec7t l\u00e0 da nh\u1ea1y c\u1ea3m v\u00e0 da \u0111ang c\u1ea7n ph\u1ee5c h\u1ed3i.<\/p>\n<hr data-start=\"562\" data-end=\"565\" \/>\n<h3 data-section-id=\"1rtshsh\" data-start=\"567\" data-end=\"592\">\u2728 C\u00f4ng d\u1ee5ng n\u1ed5i b\u1eadt<\/h3>\n<ul data-start=\"593\" data-end=\"815\">\n<li data-section-id=\"1dots33\" data-start=\"593\" data-end=\"644\"><strong data-start=\"595\" data-end=\"621\">L\u00e0m d\u1ecbu da nhanh ch\u00f3ng<\/strong>, gi\u1ea3m \u0111\u1ecf v\u00e0 k\u00edch \u1ee9ng<\/li>\n<li data-section-id=\"q5bbnc\" data-start=\"645\" data-end=\"687\">H\u1ed7 tr\u1ee3 <strong data-start=\"654\" data-end=\"685\">ph\u1ee5c h\u1ed3i h\u00e0ng r\u00e0o b\u1ea3o v\u1ec7 da<\/strong><\/li>\n<li data-section-id=\"1wqrho\" data-start=\"688\" data-end=\"732\">C\u1ea5p \u1ea9m nh\u1eb9, gi\u00fap da m\u1ec1m m\u1ecbn v\u00e0 c\u0103ng m\u01b0\u1edbt<\/li>\n<li data-section-id=\"1yb0i6g\" data-start=\"733\" data-end=\"779\">Gi\u00fap da kh\u1ecfe h\u01a1n, gi\u1ea3m t\u00ecnh tr\u1ea1ng nh\u1ea1y c\u1ea3m<\/li>\n<li data-section-id=\"dlwpge\" data-start=\"780\" data-end=\"815\">H\u1ed7 tr\u1ee3 c\u1ea3i thi\u1ec7n da m\u1ee5n, da y\u1ebfu<\/li>\n<\/ul>\n<hr data-start=\"817\" data-end=\"820\" \/>\n<h3 data-section-id=\"gh8sif\" data-start=\"822\" data-end=\"847\">\ud83d\udca7 Th\u00e0nh ph\u1ea7n ch\u00ednh<\/h3>\n<ul data-start=\"848\" data-end=\"989\">\n<li data-section-id=\"qxme8m\" data-start=\"848\" data-end=\"915\"><strong data-start=\"850\" data-end=\"891\">Centella Asiatica (Rau m\u00e1 Madagascar)<\/strong>: L\u00e0m d\u1ecbu, ph\u1ee5c h\u1ed3i da<\/li>\n<li data-section-id=\"xewgye\" data-start=\"916\" data-end=\"949\">C\u00f4ng th\u1ee9c t\u1ed1i gi\u1ea3n, l\u00e0nh t\u00ednh<\/li>\n<li data-section-id=\"1nsy6pz\" data-start=\"950\" data-end=\"989\">Kh\u00f4ng ch\u1ee9a c\u1ed3n, h\u01b0\u01a1ng li\u1ec7u, paraben<\/li>\n<\/ul>\n<hr data-start=\"991\" data-end=\"994\" \/>\n<h3 data-section-id=\"w78wgh\" data-start=\"996\" data-end=\"1023\">\ud83d\udc69\u200d\u2695\ufe0f Lo\u1ea1i da ph\u00f9 h\u1ee3p<\/h3>\n<ul data-start=\"1024\" data-end=\"1134\">\n<li data-section-id=\"jzsxv3\" data-start=\"1024\" data-end=\"1039\">M\u1ecdi lo\u1ea1i da<\/li>\n<li data-section-id=\"tlexsb\" data-start=\"1040\" data-end=\"1134\">\u0110\u1eb7c bi\u1ec7t:\n<ul data-start=\"1056\" data-end=\"1134\">\n<li data-section-id=\"1ndr97i\" data-start=\"1056\" data-end=\"1071\">Da nh\u1ea1y c\u1ea3m<\/li>\n<li data-section-id=\"3vrcb3\" data-start=\"1074\" data-end=\"1097\">Da m\u1ee5n, da k\u00edch \u1ee9ng<\/li>\n<li data-section-id=\"1av3sqj\" data-start=\"1100\" data-end=\"1134\">Da \u0111ang ph\u1ee5c h\u1ed3i sau treatment<\/li>\n<\/ul>\n<\/li>\n<\/ul>\n<hr data-start=\"1136\" data-end=\"1139\" \/>\n<h3 data-section-id=\"lbo3wx\" data-start=\"1141\" data-end=\"1167\">\ud83e\uddf4 H\u01b0\u1edbng d\u1eabn s\u1eed d\u1ee5ng<\/h3>\n<ol data-start=\"1168\" data-end=\"1303\">\n<li data-section-id=\"m9pcds\" data-start=\"1168\" data-end=\"1207\">Sau b\u01b0\u1edbc toner, l\u1ea5y 2\u20133 gi\u1ecdt serum<\/li>\n<li data-section-id=\"1np0te0\" data-start=\"1208\" data-end=\"1229\">Thoa \u0111\u1ec1u l\u00ean m\u1eb7t<\/li>\n<li data-section-id=\"9fimu9\" data-start=\"1230\" data-end=\"1264\">V\u1ed7 nh\u1eb9 \u0111\u1ec3 tinh ch\u1ea5t th\u1ea9m th\u1ea5u<\/li>\n<li data-section-id=\"th2egc\" data-start=\"1265\" data-end=\"1303\">Ti\u1ebfp t\u1ee5c c\u00e1c b\u01b0\u1edbc d\u01b0\u1ee1ng ti\u1ebfp theo<\/li>\n<\/ol>\n<hr data-start=\"1305\" data-end=\"1308\" \/>\n<h3 data-section-id=\"xil66r\" data-start=\"1310\" data-end=\"1333\">\u2b50 \u01afu \u0111i\u1ec3m n\u1ed5i b\u1eadt<\/h3>\n<p data-start=\"1334\" data-end=\"1458\">\u2714 Th\u00e0nh ph\u1ea7n t\u1ed1i gi\u1ea3n, l\u00e0nh t\u00ednh<br data-start=\"1366\" data-end=\"1369\" \/>\u2714 D\u1ecbu nh\u1eb9, kh\u00f4ng g\u00e2y k\u00edch \u1ee9ng<br data-start=\"1398\" data-end=\"1401\" \/>\u2714 Th\u1ea5m nhanh, kh\u00f4ng nh\u1eddn r\u00edt<br data-start=\"1429\" data-end=\"1432\" \/>\u2714 Ph\u00f9 h\u1ee3p d\u00f9ng h\u1eb1ng ng\u00e0y<\/p>\n<hr data-start=\"1460\" data-end=\"1463\" \/>\n<h3 data-section-id=\"hzpe5p\" data-start=\"1465\" data-end=\"1492\">\ud83d\udce6 Th\u00f4ng tin s\u1ea3n ph\u1ea9m<\/h3>\n<ul data-start=\"1493\" data-end=\"1605\">\n<li data-section-id=\"1p3yq23\" data-start=\"1493\" data-end=\"1527\">Dung t\u00edch: 30ml \/ 55ml \/ 100ml<\/li>\n<li data-section-id=\"1evzqxr\" data-start=\"1528\" data-end=\"1553\">Th\u01b0\u01a1ng hi\u1ec7u: SKIN1004<\/li>\n<li data-section-id=\"1u8iswp\" data-start=\"1554\" data-end=\"1583\">D\u00f2ng: Madagascar Centella<\/li>\n<li data-section-id=\"uzfz3j\" data-start=\"1584\" data-end=\"1605\">Xu\u1ea5t x\u1ee9: H\u00e0n Qu\u1ed1c<\/li>\n<\/ul>\n<hr data-start=\"1607\" data-end=\"1610\" \/>\n<h3 data-section-id=\"y76l01\" data-start=\"1612\" data-end=\"1650\">\ud83d\udd25 V\u00ec sao n\u00ean ch\u1ecdn s\u1ea3n ph\u1ea9m n\u00e0y?<\/h3>\n<p data-start=\"1651\" data-end=\"1855\">N\u1ebfu b\u1ea1n \u0111ang t\u00ecm m\u1ed9t s\u1ea3n ph\u1ea9m serum <strong data-start=\"1687\" data-end=\"1731\">d\u1ecbu nh\u1eb9 \u2013 ph\u1ee5c h\u1ed3i \u2013 ph\u00f9 h\u1ee3p da nh\u1ea1y c\u1ea3m<\/strong>, th\u00ec SKIN1004 Madagascar Centella Ampoule l\u00e0 l\u1ef1a ch\u1ecdn l\u00fd t\u01b0\u1edfng gi\u00fap l\u00e0n da kh\u1ecfe m\u1ea1nh, c\u00e2n b\u1eb1ng v\u00e0 \u00edt k\u00edch \u1ee9ng h\u01a1n m\u1ed7i ng\u00e0y.<\/p>\n","protected":false},"excerpt":{"rendered":"<h2 class=\"text-base leading-[1.2] mb-2\">Madagascar Centella Ampoule<\/h2>\n<p class=\"p-[5px] mb-2.5 text-[10px] inline-block rounded-[5px] leading-[1.2] text-[#326E51] bg-[#E5FBF1]\">\n","protected":false},"featured_media":471,"comment_status":"open","ping_status":"closed","template":"","meta":[],"product_brand":[45],"product_cat":[40,30,29,47],"product_tag":[],"class_list":{"0":"post-463","1":"product","2":"type-product","3":"status-publish","4":"has-post-thumbnail","6":"product_brand-skin1004","7":"product_cat-ban-chay","8":"product_cat-flash-deals","9":"product_cat-san-pham-yeu-thich","10":"product_cat-serum-tinh-chat","12":"first","13":"instock","14":"sale","15":"shipping-taxable","16":"purchasable","17":"product-type-variable"},"yoast_head":"<!-- This site is optimized with the Yoast SEO plugin v27.2 - https:\/\/yoast.com\/product\/yoast-seo-wordpress\/ -->\n<title>Serum Skin1004 Madagascar Centella Ampoule - Lux<\/title>\n<meta name=\"description\" content=\"Serum Skin1004 Rau M\u00e1 L\u00e0m D\u1ecbu &amp; H\u1ed7 Tr\u1ee3 Ph\u1ee5c H\u1ed3i Da Madagascar Centella Ampoule l\u00e0 d\u00f2ng s\u1ea3n ph\u1ea9m serum c\u1ee7a th\u01b0\u01a1ng hi\u1ec7u ch\u0103m s\u00f3c da Skin1004 \u0111\u1ebfn t\u1eeb H\u00e0n Qu\u1ed1c.\" \/>\n<meta name=\"robots\" content=\"index, follow, max-snippet:-1, max-image-preview:large, max-video-preview:-1\" \/>\n<link rel=\"canonical\" href=\"https:\/\/lux.azdigi.shop\/?product=serum-skin1004-madagascar-centella-ampoule\" \/>\n<meta property=\"og:locale\" content=\"vi_VN\" \/>\n<meta property=\"og:type\" content=\"article\" \/>\n<meta property=\"og:title\" content=\"Serum Skin1004 Madagascar Centella Ampoule - Lux\" \/>\n<meta property=\"og:description\" content=\"Serum Skin1004 Rau M\u00e1 L\u00e0m D\u1ecbu &amp; H\u1ed7 Tr\u1ee3 Ph\u1ee5c H\u1ed3i Da Madagascar Centella Ampoule l\u00e0 d\u00f2ng s\u1ea3n ph\u1ea9m serum c\u1ee7a th\u01b0\u01a1ng hi\u1ec7u ch\u0103m s\u00f3c da Skin1004 \u0111\u1ebfn t\u1eeb H\u00e0n Qu\u1ed1c.\" \/>\n<meta property=\"og:url\" content=\"https:\/\/lux.azdigi.shop\/?product=serum-skin1004-madagascar-centella-ampoule\" \/>\n<meta property=\"og:site_name\" content=\"Lux\" \/>\n<meta property=\"article:modified_time\" content=\"2026-04-10T15:23:43+00:00\" \/>\n<meta property=\"og:image\" content=\"https:\/\/lux.azdigi.shop\/wp-content\/uploads\/2026\/04\/Screenshot-2026-04-10-221143.png\" \/>\n\t<meta property=\"og:image:width\" content=\"435\" \/>\n\t<meta property=\"og:image:height\" content=\"430\" \/>\n\t<meta property=\"og:image:type\" content=\"image\/png\" \/>\n<meta name=\"twitter:card\" content=\"summary_large_image\" \/>\n<meta name=\"twitter:label1\" content=\"\u01af\u1edbc t\u00ednh th\u1eddi gian \u0111\u1ecdc\" \/>\n\t<meta name=\"twitter:data1\" content=\"2 ph\u00fat\" \/>\n<script type=\"application\/ld+json\" class=\"yoast-schema-graph\">{\"@context\":\"https:\/\/schema.org\",\"@graph\":[{\"@type\":\"WebPage\",\"@id\":\"https:\/\/lux.azdigi.shop\/?product=serum-skin1004-madagascar-centella-ampoule\",\"url\":\"https:\/\/lux.azdigi.shop\/?product=serum-skin1004-madagascar-centella-ampoule\",\"name\":\"Serum Skin1004 Madagascar Centella Ampoule - Lux\",\"isPartOf\":{\"@id\":\"https:\/\/lux.azdigi.shop\/#website\"},\"primaryImageOfPage\":{\"@id\":\"https:\/\/lux.azdigi.shop\/?product=serum-skin1004-madagascar-centella-ampoule#primaryimage\"},\"image\":{\"@id\":\"https:\/\/lux.azdigi.shop\/?product=serum-skin1004-madagascar-centella-ampoule#primaryimage\"},\"thumbnailUrl\":\"https:\/\/lux.azdigi.shop\/wp-content\/uploads\/2026\/04\/Screenshot-2026-04-10-221143.png\",\"datePublished\":\"2026-04-10T15:21:28+00:00\",\"dateModified\":\"2026-04-10T15:23:43+00:00\",\"description\":\"Serum Skin1004 Rau M\u00e1 L\u00e0m D\u1ecbu & H\u1ed7 Tr\u1ee3 Ph\u1ee5c H\u1ed3i Da Madagascar Centella Ampoule l\u00e0 d\u00f2ng s\u1ea3n ph\u1ea9m serum c\u1ee7a th\u01b0\u01a1ng hi\u1ec7u ch\u0103m s\u00f3c da Skin1004 \u0111\u1ebfn t\u1eeb H\u00e0n Qu\u1ed1c.\",\"breadcrumb\":{\"@id\":\"https:\/\/lux.azdigi.shop\/?product=serum-skin1004-madagascar-centella-ampoule#breadcrumb\"},\"inLanguage\":\"vi\",\"potentialAction\":[{\"@type\":\"ReadAction\",\"target\":[\"https:\/\/lux.azdigi.shop\/?product=serum-skin1004-madagascar-centella-ampoule\"]}]},{\"@type\":\"ImageObject\",\"inLanguage\":\"vi\",\"@id\":\"https:\/\/lux.azdigi.shop\/?product=serum-skin1004-madagascar-centella-ampoule#primaryimage\",\"url\":\"https:\/\/lux.azdigi.shop\/wp-content\/uploads\/2026\/04\/Screenshot-2026-04-10-221143.png\",\"contentUrl\":\"https:\/\/lux.azdigi.shop\/wp-content\/uploads\/2026\/04\/Screenshot-2026-04-10-221143.png\",\"width\":435,\"height\":430},{\"@type\":\"BreadcrumbList\",\"@id\":\"https:\/\/lux.azdigi.shop\/?product=serum-skin1004-madagascar-centella-ampoule#breadcrumb\",\"itemListElement\":[{\"@type\":\"ListItem\",\"position\":1,\"name\":\"Home\",\"item\":\"https:\/\/lux.azdigi.shop\/\"},{\"@type\":\"ListItem\",\"position\":2,\"name\":\"C\u1eeda h\u00e0ng\",\"item\":\"https:\/\/lux.azdigi.shop\/?page_id=120\"},{\"@type\":\"ListItem\",\"position\":3,\"name\":\"Serum Skin1004 Madagascar Centella Ampoule\"}]},{\"@type\":\"WebSite\",\"@id\":\"https:\/\/lux.azdigi.shop\/#website\",\"url\":\"https:\/\/lux.azdigi.shop\/\",\"name\":\"Lux\",\"description\":\"\",\"publisher\":{\"@id\":\"https:\/\/lux.azdigi.shop\/#\/schema\/person\/9503659c74a3cb402669cb10b0872f8c\"},\"potentialAction\":[{\"@type\":\"SearchAction\",\"target\":{\"@type\":\"EntryPoint\",\"urlTemplate\":\"https:\/\/lux.azdigi.shop\/?s={search_term_string}\"},\"query-input\":{\"@type\":\"PropertyValueSpecification\",\"valueRequired\":true,\"valueName\":\"search_term_string\"}}],\"inLanguage\":\"vi\"},{\"@type\":[\"Person\",\"Organization\"],\"@id\":\"https:\/\/lux.azdigi.shop\/#\/schema\/person\/9503659c74a3cb402669cb10b0872f8c\",\"name\":\"Vo Hoan Thien\",\"image\":{\"@type\":\"ImageObject\",\"inLanguage\":\"vi\",\"@id\":\"https:\/\/lux.azdigi.shop\/wp-content\/uploads\/2026\/03\/Untitled-design.png\",\"url\":\"https:\/\/lux.azdigi.shop\/wp-content\/uploads\/2026\/03\/Untitled-design.png\",\"contentUrl\":\"https:\/\/lux.azdigi.shop\/wp-content\/uploads\/2026\/03\/Untitled-design.png\",\"width\":402,\"height\":288,\"caption\":\"Vo Hoan Thien\"},\"logo\":{\"@id\":\"https:\/\/lux.azdigi.shop\/wp-content\/uploads\/2026\/03\/Untitled-design.png\"},\"sameAs\":[\"https:\/\/lux.azdigi.shop\"]}]}<\/script>\n<!-- \/ Yoast SEO plugin. -->","yoast_head_json":{"title":"Serum Skin1004 Madagascar Centella Ampoule - Lux","description":"Serum Skin1004 Rau M\u00e1 L\u00e0m D\u1ecbu & H\u1ed7 Tr\u1ee3 Ph\u1ee5c H\u1ed3i Da Madagascar Centella Ampoule l\u00e0 d\u00f2ng s\u1ea3n ph\u1ea9m serum c\u1ee7a th\u01b0\u01a1ng hi\u1ec7u ch\u0103m s\u00f3c da Skin1004 \u0111\u1ebfn t\u1eeb H\u00e0n Qu\u1ed1c.","robots":{"index":"index","follow":"follow","max-snippet":"max-snippet:-1","max-image-preview":"max-image-preview:large","max-video-preview":"max-video-preview:-1"},"canonical":"https:\/\/lux.azdigi.shop\/?product=serum-skin1004-madagascar-centella-ampoule","og_locale":"vi_VN","og_type":"article","og_title":"Serum Skin1004 Madagascar Centella Ampoule - Lux","og_description":"Serum Skin1004 Rau M\u00e1 L\u00e0m D\u1ecbu & H\u1ed7 Tr\u1ee3 Ph\u1ee5c H\u1ed3i Da Madagascar Centella Ampoule l\u00e0 d\u00f2ng s\u1ea3n ph\u1ea9m serum c\u1ee7a th\u01b0\u01a1ng hi\u1ec7u ch\u0103m s\u00f3c da Skin1004 \u0111\u1ebfn t\u1eeb H\u00e0n Qu\u1ed1c.","og_url":"https:\/\/lux.azdigi.shop\/?product=serum-skin1004-madagascar-centella-ampoule","og_site_name":"Lux","article_modified_time":"2026-04-10T15:23:43+00:00","og_image":[{"width":435,"height":430,"url":"https:\/\/lux.azdigi.shop\/wp-content\/uploads\/2026\/04\/Screenshot-2026-04-10-221143.png","type":"image\/png"}],"twitter_card":"summary_large_image","twitter_misc":{"\u01af\u1edbc t\u00ednh th\u1eddi gian \u0111\u1ecdc":"2 ph\u00fat"},"schema":{"@context":"https:\/\/schema.org","@graph":[{"@type":"WebPage","@id":"https:\/\/lux.azdigi.shop\/?product=serum-skin1004-madagascar-centella-ampoule","url":"https:\/\/lux.azdigi.shop\/?product=serum-skin1004-madagascar-centella-ampoule","name":"Serum Skin1004 Madagascar Centella Ampoule - Lux","isPartOf":{"@id":"https:\/\/lux.azdigi.shop\/#website"},"primaryImageOfPage":{"@id":"https:\/\/lux.azdigi.shop\/?product=serum-skin1004-madagascar-centella-ampoule#primaryimage"},"image":{"@id":"https:\/\/lux.azdigi.shop\/?product=serum-skin1004-madagascar-centella-ampoule#primaryimage"},"thumbnailUrl":"https:\/\/lux.azdigi.shop\/wp-content\/uploads\/2026\/04\/Screenshot-2026-04-10-221143.png","datePublished":"2026-04-10T15:21:28+00:00","dateModified":"2026-04-10T15:23:43+00:00","description":"Serum Skin1004 Rau M\u00e1 L\u00e0m D\u1ecbu & H\u1ed7 Tr\u1ee3 Ph\u1ee5c H\u1ed3i Da Madagascar Centella Ampoule l\u00e0 d\u00f2ng s\u1ea3n ph\u1ea9m serum c\u1ee7a th\u01b0\u01a1ng hi\u1ec7u ch\u0103m s\u00f3c da Skin1004 \u0111\u1ebfn t\u1eeb H\u00e0n Qu\u1ed1c.","breadcrumb":{"@id":"https:\/\/lux.azdigi.shop\/?product=serum-skin1004-madagascar-centella-ampoule#breadcrumb"},"inLanguage":"vi","potentialAction":[{"@type":"ReadAction","target":["https:\/\/lux.azdigi.shop\/?product=serum-skin1004-madagascar-centella-ampoule"]}]},{"@type":"ImageObject","inLanguage":"vi","@id":"https:\/\/lux.azdigi.shop\/?product=serum-skin1004-madagascar-centella-ampoule#primaryimage","url":"https:\/\/lux.azdigi.shop\/wp-content\/uploads\/2026\/04\/Screenshot-2026-04-10-221143.png","contentUrl":"https:\/\/lux.azdigi.shop\/wp-content\/uploads\/2026\/04\/Screenshot-2026-04-10-221143.png","width":435,"height":430},{"@type":"BreadcrumbList","@id":"https:\/\/lux.azdigi.shop\/?product=serum-skin1004-madagascar-centella-ampoule#breadcrumb","itemListElement":[{"@type":"ListItem","position":1,"name":"Home","item":"https:\/\/lux.azdigi.shop\/"},{"@type":"ListItem","position":2,"name":"C\u1eeda h\u00e0ng","item":"https:\/\/lux.azdigi.shop\/?page_id=120"},{"@type":"ListItem","position":3,"name":"Serum Skin1004 Madagascar Centella Ampoule"}]},{"@type":"WebSite","@id":"https:\/\/lux.azdigi.shop\/#website","url":"https:\/\/lux.azdigi.shop\/","name":"Lux","description":"","publisher":{"@id":"https:\/\/lux.azdigi.shop\/#\/schema\/person\/9503659c74a3cb402669cb10b0872f8c"},"potentialAction":[{"@type":"SearchAction","target":{"@type":"EntryPoint","urlTemplate":"https:\/\/lux.azdigi.shop\/?s={search_term_string}"},"query-input":{"@type":"PropertyValueSpecification","valueRequired":true,"valueName":"search_term_string"}}],"inLanguage":"vi"},{"@type":["Person","Organization"],"@id":"https:\/\/lux.azdigi.shop\/#\/schema\/person\/9503659c74a3cb402669cb10b0872f8c","name":"Vo Hoan Thien","image":{"@type":"ImageObject","inLanguage":"vi","@id":"https:\/\/lux.azdigi.shop\/wp-content\/uploads\/2026\/03\/Untitled-design.png","url":"https:\/\/lux.azdigi.shop\/wp-content\/uploads\/2026\/03\/Untitled-design.png","contentUrl":"https:\/\/lux.azdigi.shop\/wp-content\/uploads\/2026\/03\/Untitled-design.png","width":402,"height":288,"caption":"Vo Hoan Thien"},"logo":{"@id":"https:\/\/lux.azdigi.shop\/wp-content\/uploads\/2026\/03\/Untitled-design.png"},"sameAs":["https:\/\/lux.azdigi.shop"]}]}},"_links":{"self":[{"href":"https:\/\/lux.azdigi.shop\/index.php?rest_route=\/wp\/v2\/product\/463","targetHints":{"allow":["GET"]}}],"collection":[{"href":"https:\/\/lux.azdigi.shop\/index.php?rest_route=\/wp\/v2\/product"}],"about":[{"href":"https:\/\/lux.azdigi.shop\/index.php?rest_route=\/wp\/v2\/types\/product"}],"replies":[{"embeddable":true,"href":"https:\/\/lux.azdigi.shop\/index.php?rest_route=%2Fwp%2Fv2%2Fcomments&post=463"}],"wp:featuredmedia":[{"embeddable":true,"href":"https:\/\/lux.azdigi.shop\/index.php?rest_route=\/wp\/v2\/media\/471"}],"wp:attachment":[{"href":"https:\/\/lux.azdigi.shop\/index.php?rest_route=%2Fwp%2Fv2%2Fmedia&parent=463"}],"wp:term":[{"taxonomy":"product_brand","embeddable":true,"href":"https:\/\/lux.azdigi.shop\/index.php?rest_route=%2Fwp%2Fv2%2Fproduct_brand&post=463"},{"taxonomy":"product_cat","embeddable":true,"href":"https:\/\/lux.azdigi.shop\/index.php?rest_route=%2Fwp%2Fv2%2Fproduct_cat&post=463"},{"taxonomy":"product_tag","embeddable":true,"href":"https:\/\/lux.azdigi.shop\/index.php?rest_route=%2Fwp%2Fv2%2Fproduct_tag&post=463"}],"curies":[{"name":"wp","href":"https:\/\/api.w.org\/{rel}","templated":true}]}}