{"id":477,"date":"2026-04-10T15:31:31","date_gmt":"2026-04-10T15:31:31","guid":{"rendered":"https:\/\/lux.azdigi.shop\/?post_type=product&#038;p=477"},"modified":"2026-04-10T15:31:32","modified_gmt":"2026-04-10T15:31:32","slug":"kem-chong-nang-skin1004","status":"publish","type":"product","link":"https:\/\/lux.azdigi.shop\/?product=kem-chong-nang-skin1004","title":{"rendered":"Kem Ch\u1ed1ng N\u1eafng Skin1004"},"content":{"rendered":"<h3 data-section-id=\"1khqkak\" data-start=\"268\" data-end=\"296\">\ud83c\udf3f Gi\u1edbi thi\u1ec7u s\u1ea3n ph\u1ea9m<\/h3>\n<p data-start=\"297\" data-end=\"580\">Kem Ch\u1ed1ng N\u1eafng SKIN1004 Madagascar Centella Air-Fit Suncream Plus l\u00e0 d\u00f2ng ch\u1ed1ng n\u1eafng d\u1ecbu nh\u1eb9 gi\u00fap <strong data-start=\"395\" data-end=\"428\">b\u1ea3o v\u1ec7 da t\u1ed1i \u01b0u tr\u01b0\u1edbc tia UV<\/strong> \u0111\u1ed3ng th\u1eddi h\u1ed7 tr\u1ee3 <strong data-start=\"446\" data-end=\"481\">l\u00e0m d\u1ecbu v\u00e0 ch\u0103m s\u00f3c da nh\u1ea1y c\u1ea3m<\/strong>. K\u1ebft c\u1ea5u m\u1ecfng nh\u1eb9, d\u1ec5 t\u00e1n, mang l\u1ea1i c\u1ea3m gi\u00e1c tho\u00e1ng da, kh\u00f4ng b\u1ebft d\u00ednh, ph\u00f9 h\u1ee3p s\u1eed d\u1ee5ng h\u1eb1ng ng\u00e0y.<\/p>\n<hr data-start=\"582\" data-end=\"585\" \/>\n<h3 data-section-id=\"1rtshsh\" data-start=\"587\" data-end=\"612\">\u2728 C\u00f4ng d\u1ee5ng n\u1ed5i b\u1eadt<\/h3>\n<ul data-start=\"613\" data-end=\"886\">\n<li data-section-id=\"rgckbe\" data-start=\"613\" data-end=\"684\"><strong data-start=\"615\" data-end=\"652\">Ch\u1ed1ng n\u1eafng ph\u1ed5 r\u1ed9ng SPF50+ PA++++<\/strong>: B\u1ea3o v\u1ec7 da kh\u1ecfi tia UVA &amp; UVB<\/li>\n<li data-section-id=\"10ekk3f\" data-start=\"685\" data-end=\"747\">H\u1ed7 tr\u1ee3 <strong data-start=\"694\" data-end=\"708\">l\u00e0m d\u1ecbu da<\/strong>, gi\u1ea3m k\u00edch \u1ee9ng khi ti\u1ebfp x\u00fac \u00e1nh n\u1eafng<\/li>\n<li data-section-id=\"10dmxe8\" data-start=\"748\" data-end=\"789\">Gi\u00fap da <strong data-start=\"758\" data-end=\"787\">kh\u00f4 tho\u00e1ng, kh\u00f4ng b\u00ed b\u00e1ch<\/strong><\/li>\n<li data-section-id=\"5gjnxh\" data-start=\"790\" data-end=\"837\">H\u1ea1n ch\u1ebf t\u00ecnh tr\u1ea1ng <strong data-start=\"811\" data-end=\"835\">s\u1ea1m n\u00e1m, l\u00e3o h\u00f3a s\u1edbm<\/strong><\/li>\n<li data-section-id=\"rczr6e\" data-start=\"838\" data-end=\"886\">Ph\u00f9 h\u1ee3p s\u1eed d\u1ee5ng h\u1eb1ng ng\u00e0y, k\u1ec3 c\u1ea3 da nh\u1ea1y c\u1ea3m<\/li>\n<\/ul>\n<hr data-start=\"888\" data-end=\"891\" \/>\n<h3 data-section-id=\"11ddop\" data-start=\"893\" data-end=\"924\">\ud83d\udca7 Th\u00e0nh ph\u1ea7n &amp; c\u00f4ng ngh\u1ec7<\/h3>\n<ul data-start=\"925\" data-end=\"1074\">\n<li data-section-id=\"qxme8m\" data-start=\"925\" data-end=\"992\"><strong data-start=\"927\" data-end=\"968\">Centella Asiatica (Rau m\u00e1 Madagascar)<\/strong>: L\u00e0m d\u1ecbu, ph\u1ee5c h\u1ed3i da<\/li>\n<li data-section-id=\"pzeaiu\" data-start=\"993\" data-end=\"1033\">M\u00e0ng l\u1ecdc ch\u1ed1ng n\u1eafng an to\u00e0n, d\u1ecbu nh\u1eb9<\/li>\n<li data-section-id=\"1r22s72\" data-start=\"1034\" data-end=\"1074\">C\u00f4ng th\u1ee9c th\u00e2n thi\u1ec7n v\u1edbi da nh\u1ea1y c\u1ea3m<\/li>\n<\/ul>\n<hr data-start=\"1076\" data-end=\"1079\" \/>\n<h3 data-section-id=\"w78wgh\" data-start=\"1081\" data-end=\"1108\">\ud83d\udc69\u200d\u2695\ufe0f Lo\u1ea1i da ph\u00f9 h\u1ee3p<\/h3>\n<ul data-start=\"1109\" data-end=\"1198\">\n<li data-section-id=\"jzsxv3\" data-start=\"1109\" data-end=\"1124\">M\u1ecdi lo\u1ea1i da<\/li>\n<li data-section-id=\"1dywwa7\" data-start=\"1125\" data-end=\"1198\">\u0110\u1eb7c bi\u1ec7t:\n<ul data-start=\"1141\" data-end=\"1198\">\n<li data-section-id=\"1ndr97i\" data-start=\"1141\" data-end=\"1156\">Da nh\u1ea1y c\u1ea3m<\/li>\n<li data-section-id=\"1p7mbl\" data-start=\"1159\" data-end=\"1177\">Da d\u1ec5 k\u00edch \u1ee9ng<\/li>\n<li data-section-id=\"1odjwup\" data-start=\"1180\" data-end=\"1198\">Da m\u1ee5n, da y\u1ebfu<\/li>\n<\/ul>\n<\/li>\n<\/ul>\n<hr data-start=\"1200\" data-end=\"1203\" \/>\n<h3 data-section-id=\"lbo3wx\" data-start=\"1205\" data-end=\"1231\">\ud83e\uddf4 H\u01b0\u1edbng d\u1eabn s\u1eed d\u1ee5ng<\/h3>\n<ol data-start=\"1232\" data-end=\"1390\">\n<li data-section-id=\"fzuzjf\" data-start=\"1232\" data-end=\"1286\">Thoa kem ch\u1ed1ng n\u1eafng tr\u01b0\u1edbc khi ra ngo\u00e0i 15\u201320 ph\u00fat<\/li>\n<li data-section-id=\"16nh990\" data-start=\"1287\" data-end=\"1335\">L\u1ea5y l\u01b0\u1ee3ng v\u1eeba \u0111\u1ee7 (2 ng\u00f3n tay) cho m\u1eb7t v\u00e0 c\u1ed5<\/li>\n<li data-section-id=\"19jjlj3\" data-start=\"1336\" data-end=\"1390\">Thoa l\u1ea1i sau m\u1ed7i 2\u20133 gi\u1edd khi ho\u1ea1t \u0111\u1ed9ng ngo\u00e0i tr\u1eddi<\/li>\n<\/ol>\n<hr data-start=\"1392\" data-end=\"1395\" \/>\n<h3 data-section-id=\"xil66r\" data-start=\"1397\" data-end=\"1420\">\u2b50 \u01afu \u0111i\u1ec3m n\u1ed5i b\u1eadt<\/h3>\n<p data-start=\"1421\" data-end=\"1559\">\u2714 D\u1ecbu nh\u1eb9, ph\u00f9 h\u1ee3p da nh\u1ea1y c\u1ea3m<br data-start=\"1451\" data-end=\"1454\" \/>\u2714 M\u1ecfng nh\u1eb9, kh\u00f4ng g\u00e2y b\u00ed da<br data-start=\"1481\" data-end=\"1484\" \/>\u2714 Kh\u00f4ng nh\u1eddn r\u00edt, d\u1ec5 ch\u1ecbu khi s\u1eed d\u1ee5ng<br data-start=\"1521\" data-end=\"1524\" \/>\u2714 C\u00f3 th\u1ec3 d\u00f9ng d\u01b0\u1edbi l\u1edbp trang \u0111i\u1ec3m<\/p>\n<hr data-start=\"1561\" data-end=\"1564\" \/>\n<h3 data-section-id=\"hzpe5p\" data-start=\"1566\" data-end=\"1593\">\ud83d\udce6 Th\u00f4ng tin s\u1ea3n ph\u1ea9m<\/h3>\n<ul data-start=\"1594\" data-end=\"1691\">\n<li data-section-id=\"1x4m1wc\" data-start=\"1594\" data-end=\"1613\">Dung t\u00edch: 50ml<\/li>\n<li data-section-id=\"1evzqxr\" data-start=\"1614\" data-end=\"1639\">Th\u01b0\u01a1ng hi\u1ec7u: SKIN1004<\/li>\n<li data-section-id=\"1u8iswp\" data-start=\"1640\" data-end=\"1669\">D\u00f2ng: Madagascar Centella<\/li>\n<li data-section-id=\"uzfz3j\" data-start=\"1670\" data-end=\"1691\">Xu\u1ea5t x\u1ee9: H\u00e0n Qu\u1ed1c<\/li>\n<\/ul>\n<hr data-start=\"1693\" data-end=\"1696\" \/>\n<h3 data-section-id=\"y76l01\" data-start=\"1698\" data-end=\"1736\">\ud83d\udd25 V\u00ec sao n\u00ean ch\u1ecdn s\u1ea3n ph\u1ea9m n\u00e0y?<\/h3>\n<p data-start=\"1737\" data-end=\"1939\">N\u1ebfu b\u1ea1n \u0111ang t\u00ecm m\u1ed9t lo\u1ea1i kem ch\u1ed1ng n\u1eafng <strong data-start=\"1778\" data-end=\"1821\">d\u1ecbu nh\u1eb9 \u2013 an to\u00e0n \u2013 ph\u00f9 h\u1ee3p da nh\u1ea1y c\u1ea3m<\/strong>, th\u00ec SKIN1004 Madagascar Centella Air-Fit Suncream Plus l\u00e0 l\u1ef1a ch\u1ecdn l\u00fd t\u01b0\u1edfng gi\u00fap b\u1ea3o v\u1ec7 v\u00e0 ch\u0103m s\u00f3c l\u00e0n da m\u1ed7i ng\u00e0y.<\/p>\n","protected":false},"excerpt":{"rendered":"<h2 class=\"text-base leading-[1.2] mb-2\">Madagascar Centella Air-Fit Suncream Plus SPF50+ PA++++<\/h2>\n<div class=\"flex items-center gap-1 text-[#326E51] text-sm leading-[17px] mb-2.5\">\n<div class=\"bg-orange min-h-[20px] min-w-[20px] text-sm px-1 rounded-sm flex items-center justify-center gap-0.5\"><\/div>\n<\/div>\n","protected":false},"featured_media":481,"comment_status":"open","ping_status":"closed","template":"","meta":[],"product_brand":[45],"product_cat":[40,30,32,29],"product_tag":[],"class_list":{"0":"post-477","1":"product","2":"type-product","3":"status-publish","4":"has-post-thumbnail","6":"product_brand-skin1004","7":"product_cat-ban-chay","8":"product_cat-flash-deals","9":"product_cat-kem-chong-nang","10":"product_cat-san-pham-yeu-thich","12":"first","13":"instock","14":"sale","15":"shipping-taxable","16":"purchasable","17":"product-type-variable"},"yoast_head":"<!-- This site is optimized with the Yoast SEO plugin v27.2 - https:\/\/yoast.com\/product\/yoast-seo-wordpress\/ -->\n<title>Kem Ch\u1ed1ng N\u1eafng Skin1004 - Lux<\/title>\n<meta name=\"description\" content=\"Kem Ch\u1ed1ng N\u1eafng Skin1004 Cho Da Nh\u1ea1y C\u1ea3m Madagascar Centella Air-Fit Suncream Plus SPF50+ PA++++ l\u00e0 s\u1ea3n ph\u1ea9m ch\u1ed1ng n\u1eafng da m\u1eb7t \u0111\u1ebfn t\u1eeb th\u01b0\u01a1ng hi\u1ec7u m\u1ef9 ph\u1ea9m Skin1004 c\u1ee7a H\u00e0n Qu\u1ed1c.\" \/>\n<meta name=\"robots\" content=\"index, follow, max-snippet:-1, max-image-preview:large, max-video-preview:-1\" \/>\n<link rel=\"canonical\" href=\"https:\/\/lux.azdigi.shop\/?product=kem-chong-nang-skin1004\" \/>\n<meta property=\"og:locale\" content=\"vi_VN\" \/>\n<meta property=\"og:type\" content=\"article\" \/>\n<meta property=\"og:title\" content=\"Kem Ch\u1ed1ng N\u1eafng Skin1004 - Lux\" \/>\n<meta property=\"og:description\" content=\"Kem Ch\u1ed1ng N\u1eafng Skin1004 Cho Da Nh\u1ea1y C\u1ea3m Madagascar Centella Air-Fit Suncream Plus SPF50+ PA++++ l\u00e0 s\u1ea3n ph\u1ea9m ch\u1ed1ng n\u1eafng da m\u1eb7t \u0111\u1ebfn t\u1eeb th\u01b0\u01a1ng hi\u1ec7u m\u1ef9 ph\u1ea9m Skin1004 c\u1ee7a H\u00e0n Qu\u1ed1c.\" \/>\n<meta property=\"og:url\" content=\"https:\/\/lux.azdigi.shop\/?product=kem-chong-nang-skin1004\" \/>\n<meta property=\"og:site_name\" content=\"Lux\" \/>\n<meta property=\"article:modified_time\" content=\"2026-04-10T15:31:32+00:00\" \/>\n<meta property=\"og:image\" content=\"https:\/\/lux.azdigi.shop\/wp-content\/uploads\/2026\/04\/Screenshot-2026-04-10-222432.png\" \/>\n\t<meta property=\"og:image:width\" content=\"451\" \/>\n\t<meta property=\"og:image:height\" content=\"432\" \/>\n\t<meta property=\"og:image:type\" content=\"image\/png\" \/>\n<meta name=\"twitter:card\" content=\"summary_large_image\" \/>\n<meta name=\"twitter:label1\" content=\"\u01af\u1edbc t\u00ednh th\u1eddi gian \u0111\u1ecdc\" \/>\n\t<meta name=\"twitter:data1\" content=\"2 ph\u00fat\" \/>\n<script type=\"application\/ld+json\" class=\"yoast-schema-graph\">{\"@context\":\"https:\/\/schema.org\",\"@graph\":[{\"@type\":\"WebPage\",\"@id\":\"https:\/\/lux.azdigi.shop\/?product=kem-chong-nang-skin1004\",\"url\":\"https:\/\/lux.azdigi.shop\/?product=kem-chong-nang-skin1004\",\"name\":\"Kem Ch\u1ed1ng N\u1eafng Skin1004 - Lux\",\"isPartOf\":{\"@id\":\"https:\/\/lux.azdigi.shop\/#website\"},\"primaryImageOfPage\":{\"@id\":\"https:\/\/lux.azdigi.shop\/?product=kem-chong-nang-skin1004#primaryimage\"},\"image\":{\"@id\":\"https:\/\/lux.azdigi.shop\/?product=kem-chong-nang-skin1004#primaryimage\"},\"thumbnailUrl\":\"https:\/\/lux.azdigi.shop\/wp-content\/uploads\/2026\/04\/Screenshot-2026-04-10-222432.png\",\"datePublished\":\"2026-04-10T15:31:31+00:00\",\"dateModified\":\"2026-04-10T15:31:32+00:00\",\"description\":\"Kem Ch\u1ed1ng N\u1eafng Skin1004 Cho Da Nh\u1ea1y C\u1ea3m Madagascar Centella Air-Fit Suncream Plus SPF50+ PA++++ l\u00e0 s\u1ea3n ph\u1ea9m ch\u1ed1ng n\u1eafng da m\u1eb7t \u0111\u1ebfn t\u1eeb th\u01b0\u01a1ng hi\u1ec7u m\u1ef9 ph\u1ea9m Skin1004 c\u1ee7a H\u00e0n Qu\u1ed1c.\",\"breadcrumb\":{\"@id\":\"https:\/\/lux.azdigi.shop\/?product=kem-chong-nang-skin1004#breadcrumb\"},\"inLanguage\":\"vi\",\"potentialAction\":[{\"@type\":\"ReadAction\",\"target\":[\"https:\/\/lux.azdigi.shop\/?product=kem-chong-nang-skin1004\"]}]},{\"@type\":\"ImageObject\",\"inLanguage\":\"vi\",\"@id\":\"https:\/\/lux.azdigi.shop\/?product=kem-chong-nang-skin1004#primaryimage\",\"url\":\"https:\/\/lux.azdigi.shop\/wp-content\/uploads\/2026\/04\/Screenshot-2026-04-10-222432.png\",\"contentUrl\":\"https:\/\/lux.azdigi.shop\/wp-content\/uploads\/2026\/04\/Screenshot-2026-04-10-222432.png\",\"width\":451,\"height\":432},{\"@type\":\"BreadcrumbList\",\"@id\":\"https:\/\/lux.azdigi.shop\/?product=kem-chong-nang-skin1004#breadcrumb\",\"itemListElement\":[{\"@type\":\"ListItem\",\"position\":1,\"name\":\"Home\",\"item\":\"https:\/\/lux.azdigi.shop\/\"},{\"@type\":\"ListItem\",\"position\":2,\"name\":\"C\u1eeda h\u00e0ng\",\"item\":\"https:\/\/lux.azdigi.shop\/?page_id=120\"},{\"@type\":\"ListItem\",\"position\":3,\"name\":\"Kem Ch\u1ed1ng N\u1eafng Skin1004\"}]},{\"@type\":\"WebSite\",\"@id\":\"https:\/\/lux.azdigi.shop\/#website\",\"url\":\"https:\/\/lux.azdigi.shop\/\",\"name\":\"Lux\",\"description\":\"\",\"publisher\":{\"@id\":\"https:\/\/lux.azdigi.shop\/#\/schema\/person\/9503659c74a3cb402669cb10b0872f8c\"},\"potentialAction\":[{\"@type\":\"SearchAction\",\"target\":{\"@type\":\"EntryPoint\",\"urlTemplate\":\"https:\/\/lux.azdigi.shop\/?s={search_term_string}\"},\"query-input\":{\"@type\":\"PropertyValueSpecification\",\"valueRequired\":true,\"valueName\":\"search_term_string\"}}],\"inLanguage\":\"vi\"},{\"@type\":[\"Person\",\"Organization\"],\"@id\":\"https:\/\/lux.azdigi.shop\/#\/schema\/person\/9503659c74a3cb402669cb10b0872f8c\",\"name\":\"Vo Hoan Thien\",\"image\":{\"@type\":\"ImageObject\",\"inLanguage\":\"vi\",\"@id\":\"https:\/\/lux.azdigi.shop\/wp-content\/uploads\/2026\/03\/Untitled-design.png\",\"url\":\"https:\/\/lux.azdigi.shop\/wp-content\/uploads\/2026\/03\/Untitled-design.png\",\"contentUrl\":\"https:\/\/lux.azdigi.shop\/wp-content\/uploads\/2026\/03\/Untitled-design.png\",\"width\":402,\"height\":288,\"caption\":\"Vo Hoan Thien\"},\"logo\":{\"@id\":\"https:\/\/lux.azdigi.shop\/wp-content\/uploads\/2026\/03\/Untitled-design.png\"},\"sameAs\":[\"https:\/\/lux.azdigi.shop\"]}]}<\/script>\n<!-- \/ Yoast SEO plugin. -->","yoast_head_json":{"title":"Kem Ch\u1ed1ng N\u1eafng Skin1004 - Lux","description":"Kem Ch\u1ed1ng N\u1eafng Skin1004 Cho Da Nh\u1ea1y C\u1ea3m Madagascar Centella Air-Fit Suncream Plus SPF50+ PA++++ l\u00e0 s\u1ea3n ph\u1ea9m ch\u1ed1ng n\u1eafng da m\u1eb7t \u0111\u1ebfn t\u1eeb th\u01b0\u01a1ng hi\u1ec7u m\u1ef9 ph\u1ea9m Skin1004 c\u1ee7a H\u00e0n Qu\u1ed1c.","robots":{"index":"index","follow":"follow","max-snippet":"max-snippet:-1","max-image-preview":"max-image-preview:large","max-video-preview":"max-video-preview:-1"},"canonical":"https:\/\/lux.azdigi.shop\/?product=kem-chong-nang-skin1004","og_locale":"vi_VN","og_type":"article","og_title":"Kem Ch\u1ed1ng N\u1eafng Skin1004 - Lux","og_description":"Kem Ch\u1ed1ng N\u1eafng Skin1004 Cho Da Nh\u1ea1y C\u1ea3m Madagascar Centella Air-Fit Suncream Plus SPF50+ PA++++ l\u00e0 s\u1ea3n ph\u1ea9m ch\u1ed1ng n\u1eafng da m\u1eb7t \u0111\u1ebfn t\u1eeb th\u01b0\u01a1ng hi\u1ec7u m\u1ef9 ph\u1ea9m Skin1004 c\u1ee7a H\u00e0n Qu\u1ed1c.","og_url":"https:\/\/lux.azdigi.shop\/?product=kem-chong-nang-skin1004","og_site_name":"Lux","article_modified_time":"2026-04-10T15:31:32+00:00","og_image":[{"width":451,"height":432,"url":"https:\/\/lux.azdigi.shop\/wp-content\/uploads\/2026\/04\/Screenshot-2026-04-10-222432.png","type":"image\/png"}],"twitter_card":"summary_large_image","twitter_misc":{"\u01af\u1edbc t\u00ednh th\u1eddi gian \u0111\u1ecdc":"2 ph\u00fat"},"schema":{"@context":"https:\/\/schema.org","@graph":[{"@type":"WebPage","@id":"https:\/\/lux.azdigi.shop\/?product=kem-chong-nang-skin1004","url":"https:\/\/lux.azdigi.shop\/?product=kem-chong-nang-skin1004","name":"Kem Ch\u1ed1ng N\u1eafng Skin1004 - Lux","isPartOf":{"@id":"https:\/\/lux.azdigi.shop\/#website"},"primaryImageOfPage":{"@id":"https:\/\/lux.azdigi.shop\/?product=kem-chong-nang-skin1004#primaryimage"},"image":{"@id":"https:\/\/lux.azdigi.shop\/?product=kem-chong-nang-skin1004#primaryimage"},"thumbnailUrl":"https:\/\/lux.azdigi.shop\/wp-content\/uploads\/2026\/04\/Screenshot-2026-04-10-222432.png","datePublished":"2026-04-10T15:31:31+00:00","dateModified":"2026-04-10T15:31:32+00:00","description":"Kem Ch\u1ed1ng N\u1eafng Skin1004 Cho Da Nh\u1ea1y C\u1ea3m Madagascar Centella Air-Fit Suncream Plus SPF50+ PA++++ l\u00e0 s\u1ea3n ph\u1ea9m ch\u1ed1ng n\u1eafng da m\u1eb7t \u0111\u1ebfn t\u1eeb th\u01b0\u01a1ng hi\u1ec7u m\u1ef9 ph\u1ea9m Skin1004 c\u1ee7a H\u00e0n Qu\u1ed1c.","breadcrumb":{"@id":"https:\/\/lux.azdigi.shop\/?product=kem-chong-nang-skin1004#breadcrumb"},"inLanguage":"vi","potentialAction":[{"@type":"ReadAction","target":["https:\/\/lux.azdigi.shop\/?product=kem-chong-nang-skin1004"]}]},{"@type":"ImageObject","inLanguage":"vi","@id":"https:\/\/lux.azdigi.shop\/?product=kem-chong-nang-skin1004#primaryimage","url":"https:\/\/lux.azdigi.shop\/wp-content\/uploads\/2026\/04\/Screenshot-2026-04-10-222432.png","contentUrl":"https:\/\/lux.azdigi.shop\/wp-content\/uploads\/2026\/04\/Screenshot-2026-04-10-222432.png","width":451,"height":432},{"@type":"BreadcrumbList","@id":"https:\/\/lux.azdigi.shop\/?product=kem-chong-nang-skin1004#breadcrumb","itemListElement":[{"@type":"ListItem","position":1,"name":"Home","item":"https:\/\/lux.azdigi.shop\/"},{"@type":"ListItem","position":2,"name":"C\u1eeda h\u00e0ng","item":"https:\/\/lux.azdigi.shop\/?page_id=120"},{"@type":"ListItem","position":3,"name":"Kem Ch\u1ed1ng N\u1eafng Skin1004"}]},{"@type":"WebSite","@id":"https:\/\/lux.azdigi.shop\/#website","url":"https:\/\/lux.azdigi.shop\/","name":"Lux","description":"","publisher":{"@id":"https:\/\/lux.azdigi.shop\/#\/schema\/person\/9503659c74a3cb402669cb10b0872f8c"},"potentialAction":[{"@type":"SearchAction","target":{"@type":"EntryPoint","urlTemplate":"https:\/\/lux.azdigi.shop\/?s={search_term_string}"},"query-input":{"@type":"PropertyValueSpecification","valueRequired":true,"valueName":"search_term_string"}}],"inLanguage":"vi"},{"@type":["Person","Organization"],"@id":"https:\/\/lux.azdigi.shop\/#\/schema\/person\/9503659c74a3cb402669cb10b0872f8c","name":"Vo Hoan Thien","image":{"@type":"ImageObject","inLanguage":"vi","@id":"https:\/\/lux.azdigi.shop\/wp-content\/uploads\/2026\/03\/Untitled-design.png","url":"https:\/\/lux.azdigi.shop\/wp-content\/uploads\/2026\/03\/Untitled-design.png","contentUrl":"https:\/\/lux.azdigi.shop\/wp-content\/uploads\/2026\/03\/Untitled-design.png","width":402,"height":288,"caption":"Vo Hoan Thien"},"logo":{"@id":"https:\/\/lux.azdigi.shop\/wp-content\/uploads\/2026\/03\/Untitled-design.png"},"sameAs":["https:\/\/lux.azdigi.shop"]}]}},"_links":{"self":[{"href":"https:\/\/lux.azdigi.shop\/index.php?rest_route=\/wp\/v2\/product\/477","targetHints":{"allow":["GET"]}}],"collection":[{"href":"https:\/\/lux.azdigi.shop\/index.php?rest_route=\/wp\/v2\/product"}],"about":[{"href":"https:\/\/lux.azdigi.shop\/index.php?rest_route=\/wp\/v2\/types\/product"}],"replies":[{"embeddable":true,"href":"https:\/\/lux.azdigi.shop\/index.php?rest_route=%2Fwp%2Fv2%2Fcomments&post=477"}],"wp:featuredmedia":[{"embeddable":true,"href":"https:\/\/lux.azdigi.shop\/index.php?rest_route=\/wp\/v2\/media\/481"}],"wp:attachment":[{"href":"https:\/\/lux.azdigi.shop\/index.php?rest_route=%2Fwp%2Fv2%2Fmedia&parent=477"}],"wp:term":[{"taxonomy":"product_brand","embeddable":true,"href":"https:\/\/lux.azdigi.shop\/index.php?rest_route=%2Fwp%2Fv2%2Fproduct_brand&post=477"},{"taxonomy":"product_cat","embeddable":true,"href":"https:\/\/lux.azdigi.shop\/index.php?rest_route=%2Fwp%2Fv2%2Fproduct_cat&post=477"},{"taxonomy":"product_tag","embeddable":true,"href":"https:\/\/lux.azdigi.shop\/index.php?rest_route=%2Fwp%2Fv2%2Fproduct_tag&post=477"}],"curies":[{"name":"wp","href":"https:\/\/api.w.org\/{rel}","templated":true}]}}