{"id":487,"date":"2026-04-10T15:45:56","date_gmt":"2026-04-10T15:45:56","guid":{"rendered":"https:\/\/lux.azdigi.shop\/?post_type=product&#038;p=487"},"modified":"2026-04-10T18:20:05","modified_gmt":"2026-04-10T18:20:05","slug":"nuoc-tay-trang-garnier-danh-cho-da-dau-va-mun","status":"publish","type":"product","link":"https:\/\/lux.azdigi.shop\/?product=nuoc-tay-trang-garnier-danh-cho-da-dau-va-mun","title":{"rendered":"N\u01b0\u1edbc T\u1ea9y Trang Garnier D\u00e0nh Cho Da D\u1ea7u V\u00e0 M\u1ee5n"},"content":{"rendered":"<h3 data-section-id=\"1khqkak\" data-start=\"256\" data-end=\"284\">\ud83c\udf3f Gi\u1edbi thi\u1ec7u s\u1ea3n ph\u1ea9m<\/h3>\n<p data-start=\"285\" data-end=\"599\">N\u01b0\u1edbc T\u1ea9y Trang Garnier Micellar Cleansing Water For Oily &amp; Acne-Prone Skin l\u00e0 gi\u1ea3i ph\u00e1p l\u00e0m s\u1ea1ch chuy\u00ean bi\u1ec7t d\u00e0nh cho <strong data-start=\"403\" data-end=\"423\">da d\u1ea7u v\u00e0 da m\u1ee5n<\/strong>, gi\u00fap lo\u1ea1i b\u1ecf l\u1edbp trang \u0111i\u1ec3m, b\u1ee5i b\u1ea9n v\u00e0 d\u1ea7u th\u1eeba hi\u1ec7u qu\u1ea3. C\u00f4ng ngh\u1ec7 Micellar gi\u00fap l\u00e0m s\u1ea1ch s\u00e2u nh\u01b0ng v\u1eabn d\u1ecbu nh\u1eb9, mang l\u1ea1i l\u00e0n da th\u00f4ng tho\u00e1ng, h\u1ea1n ch\u1ebf b\u00edt t\u1eafc l\u1ed7 ch\u00e2n l\u00f4ng.<\/p>\n<hr data-start=\"601\" data-end=\"604\" \/>\n<h3 data-section-id=\"1rtshsh\" data-start=\"606\" data-end=\"631\">\u2728 C\u00f4ng d\u1ee5ng n\u1ed5i b\u1eadt<\/h3>\n<ul data-start=\"632\" data-end=\"869\">\n<li data-section-id=\"158amg0\" data-start=\"632\" data-end=\"689\"><strong data-start=\"634\" data-end=\"650\">L\u00e0m s\u1ea1ch s\u00e2u<\/strong> l\u1edbp makeup, kem ch\u1ed1ng n\u1eafng &amp; b\u1ee5i m\u1ecbn<\/li>\n<li data-section-id=\"1v9s28m\" data-start=\"690\" data-end=\"739\">H\u1ed7 tr\u1ee3 <strong data-start=\"699\" data-end=\"721\">ki\u1ec3m so\u00e1t d\u1ea7u th\u1eeba<\/strong>, gi\u1ea3m b\u00f3ng nh\u1eddn<\/li>\n<li data-section-id=\"1rrrqda\" data-start=\"740\" data-end=\"791\">Gi\u00fap l\u1ed7 ch\u00e2n l\u00f4ng th\u00f4ng tho\u00e1ng, h\u1ea1n ch\u1ebf g\u00e2y m\u1ee5n<\/li>\n<li data-section-id=\"1fvdodx\" data-start=\"792\" data-end=\"826\">L\u00e0m d\u1ecbu da, kh\u00f4ng g\u00e2y k\u00edch \u1ee9ng<\/li>\n<li data-section-id=\"ypoziv\" data-start=\"827\" data-end=\"869\">Mang l\u1ea1i c\u1ea3m gi\u00e1c s\u1ea1ch tho\u00e1ng, nh\u1eb9 m\u1eb7t<\/li>\n<\/ul>\n<hr data-start=\"871\" data-end=\"874\" \/>\n<h3 data-section-id=\"11ddop\" data-start=\"876\" data-end=\"907\">\ud83d\udca7 Th\u00e0nh ph\u1ea7n &amp; c\u00f4ng ngh\u1ec7<\/h3>\n<ul data-start=\"908\" data-end=\"1078\">\n<li data-section-id=\"1pnatst\" data-start=\"908\" data-end=\"976\"><strong data-start=\"910\" data-end=\"932\">C\u00f4ng ngh\u1ec7 Micellar<\/strong>: H\u00fat s\u1ea1ch b\u1ee5i b\u1ea9n v\u00e0 b\u00e3 nh\u1eddn nh\u01b0 nam ch\u00e2m<\/li>\n<li data-section-id=\"1mz6qco\" data-start=\"977\" data-end=\"1018\">C\u00f4ng th\u1ee9c ph\u00f9 h\u1ee3p cho da d\u1ea7u &amp; da m\u1ee5n<\/li>\n<li data-section-id=\"10ykhhc\" data-start=\"1019\" data-end=\"1078\">Kh\u00f4ng ch\u1ee9a c\u1ed3n (t\u00f9y phi\u00ean b\u1ea3n), an to\u00e0n cho da nh\u1ea1y c\u1ea3m<\/li>\n<\/ul>\n<hr data-start=\"1080\" data-end=\"1083\" \/>\n<h3 data-section-id=\"w78wgh\" data-start=\"1085\" data-end=\"1112\">\ud83d\udc69\u200d\u2695\ufe0f Lo\u1ea1i da ph\u00f9 h\u1ee3p<\/h3>\n<ul data-start=\"1113\" data-end=\"1184\">\n<li data-section-id=\"e2slbv\" data-start=\"1113\" data-end=\"1123\">Da d\u1ea7u<\/li>\n<li data-section-id=\"jyhgjk\" data-start=\"1124\" data-end=\"1148\">Da h\u1ed7n h\u1ee3p thi\u00ean d\u1ea7u<\/li>\n<li data-section-id=\"1yhp4q0\" data-start=\"1149\" data-end=\"1184\">Da m\u1ee5n, d\u1ec5 b\u00edt t\u1eafc l\u1ed7 ch\u00e2n l\u00f4ng<\/li>\n<\/ul>\n<hr data-start=\"1186\" data-end=\"1189\" \/>\n<h3 data-section-id=\"lbo3wx\" data-start=\"1191\" data-end=\"1217\">\ud83e\uddf4 H\u01b0\u1edbng d\u1eabn s\u1eed d\u1ee5ng<\/h3>\n<ol data-start=\"1218\" data-end=\"1355\">\n<li data-section-id=\"ipcley\" data-start=\"1218\" data-end=\"1254\">Th\u1ea5m s\u1ea3n ph\u1ea9m ra b\u00f4ng t\u1ea9y trang<\/li>\n<li data-section-id=\"xdt531\" data-start=\"1255\" data-end=\"1291\">Lau nh\u1eb9 nh\u00e0ng to\u00e0n b\u1ed9 khu\u00f4n m\u1eb7t<\/li>\n<li data-section-id=\"ccmxqs\" data-start=\"1292\" data-end=\"1323\">Kh\u00f4ng c\u1ea7n r\u1eeda l\u1ea1i v\u1edbi n\u01b0\u1edbc<\/li>\n<li data-section-id=\"16yymim\" data-start=\"1324\" data-end=\"1355\">Ti\u1ebfp t\u1ee5c c\u00e1c b\u01b0\u1edbc skincare<\/li>\n<\/ol>\n<hr data-start=\"1357\" data-end=\"1360\" \/>\n<h3 data-section-id=\"xil66r\" data-start=\"1362\" data-end=\"1385\">\u2b50 \u01afu \u0111i\u1ec3m n\u1ed5i b\u1eadt<\/h3>\n<p data-start=\"1386\" data-end=\"1503\">\u2714 L\u00e0m s\u1ea1ch t\u1ed1t, kh\u00f4ng g\u00e2y kh\u00f4 da<br data-start=\"1418\" data-end=\"1421\" \/>\u2714 H\u1ed7 tr\u1ee3 gi\u1ea3m d\u1ea7u nh\u1eddn<br data-start=\"1443\" data-end=\"1446\" \/>\u2714 D\u1ecbu nh\u1eb9, kh\u00f4ng k\u00edch \u1ee9ng<br data-start=\"1471\" data-end=\"1474\" \/>\u2714 Ph\u00f9 h\u1ee3p s\u1eed d\u1ee5ng h\u1eb1ng ng\u00e0y<\/p>\n<hr data-start=\"1505\" data-end=\"1508\" \/>\n<h3 data-section-id=\"hzpe5p\" data-start=\"1510\" data-end=\"1537\">\ud83d\udce6 Th\u00f4ng tin s\u1ea3n ph\u1ea9m<\/h3>\n<ul data-start=\"1538\" data-end=\"1680\">\n<li data-section-id=\"6jxo\" data-start=\"1538\" data-end=\"1574\">Dung t\u00edch: 125ml \/ 250ml \/ 400ml<\/li>\n<li data-section-id=\"kj18jl\" data-start=\"1575\" data-end=\"1599\">Th\u01b0\u01a1ng hi\u1ec7u: Garnier<\/li>\n<li data-section-id=\"1rja7fj\" data-start=\"1600\" data-end=\"1634\">D\u00f2ng: Micellar Cleansing Water<\/li>\n<li data-section-id=\"10rt17j\" data-start=\"1635\" data-end=\"1680\">Xu\u1ea5t x\u1ee9: (t\u00f9y th\u1ecb tr\u01b0\u1eddng: Ph\u00e1p\/Indonesia)<\/li>\n<\/ul>\n<hr data-start=\"1682\" data-end=\"1685\" \/>\n<h3 data-section-id=\"y76l01\" data-start=\"1687\" data-end=\"1725\">\ud83d\udd25 V\u00ec sao n\u00ean ch\u1ecdn s\u1ea3n ph\u1ea9m n\u00e0y?<\/h3>\n<p data-start=\"1726\" data-end=\"1919\">N\u1ebfu b\u1ea1n \u0111ang t\u00ecm m\u1ed9t s\u1ea3n ph\u1ea9m t\u1ea9y trang <strong data-start=\"1766\" data-end=\"1811\">hi\u1ec7u qu\u1ea3 \u2013 ki\u1ec3m so\u00e1t d\u1ea7u \u2013 ph\u00f9 h\u1ee3p da m\u1ee5n<\/strong>, th\u00ec Garnier Micellar Water cho da d\u1ea7u &amp; m\u1ee5n l\u00e0 l\u1ef1a ch\u1ecdn l\u00fd t\u01b0\u1edfng gi\u00fap l\u00e0m s\u1ea1ch da m\u1ed7i ng\u00e0y m\u00e0 v\u1eabn d\u1ecbu nh\u1eb9.<\/p>\n","protected":false},"excerpt":{"rendered":"<h2 class=\"text-base leading-[1.2] mb-2\">Micellar Cleansing Water For Oily &amp; Acne-Prone Skin New<\/h2>\n<p class=\"p-[5px] mb-2.5 text-[10px] inline-block rounded-[5px] leading-[1.2] text-[#326E51] bg-[#E5FBF1]\">C\u00f4ng d\u1ee5ng:<b class=\"ml-[5px]\">S\u1ea1ch s\u00e2u gi\u1ea3m nh\u1eddn<\/b><\/p>\n","protected":false},"featured_media":495,"comment_status":"open","ping_status":"closed","template":"","meta":[],"product_brand":[46],"product_cat":[40,30,28,29],"product_tag":[],"class_list":{"0":"post-487","1":"product","2":"type-product","3":"status-publish","4":"has-post-thumbnail","6":"product_brand-garnier","7":"product_cat-ban-chay","8":"product_cat-flash-deals","9":"product_cat-nuoc-tay-trang","10":"product_cat-san-pham-yeu-thich","12":"first","13":"instock","14":"sale","15":"shipping-taxable","16":"purchasable","17":"product-type-variable"},"yoast_head":"<!-- This site is optimized with the Yoast SEO plugin v27.2 - https:\/\/yoast.com\/product\/yoast-seo-wordpress\/ -->\n<title>N\u01b0\u1edbc T\u1ea9y Trang Garnier D\u00e0nh Cho Da D\u1ea7u V\u00e0 M\u1ee5n - Lux<\/title>\n<meta name=\"description\" content=\"N\u01b0\u1edbc T\u1ea9y Trang Garnier Micellar Cleansing Water l\u00e0 d\u00f2ng s\u1ea3n ph\u1ea9m t\u1ea9y trang m\u1eb7t n\u1ed5i ti\u1ebfng \u0111\u1ebfn t\u1eeb th\u01b0\u01a1ng hi\u1ec7u Garnier c\u1ee7a Ph\u00e1p, s\u1eed d\u1ee5ng c\u00f4ng ngh\u1ec7 Micelles.\" \/>\n<meta name=\"robots\" content=\"index, follow, max-snippet:-1, max-image-preview:large, max-video-preview:-1\" \/>\n<link rel=\"canonical\" href=\"https:\/\/lux.azdigi.shop\/?product=nuoc-tay-trang-garnier-danh-cho-da-dau-va-mun\" \/>\n<meta property=\"og:locale\" content=\"vi_VN\" \/>\n<meta property=\"og:type\" content=\"article\" \/>\n<meta property=\"og:title\" content=\"N\u01b0\u1edbc T\u1ea9y Trang Garnier D\u00e0nh Cho Da D\u1ea7u V\u00e0 M\u1ee5n - Lux\" \/>\n<meta property=\"og:description\" content=\"N\u01b0\u1edbc T\u1ea9y Trang Garnier Micellar Cleansing Water l\u00e0 d\u00f2ng s\u1ea3n ph\u1ea9m t\u1ea9y trang m\u1eb7t n\u1ed5i ti\u1ebfng \u0111\u1ebfn t\u1eeb th\u01b0\u01a1ng hi\u1ec7u Garnier c\u1ee7a Ph\u00e1p, s\u1eed d\u1ee5ng c\u00f4ng ngh\u1ec7 Micelles.\" \/>\n<meta property=\"og:url\" content=\"https:\/\/lux.azdigi.shop\/?product=nuoc-tay-trang-garnier-danh-cho-da-dau-va-mun\" \/>\n<meta property=\"og:site_name\" content=\"Lux\" \/>\n<meta property=\"article:modified_time\" content=\"2026-04-10T18:20:05+00:00\" \/>\n<meta property=\"og:image\" content=\"https:\/\/lux.azdigi.shop\/wp-content\/uploads\/2026\/04\/Screenshot-2026-04-10-223443.png\" \/>\n\t<meta property=\"og:image:width\" content=\"435\" \/>\n\t<meta property=\"og:image:height\" content=\"416\" \/>\n\t<meta property=\"og:image:type\" content=\"image\/png\" \/>\n<meta name=\"twitter:card\" content=\"summary_large_image\" \/>\n<meta name=\"twitter:label1\" content=\"\u01af\u1edbc t\u00ednh th\u1eddi gian \u0111\u1ecdc\" \/>\n\t<meta name=\"twitter:data1\" content=\"2 ph\u00fat\" \/>\n<script type=\"application\/ld+json\" class=\"yoast-schema-graph\">{\"@context\":\"https:\/\/schema.org\",\"@graph\":[{\"@type\":\"WebPage\",\"@id\":\"https:\/\/lux.azdigi.shop\/?product=nuoc-tay-trang-garnier-danh-cho-da-dau-va-mun\",\"url\":\"https:\/\/lux.azdigi.shop\/?product=nuoc-tay-trang-garnier-danh-cho-da-dau-va-mun\",\"name\":\"N\u01b0\u1edbc T\u1ea9y Trang Garnier D\u00e0nh Cho Da D\u1ea7u V\u00e0 M\u1ee5n - Lux\",\"isPartOf\":{\"@id\":\"https:\/\/lux.azdigi.shop\/#website\"},\"primaryImageOfPage\":{\"@id\":\"https:\/\/lux.azdigi.shop\/?product=nuoc-tay-trang-garnier-danh-cho-da-dau-va-mun#primaryimage\"},\"image\":{\"@id\":\"https:\/\/lux.azdigi.shop\/?product=nuoc-tay-trang-garnier-danh-cho-da-dau-va-mun#primaryimage\"},\"thumbnailUrl\":\"https:\/\/lux.azdigi.shop\/wp-content\/uploads\/2026\/04\/Screenshot-2026-04-10-223443.png\",\"datePublished\":\"2026-04-10T15:45:56+00:00\",\"dateModified\":\"2026-04-10T18:20:05+00:00\",\"description\":\"N\u01b0\u1edbc T\u1ea9y Trang Garnier Micellar Cleansing Water l\u00e0 d\u00f2ng s\u1ea3n ph\u1ea9m t\u1ea9y trang m\u1eb7t n\u1ed5i ti\u1ebfng \u0111\u1ebfn t\u1eeb th\u01b0\u01a1ng hi\u1ec7u Garnier c\u1ee7a Ph\u00e1p, s\u1eed d\u1ee5ng c\u00f4ng ngh\u1ec7 Micelles.\",\"breadcrumb\":{\"@id\":\"https:\/\/lux.azdigi.shop\/?product=nuoc-tay-trang-garnier-danh-cho-da-dau-va-mun#breadcrumb\"},\"inLanguage\":\"vi\",\"potentialAction\":[{\"@type\":\"ReadAction\",\"target\":[\"https:\/\/lux.azdigi.shop\/?product=nuoc-tay-trang-garnier-danh-cho-da-dau-va-mun\"]}]},{\"@type\":\"ImageObject\",\"inLanguage\":\"vi\",\"@id\":\"https:\/\/lux.azdigi.shop\/?product=nuoc-tay-trang-garnier-danh-cho-da-dau-va-mun#primaryimage\",\"url\":\"https:\/\/lux.azdigi.shop\/wp-content\/uploads\/2026\/04\/Screenshot-2026-04-10-223443.png\",\"contentUrl\":\"https:\/\/lux.azdigi.shop\/wp-content\/uploads\/2026\/04\/Screenshot-2026-04-10-223443.png\",\"width\":435,\"height\":416},{\"@type\":\"BreadcrumbList\",\"@id\":\"https:\/\/lux.azdigi.shop\/?product=nuoc-tay-trang-garnier-danh-cho-da-dau-va-mun#breadcrumb\",\"itemListElement\":[{\"@type\":\"ListItem\",\"position\":1,\"name\":\"Home\",\"item\":\"https:\/\/lux.azdigi.shop\/\"},{\"@type\":\"ListItem\",\"position\":2,\"name\":\"C\u1eeda h\u00e0ng\",\"item\":\"https:\/\/lux.azdigi.shop\/?page_id=120\"},{\"@type\":\"ListItem\",\"position\":3,\"name\":\"N\u01b0\u1edbc T\u1ea9y Trang Garnier D\u00e0nh Cho Da D\u1ea7u V\u00e0 M\u1ee5n\"}]},{\"@type\":\"WebSite\",\"@id\":\"https:\/\/lux.azdigi.shop\/#website\",\"url\":\"https:\/\/lux.azdigi.shop\/\",\"name\":\"Lux\",\"description\":\"\",\"publisher\":{\"@id\":\"https:\/\/lux.azdigi.shop\/#\/schema\/person\/9503659c74a3cb402669cb10b0872f8c\"},\"potentialAction\":[{\"@type\":\"SearchAction\",\"target\":{\"@type\":\"EntryPoint\",\"urlTemplate\":\"https:\/\/lux.azdigi.shop\/?s={search_term_string}\"},\"query-input\":{\"@type\":\"PropertyValueSpecification\",\"valueRequired\":true,\"valueName\":\"search_term_string\"}}],\"inLanguage\":\"vi\"},{\"@type\":[\"Person\",\"Organization\"],\"@id\":\"https:\/\/lux.azdigi.shop\/#\/schema\/person\/9503659c74a3cb402669cb10b0872f8c\",\"name\":\"Vo Hoan Thien\",\"image\":{\"@type\":\"ImageObject\",\"inLanguage\":\"vi\",\"@id\":\"https:\/\/lux.azdigi.shop\/wp-content\/uploads\/2026\/03\/Untitled-design.png\",\"url\":\"https:\/\/lux.azdigi.shop\/wp-content\/uploads\/2026\/03\/Untitled-design.png\",\"contentUrl\":\"https:\/\/lux.azdigi.shop\/wp-content\/uploads\/2026\/03\/Untitled-design.png\",\"width\":402,\"height\":288,\"caption\":\"Vo Hoan Thien\"},\"logo\":{\"@id\":\"https:\/\/lux.azdigi.shop\/wp-content\/uploads\/2026\/03\/Untitled-design.png\"},\"sameAs\":[\"https:\/\/lux.azdigi.shop\"]}]}<\/script>\n<!-- \/ Yoast SEO plugin. -->","yoast_head_json":{"title":"N\u01b0\u1edbc T\u1ea9y Trang Garnier D\u00e0nh Cho Da D\u1ea7u V\u00e0 M\u1ee5n - Lux","description":"N\u01b0\u1edbc T\u1ea9y Trang Garnier Micellar Cleansing Water l\u00e0 d\u00f2ng s\u1ea3n ph\u1ea9m t\u1ea9y trang m\u1eb7t n\u1ed5i ti\u1ebfng \u0111\u1ebfn t\u1eeb th\u01b0\u01a1ng hi\u1ec7u Garnier c\u1ee7a Ph\u00e1p, s\u1eed d\u1ee5ng c\u00f4ng ngh\u1ec7 Micelles.","robots":{"index":"index","follow":"follow","max-snippet":"max-snippet:-1","max-image-preview":"max-image-preview:large","max-video-preview":"max-video-preview:-1"},"canonical":"https:\/\/lux.azdigi.shop\/?product=nuoc-tay-trang-garnier-danh-cho-da-dau-va-mun","og_locale":"vi_VN","og_type":"article","og_title":"N\u01b0\u1edbc T\u1ea9y Trang Garnier D\u00e0nh Cho Da D\u1ea7u V\u00e0 M\u1ee5n - Lux","og_description":"N\u01b0\u1edbc T\u1ea9y Trang Garnier Micellar Cleansing Water l\u00e0 d\u00f2ng s\u1ea3n ph\u1ea9m t\u1ea9y trang m\u1eb7t n\u1ed5i ti\u1ebfng \u0111\u1ebfn t\u1eeb th\u01b0\u01a1ng hi\u1ec7u Garnier c\u1ee7a Ph\u00e1p, s\u1eed d\u1ee5ng c\u00f4ng ngh\u1ec7 Micelles.","og_url":"https:\/\/lux.azdigi.shop\/?product=nuoc-tay-trang-garnier-danh-cho-da-dau-va-mun","og_site_name":"Lux","article_modified_time":"2026-04-10T18:20:05+00:00","og_image":[{"width":435,"height":416,"url":"https:\/\/lux.azdigi.shop\/wp-content\/uploads\/2026\/04\/Screenshot-2026-04-10-223443.png","type":"image\/png"}],"twitter_card":"summary_large_image","twitter_misc":{"\u01af\u1edbc t\u00ednh th\u1eddi gian \u0111\u1ecdc":"2 ph\u00fat"},"schema":{"@context":"https:\/\/schema.org","@graph":[{"@type":"WebPage","@id":"https:\/\/lux.azdigi.shop\/?product=nuoc-tay-trang-garnier-danh-cho-da-dau-va-mun","url":"https:\/\/lux.azdigi.shop\/?product=nuoc-tay-trang-garnier-danh-cho-da-dau-va-mun","name":"N\u01b0\u1edbc T\u1ea9y Trang Garnier D\u00e0nh Cho Da D\u1ea7u V\u00e0 M\u1ee5n - Lux","isPartOf":{"@id":"https:\/\/lux.azdigi.shop\/#website"},"primaryImageOfPage":{"@id":"https:\/\/lux.azdigi.shop\/?product=nuoc-tay-trang-garnier-danh-cho-da-dau-va-mun#primaryimage"},"image":{"@id":"https:\/\/lux.azdigi.shop\/?product=nuoc-tay-trang-garnier-danh-cho-da-dau-va-mun#primaryimage"},"thumbnailUrl":"https:\/\/lux.azdigi.shop\/wp-content\/uploads\/2026\/04\/Screenshot-2026-04-10-223443.png","datePublished":"2026-04-10T15:45:56+00:00","dateModified":"2026-04-10T18:20:05+00:00","description":"N\u01b0\u1edbc T\u1ea9y Trang Garnier Micellar Cleansing Water l\u00e0 d\u00f2ng s\u1ea3n ph\u1ea9m t\u1ea9y trang m\u1eb7t n\u1ed5i ti\u1ebfng \u0111\u1ebfn t\u1eeb th\u01b0\u01a1ng hi\u1ec7u Garnier c\u1ee7a Ph\u00e1p, s\u1eed d\u1ee5ng c\u00f4ng ngh\u1ec7 Micelles.","breadcrumb":{"@id":"https:\/\/lux.azdigi.shop\/?product=nuoc-tay-trang-garnier-danh-cho-da-dau-va-mun#breadcrumb"},"inLanguage":"vi","potentialAction":[{"@type":"ReadAction","target":["https:\/\/lux.azdigi.shop\/?product=nuoc-tay-trang-garnier-danh-cho-da-dau-va-mun"]}]},{"@type":"ImageObject","inLanguage":"vi","@id":"https:\/\/lux.azdigi.shop\/?product=nuoc-tay-trang-garnier-danh-cho-da-dau-va-mun#primaryimage","url":"https:\/\/lux.azdigi.shop\/wp-content\/uploads\/2026\/04\/Screenshot-2026-04-10-223443.png","contentUrl":"https:\/\/lux.azdigi.shop\/wp-content\/uploads\/2026\/04\/Screenshot-2026-04-10-223443.png","width":435,"height":416},{"@type":"BreadcrumbList","@id":"https:\/\/lux.azdigi.shop\/?product=nuoc-tay-trang-garnier-danh-cho-da-dau-va-mun#breadcrumb","itemListElement":[{"@type":"ListItem","position":1,"name":"Home","item":"https:\/\/lux.azdigi.shop\/"},{"@type":"ListItem","position":2,"name":"C\u1eeda h\u00e0ng","item":"https:\/\/lux.azdigi.shop\/?page_id=120"},{"@type":"ListItem","position":3,"name":"N\u01b0\u1edbc T\u1ea9y Trang Garnier D\u00e0nh Cho Da D\u1ea7u V\u00e0 M\u1ee5n"}]},{"@type":"WebSite","@id":"https:\/\/lux.azdigi.shop\/#website","url":"https:\/\/lux.azdigi.shop\/","name":"Lux","description":"","publisher":{"@id":"https:\/\/lux.azdigi.shop\/#\/schema\/person\/9503659c74a3cb402669cb10b0872f8c"},"potentialAction":[{"@type":"SearchAction","target":{"@type":"EntryPoint","urlTemplate":"https:\/\/lux.azdigi.shop\/?s={search_term_string}"},"query-input":{"@type":"PropertyValueSpecification","valueRequired":true,"valueName":"search_term_string"}}],"inLanguage":"vi"},{"@type":["Person","Organization"],"@id":"https:\/\/lux.azdigi.shop\/#\/schema\/person\/9503659c74a3cb402669cb10b0872f8c","name":"Vo Hoan Thien","image":{"@type":"ImageObject","inLanguage":"vi","@id":"https:\/\/lux.azdigi.shop\/wp-content\/uploads\/2026\/03\/Untitled-design.png","url":"https:\/\/lux.azdigi.shop\/wp-content\/uploads\/2026\/03\/Untitled-design.png","contentUrl":"https:\/\/lux.azdigi.shop\/wp-content\/uploads\/2026\/03\/Untitled-design.png","width":402,"height":288,"caption":"Vo Hoan Thien"},"logo":{"@id":"https:\/\/lux.azdigi.shop\/wp-content\/uploads\/2026\/03\/Untitled-design.png"},"sameAs":["https:\/\/lux.azdigi.shop"]}]}},"_links":{"self":[{"href":"https:\/\/lux.azdigi.shop\/index.php?rest_route=\/wp\/v2\/product\/487","targetHints":{"allow":["GET"]}}],"collection":[{"href":"https:\/\/lux.azdigi.shop\/index.php?rest_route=\/wp\/v2\/product"}],"about":[{"href":"https:\/\/lux.azdigi.shop\/index.php?rest_route=\/wp\/v2\/types\/product"}],"replies":[{"embeddable":true,"href":"https:\/\/lux.azdigi.shop\/index.php?rest_route=%2Fwp%2Fv2%2Fcomments&post=487"}],"wp:featuredmedia":[{"embeddable":true,"href":"https:\/\/lux.azdigi.shop\/index.php?rest_route=\/wp\/v2\/media\/495"}],"wp:attachment":[{"href":"https:\/\/lux.azdigi.shop\/index.php?rest_route=%2Fwp%2Fv2%2Fmedia&parent=487"}],"wp:term":[{"taxonomy":"product_brand","embeddable":true,"href":"https:\/\/lux.azdigi.shop\/index.php?rest_route=%2Fwp%2Fv2%2Fproduct_brand&post=487"},{"taxonomy":"product_cat","embeddable":true,"href":"https:\/\/lux.azdigi.shop\/index.php?rest_route=%2Fwp%2Fv2%2Fproduct_cat&post=487"},{"taxonomy":"product_tag","embeddable":true,"href":"https:\/\/lux.azdigi.shop\/index.php?rest_route=%2Fwp%2Fv2%2Fproduct_tag&post=487"}],"curies":[{"name":"wp","href":"https:\/\/api.w.org\/{rel}","templated":true}]}}