{"id":499,"date":"2026-04-10T15:52:22","date_gmt":"2026-04-10T15:52:22","guid":{"rendered":"https:\/\/lux.azdigi.shop\/?post_type=product&#038;p=499"},"modified":"2026-04-10T18:19:56","modified_gmt":"2026-04-10T18:19:56","slug":"serum-garnier-giam-mun-mo-tham-cho-da-dau","status":"publish","type":"product","link":"https:\/\/lux.azdigi.shop\/?product=serum-garnier-giam-mun-mo-tham-cho-da-dau","title":{"rendered":"Serum Garnier Gi\u1ea3m M\u1ee5n M\u1edd Th\u00e2m Cho Da D\u1ea7u"},"content":{"rendered":"<h3 data-section-id=\"1khqkak\" data-start=\"240\" data-end=\"268\">\ud83c\udf3f Gi\u1edbi thi\u1ec7u s\u1ea3n ph\u1ea9m<\/h3>\n<p data-start=\"269\" data-end=\"527\">Serum Garnier Bright Anti-Acne Booster l\u00e0 tinh ch\u1ea5t chuy\u00ean bi\u1ec7t gi\u00fap <strong data-start=\"338\" data-end=\"369\">gi\u1ea3m m\u1ee5n v\u00e0 l\u00e0m m\u1edd v\u1ebft th\u00e2m<\/strong>, ph\u00f9 h\u1ee3p cho l\u00e0n da d\u1ea7u, da m\u1ee5n. C\u00f4ng th\u1ee9c k\u1ebft h\u1ee3p c\u00e1c ho\u1ea1t ch\u1ea5t h\u1ed7 tr\u1ee3 l\u00e0m s\u1ea1ch l\u1ed7 ch\u00e2n l\u00f4ng v\u00e0 c\u1ea3i thi\u1ec7n s\u1eafc t\u1ed1 da, mang l\u1ea1i l\u00e0n da s\u00e1ng kh\u1ecfe, \u0111\u1ec1u m\u00e0u h\u01a1n.<\/p>\n<hr data-start=\"529\" data-end=\"532\" \/>\n<h3 data-section-id=\"1rtshsh\" data-start=\"534\" data-end=\"559\">\u2728 C\u00f4ng d\u1ee5ng n\u1ed5i b\u1eadt<\/h3>\n<ul data-start=\"560\" data-end=\"779\">\n<li data-section-id=\"ydjl73\" data-start=\"560\" data-end=\"604\"><strong data-start=\"562\" data-end=\"581\">H\u1ed7 tr\u1ee3 gi\u1ea3m m\u1ee5n<\/strong>, l\u00e0m d\u1ecbu c\u00e1c n\u1ed1t m\u1ee5n<\/li>\n<li data-section-id=\"o1wf9k\" data-start=\"605\" data-end=\"654\">Gi\u00fap <strong data-start=\"612\" data-end=\"631\">m\u1edd th\u00e2m sau m\u1ee5n<\/strong>, c\u1ea3i thi\u1ec7n s\u1eafc t\u1ed1 da<\/li>\n<li data-section-id=\"1xlvsm4\" data-start=\"655\" data-end=\"707\">Ki\u1ec3m so\u00e1t d\u1ea7u th\u1eeba, h\u1ea1n ch\u1ebf b\u00edt t\u1eafc l\u1ed7 ch\u00e2n l\u00f4ng<\/li>\n<li data-section-id=\"s66lds\" data-start=\"708\" data-end=\"744\">L\u00e0m s\u00e1ng da, gi\u00fap da \u0111\u1ec1u m\u00e0u h\u01a1n<\/li>\n<li data-section-id=\"2krp11\" data-start=\"745\" data-end=\"779\">Th\u1ea5m nhanh, kh\u00f4ng g\u00e2y b\u1ebft d\u00ednh<\/li>\n<\/ul>\n<hr data-start=\"781\" data-end=\"784\" \/>\n<h3 data-section-id=\"11ddop\" data-start=\"786\" data-end=\"817\">\ud83d\udca7 Th\u00e0nh ph\u1ea7n &amp; c\u00f4ng ngh\u1ec7<\/h3>\n<ul data-start=\"818\" data-end=\"1024\">\n<li data-section-id=\"1jvy8t5\" data-start=\"818\" data-end=\"886\"><strong data-start=\"820\" data-end=\"844\">Salicylic Acid (BHA)<\/strong>: L\u00e0m s\u1ea1ch l\u1ed7 ch\u00e2n l\u00f4ng, h\u1ed7 tr\u1ee3 gi\u1ea3m m\u1ee5n<\/li>\n<li data-section-id=\"1o0quch\" data-start=\"887\" data-end=\"926\"><strong data-start=\"889\" data-end=\"902\">Vitamin C<\/strong>: L\u00e0m s\u00e1ng da, m\u1edd th\u00e2m<\/li>\n<li data-section-id=\"19eicxz\" data-start=\"927\" data-end=\"986\"><strong data-start=\"929\" data-end=\"944\">Niacinamide<\/strong>: Ki\u1ec3m so\u00e1t d\u1ea7u, h\u1ed7 tr\u1ee3 c\u1ea3i thi\u1ec7n da m\u1ee5n<\/li>\n<li data-section-id=\"s4lis4\" data-start=\"987\" data-end=\"1024\">C\u00f4ng th\u1ee9c nh\u1eb9 m\u1eb7t, ph\u00f9 h\u1ee3p da d\u1ea7u<\/li>\n<\/ul>\n<hr data-start=\"1026\" data-end=\"1029\" \/>\n<h3 data-section-id=\"w78wgh\" data-start=\"1031\" data-end=\"1058\">\ud83d\udc69\u200d\u2695\ufe0f Lo\u1ea1i da ph\u00f9 h\u1ee3p<\/h3>\n<ul data-start=\"1059\" data-end=\"1128\">\n<li data-section-id=\"e2slbv\" data-start=\"1059\" data-end=\"1069\">Da d\u1ea7u<\/li>\n<li data-section-id=\"dwcobv\" data-start=\"1070\" data-end=\"1080\">Da m\u1ee5n<\/li>\n<li data-section-id=\"1sibzvz\" data-start=\"1081\" data-end=\"1103\">Da c\u00f3 th\u00e2m sau m\u1ee5n<\/li>\n<li data-section-id=\"jyhgjk\" data-start=\"1104\" data-end=\"1128\">Da h\u1ed7n h\u1ee3p thi\u00ean d\u1ea7u<\/li>\n<\/ul>\n<hr data-start=\"1130\" data-end=\"1133\" \/>\n<h3 data-section-id=\"lbo3wx\" data-start=\"1135\" data-end=\"1161\">\ud83e\uddf4 H\u01b0\u1edbng d\u1eabn s\u1eed d\u1ee5ng<\/h3>\n<ol data-start=\"1162\" data-end=\"1347\">\n<li data-section-id=\"1yju32z\" data-start=\"1162\" data-end=\"1193\">Sau b\u01b0\u1edbc l\u00e0m s\u1ea1ch v\u00e0 toner<\/li>\n<li data-section-id=\"8gsa6l\" data-start=\"1194\" data-end=\"1235\">L\u1ea5y 2\u20133 gi\u1ecdt serum, thoa \u0111\u1ec1u l\u00ean m\u1eb7t<\/li>\n<li data-section-id=\"9fimu9\" data-start=\"1236\" data-end=\"1270\">V\u1ed7 nh\u1eb9 \u0111\u1ec3 tinh ch\u1ea5t th\u1ea9m th\u1ea5u<\/li>\n<li data-section-id=\"1fcbhr5\" data-start=\"1271\" data-end=\"1347\">S\u1eed d\u1ee5ng 1\u20132 l\u1ea7n\/ng\u00e0y (s\u00e1ng &amp; t\u1ed1i)<br data-start=\"1307\" data-end=\"1310\" \/>\ud83d\udc49 Ban ng\u00e0y nh\u1edb d\u00f9ng kem ch\u1ed1ng n\u1eafng<\/li>\n<\/ol>\n<hr data-start=\"1349\" data-end=\"1352\" \/>\n<h3 data-section-id=\"xil66r\" data-start=\"1354\" data-end=\"1377\">\u2b50 \u01afu \u0111i\u1ec3m n\u1ed5i b\u1eadt<\/h3>\n<p data-start=\"1378\" data-end=\"1518\">\u2714 Gi\u1ea3m m\u1ee5n &amp; m\u1edd th\u00e2m trong c\u00f9ng 1 s\u1ea3n ph\u1ea9m<br data-start=\"1420\" data-end=\"1423\" \/>\u2714 Th\u1ea5m nhanh, kh\u00f4ng nh\u1eddn r\u00edt<br data-start=\"1451\" data-end=\"1454\" \/>\u2714 Ph\u00f9 h\u1ee3p da d\u1ea7u, da m\u1ee5n<br data-start=\"1478\" data-end=\"1481\" \/>\u2714 D\u1ec5 k\u1ebft h\u1ee3p trong routine skincare<\/p>\n<hr data-start=\"1520\" data-end=\"1523\" \/>\n<h3 data-section-id=\"hzpe5p\" data-start=\"1525\" data-end=\"1552\">\ud83d\udce6 Th\u00f4ng tin s\u1ea3n ph\u1ea9m<\/h3>\n<ul data-start=\"1553\" data-end=\"1670\">\n<li data-section-id=\"1vu9efu\" data-start=\"1553\" data-end=\"1572\">Dung t\u00edch: 30ml<\/li>\n<li data-section-id=\"kj18jl\" data-start=\"1573\" data-end=\"1597\">Th\u01b0\u01a1ng hi\u1ec7u: Garnier<\/li>\n<li data-section-id=\"1n8x68p\" data-start=\"1598\" data-end=\"1624\">D\u00f2ng: Bright Anti-Acne<\/li>\n<li data-section-id=\"31thz3\" data-start=\"1625\" data-end=\"1670\">Xu\u1ea5t x\u1ee9: (t\u00f9y th\u1ecb tr\u01b0\u1eddng: Indonesia\/Ph\u00e1p)<\/li>\n<\/ul>\n<hr data-start=\"1672\" data-end=\"1675\" \/>\n<h3 data-section-id=\"y76l01\" data-start=\"1677\" data-end=\"1715\">\ud83d\udd25 V\u00ec sao n\u00ean ch\u1ecdn s\u1ea3n ph\u1ea9m n\u00e0y?<\/h3>\n<p data-start=\"1716\" data-end=\"1898\">N\u1ebfu b\u1ea1n \u0111ang g\u1eb7p t\u00ecnh tr\u1ea1ng <strong data-start=\"1744\" data-end=\"1767\">m\u1ee5n v\u00e0 th\u00e2m sau m\u1ee5n<\/strong>, th\u00ec Garnier Bright Anti-Acne Booster Serum l\u00e0 l\u1ef1a ch\u1ecdn ph\u00f9 h\u1ee3p gi\u00fap c\u1ea3i thi\u1ec7n l\u00e0n da, mang l\u1ea1i v\u1ebb ngo\u00e0i s\u00e1ng kh\u1ecfe v\u00e0 \u0111\u1ec1u m\u00e0u h\u01a1n.<\/p>\n","protected":false},"excerpt":{"rendered":"<h2 class=\"text-base leading-[1.2] mb-2\">Bright Anti-Acne Booster Serum<\/h2>\n","protected":false},"featured_media":504,"comment_status":"open","ping_status":"closed","template":"","meta":[],"product_brand":[46],"product_cat":[40,30,29,47],"product_tag":[],"class_list":{"0":"post-499","1":"product","2":"type-product","3":"status-publish","4":"has-post-thumbnail","6":"product_brand-garnier","7":"product_cat-ban-chay","8":"product_cat-flash-deals","9":"product_cat-san-pham-yeu-thich","10":"product_cat-serum-tinh-chat","12":"first","13":"instock","14":"sale","15":"shipping-taxable","16":"purchasable","17":"product-type-variable"},"yoast_head":"<!-- This site is optimized with the Yoast SEO plugin v27.2 - https:\/\/yoast.com\/product\/yoast-seo-wordpress\/ -->\n<title>Serum Garnier Gi\u1ea3m M\u1ee5n M\u1edd Th\u00e2m Cho Da D\u1ea7u - Lux<\/title>\n<meta name=\"description\" content=\"Serum Garnier Gi\u1ea3m M\u1ee5n M\u1edd Th\u00e2m Cho Da D\u1ea7u, M\u1ee5n l\u00e0 s\u1ea3n ph\u1ea9m serum \u0111\u1ebfn t\u1eeb th\u01b0\u01a1ng hi\u1ec7u m\u1ef9 ph\u1ea9m Garnier c\u1ee7a Ph\u00e1p, v\u1edbi c\u00f4ng th\u1ee9c v\u01b0\u1ee3t tr\u1ed9i 4% ph\u1ee9c h\u1ee3p Vitamin C, BHA, Niacinamide, AHA.\" \/>\n<meta name=\"robots\" content=\"index, follow, max-snippet:-1, max-image-preview:large, max-video-preview:-1\" \/>\n<link rel=\"canonical\" href=\"https:\/\/lux.azdigi.shop\/?product=serum-garnier-giam-mun-mo-tham-cho-da-dau\" \/>\n<meta property=\"og:locale\" content=\"vi_VN\" \/>\n<meta property=\"og:type\" content=\"article\" \/>\n<meta property=\"og:title\" content=\"Serum Garnier Gi\u1ea3m M\u1ee5n M\u1edd Th\u00e2m Cho Da D\u1ea7u - Lux\" \/>\n<meta property=\"og:description\" content=\"Serum Garnier Gi\u1ea3m M\u1ee5n M\u1edd Th\u00e2m Cho Da D\u1ea7u, M\u1ee5n l\u00e0 s\u1ea3n ph\u1ea9m serum \u0111\u1ebfn t\u1eeb th\u01b0\u01a1ng hi\u1ec7u m\u1ef9 ph\u1ea9m Garnier c\u1ee7a Ph\u00e1p, v\u1edbi c\u00f4ng th\u1ee9c v\u01b0\u1ee3t tr\u1ed9i 4% ph\u1ee9c h\u1ee3p Vitamin C, BHA, Niacinamide, AHA.\" \/>\n<meta property=\"og:url\" content=\"https:\/\/lux.azdigi.shop\/?product=serum-garnier-giam-mun-mo-tham-cho-da-dau\" \/>\n<meta property=\"og:site_name\" content=\"Lux\" \/>\n<meta property=\"article:modified_time\" content=\"2026-04-10T18:19:56+00:00\" \/>\n<meta property=\"og:image\" content=\"https:\/\/lux.azdigi.shop\/wp-content\/uploads\/2026\/04\/Screenshot-2026-04-10-224641.png\" \/>\n\t<meta property=\"og:image:width\" content=\"441\" \/>\n\t<meta property=\"og:image:height\" content=\"416\" \/>\n\t<meta property=\"og:image:type\" content=\"image\/png\" \/>\n<meta name=\"twitter:card\" content=\"summary_large_image\" \/>\n<meta name=\"twitter:label1\" content=\"\u01af\u1edbc t\u00ednh th\u1eddi gian \u0111\u1ecdc\" \/>\n\t<meta name=\"twitter:data1\" content=\"2 ph\u00fat\" \/>\n<script type=\"application\/ld+json\" class=\"yoast-schema-graph\">{\"@context\":\"https:\/\/schema.org\",\"@graph\":[{\"@type\":\"WebPage\",\"@id\":\"https:\/\/lux.azdigi.shop\/?product=serum-garnier-giam-mun-mo-tham-cho-da-dau\",\"url\":\"https:\/\/lux.azdigi.shop\/?product=serum-garnier-giam-mun-mo-tham-cho-da-dau\",\"name\":\"Serum Garnier Gi\u1ea3m M\u1ee5n M\u1edd Th\u00e2m Cho Da D\u1ea7u - Lux\",\"isPartOf\":{\"@id\":\"https:\/\/lux.azdigi.shop\/#website\"},\"primaryImageOfPage\":{\"@id\":\"https:\/\/lux.azdigi.shop\/?product=serum-garnier-giam-mun-mo-tham-cho-da-dau#primaryimage\"},\"image\":{\"@id\":\"https:\/\/lux.azdigi.shop\/?product=serum-garnier-giam-mun-mo-tham-cho-da-dau#primaryimage\"},\"thumbnailUrl\":\"https:\/\/lux.azdigi.shop\/wp-content\/uploads\/2026\/04\/Screenshot-2026-04-10-224641.png\",\"datePublished\":\"2026-04-10T15:52:22+00:00\",\"dateModified\":\"2026-04-10T18:19:56+00:00\",\"description\":\"Serum Garnier Gi\u1ea3m M\u1ee5n M\u1edd Th\u00e2m Cho Da D\u1ea7u, M\u1ee5n l\u00e0 s\u1ea3n ph\u1ea9m serum \u0111\u1ebfn t\u1eeb th\u01b0\u01a1ng hi\u1ec7u m\u1ef9 ph\u1ea9m Garnier c\u1ee7a Ph\u00e1p, v\u1edbi c\u00f4ng th\u1ee9c v\u01b0\u1ee3t tr\u1ed9i 4% ph\u1ee9c h\u1ee3p Vitamin C, BHA, Niacinamide, AHA.\",\"breadcrumb\":{\"@id\":\"https:\/\/lux.azdigi.shop\/?product=serum-garnier-giam-mun-mo-tham-cho-da-dau#breadcrumb\"},\"inLanguage\":\"vi\",\"potentialAction\":[{\"@type\":\"ReadAction\",\"target\":[\"https:\/\/lux.azdigi.shop\/?product=serum-garnier-giam-mun-mo-tham-cho-da-dau\"]}]},{\"@type\":\"ImageObject\",\"inLanguage\":\"vi\",\"@id\":\"https:\/\/lux.azdigi.shop\/?product=serum-garnier-giam-mun-mo-tham-cho-da-dau#primaryimage\",\"url\":\"https:\/\/lux.azdigi.shop\/wp-content\/uploads\/2026\/04\/Screenshot-2026-04-10-224641.png\",\"contentUrl\":\"https:\/\/lux.azdigi.shop\/wp-content\/uploads\/2026\/04\/Screenshot-2026-04-10-224641.png\",\"width\":441,\"height\":416},{\"@type\":\"BreadcrumbList\",\"@id\":\"https:\/\/lux.azdigi.shop\/?product=serum-garnier-giam-mun-mo-tham-cho-da-dau#breadcrumb\",\"itemListElement\":[{\"@type\":\"ListItem\",\"position\":1,\"name\":\"Home\",\"item\":\"https:\/\/lux.azdigi.shop\/\"},{\"@type\":\"ListItem\",\"position\":2,\"name\":\"C\u1eeda h\u00e0ng\",\"item\":\"https:\/\/lux.azdigi.shop\/?page_id=120\"},{\"@type\":\"ListItem\",\"position\":3,\"name\":\"Serum Garnier Gi\u1ea3m M\u1ee5n M\u1edd Th\u00e2m Cho Da D\u1ea7u\"}]},{\"@type\":\"WebSite\",\"@id\":\"https:\/\/lux.azdigi.shop\/#website\",\"url\":\"https:\/\/lux.azdigi.shop\/\",\"name\":\"Lux\",\"description\":\"\",\"publisher\":{\"@id\":\"https:\/\/lux.azdigi.shop\/#\/schema\/person\/9503659c74a3cb402669cb10b0872f8c\"},\"potentialAction\":[{\"@type\":\"SearchAction\",\"target\":{\"@type\":\"EntryPoint\",\"urlTemplate\":\"https:\/\/lux.azdigi.shop\/?s={search_term_string}\"},\"query-input\":{\"@type\":\"PropertyValueSpecification\",\"valueRequired\":true,\"valueName\":\"search_term_string\"}}],\"inLanguage\":\"vi\"},{\"@type\":[\"Person\",\"Organization\"],\"@id\":\"https:\/\/lux.azdigi.shop\/#\/schema\/person\/9503659c74a3cb402669cb10b0872f8c\",\"name\":\"Vo Hoan Thien\",\"image\":{\"@type\":\"ImageObject\",\"inLanguage\":\"vi\",\"@id\":\"https:\/\/lux.azdigi.shop\/wp-content\/uploads\/2026\/03\/Untitled-design.png\",\"url\":\"https:\/\/lux.azdigi.shop\/wp-content\/uploads\/2026\/03\/Untitled-design.png\",\"contentUrl\":\"https:\/\/lux.azdigi.shop\/wp-content\/uploads\/2026\/03\/Untitled-design.png\",\"width\":402,\"height\":288,\"caption\":\"Vo Hoan Thien\"},\"logo\":{\"@id\":\"https:\/\/lux.azdigi.shop\/wp-content\/uploads\/2026\/03\/Untitled-design.png\"},\"sameAs\":[\"https:\/\/lux.azdigi.shop\"]}]}<\/script>\n<!-- \/ Yoast SEO plugin. -->","yoast_head_json":{"title":"Serum Garnier Gi\u1ea3m M\u1ee5n M\u1edd Th\u00e2m Cho Da D\u1ea7u - Lux","description":"Serum Garnier Gi\u1ea3m M\u1ee5n M\u1edd Th\u00e2m Cho Da D\u1ea7u, M\u1ee5n l\u00e0 s\u1ea3n ph\u1ea9m serum \u0111\u1ebfn t\u1eeb th\u01b0\u01a1ng hi\u1ec7u m\u1ef9 ph\u1ea9m Garnier c\u1ee7a Ph\u00e1p, v\u1edbi c\u00f4ng th\u1ee9c v\u01b0\u1ee3t tr\u1ed9i 4% ph\u1ee9c h\u1ee3p Vitamin C, BHA, Niacinamide, AHA.","robots":{"index":"index","follow":"follow","max-snippet":"max-snippet:-1","max-image-preview":"max-image-preview:large","max-video-preview":"max-video-preview:-1"},"canonical":"https:\/\/lux.azdigi.shop\/?product=serum-garnier-giam-mun-mo-tham-cho-da-dau","og_locale":"vi_VN","og_type":"article","og_title":"Serum Garnier Gi\u1ea3m M\u1ee5n M\u1edd Th\u00e2m Cho Da D\u1ea7u - Lux","og_description":"Serum Garnier Gi\u1ea3m M\u1ee5n M\u1edd Th\u00e2m Cho Da D\u1ea7u, M\u1ee5n l\u00e0 s\u1ea3n ph\u1ea9m serum \u0111\u1ebfn t\u1eeb th\u01b0\u01a1ng hi\u1ec7u m\u1ef9 ph\u1ea9m Garnier c\u1ee7a Ph\u00e1p, v\u1edbi c\u00f4ng th\u1ee9c v\u01b0\u1ee3t tr\u1ed9i 4% ph\u1ee9c h\u1ee3p Vitamin C, BHA, Niacinamide, AHA.","og_url":"https:\/\/lux.azdigi.shop\/?product=serum-garnier-giam-mun-mo-tham-cho-da-dau","og_site_name":"Lux","article_modified_time":"2026-04-10T18:19:56+00:00","og_image":[{"width":441,"height":416,"url":"https:\/\/lux.azdigi.shop\/wp-content\/uploads\/2026\/04\/Screenshot-2026-04-10-224641.png","type":"image\/png"}],"twitter_card":"summary_large_image","twitter_misc":{"\u01af\u1edbc t\u00ednh th\u1eddi gian \u0111\u1ecdc":"2 ph\u00fat"},"schema":{"@context":"https:\/\/schema.org","@graph":[{"@type":"WebPage","@id":"https:\/\/lux.azdigi.shop\/?product=serum-garnier-giam-mun-mo-tham-cho-da-dau","url":"https:\/\/lux.azdigi.shop\/?product=serum-garnier-giam-mun-mo-tham-cho-da-dau","name":"Serum Garnier Gi\u1ea3m M\u1ee5n M\u1edd Th\u00e2m Cho Da D\u1ea7u - Lux","isPartOf":{"@id":"https:\/\/lux.azdigi.shop\/#website"},"primaryImageOfPage":{"@id":"https:\/\/lux.azdigi.shop\/?product=serum-garnier-giam-mun-mo-tham-cho-da-dau#primaryimage"},"image":{"@id":"https:\/\/lux.azdigi.shop\/?product=serum-garnier-giam-mun-mo-tham-cho-da-dau#primaryimage"},"thumbnailUrl":"https:\/\/lux.azdigi.shop\/wp-content\/uploads\/2026\/04\/Screenshot-2026-04-10-224641.png","datePublished":"2026-04-10T15:52:22+00:00","dateModified":"2026-04-10T18:19:56+00:00","description":"Serum Garnier Gi\u1ea3m M\u1ee5n M\u1edd Th\u00e2m Cho Da D\u1ea7u, M\u1ee5n l\u00e0 s\u1ea3n ph\u1ea9m serum \u0111\u1ebfn t\u1eeb th\u01b0\u01a1ng hi\u1ec7u m\u1ef9 ph\u1ea9m Garnier c\u1ee7a Ph\u00e1p, v\u1edbi c\u00f4ng th\u1ee9c v\u01b0\u1ee3t tr\u1ed9i 4% ph\u1ee9c h\u1ee3p Vitamin C, BHA, Niacinamide, AHA.","breadcrumb":{"@id":"https:\/\/lux.azdigi.shop\/?product=serum-garnier-giam-mun-mo-tham-cho-da-dau#breadcrumb"},"inLanguage":"vi","potentialAction":[{"@type":"ReadAction","target":["https:\/\/lux.azdigi.shop\/?product=serum-garnier-giam-mun-mo-tham-cho-da-dau"]}]},{"@type":"ImageObject","inLanguage":"vi","@id":"https:\/\/lux.azdigi.shop\/?product=serum-garnier-giam-mun-mo-tham-cho-da-dau#primaryimage","url":"https:\/\/lux.azdigi.shop\/wp-content\/uploads\/2026\/04\/Screenshot-2026-04-10-224641.png","contentUrl":"https:\/\/lux.azdigi.shop\/wp-content\/uploads\/2026\/04\/Screenshot-2026-04-10-224641.png","width":441,"height":416},{"@type":"BreadcrumbList","@id":"https:\/\/lux.azdigi.shop\/?product=serum-garnier-giam-mun-mo-tham-cho-da-dau#breadcrumb","itemListElement":[{"@type":"ListItem","position":1,"name":"Home","item":"https:\/\/lux.azdigi.shop\/"},{"@type":"ListItem","position":2,"name":"C\u1eeda h\u00e0ng","item":"https:\/\/lux.azdigi.shop\/?page_id=120"},{"@type":"ListItem","position":3,"name":"Serum Garnier Gi\u1ea3m M\u1ee5n M\u1edd Th\u00e2m Cho Da D\u1ea7u"}]},{"@type":"WebSite","@id":"https:\/\/lux.azdigi.shop\/#website","url":"https:\/\/lux.azdigi.shop\/","name":"Lux","description":"","publisher":{"@id":"https:\/\/lux.azdigi.shop\/#\/schema\/person\/9503659c74a3cb402669cb10b0872f8c"},"potentialAction":[{"@type":"SearchAction","target":{"@type":"EntryPoint","urlTemplate":"https:\/\/lux.azdigi.shop\/?s={search_term_string}"},"query-input":{"@type":"PropertyValueSpecification","valueRequired":true,"valueName":"search_term_string"}}],"inLanguage":"vi"},{"@type":["Person","Organization"],"@id":"https:\/\/lux.azdigi.shop\/#\/schema\/person\/9503659c74a3cb402669cb10b0872f8c","name":"Vo Hoan Thien","image":{"@type":"ImageObject","inLanguage":"vi","@id":"https:\/\/lux.azdigi.shop\/wp-content\/uploads\/2026\/03\/Untitled-design.png","url":"https:\/\/lux.azdigi.shop\/wp-content\/uploads\/2026\/03\/Untitled-design.png","contentUrl":"https:\/\/lux.azdigi.shop\/wp-content\/uploads\/2026\/03\/Untitled-design.png","width":402,"height":288,"caption":"Vo Hoan Thien"},"logo":{"@id":"https:\/\/lux.azdigi.shop\/wp-content\/uploads\/2026\/03\/Untitled-design.png"},"sameAs":["https:\/\/lux.azdigi.shop"]}]}},"_links":{"self":[{"href":"https:\/\/lux.azdigi.shop\/index.php?rest_route=\/wp\/v2\/product\/499","targetHints":{"allow":["GET"]}}],"collection":[{"href":"https:\/\/lux.azdigi.shop\/index.php?rest_route=\/wp\/v2\/product"}],"about":[{"href":"https:\/\/lux.azdigi.shop\/index.php?rest_route=\/wp\/v2\/types\/product"}],"replies":[{"embeddable":true,"href":"https:\/\/lux.azdigi.shop\/index.php?rest_route=%2Fwp%2Fv2%2Fcomments&post=499"}],"wp:featuredmedia":[{"embeddable":true,"href":"https:\/\/lux.azdigi.shop\/index.php?rest_route=\/wp\/v2\/media\/504"}],"wp:attachment":[{"href":"https:\/\/lux.azdigi.shop\/index.php?rest_route=%2Fwp%2Fv2%2Fmedia&parent=499"}],"wp:term":[{"taxonomy":"product_brand","embeddable":true,"href":"https:\/\/lux.azdigi.shop\/index.php?rest_route=%2Fwp%2Fv2%2Fproduct_brand&post=499"},{"taxonomy":"product_cat","embeddable":true,"href":"https:\/\/lux.azdigi.shop\/index.php?rest_route=%2Fwp%2Fv2%2Fproduct_cat&post=499"},{"taxonomy":"product_tag","embeddable":true,"href":"https:\/\/lux.azdigi.shop\/index.php?rest_route=%2Fwp%2Fv2%2Fproduct_tag&post=499"}],"curies":[{"name":"wp","href":"https:\/\/api.w.org\/{rel}","templated":true}]}}